{"id":3692,"date":"2023-12-16T20:40:36","date_gmt":"2023-12-16T20:40:36","guid":{"rendered":"https:\/\/thedermacheck.com\/nadtlenek-benzoilu-w-produktach-do-pielegnacji-skory-klasyk-w-leczeniu-tradziku\/"},"modified":"2024-02-13T15:06:29","modified_gmt":"2024-02-13T15:06:29","slug":"nadtlenek-benzoilu-w-produktach-do-pielegnacji-skory-klasyk-w-leczeniu-tradziku","status":"publish","type":"page","link":"https:\/\/thedermacheck.com\/pl\/nadtlenek-benzoilu-w-produktach-do-pielegnacji-skory-klasyk-w-leczeniu-tradziku\/","title":{"rendered":"Nadtlenek benzoilu w produktach do piel\u0119gnacji sk\u00f3ry: Klasyk w leczeniu tr\u0105dziku"},"content":{"rendered":"\n<h2 class=\"wp-block-heading\">NADTLENEK BENZOILU<\/h2>\n\n<ul class=\"wp-block-list\">\n<li><strong>Rodzaj sk\u0142adnika:<\/strong> leczenie tr\u0105dziku<\/li>\n\n\n\n<li><strong>G\u0142\u00f3wne korzy\u015bci:<\/strong> Zwalcza bakterie wywo\u0142uj\u0105ce tr\u0105dzik, zmniejsza stan zapalny i zapobiega zatykaniu por\u00f3w<\/li>\n\n\n\n<li><strong>Dla kogo jest przeznaczony:<\/strong> Osoby z tr\u0105dzikiem, zw\u0142aszcza tr\u0105dzikiem zapalnym i bakteryjnym<\/li>\n\n\n\n<li><strong>Cz\u0119stotliwo\u015b\u0107<\/strong> stosowania: Raz lub dwa razy dziennie, w zale\u017cno\u015bci od tolerancji sk\u00f3ry.<\/li>\n\n\n\n<li><strong>Mo\u017cna \u0142\u0105czy\u0107 z:<\/strong> Niekomedogennymi kremami nawil\u017caj\u0105cymi i filtrami przeciws\u0142onecznymi<\/li>\n\n\n\n<li><strong>Nie stosowa\u0107 z:<\/strong> Innymi sk\u0142adnikami podra\u017cniaj\u0105cymi lub wysuszaj\u0105cymi sk\u00f3r\u0119, takimi jak kwas salicylowy, bez porady lekarza<\/li>\n<\/ul>\n\n<hr class=\"wp-block-separator has-alpha-channel-opacity\"\/>\n\n<h2 class=\"wp-block-heading\">Wprowadzenie do nadtlenku benzoilu<\/h2>\n\n<p>Nadtlenek benzoilu jest sprawdzonym sk\u0142adnikiem aktywnym w leczeniu tr\u0105dziku. Ze wzgl\u0119du na swoje w\u0142a\u015bciwo\u015bci przeciwbakteryjne i przeciwzapalne jest cz\u0119sto stosowany w produktach do piel\u0119gnacji sk\u00f3ry w leczeniu tr\u0105dziku.<\/p>\n\n<hr class=\"wp-block-separator has-alpha-channel-opacity\"\/>\n\n<h3 class=\"wp-block-heading\">Zalety nadtlenku benzoilu<\/h3>\n\n<h4 class=\"wp-block-heading\">Zwalcza bakterie<\/h4>\n\n<p>Nadtlenek benzoilu ma silne dzia\u0142anie antybakteryjne i jest skuteczny w zwalczaniu bakterii wywo\u0142uj\u0105cych tr\u0105dzik.<\/p>\n\n<h4 class=\"wp-block-heading\">Zmniejsza stan zapalny<\/h4>\n\n<p>Pomaga zmniejszy\u0107 stan zapalny i zaczerwienienie zwi\u0105zane z tr\u0105dzikiem.<\/p>\n\n<h4 class=\"wp-block-heading\">Zapobiega zatykaniu si\u0119 por\u00f3w<\/h4>\n\n<p>Dzi\u0119ki dzia\u0142aniu keratolitycznemu pomaga utrzyma\u0107 pory w czysto\u015bci, a tym samym zapobiega powstawaniu nowych wyprysk\u00f3w tr\u0105dzikowych.<\/p>\n\n<hr class=\"wp-block-separator has-alpha-channel-opacity\"\/>\n\n<h3 class=\"wp-block-heading\">Mo\u017cliwe skutki uboczne<\/h3>\n\n<p>Nadtlenek benzoilu mo\u017ce powodowa\u0107 podra\u017cnienie, sucho\u015b\u0107 i zaczerwienienie sk\u00f3ry u niekt\u00f3rych os\u00f3b. Mo\u017ce mie\u0107 r\u00f3wnie\u017c dzia\u0142anie wybielaj\u0105ce na w\u0142osy i tkaniny.<\/p>\n\n<hr class=\"wp-block-separator has-alpha-channel-opacity\"\/>\n\n<h3 class=\"wp-block-heading\">Zastosowanie nadtlenku benzoilu<\/h3>\n\n<h4 class=\"wp-block-heading\">Zacznij od niskiego st\u0119\u017cenia<\/h4>\n\n<p>Nale\u017cy rozpocz\u0105\u0107 od ni\u017cszego st\u0119\u017cenia (np. 2,5%) i zwi\u0119ksza\u0107 je w razie potrzeby i dobrej tolerancji.<\/p>\n\n<h4 class=\"wp-block-heading\">Po\u0142\u0105czenie z kremem nawil\u017caj\u0105cym<\/h4>\n\n<p>Po zastosowaniu nadtlenku benzoilu wa\u017cne jest na\u0142o\u017cenie niekomedogennego kremu nawil\u017caj\u0105cego, aby ukoi\u0107 sk\u00f3r\u0119 i zapobiec utracie wilgoci.<\/p>\n\n<hr class=\"wp-block-separator has-alpha-channel-opacity\"\/>\n\n<h3 class=\"wp-block-heading\">Jak nie stosowa\u0107 nadtlenku benzoilu?<\/h3>\n\n<ul class=\"wp-block-list\">\n<li><strong>Nie \u0142\u0105czy\u0107 z innymi aktywnymi sk\u0142adnikami przeciwtr\u0105dzikowymi:<\/strong> Nie nale\u017cy \u0142\u0105czy\u0107 nadtlenku benzoilu z innymi aktywnymi sk\u0142adnikami przeciwtr\u0105dzikowymi, takimi jak kwas salicylowy, bez porady lekarza, poniewa\u017c mo\u017ce to prowadzi\u0107 do zwi\u0119kszonego podra\u017cnienia sk\u00f3ry.<\/li>\n\n\n\n<li><strong>Ostro\u017cnie w przypadku sk\u00f3ry wra\u017cliwej<\/strong>: W przypadku bardzo wra\u017cliwej sk\u00f3ry nale\u017cy pocz\u0105tkowo zachowa\u0107 ostro\u017cno\u015b\u0107.<\/li>\n<\/ul>\n\n<hr class=\"wp-block-separator has-alpha-channel-opacity\"\/>\n\n<h3 class=\"wp-block-heading\">Cz\u0119sto zadawane pytania dotycz\u0105ce nadtlenku benzoilu<\/h3>\n\n<h4 class=\"wp-block-heading\">Czy nadtlenek benzoilu mo\u017ce leczy\u0107 wszystkie rodzaje tr\u0105dziku?<\/h4>\n\n<p>Nadtlenek benzoilu jest szczeg\u00f3lnie skuteczny w przypadku tr\u0105dziku zapalnego. Mo\u017ce by\u0107 mniej skuteczny w przypadku tr\u0105dziku niezapalnego.<\/p>\n\n<h4 class=\"wp-block-heading\">Jak szybko dzia\u0142a nadtlenek benzoilu?<\/h4>\n\n<p>Efekt mo\u017ce si\u0119 r\u00f3\u017cni\u0107 w zale\u017cno\u015bci od rodzaju sk\u00f3ry, ale niekt\u00f3rzy u\u017cytkownicy zg\u0142aszaj\u0105 popraw\u0119 w ci\u0105gu kilku tygodni.<\/p>\n\n<h4 class=\"wp-block-heading\">Czy nadtlenek benzoilu powinien by\u0107 stosowany tylko na obszary tr\u0105dzikowe?<\/h4>\n\n<p>Mo\u017ce by\u0107 stosowany wybi\u00f3rczo na tr\u0105dzik, ale tak\u017ce na ca\u0142ej powierzchni, aby zapobiec nowym wypryskom.<\/p>\n\n<hr class=\"wp-block-separator has-alpha-channel-opacity\"\/>\n\n<h2 class=\"wp-block-heading\">Wnioski<\/h2>\n\n<p>Nadtlenek benzoilu pozostaje niezb\u0119dnym sk\u0142adnikiem w leczeniu tr\u0105dziku. Jego zdolno\u015b\u0107 do skutecznego zwalczania bakterii wywo\u0142uj\u0105cych tr\u0105dzik i zmniejszania stanu zapalnego sprawia, \u017ce jest on popularnym wyborem dla wielu os\u00f3b cierpi\u0105cych na t\u0119 chorob\u0119. Wa\u017cne jest, aby wystarczaj\u0105co nawil\u017ca\u0107 sk\u00f3r\u0119 podczas zabiegu i stopniowo zwi\u0119ksza\u0107 aplikacj\u0119, aby osi\u0105gn\u0105\u0107 najlepsze wyniki przy minimalnych skutkach ubocznych.<\/p>\n","protected":false},"excerpt":{"rendered":"<p>NADTLENEK BENZOILU Wprowadzenie do nadtlenku benzoilu Nadtlenek benzoilu jest sprawdzonym sk\u0142adnikiem aktywnym w leczeniu tr\u0105dziku. Ze wzgl\u0119du na swoje w\u0142a\u015bciwo\u015bci przeciwbakteryjne i przeciwzapalne jest cz\u0119sto stosowany w produktach do piel\u0119gnacji sk\u00f3ry w leczeniu tr\u0105dziku. Zalety nadtlenku benzoilu Zwalcza bakterie Nadtlenek benzoilu ma silne dzia\u0142anie antybakteryjne i jest skuteczny w zwalczaniu bakterii wywo\u0142uj\u0105cych tr\u0105dzik. Zmniejsza stan &#8230; <a title=\"Nadtlenek benzoilu w produktach do piel\u0119gnacji sk\u00f3ry: Klasyk w leczeniu tr\u0105dziku\" class=\"read-more\" href=\"https:\/\/thedermacheck.com\/pl\/nadtlenek-benzoilu-w-produktach-do-pielegnacji-skory-klasyk-w-leczeniu-tradziku\/\" aria-label=\"Dowiedz si\u0119 wi\u0119cej o Nadtlenek benzoilu w produktach do piel\u0119gnacji sk\u00f3ry: Klasyk w leczeniu tr\u0105dziku\">Mehr erfahren<\/a><\/p>\n","protected":false},"author":2,"featured_media":0,"parent":0,"menu_order":0,"comment_status":"closed","ping_status":"closed","template":"","meta":{"_acf_changed":false,"_lmt_disableupdate":"","_lmt_disable":"","footnotes":""},"categories":[42],"tags":[],"class_list":{"0":"post-3692","1":"page","2":"type-page","3":"status-publish","5":"category-skladniki"},"acf":[],"yoast_head":"<!-- This site is optimized with the Yoast SEO Premium plugin v25.7.1 (Yoast SEO v25.7) - https:\/\/yoast.com\/wordpress\/plugins\/seo\/ -->\n<title>Nadtlenek benzoilu w produktach do piel\u0119gnacji sk\u00f3ry: Klasyk w leczeniu tr\u0105dziku | The Derma Check<\/title>\n<meta name=\"robots\" content=\"index, follow, max-snippet:-1, max-image-preview:large, max-video-preview:-1\" \/>\n<link rel=\"canonical\" href=\"https:\/\/thedermacheck.com\/pl\/nadtlenek-benzoilu-w-produktach-do-pielegnacji-skory-klasyk-w-leczeniu-tradziku\/\" \/>\n<meta property=\"og:locale\" content=\"pl_PL\" \/>\n<meta property=\"og:type\" content=\"article\" \/>\n<meta property=\"og:title\" content=\"Nadtlenek benzoilu w produktach do piel\u0119gnacji sk\u00f3ry: Klasyk w leczeniu tr\u0105dziku\" \/>\n<meta property=\"og:description\" content=\"NADTLENEK BENZOILU Wprowadzenie do nadtlenku benzoilu Nadtlenek benzoilu jest sprawdzonym sk\u0142adnikiem aktywnym w leczeniu tr\u0105dziku. Ze wzgl\u0119du na swoje w\u0142a\u015bciwo\u015bci przeciwbakteryjne i przeciwzapalne jest cz\u0119sto stosowany w produktach do piel\u0119gnacji sk\u00f3ry w leczeniu tr\u0105dziku. Zalety nadtlenku benzoilu Zwalcza bakterie Nadtlenek benzoilu ma silne dzia\u0142anie antybakteryjne i jest skuteczny w zwalczaniu bakterii wywo\u0142uj\u0105cych tr\u0105dzik. Zmniejsza stan ... Mehr erfahren\" \/>\n<meta property=\"og:url\" content=\"https:\/\/thedermacheck.com\/pl\/nadtlenek-benzoilu-w-produktach-do-pielegnacji-skory-klasyk-w-leczeniu-tradziku\/\" \/>\n<meta property=\"og:site_name\" content=\"The Derma Check\" \/>\n<meta property=\"article:modified_time\" content=\"2024-02-13T15:06:29+00:00\" \/>\n<meta name=\"twitter:card\" content=\"summary_large_image\" \/>\n<meta name=\"twitter:label1\" content=\"Szacowany czas czytania\" \/>\n\t<meta name=\"twitter:data1\" content=\"3 minuty\" \/>\n<script type=\"application\/ld+json\" class=\"yoast-schema-graph\">{\"@context\":\"https:\/\/schema.org\",\"@graph\":[{\"@type\":\"WebPage\",\"@id\":\"https:\/\/thedermacheck.com\/pl\/nadtlenek-benzoilu-w-produktach-do-pielegnacji-skory-klasyk-w-leczeniu-tradziku\/\",\"url\":\"https:\/\/thedermacheck.com\/pl\/nadtlenek-benzoilu-w-produktach-do-pielegnacji-skory-klasyk-w-leczeniu-tradziku\/\",\"name\":\"Nadtlenek benzoilu w produktach do piel\u0119gnacji sk\u00f3ry: Klasyk w leczeniu tr\u0105dziku | The Derma Check\",\"isPartOf\":{\"@id\":\"https:\/\/thedermacheck.com\/pl\/#website\"},\"datePublished\":\"2023-12-16T20:40:36+00:00\",\"dateModified\":\"2024-02-13T15:06:29+00:00\",\"breadcrumb\":{\"@id\":\"https:\/\/thedermacheck.com\/pl\/nadtlenek-benzoilu-w-produktach-do-pielegnacji-skory-klasyk-w-leczeniu-tradziku\/#breadcrumb\"},\"inLanguage\":\"pl-PL\",\"potentialAction\":[{\"@type\":\"ReadAction\",\"target\":[\"https:\/\/thedermacheck.com\/pl\/nadtlenek-benzoilu-w-produktach-do-pielegnacji-skory-klasyk-w-leczeniu-tradziku\/\"]}]},{\"@type\":\"BreadcrumbList\",\"@id\":\"https:\/\/thedermacheck.com\/pl\/nadtlenek-benzoilu-w-produktach-do-pielegnacji-skory-klasyk-w-leczeniu-tradziku\/#breadcrumb\",\"itemListElement\":[{\"@type\":\"ListItem\",\"position\":1,\"name\":\"Derma Check\",\"item\":\"https:\/\/thedermacheck.com\/pl\/\"},{\"@type\":\"ListItem\",\"position\":2,\"name\":\"Nadtlenek benzoilu w produktach do piel\u0119gnacji sk\u00f3ry: Klasyk w leczeniu tr\u0105dziku\"}]},{\"@type\":\"WebSite\",\"@id\":\"https:\/\/thedermacheck.com\/pl\/#website\",\"url\":\"https:\/\/thedermacheck.com\/pl\/\",\"name\":\"The Derma Check\",\"description\":\"\",\"publisher\":{\"@id\":\"https:\/\/thedermacheck.com\/pl\/#organization\"},\"potentialAction\":[{\"@type\":\"SearchAction\",\"target\":{\"@type\":\"EntryPoint\",\"urlTemplate\":\"https:\/\/thedermacheck.com\/pl\/?s={search_term_string}\"},\"query-input\":{\"@type\":\"PropertyValueSpecification\",\"valueRequired\":true,\"valueName\":\"search_term_string\"}}],\"inLanguage\":\"pl-PL\"},{\"@type\":\"Organization\",\"@id\":\"https:\/\/thedermacheck.com\/pl\/#organization\",\"name\":\"The Derma Check\",\"url\":\"https:\/\/thedermacheck.com\/pl\/\",\"logo\":{\"@type\":\"ImageObject\",\"inLanguage\":\"pl-PL\",\"@id\":\"https:\/\/thedermacheck.com\/pl\/#\/schema\/logo\/image\/\",\"url\":\"https:\/\/thedermacheck.com\/wp-content\/uploads\/2023\/10\/cropped-THE-DERMA-CHECK-FAVICON-NEW-1.png\",\"contentUrl\":\"https:\/\/thedermacheck.com\/wp-content\/uploads\/2023\/10\/cropped-THE-DERMA-CHECK-FAVICON-NEW-1.png\",\"width\":512,\"height\":512,\"caption\":\"The Derma Check\"},\"image\":{\"@id\":\"https:\/\/thedermacheck.com\/pl\/#\/schema\/logo\/image\/\"}}]}<\/script>\n<!-- \/ Yoast SEO Premium plugin. -->","yoast_head_json":{"title":"Nadtlenek benzoilu w produktach do piel\u0119gnacji sk\u00f3ry: Klasyk w leczeniu tr\u0105dziku | The Derma Check","robots":{"index":"index","follow":"follow","max-snippet":"max-snippet:-1","max-image-preview":"max-image-preview:large","max-video-preview":"max-video-preview:-1"},"canonical":"https:\/\/thedermacheck.com\/pl\/nadtlenek-benzoilu-w-produktach-do-pielegnacji-skory-klasyk-w-leczeniu-tradziku\/","og_locale":"pl_PL","og_type":"article","og_title":"Nadtlenek benzoilu w produktach do piel\u0119gnacji sk\u00f3ry: Klasyk w leczeniu tr\u0105dziku","og_description":"NADTLENEK BENZOILU Wprowadzenie do nadtlenku benzoilu Nadtlenek benzoilu jest sprawdzonym sk\u0142adnikiem aktywnym w leczeniu tr\u0105dziku. Ze wzgl\u0119du na swoje w\u0142a\u015bciwo\u015bci przeciwbakteryjne i przeciwzapalne jest cz\u0119sto stosowany w produktach do piel\u0119gnacji sk\u00f3ry w leczeniu tr\u0105dziku. Zalety nadtlenku benzoilu Zwalcza bakterie Nadtlenek benzoilu ma silne dzia\u0142anie antybakteryjne i jest skuteczny w zwalczaniu bakterii wywo\u0142uj\u0105cych tr\u0105dzik. Zmniejsza stan ... Mehr erfahren","og_url":"https:\/\/thedermacheck.com\/pl\/nadtlenek-benzoilu-w-produktach-do-pielegnacji-skory-klasyk-w-leczeniu-tradziku\/","og_site_name":"The Derma Check","article_modified_time":"2024-02-13T15:06:29+00:00","twitter_card":"summary_large_image","twitter_misc":{"Szacowany czas czytania":"3 minuty"},"schema":{"@context":"https:\/\/schema.org","@graph":[{"@type":"WebPage","@id":"https:\/\/thedermacheck.com\/pl\/nadtlenek-benzoilu-w-produktach-do-pielegnacji-skory-klasyk-w-leczeniu-tradziku\/","url":"https:\/\/thedermacheck.com\/pl\/nadtlenek-benzoilu-w-produktach-do-pielegnacji-skory-klasyk-w-leczeniu-tradziku\/","name":"Nadtlenek benzoilu w produktach do piel\u0119gnacji sk\u00f3ry: Klasyk w leczeniu tr\u0105dziku | The Derma Check","isPartOf":{"@id":"https:\/\/thedermacheck.com\/pl\/#website"},"datePublished":"2023-12-16T20:40:36+00:00","dateModified":"2024-02-13T15:06:29+00:00","breadcrumb":{"@id":"https:\/\/thedermacheck.com\/pl\/nadtlenek-benzoilu-w-produktach-do-pielegnacji-skory-klasyk-w-leczeniu-tradziku\/#breadcrumb"},"inLanguage":"pl-PL","potentialAction":[{"@type":"ReadAction","target":["https:\/\/thedermacheck.com\/pl\/nadtlenek-benzoilu-w-produktach-do-pielegnacji-skory-klasyk-w-leczeniu-tradziku\/"]}]},{"@type":"BreadcrumbList","@id":"https:\/\/thedermacheck.com\/pl\/nadtlenek-benzoilu-w-produktach-do-pielegnacji-skory-klasyk-w-leczeniu-tradziku\/#breadcrumb","itemListElement":[{"@type":"ListItem","position":1,"name":"Derma Check","item":"https:\/\/thedermacheck.com\/pl\/"},{"@type":"ListItem","position":2,"name":"Nadtlenek benzoilu w produktach do piel\u0119gnacji sk\u00f3ry: Klasyk w leczeniu tr\u0105dziku"}]},{"@type":"WebSite","@id":"https:\/\/thedermacheck.com\/pl\/#website","url":"https:\/\/thedermacheck.com\/pl\/","name":"The Derma Check","description":"","publisher":{"@id":"https:\/\/thedermacheck.com\/pl\/#organization"},"potentialAction":[{"@type":"SearchAction","target":{"@type":"EntryPoint","urlTemplate":"https:\/\/thedermacheck.com\/pl\/?s={search_term_string}"},"query-input":{"@type":"PropertyValueSpecification","valueRequired":true,"valueName":"search_term_string"}}],"inLanguage":"pl-PL"},{"@type":"Organization","@id":"https:\/\/thedermacheck.com\/pl\/#organization","name":"The Derma Check","url":"https:\/\/thedermacheck.com\/pl\/","logo":{"@type":"ImageObject","inLanguage":"pl-PL","@id":"https:\/\/thedermacheck.com\/pl\/#\/schema\/logo\/image\/","url":"https:\/\/thedermacheck.com\/wp-content\/uploads\/2023\/10\/cropped-THE-DERMA-CHECK-FAVICON-NEW-1.png","contentUrl":"https:\/\/thedermacheck.com\/wp-content\/uploads\/2023\/10\/cropped-THE-DERMA-CHECK-FAVICON-NEW-1.png","width":512,"height":512,"caption":"The Derma Check"},"image":{"@id":"https:\/\/thedermacheck.com\/pl\/#\/schema\/logo\/image\/"}}]}},"_links":{"self":[{"href":"https:\/\/thedermacheck.com\/pl\/wp-json\/wp\/v2\/pages\/3692","targetHints":{"allow":["GET"]}}],"collection":[{"href":"https:\/\/thedermacheck.com\/pl\/wp-json\/wp\/v2\/pages"}],"about":[{"href":"https:\/\/thedermacheck.com\/pl\/wp-json\/wp\/v2\/types\/page"}],"author":[{"embeddable":true,"href":"https:\/\/thedermacheck.com\/pl\/wp-json\/wp\/v2\/users\/2"}],"replies":[{"embeddable":true,"href":"https:\/\/thedermacheck.com\/pl\/wp-json\/wp\/v2\/comments?post=3692"}],"version-history":[{"count":1,"href":"https:\/\/thedermacheck.com\/pl\/wp-json\/wp\/v2\/pages\/3692\/revisions"}],"predecessor-version":[{"id":3693,"href":"https:\/\/thedermacheck.com\/pl\/wp-json\/wp\/v2\/pages\/3692\/revisions\/3693"}],"wp:attachment":[{"href":"https:\/\/thedermacheck.com\/pl\/wp-json\/wp\/v2\/media?parent=3692"}],"wp:term":[{"taxonomy":"category","embeddable":true,"href":"https:\/\/thedermacheck.com\/pl\/wp-json\/wp\/v2\/categories?post=3692"},{"taxonomy":"post_tag","embeddable":true,"href":"https:\/\/thedermacheck.com\/pl\/wp-json\/wp\/v2\/tags?post=3692"}],"curies":[{"name":"wp","href":"https:\/\/api.w.org\/{rel}","templated":true}]}}