{"id":8443,"date":"2023-12-14T21:29:25","date_gmt":"2023-12-14T21:29:25","guid":{"rendered":"https:\/\/thedermacheck.com\/ueber-uns\/"},"modified":"2024-09-04T18:46:34","modified_gmt":"2024-09-04T18:46:34","slug":"despre-noi","status":"publish","type":"page","link":"https:\/\/thedermacheck.com\/ro\/despre-noi\/","title":{"rendered":"Despre noi"},"content":{"rendered":"<div class=\"gb-container gb-container-4742cc5d alignfull\">\n<div class=\"gb-container gb-container-96eaf3e2\">\n<h1 class=\"gb-headline gb-headline-829851c6 gb-headline-text\">Despre noi<\/h1>\n\n\n<p class=\"gb-headline gb-headline-443652d4 gb-headline-text\">C\u00e2nd acurate\u021bea \u0219tiin\u021bific\u0103 \u00eent\u00e2lne\u0219te cunoa\u0219terea aprofundat\u0103 a produsului, a\u021bi ajuns la &#8222;Derma Check&#8221;.\nStabilirea unor rapoarte de testare competente \u0219i independente, care s\u0103 v\u0103 serveasc\u0103 \u00eentotdeauna drept ghid de \u00eencredere \u00een domeniul cosmeticelor pentru piele, este o chestiune care ne \u021bine la inim\u0103. <\/p>\n\n<\/div>\n<\/div><div class=\"gb-container gb-container-6c7c8f9f\">\n<figure class=\"gb-block-image gb-block-image-9b290b03\"><img decoding=\"async\" width=\"1600\" height=\"1067\" src=\"https:\/\/thedermacheck.com\/wp-content\/uploads\/2024\/01\/AdobeStock_640171476-scaled.jpeg\" class=\"gb-image-9b290b03\" alt=\"\" srcset=\"https:\/\/thedermacheck.com\/wp-content\/uploads\/2024\/01\/AdobeStock_640171476-scaled.jpeg 1600w, https:\/\/thedermacheck.com\/wp-content\/uploads\/2024\/01\/AdobeStock_640171476-300x200.jpeg 300w, https:\/\/thedermacheck.com\/wp-content\/uploads\/2024\/01\/AdobeStock_640171476-1024x683.jpeg 1024w, https:\/\/thedermacheck.com\/wp-content\/uploads\/2024\/01\/AdobeStock_640171476-768x512.jpeg 768w, https:\/\/thedermacheck.com\/wp-content\/uploads\/2024\/01\/AdobeStock_640171476-1536x1024.jpeg 1536w, https:\/\/thedermacheck.com\/wp-content\/uploads\/2024\/01\/AdobeStock_640171476-2048x1365.jpeg 2048w\" sizes=\"(max-width: 1600px) 100vw, 1600px\" \/><\/figure>\n<\/div>\n<h2 class=\"wp-block-heading\">Misiunea noastr\u0103<\/h2>\n\n<p><br\/>C<em>u o pasiune pentru precizie \u0219i claritate.<\/em> \u00cen \u00eencercarea noastr\u0103 de a fi sursa incontestabil\u0103 de informa\u021bii privind produsele cosmetice, combin\u0103m u\u0219urin\u021ba \u00een\u021belegerii cu greutatea expertizei reale.\nMisiunea noastr\u0103 este s\u0103 construim o bibliotec\u0103 a \u00eencrederii \u0219i a adev\u0103rului \u00een care v\u0103 pute\u021bi sim\u021bi \u00eencrez\u0103tori \u00een fiecare \u00eentrebare legat\u0103 de \u00eengrijirea pielii. <\/p>\n\n<h2 class=\"wp-block-heading\">Istoria noastr\u0103<\/h2>\n\n<p>De la prima sc\u00e2nteie la flac\u0103r\u0103 &#8211; &#8222;The Derma Check&#8221; este focul de artificii al deceniilor de pasiune pentru \u0219tiin\u021ba cosmetic\u0103.\nN\u0103scut \u00een 2023 din nevoia de a aduce o claritate luminoas\u0103 umbrelor din industria cosmetic\u0103, proiectul nostru a cunoscut o cre\u0219tere rapid\u0103 din partea min\u021bilor curioase.\nCu fiecare produs nou care ajunge \u00een laboratorul nostru de testare, arhiva noastr\u0103 de cuno\u0219tin\u021be cre\u0219te &#8211; \u0219i odat\u0103 cu ea \u00eembog\u0103\u021birea pentru cititorii no\u0219tri.  <\/p>\n\n<h2 class=\"wp-block-heading\">Cine suntem<\/h2>\n\n<p>Un caleidoscop de expertiz\u0103 &#8211; echipa de la &#8222;The Derma Check&#8221; este la fel de divers\u0103 ca \u0219i cititorii no\u0219tri.\nCu cele mai riguroase protocoale de testare \u0219i o dedica\u021bie editorial\u0103 f\u0103r\u0103 egal, punem la \u00eencercare fiecare produs de \u00eengrijire a pielii.\n\u00cembr\u0103\u021bi\u0219\u0103m diversitatea \u00een fiecare aspect al activit\u0103\u021bii noastre \u0219i folosim un limbaj neutru din punct de vedere al genului nu numai din convingere, ci \u0219i din respect pentru cititorii no\u0219tri.  <\/p>\n\n<h2 class=\"wp-block-heading\">Responsabilitatea noastr\u0103<\/h2>\n\n<p>Integritatea este ADN-ul nostru.\n\u00centr-o lume \u00een care cuvintele par a fi de v\u00e2nzare, etosul nostru r\u0103m\u00e2ne nevandabil.\nMarketingul afiliat face parte din ecosistemul nostru, dar este un aspect care nu ne va submina niciodat\u0103 independen\u021ba.\nFiecare recomandare de produs, clasament \u0219i recenzie este elaborat\u0103 cu cea mai mare obiectivitate &#8211; \u00eencrederea dumneavoastr\u0103 este cel mai mare atu al nostru.   <\/p>\n\n<p>Noi nu \u0219optim la urechea industriei, ci vorbim direct la inima cititorilor no\u0219tri.\nAtunci c\u00e2nd primim un comision, o facem deschis, onest \u0219i f\u0103r\u0103 a influen\u021ba experien\u021ba dumneavoastr\u0103 sau recomandarea noastr\u0103.\nPentru c\u0103 voi sunte\u021bi motivul pentru care am decis s\u0103 cre\u0103m &#8222;Derma Check&#8221;.  <\/p>\n\n<p>\n          <strong><a href=\"https:\/\/thedermacheck.com\/ro\/so-testen-wir\/\">Afla\u021bi mai multe despre modul \u00een care test\u0103m \u0219i evalu\u0103m produsele aici.<\/a><\/strong>\n        <\/p>\n\n<h2 class=\"wp-block-heading\">Re\u021bea cu noi<\/h2>\n\n<p><br\/>U<em>n dialog care mi\u0219c\u0103.<\/em> Feedback-ul \u0219i interac\u021biunea nu sunt doar binevenite, ci \u0219i \u00eencurajate.\nContribu\u021bia dvs. este for\u021ba motrice din spatele cre\u0219terii noastre, inspira\u021bia pentru cercetarea noastr\u0103 \u0219i pilonul comunit\u0103\u021bii noastre. <\/p>\n\n<p>Suntem &#8222;The Derma Check&#8221; &#8211; \u00eempreun\u0103 cu dvs. \u00eentr-o c\u0103l\u0103torie misionar\u0103 c\u0103tre o lume \u00een care \u00eengrijirea pielii nu mai are secrete.<\/p>\n\n<p>Ave\u021bi sugestii de \u00eembun\u0103t\u0103\u021bire?\nScrie\u021bi-ne la adresa: feedback@thedermacheck.com. <\/p>\n\n<p>\n          <a href=\"https:\/\/thedermacheck.com\/ro\/kontaktiere-uns\/\">\n            <strong>Aici pute\u021bi g\u0103si mai multe modalit\u0103\u021bi de a ne contacta.<\/strong>\n          <\/a>\n        <\/p>\n","protected":false},"excerpt":{"rendered":"<p>Despre noi C\u00e2nd acurate\u021bea \u0219tiin\u021bific\u0103 \u00eent\u00e2lne\u0219te cunoa\u0219terea aprofundat\u0103 a produsului, a\u021bi ajuns la &#8222;Derma Check&#8221;. Stabilirea unor rapoarte de testare competente \u0219i independente, care s\u0103 v\u0103 serveasc\u0103 \u00eentotdeauna drept ghid de \u00eencredere \u00een domeniul cosmeticelor pentru piele, este o chestiune care ne \u021bine la inim\u0103. Misiunea noastr\u0103 Cu o pasiune pentru precizie \u0219i claritate. \u00cen &#8230; <a title=\"Despre noi\" class=\"read-more\" href=\"https:\/\/thedermacheck.com\/ro\/despre-noi\/\" aria-label=\"Cite\u0219te mai multe despre Despre noi\">Mehr erfahren<\/a><\/p>\n","protected":false},"author":1,"featured_media":8445,"parent":0,"menu_order":0,"comment_status":"closed","ping_status":"closed","template":"","meta":{"_acf_changed":false,"_lmt_disableupdate":"","_lmt_disable":"","footnotes":""},"categories":[],"tags":[],"class_list":["post-8443","page","type-page","status-publish","has-post-thumbnail"],"acf":[],"yoast_head":"<!-- This site is optimized with the Yoast SEO Premium plugin v25.7.1 (Yoast SEO v25.7) - https:\/\/yoast.com\/wordpress\/plugins\/seo\/ -->\n<title>Despre noi | The Derma Check<\/title>\n<meta name=\"robots\" content=\"index, follow, max-snippet:-1, max-image-preview:large, max-video-preview:-1\" \/>\n<link rel=\"canonical\" href=\"https:\/\/thedermacheck.com\/ro\/despre-noi\/\" \/>\n<meta property=\"og:locale\" content=\"ro_RO\" \/>\n<meta property=\"og:type\" content=\"article\" \/>\n<meta property=\"og:title\" content=\"Despre noi\" \/>\n<meta property=\"og:description\" content=\"Despre noi C\u00e2nd acurate\u021bea \u0219tiin\u021bific\u0103 \u00eent\u00e2lne\u0219te cunoa\u0219terea aprofundat\u0103 a produsului, a\u021bi ajuns la &#8222;Derma Check&#8221;. Stabilirea unor rapoarte de testare competente \u0219i independente, care s\u0103 v\u0103 serveasc\u0103 \u00eentotdeauna drept ghid de \u00eencredere \u00een domeniul cosmeticelor pentru piele, este o chestiune care ne \u021bine la inim\u0103. Misiunea noastr\u0103 Cu o pasiune pentru precizie \u0219i claritate. \u00cen ... Mehr erfahren\" \/>\n<meta property=\"og:url\" content=\"https:\/\/thedermacheck.com\/ro\/despre-noi\/\" \/>\n<meta property=\"og:site_name\" content=\"The Derma Check\" \/>\n<meta property=\"article:modified_time\" content=\"2024-09-04T18:46:34+00:00\" \/>\n<meta property=\"og:image\" content=\"https:\/\/thedermacheck.com\/wp-content\/uploads\/2024\/01\/AdobeStock_640171476-scaled.jpeg\" \/>\n\t<meta property=\"og:image:width\" content=\"1600\" \/>\n\t<meta property=\"og:image:height\" content=\"1067\" \/>\n\t<meta property=\"og:image:type\" content=\"image\/jpeg\" \/>\n<meta name=\"twitter:card\" content=\"summary_large_image\" \/>\n<meta name=\"twitter:label1\" content=\"Timp estimat pentru citire\" \/>\n\t<meta name=\"twitter:data1\" content=\"3 minute\" \/>\n<script type=\"application\/ld+json\" class=\"yoast-schema-graph\">{\"@context\":\"https:\/\/schema.org\",\"@graph\":[{\"@type\":\"WebPage\",\"@id\":\"https:\/\/thedermacheck.com\/ro\/despre-noi\/\",\"url\":\"https:\/\/thedermacheck.com\/ro\/despre-noi\/\",\"name\":\"Despre noi | The Derma Check\",\"isPartOf\":{\"@id\":\"https:\/\/thedermacheck.com\/ro\/#website\"},\"primaryImageOfPage\":{\"@id\":\"https:\/\/thedermacheck.com\/ro\/despre-noi\/#primaryimage\"},\"image\":{\"@id\":\"https:\/\/thedermacheck.com\/ro\/despre-noi\/#primaryimage\"},\"thumbnailUrl\":\"https:\/\/thedermacheck.com\/wp-content\/uploads\/2024\/01\/AdobeStock_640171476-scaled.jpeg\",\"datePublished\":\"2023-12-14T21:29:25+00:00\",\"dateModified\":\"2024-09-04T18:46:34+00:00\",\"breadcrumb\":{\"@id\":\"https:\/\/thedermacheck.com\/ro\/despre-noi\/#breadcrumb\"},\"inLanguage\":\"ro-RO\",\"potentialAction\":[{\"@type\":\"ReadAction\",\"target\":[\"https:\/\/thedermacheck.com\/ro\/despre-noi\/\"]}]},{\"@type\":\"ImageObject\",\"inLanguage\":\"ro-RO\",\"@id\":\"https:\/\/thedermacheck.com\/ro\/despre-noi\/#primaryimage\",\"url\":\"https:\/\/thedermacheck.com\/wp-content\/uploads\/2024\/01\/AdobeStock_640171476-scaled.jpeg\",\"contentUrl\":\"https:\/\/thedermacheck.com\/wp-content\/uploads\/2024\/01\/AdobeStock_640171476-scaled.jpeg\",\"width\":1600,\"height\":1067,\"caption\":\"Three successful multicultural businesswomen standing with arms crossed and smiling at camera, posing in office\"},{\"@type\":\"BreadcrumbList\",\"@id\":\"https:\/\/thedermacheck.com\/ro\/despre-noi\/#breadcrumb\",\"itemListElement\":[{\"@type\":\"ListItem\",\"position\":1,\"name\":\"Derma Check\",\"item\":\"https:\/\/thedermacheck.com\/ro\/\"},{\"@type\":\"ListItem\",\"position\":2,\"name\":\"Despre noi\"}]},{\"@type\":\"WebSite\",\"@id\":\"https:\/\/thedermacheck.com\/ro\/#website\",\"url\":\"https:\/\/thedermacheck.com\/ro\/\",\"name\":\"The Derma Check\",\"description\":\"\",\"publisher\":{\"@id\":\"https:\/\/thedermacheck.com\/ro\/#organization\"},\"potentialAction\":[{\"@type\":\"SearchAction\",\"target\":{\"@type\":\"EntryPoint\",\"urlTemplate\":\"https:\/\/thedermacheck.com\/ro\/?s={search_term_string}\"},\"query-input\":{\"@type\":\"PropertyValueSpecification\",\"valueRequired\":true,\"valueName\":\"search_term_string\"}}],\"inLanguage\":\"ro-RO\"},{\"@type\":\"Organization\",\"@id\":\"https:\/\/thedermacheck.com\/ro\/#organization\",\"name\":\"The Derma Check\",\"url\":\"https:\/\/thedermacheck.com\/ro\/\",\"logo\":{\"@type\":\"ImageObject\",\"inLanguage\":\"ro-RO\",\"@id\":\"https:\/\/thedermacheck.com\/ro\/#\/schema\/logo\/image\/\",\"url\":\"https:\/\/thedermacheck.com\/wp-content\/uploads\/2023\/10\/cropped-THE-DERMA-CHECK-FAVICON-NEW-1.png\",\"contentUrl\":\"https:\/\/thedermacheck.com\/wp-content\/uploads\/2023\/10\/cropped-THE-DERMA-CHECK-FAVICON-NEW-1.png\",\"width\":512,\"height\":512,\"caption\":\"The Derma Check\"},\"image\":{\"@id\":\"https:\/\/thedermacheck.com\/ro\/#\/schema\/logo\/image\/\"}}]}<\/script>\n<!-- \/ Yoast SEO Premium plugin. -->","yoast_head_json":{"title":"Despre noi | The Derma Check","robots":{"index":"index","follow":"follow","max-snippet":"max-snippet:-1","max-image-preview":"max-image-preview:large","max-video-preview":"max-video-preview:-1"},"canonical":"https:\/\/thedermacheck.com\/ro\/despre-noi\/","og_locale":"ro_RO","og_type":"article","og_title":"Despre noi","og_description":"Despre noi C\u00e2nd acurate\u021bea \u0219tiin\u021bific\u0103 \u00eent\u00e2lne\u0219te cunoa\u0219terea aprofundat\u0103 a produsului, a\u021bi ajuns la &#8222;Derma Check&#8221;. Stabilirea unor rapoarte de testare competente \u0219i independente, care s\u0103 v\u0103 serveasc\u0103 \u00eentotdeauna drept ghid de \u00eencredere \u00een domeniul cosmeticelor pentru piele, este o chestiune care ne \u021bine la inim\u0103. Misiunea noastr\u0103 Cu o pasiune pentru precizie \u0219i claritate. \u00cen ... Mehr erfahren","og_url":"https:\/\/thedermacheck.com\/ro\/despre-noi\/","og_site_name":"The Derma Check","article_modified_time":"2024-09-04T18:46:34+00:00","og_image":[{"width":1600,"height":1067,"url":"https:\/\/thedermacheck.com\/wp-content\/uploads\/2024\/01\/AdobeStock_640171476-scaled.jpeg","type":"image\/jpeg"}],"twitter_card":"summary_large_image","twitter_misc":{"Timp estimat pentru citire":"3 minute"},"schema":{"@context":"https:\/\/schema.org","@graph":[{"@type":"WebPage","@id":"https:\/\/thedermacheck.com\/ro\/despre-noi\/","url":"https:\/\/thedermacheck.com\/ro\/despre-noi\/","name":"Despre noi | The Derma Check","isPartOf":{"@id":"https:\/\/thedermacheck.com\/ro\/#website"},"primaryImageOfPage":{"@id":"https:\/\/thedermacheck.com\/ro\/despre-noi\/#primaryimage"},"image":{"@id":"https:\/\/thedermacheck.com\/ro\/despre-noi\/#primaryimage"},"thumbnailUrl":"https:\/\/thedermacheck.com\/wp-content\/uploads\/2024\/01\/AdobeStock_640171476-scaled.jpeg","datePublished":"2023-12-14T21:29:25+00:00","dateModified":"2024-09-04T18:46:34+00:00","breadcrumb":{"@id":"https:\/\/thedermacheck.com\/ro\/despre-noi\/#breadcrumb"},"inLanguage":"ro-RO","potentialAction":[{"@type":"ReadAction","target":["https:\/\/thedermacheck.com\/ro\/despre-noi\/"]}]},{"@type":"ImageObject","inLanguage":"ro-RO","@id":"https:\/\/thedermacheck.com\/ro\/despre-noi\/#primaryimage","url":"https:\/\/thedermacheck.com\/wp-content\/uploads\/2024\/01\/AdobeStock_640171476-scaled.jpeg","contentUrl":"https:\/\/thedermacheck.com\/wp-content\/uploads\/2024\/01\/AdobeStock_640171476-scaled.jpeg","width":1600,"height":1067,"caption":"Three successful multicultural businesswomen standing with arms crossed and smiling at camera, posing in office"},{"@type":"BreadcrumbList","@id":"https:\/\/thedermacheck.com\/ro\/despre-noi\/#breadcrumb","itemListElement":[{"@type":"ListItem","position":1,"name":"Derma Check","item":"https:\/\/thedermacheck.com\/ro\/"},{"@type":"ListItem","position":2,"name":"Despre noi"}]},{"@type":"WebSite","@id":"https:\/\/thedermacheck.com\/ro\/#website","url":"https:\/\/thedermacheck.com\/ro\/","name":"The Derma Check","description":"","publisher":{"@id":"https:\/\/thedermacheck.com\/ro\/#organization"},"potentialAction":[{"@type":"SearchAction","target":{"@type":"EntryPoint","urlTemplate":"https:\/\/thedermacheck.com\/ro\/?s={search_term_string}"},"query-input":{"@type":"PropertyValueSpecification","valueRequired":true,"valueName":"search_term_string"}}],"inLanguage":"ro-RO"},{"@type":"Organization","@id":"https:\/\/thedermacheck.com\/ro\/#organization","name":"The Derma Check","url":"https:\/\/thedermacheck.com\/ro\/","logo":{"@type":"ImageObject","inLanguage":"ro-RO","@id":"https:\/\/thedermacheck.com\/ro\/#\/schema\/logo\/image\/","url":"https:\/\/thedermacheck.com\/wp-content\/uploads\/2023\/10\/cropped-THE-DERMA-CHECK-FAVICON-NEW-1.png","contentUrl":"https:\/\/thedermacheck.com\/wp-content\/uploads\/2023\/10\/cropped-THE-DERMA-CHECK-FAVICON-NEW-1.png","width":512,"height":512,"caption":"The Derma Check"},"image":{"@id":"https:\/\/thedermacheck.com\/ro\/#\/schema\/logo\/image\/"}}]}},"_links":{"self":[{"href":"https:\/\/thedermacheck.com\/ro\/wp-json\/wp\/v2\/pages\/8443","targetHints":{"allow":["GET"]}}],"collection":[{"href":"https:\/\/thedermacheck.com\/ro\/wp-json\/wp\/v2\/pages"}],"about":[{"href":"https:\/\/thedermacheck.com\/ro\/wp-json\/wp\/v2\/types\/page"}],"author":[{"embeddable":true,"href":"https:\/\/thedermacheck.com\/ro\/wp-json\/wp\/v2\/users\/1"}],"replies":[{"embeddable":true,"href":"https:\/\/thedermacheck.com\/ro\/wp-json\/wp\/v2\/comments?post=8443"}],"version-history":[{"count":2,"href":"https:\/\/thedermacheck.com\/ro\/wp-json\/wp\/v2\/pages\/8443\/revisions"}],"predecessor-version":[{"id":8515,"href":"https:\/\/thedermacheck.com\/ro\/wp-json\/wp\/v2\/pages\/8443\/revisions\/8515"}],"wp:featuredmedia":[{"embeddable":true,"href":"https:\/\/thedermacheck.com\/ro\/wp-json\/wp\/v2\/media\/8445"}],"wp:attachment":[{"href":"https:\/\/thedermacheck.com\/ro\/wp-json\/wp\/v2\/media?parent=8443"}],"wp:term":[{"taxonomy":"category","embeddable":true,"href":"https:\/\/thedermacheck.com\/ro\/wp-json\/wp\/v2\/categories?post=8443"},{"taxonomy":"post_tag","embeddable":true,"href":"https:\/\/thedermacheck.com\/ro\/wp-json\/wp\/v2\/tags?post=8443"}],"curies":[{"name":"wp","href":"https:\/\/api.w.org\/{rel}","templated":true}]}}