{"id":8449,"date":"2024-01-04T11:29:36","date_gmt":"2024-01-04T11:29:36","guid":{"rendered":"https:\/\/thedermacheck.com\/so-testen-wir\/"},"modified":"2024-09-04T18:45:49","modified_gmt":"2024-09-04T18:45:49","slug":"standardele-noastre-de-testare-si-evaluare","status":"publish","type":"page","link":"https:\/\/thedermacheck.com\/ro\/standardele-noastre-de-testare-si-evaluare\/","title":{"rendered":"Standardele noastre de testare \u0219i evaluare"},"content":{"rendered":"<div class=\"gb-container gb-container-4742cc5d alignfull\">\n<div class=\"gb-container gb-container-96eaf3e2\">\n<h1 class=\"gb-headline gb-headline-829851c6 gb-headline-text\">Standardele noastre de testare \u0219i evaluare<\/h1>\n\n\n<p class=\"gb-headline gb-headline-443652d4 gb-headline-text\">La &#8222;The Derma Check&#8221;, \u00een\u021belegem nevoia utilizatorilor no\u0219tri de recenzii transparente \u0219i fiabile ale produselor.  <\/p>\n\n<\/div>\n<\/div><div class=\"gb-container gb-container-6c7c8f9f\">\n<figure class=\"gb-block-image gb-block-image-9b290b03\"><img decoding=\"async\" width=\"1600\" height=\"1067\" src=\"https:\/\/thedermacheck.com\/wp-content\/uploads\/2024\/01\/Produkttests-Vorgehensweise.jpg\" class=\"gb-image-9b290b03\" alt=\"\" srcset=\"https:\/\/thedermacheck.com\/wp-content\/uploads\/2024\/01\/Produkttests-Vorgehensweise.jpg 1600w, https:\/\/thedermacheck.com\/wp-content\/uploads\/2024\/01\/Produkttests-Vorgehensweise-300x200.jpg 300w, https:\/\/thedermacheck.com\/wp-content\/uploads\/2024\/01\/Produkttests-Vorgehensweise-1024x683.jpg 1024w, https:\/\/thedermacheck.com\/wp-content\/uploads\/2024\/01\/Produkttests-Vorgehensweise-768x512.jpg 768w, https:\/\/thedermacheck.com\/wp-content\/uploads\/2024\/01\/Produkttests-Vorgehensweise-1536x1025.jpg 1536w\" sizes=\"(max-width: 1600px) 100vw, 1600px\" \/><\/figure>\n<\/div>\n<p>Scopul nostru este de a oferi consultan\u021b\u0103 bazat\u0103 pe fapte, cuprinz\u0103toare \u0219i inteligibil\u0103, care s\u0103 ofere clien\u021bilor \u00eencrederea necesar\u0103 pentru a lua o decizie \u00een cuno\u0219tin\u021b\u0103 de cauz\u0103.  <\/p>\n\n<p>Mai jos explic\u0103m procesul nostru detaliat de testare \u0219i evaluare a produselor.<\/p>\n\n<hr class=\"wp-block-separator has-alpha-channel-opacity\"\/>\n\n<h2 class=\"wp-block-heading\">\n          <strong>I. Selec\u021bia produselor: garantarea diversit\u0103\u021bii \u0219i a reprezentativit\u0103\u021bii<\/strong>\n        <\/h2>\n\n<figure class=\"gb-block-image gb-block-image-bdaaf9a3\"><img decoding=\"async\" width=\"1400\" height=\"966\" class=\"gb-image gb-image-bdaaf9a3\" src=\"https:\/\/thedermacheck.com\/wp-content\/uploads\/2023\/11\/30-Wimpernseren-im-TEst.jpg\" alt=\"30 de seruri pentru gene \u00een test\" title=\"30 de seruri pentru gene \u00een test\" srcset=\"https:\/\/thedermacheck.com\/wp-content\/uploads\/2023\/11\/30-Wimpernseren-im-TEst.jpg 1400w, https:\/\/thedermacheck.com\/wp-content\/uploads\/2023\/11\/30-Wimpernseren-im-TEst-300x207.jpg 300w, https:\/\/thedermacheck.com\/wp-content\/uploads\/2023\/11\/30-Wimpernseren-im-TEst-1024x707.jpg 1024w, https:\/\/thedermacheck.com\/wp-content\/uploads\/2023\/11\/30-Wimpernseren-im-TEst-768x530.jpg 768w\" sizes=\"(max-width: 1400px) 100vw, 1400px\" \/><\/figure>\n\n<h3 class=\"wp-block-heading\">\n          <strong>1. cercetarea pie\u021bei \u0219i analiza tendin\u021belor<\/strong>\n        <\/h3>\n\n<p>La baza fiec\u0103rui proces de testare st\u0103 selectarea atent\u0103 a produselor care urmeaz\u0103 s\u0103 fie testate.\n\u00cen acest sens, ne ghid\u0103m dup\u0103 tendin\u021bele actuale, interesele consumatorilor \u0219i descoperirile \u0219tiin\u021bifice. <\/p>\n\n<h3 class=\"wp-block-heading\">\n          <strong>2 Accent pe diversitate<\/strong>\n        <\/h3>\n\n<p>Lu\u0103m \u00een considerare o gam\u0103 larg\u0103 de produse &#8211; de la produse clasice la produse noi inovatoare.\nDe asemenea, includem produsele de ni\u0219\u0103 \u0219i nevoile speciale ale pielii, cum ar fi alergiile sau cerin\u021bele speciale de \u00eengrijire a pielii. <\/p>\n\n<h3 class=\"wp-block-heading\">\n          <strong>3. achizi\u021bii de produse independente \u0219i transparente<\/strong>\n        <\/h3>\n\n<p>Toate produsele sunt achizi\u021bionate anonim de c\u0103tre echipa noastr\u0103.\nPentru a respecta standardele ridicate de obiectivitate, respingem \u00een mod constant e\u0219antioanele de testare gratuite de la produc\u0103tori.\n\u00cen acest fel, ne asigur\u0103m c\u0103 primim \u0219i test\u0103m produsele pe care le primesc \u0219i cititorii no\u0219tri atunci c\u00e2nd fac o achizi\u021bie.  <\/p>\n\n<hr class=\"wp-block-separator has-alpha-channel-opacity\"\/>\n\n<h2 class=\"wp-block-heading\">\n          <strong>II Siguran\u021ba \u0219i analiza ingredientelor<\/strong>\n        <\/h2>\n\n<h3 class=\"wp-block-heading\">\n          <strong>1. detectarea ingredientelor<\/strong>\n        <\/h3>\n\n<p>Un element central al testelor noastre este analiza ingredientelor, lu\u00e2nd \u00een considerare standardele dermatologice \u0219i datele \u0219tiin\u021bifice.<\/p>\n\n<h3 class=\"wp-block-heading\">\n          <strong>2. verificarea certificatelor de securitate<\/strong>\n        <\/h3>\n\n<p>Certific\u0103ri precum sigiliul ECARF pentru produse care nu provoac\u0103 alergii sunt incluse \u00een considera\u021biile noastre pentru a asigura fiabilitatea \u0219i siguran\u021ba produselor de \u00eengrijire a pielii.<\/p>\n\n<h3 class=\"wp-block-heading\">\n          <strong>3. valori limit\u0103 \u0219i compatibilitate<\/strong>\n        <\/h3>\n\n<p>Atunci c\u00e2nd este posibil, asigur\u0103m conformitatea cu valorile limit\u0103 \u0219i includem \u00een evaluarea noastr\u0103 informa\u021bii privind intoleran\u021bele \u0219i alergenii cunoscu\u021bi.<\/p>\n\n<hr class=\"wp-block-separator has-alpha-channel-opacity\"\/>\n\n<h2 class=\"wp-block-heading\">\n          <strong>III Aplicarea practic\u0103: un factor relevant<\/strong>\n        <\/h2>\n\n<figure class=\"gb-block-image gb-block-image-7f48a5c0\"><img decoding=\"async\" width=\"1600\" height=\"907\" class=\"gb-image gb-image-7f48a5c0\" src=\"https:\/\/thedermacheck.com\/wp-content\/uploads\/2024\/01\/Produktanalyse-scaled.jpg\" alt=\"Analiza produsului\" title=\"Analiza produsului\" srcset=\"https:\/\/thedermacheck.com\/wp-content\/uploads\/2024\/01\/Produktanalyse-scaled.jpg 1600w, https:\/\/thedermacheck.com\/wp-content\/uploads\/2024\/01\/Produktanalyse-300x170.jpg 300w, https:\/\/thedermacheck.com\/wp-content\/uploads\/2024\/01\/Produktanalyse-1024x581.jpg 1024w, https:\/\/thedermacheck.com\/wp-content\/uploads\/2024\/01\/Produktanalyse-768x435.jpg 768w, https:\/\/thedermacheck.com\/wp-content\/uploads\/2024\/01\/Produktanalyse-1536x871.jpg 1536w, https:\/\/thedermacheck.com\/wp-content\/uploads\/2024\/01\/Produktanalyse-2048x1161.jpg 2048w\" sizes=\"(max-width: 1600px) 100vw, 1600px\" \/><\/figure>\n\n<h3 class=\"wp-block-heading\">\n          <strong>1. utilizator:test intern<\/strong>\n        <\/h3>\n\n<p>Aplicarea practic\u0103 este un criteriu important.\nTestatorii no\u0219tri evalueaz\u0103 criterii precum aplicabilitatea, absorb\u021bia, consisten\u021ba \u0219i eficien\u021ba produsului. <\/p>\n\n<h3 class=\"wp-block-heading\">\n          <strong>2. studii pe termen lung<\/strong>\n        <\/h3>\n\n<p>Efectu\u0103m teste pe termen lung pe anumite produse pentru a documenta efectele \u0219i modific\u0103rile pielii pe o perioad\u0103 mai lung\u0103 de timp.<\/p>\n\n<h3 class=\"wp-block-heading\">\n          <strong>3. ambalarea \u0219i siguran\u021ba produselor<\/strong>\n        <\/h3>\n\n<p>Ambalajul este, de asemenea, evaluat: Verific\u0103m dac\u0103 acesta este func\u021bional \u0219i protejeaz\u0103 calitatea con\u021binutului de influen\u021bele externe.<\/p>\n\n<hr class=\"wp-block-separator has-alpha-channel-opacity\"\/>\n\n<h2 class=\"wp-block-heading\">\n          <strong>IV. Evaluarea transparen\u021bei \u0219i a comunic\u0103rii produc\u0103torului<\/strong>\n        <\/h2>\n\n<h3 class=\"wp-block-heading\">\n          <strong>1. claritatea informa\u021biilor despre produs<\/strong>\n        <\/h3>\n\n<p>Evalu\u0103m claritatea \u0219i exhaustivitatea informa\u021biilor privind ingredientele \u0219i instruc\u021biunile de utilizare.<\/p>\n\n<h3 class=\"wp-block-heading\">\n          <strong>2. servicii pentru clien\u021bi \u0219i receptivitate<\/strong>\n        <\/h3>\n\n<p>Disponibilitatea \u0219i utilitatea serviciului clien\u021bi al produc\u0103torului \u00een cazul \u00eentreb\u0103rilor \u0219i problemelor sunt incluse \u00een ratingul nostru general.<\/p>\n\n<h3 class=\"wp-block-heading\">\n          <strong>3. etica \u0219i responsabilitatea corporativ\u0103<\/strong>\n        <\/h3>\n\n<p>Ca parte a procesului nostru transparent de evaluare, includem aspecte etice precum produc\u021bia durabil\u0103 \u0219i responsabilitatea social\u0103 a produc\u0103torilor.<\/p>\n\n<hr class=\"wp-block-separator has-alpha-channel-opacity\"\/>\n\n<h2 class=\"wp-block-heading\">\n          <strong>V. Analiza feedback-ului clien\u021bilor \u0219i a criticilor profesionale<\/strong>\n        <\/h2>\n\n<figure class=\"gb-block-image gb-block-image-1552a461\"><img decoding=\"async\" width=\"1600\" height=\"1067\" class=\"gb-image gb-image-1552a461\" src=\"https:\/\/thedermacheck.com\/wp-content\/uploads\/2024\/01\/AdobeStock_684940110-scaled.jpeg\" alt=\"Dermatolog vorbind cu un client care explic\u0103 o procedur\u0103 de \u00eentinerire facial\u0103\" title=\"Dermatolog vorbind cu un client care explic\u0103 o procedur\u0103 de \u00eentinerire facial\u0103\" srcset=\"https:\/\/thedermacheck.com\/wp-content\/uploads\/2024\/01\/AdobeStock_684940110-scaled.jpeg 1600w, https:\/\/thedermacheck.com\/wp-content\/uploads\/2024\/01\/AdobeStock_684940110-300x200.jpeg 300w, https:\/\/thedermacheck.com\/wp-content\/uploads\/2024\/01\/AdobeStock_684940110-1024x683.jpeg 1024w, https:\/\/thedermacheck.com\/wp-content\/uploads\/2024\/01\/AdobeStock_684940110-768x512.jpeg 768w, https:\/\/thedermacheck.com\/wp-content\/uploads\/2024\/01\/AdobeStock_684940110-1536x1024.jpeg 1536w, https:\/\/thedermacheck.com\/wp-content\/uploads\/2024\/01\/AdobeStock_684940110-2048x1365.jpeg 2048w\" sizes=\"(max-width: 1600px) 100vw, 1600px\" \/><\/figure>\n\n<h3 class=\"wp-block-heading\">\n          <strong>1. evaluarea experien\u021belor clien\u021bilor<\/strong>\n        <\/h3>\n\n<p>Noi \u00eenregistr\u0103m \u0219i analiz\u0103m \u00een detaliu recenziile clien\u021bilor din diverse surse.<\/p>\n\n<h3 class=\"wp-block-heading\">\n          <strong>2. publica\u021bii \u0219i recenzii \u0219tiin\u021bifice<\/strong>\n        <\/h3>\n\n<p>Pentru a asigura o baz\u0103 de evaluare solid\u0103, lu\u0103m \u00een considerare, de asemenea, studii independente \u0219i articole de specialitate privind tipul de produs respectiv.<\/p>\n\n<h3 class=\"wp-block-heading\">\n          <strong>3. dialogul cu exper\u021bii<\/strong>\n        <\/h3>\n\n<p>Re\u021beaua noastr\u0103 de dermatologi \u0219i exper\u021bi \u00een cosmetic\u0103 este consultat\u0103 \u00een mod regulat pentru evalu\u0103ri de specialitate.<\/p>\n\n<hr class=\"wp-block-separator has-alpha-channel-opacity\"\/>\n\n<h2 class=\"wp-block-heading\">\n          <strong>VI Documentarea efectelor secundare \u0219i a riscurilor<\/strong>\n        <\/h2>\n\n<h3 class=\"wp-block-heading\">\n          <strong>1. ingrediente active esen\u021biale \u0219i efecte pe termen lung<\/strong>\n        <\/h3>\n\n<p>\u00cen timp ce studiile noastre documenteaz\u0103 meticulos efectele secundare, atragem aten\u021bia asupra posibilelor efecte pe termen lung, \u00een special \u00een cazul ingredientelor active esen\u021biale.<\/p>\n\n<h3 class=\"wp-block-heading\">\n          <strong>2. evaluarea avizelor de avertizare<\/strong>\n        <\/h3>\n\n<p>Caracterul cuprinz\u0103tor \u0219i vizibilitatea avertismentelor produc\u0103torilor cu privire la riscuri \u0219i efecte secundare reprezint\u0103 o parte important\u0103 a analizei noastre.<\/p>\n\n<h3 class=\"wp-block-heading\">\n          <strong>3. feedback \u0219i probleme<\/strong>\n        <\/h3>\n\n<p>Echipa noastr\u0103 colecteaz\u0103 feedback privind efectele secundare de la clien\u021bi \u0219i verific\u0103 substan\u021ba \u0219i frecven\u021ba acestora.<\/p>\n\n<hr class=\"wp-block-separator has-alpha-channel-opacity\"\/>\n\n<h2 class=\"wp-block-heading\">\n          <strong>VII Raportul pre\u021b-performan\u021b\u0103 \u0219i concluzii<\/strong>\n        <\/h2>\n\n<h3 class=\"wp-block-heading\">\n          <strong>1. analiza comparativ\u0103 a costurilor<\/strong>\n        <\/h3>\n\n<p>\u00cen plus fa\u021b\u0103 de performan\u021ba produsului, lu\u0103m \u00een considerare \u0219i pre\u021bul pentru a evalua rela\u021bia dintre costuri \u0219i beneficii.<\/p>\n\n<h3 class=\"wp-block-heading\">\n          <strong>2. compara\u021bii \u00eentre pie\u021be<\/strong>\n        <\/h3>\n\n<p>Nu numai c\u0103 compar\u0103m produsele \u00eentre ele, dar le \u0219i punem \u00een rela\u021bie cu alte oferte de pe pia\u021b\u0103.<\/p>\n\n<h3 class=\"wp-block-heading\">\n          <strong>3. Concluzie pentru utilizatorii no\u0219tri<\/strong>\n        <\/h3>\n\n<p>\u00cen cele din urm\u0103, adun\u0103m toate informa\u021biile \u00eentr-o evaluare cuprinz\u0103toare care permite utilizatorilor no\u0219tri s\u0103 ia o decizie de cump\u0103rare \u00een cuno\u0219tin\u021b\u0103 de cauz\u0103.<\/p>\n\n<hr class=\"wp-block-separator has-alpha-channel-opacity\"\/>\n\n<p>Scopul nostru este s\u0103 v\u0103 oferim dumneavoastr\u0103, consumatorilor, un sprijin fiabil \u0219i cuprinz\u0103tor atunci c\u00e2nd v\u0103 alege\u021bi produsele de \u00eengrijire a pielii.\nV\u0103 invit\u0103m s\u0103 ne \u00eenso\u021bi\u021bi \u00eentr-o c\u0103l\u0103torie prin lumea produselor cosmetice derma pentru a descoperi \u0219i evalua \u00eempreun\u0103 cele mai bune produse. <\/p>\n","protected":false},"excerpt":{"rendered":"<p>Standardele noastre de testare \u0219i evaluare La &#8222;The Derma Check&#8221;, \u00een\u021belegem nevoia utilizatorilor no\u0219tri de recenzii transparente \u0219i fiabile ale produselor. Scopul nostru este de a oferi consultan\u021b\u0103 bazat\u0103 pe fapte, cuprinz\u0103toare \u0219i inteligibil\u0103, care s\u0103 ofere clien\u021bilor \u00eencrederea necesar\u0103 pentru a lua o decizie \u00een cuno\u0219tin\u021b\u0103 de cauz\u0103. Mai jos explic\u0103m procesul nostru detaliat &#8230; <a title=\"Standardele noastre de testare \u0219i evaluare\" class=\"read-more\" href=\"https:\/\/thedermacheck.com\/ro\/standardele-noastre-de-testare-si-evaluare\/\" aria-label=\"Cite\u0219te mai multe despre Standardele noastre de testare \u0219i evaluare\">Mehr erfahren<\/a><\/p>\n","protected":false},"author":1,"featured_media":8451,"parent":0,"menu_order":0,"comment_status":"closed","ping_status":"closed","template":"","meta":{"_acf_changed":false,"_lmt_disableupdate":"","_lmt_disable":"","footnotes":""},"categories":[],"tags":[],"class_list":["post-8449","page","type-page","status-publish","has-post-thumbnail"],"acf":[],"yoast_head":"<!-- This site is optimized with the Yoast SEO Premium plugin v25.7.1 (Yoast SEO v25.7) - https:\/\/yoast.com\/wordpress\/plugins\/seo\/ -->\n<title>Standardele noastre de testare \u0219i evaluare | The Derma Check<\/title>\n<meta name=\"robots\" content=\"index, follow, max-snippet:-1, max-image-preview:large, max-video-preview:-1\" \/>\n<link rel=\"canonical\" href=\"https:\/\/thedermacheck.com\/ro\/standardele-noastre-de-testare-si-evaluare\/\" \/>\n<meta property=\"og:locale\" content=\"ro_RO\" \/>\n<meta property=\"og:type\" content=\"article\" \/>\n<meta property=\"og:title\" content=\"Standardele noastre de testare \u0219i evaluare\" \/>\n<meta property=\"og:description\" content=\"Standardele noastre de testare \u0219i evaluare La &#8222;The Derma Check&#8221;, \u00een\u021belegem nevoia utilizatorilor no\u0219tri de recenzii transparente \u0219i fiabile ale produselor. Scopul nostru este de a oferi consultan\u021b\u0103 bazat\u0103 pe fapte, cuprinz\u0103toare \u0219i inteligibil\u0103, care s\u0103 ofere clien\u021bilor \u00eencrederea necesar\u0103 pentru a lua o decizie \u00een cuno\u0219tin\u021b\u0103 de cauz\u0103. Mai jos explic\u0103m procesul nostru detaliat ... Mehr erfahren\" \/>\n<meta property=\"og:url\" content=\"https:\/\/thedermacheck.com\/ro\/standardele-noastre-de-testare-si-evaluare\/\" \/>\n<meta property=\"og:site_name\" content=\"The Derma Check\" \/>\n<meta property=\"article:modified_time\" content=\"2024-09-04T18:45:49+00:00\" \/>\n<meta property=\"og:image\" content=\"https:\/\/thedermacheck.com\/wp-content\/uploads\/2024\/01\/Produkttests-Vorgehensweise.jpg\" \/>\n\t<meta property=\"og:image:width\" content=\"1600\" \/>\n\t<meta property=\"og:image:height\" content=\"1067\" \/>\n\t<meta property=\"og:image:type\" content=\"image\/jpeg\" \/>\n<meta name=\"twitter:card\" content=\"summary_large_image\" \/>\n<meta name=\"twitter:label1\" content=\"Timp estimat pentru citire\" \/>\n\t<meta name=\"twitter:data1\" content=\"5 minute\" \/>\n<script type=\"application\/ld+json\" class=\"yoast-schema-graph\">{\"@context\":\"https:\/\/schema.org\",\"@graph\":[{\"@type\":\"WebPage\",\"@id\":\"https:\/\/thedermacheck.com\/ro\/standardele-noastre-de-testare-si-evaluare\/\",\"url\":\"https:\/\/thedermacheck.com\/ro\/standardele-noastre-de-testare-si-evaluare\/\",\"name\":\"Standardele noastre de testare \u0219i evaluare | The Derma Check\",\"isPartOf\":{\"@id\":\"https:\/\/thedermacheck.com\/ro\/#website\"},\"primaryImageOfPage\":{\"@id\":\"https:\/\/thedermacheck.com\/ro\/standardele-noastre-de-testare-si-evaluare\/#primaryimage\"},\"image\":{\"@id\":\"https:\/\/thedermacheck.com\/ro\/standardele-noastre-de-testare-si-evaluare\/#primaryimage\"},\"thumbnailUrl\":\"https:\/\/thedermacheck.com\/wp-content\/uploads\/2024\/01\/Produkttests-Vorgehensweise.jpg\",\"datePublished\":\"2024-01-04T11:29:36+00:00\",\"dateModified\":\"2024-09-04T18:45:49+00:00\",\"breadcrumb\":{\"@id\":\"https:\/\/thedermacheck.com\/ro\/standardele-noastre-de-testare-si-evaluare\/#breadcrumb\"},\"inLanguage\":\"ro-RO\",\"potentialAction\":[{\"@type\":\"ReadAction\",\"target\":[\"https:\/\/thedermacheck.com\/ro\/standardele-noastre-de-testare-si-evaluare\/\"]}]},{\"@type\":\"ImageObject\",\"inLanguage\":\"ro-RO\",\"@id\":\"https:\/\/thedermacheck.com\/ro\/standardele-noastre-de-testare-si-evaluare\/#primaryimage\",\"url\":\"https:\/\/thedermacheck.com\/wp-content\/uploads\/2024\/01\/Produkttests-Vorgehensweise.jpg\",\"contentUrl\":\"https:\/\/thedermacheck.com\/wp-content\/uploads\/2024\/01\/Produkttests-Vorgehensweise.jpg\",\"width\":1600,\"height\":1067,\"caption\":\"Produkttests Vorgehensweise\"},{\"@type\":\"BreadcrumbList\",\"@id\":\"https:\/\/thedermacheck.com\/ro\/standardele-noastre-de-testare-si-evaluare\/#breadcrumb\",\"itemListElement\":[{\"@type\":\"ListItem\",\"position\":1,\"name\":\"Derma Check\",\"item\":\"https:\/\/thedermacheck.com\/ro\/\"},{\"@type\":\"ListItem\",\"position\":2,\"name\":\"Standardele noastre de testare \u0219i evaluare\"}]},{\"@type\":\"WebSite\",\"@id\":\"https:\/\/thedermacheck.com\/ro\/#website\",\"url\":\"https:\/\/thedermacheck.com\/ro\/\",\"name\":\"The Derma Check\",\"description\":\"\",\"publisher\":{\"@id\":\"https:\/\/thedermacheck.com\/ro\/#organization\"},\"potentialAction\":[{\"@type\":\"SearchAction\",\"target\":{\"@type\":\"EntryPoint\",\"urlTemplate\":\"https:\/\/thedermacheck.com\/ro\/?s={search_term_string}\"},\"query-input\":{\"@type\":\"PropertyValueSpecification\",\"valueRequired\":true,\"valueName\":\"search_term_string\"}}],\"inLanguage\":\"ro-RO\"},{\"@type\":\"Organization\",\"@id\":\"https:\/\/thedermacheck.com\/ro\/#organization\",\"name\":\"The Derma Check\",\"url\":\"https:\/\/thedermacheck.com\/ro\/\",\"logo\":{\"@type\":\"ImageObject\",\"inLanguage\":\"ro-RO\",\"@id\":\"https:\/\/thedermacheck.com\/ro\/#\/schema\/logo\/image\/\",\"url\":\"https:\/\/thedermacheck.com\/wp-content\/uploads\/2023\/10\/cropped-THE-DERMA-CHECK-FAVICON-NEW-1.png\",\"contentUrl\":\"https:\/\/thedermacheck.com\/wp-content\/uploads\/2023\/10\/cropped-THE-DERMA-CHECK-FAVICON-NEW-1.png\",\"width\":512,\"height\":512,\"caption\":\"The Derma Check\"},\"image\":{\"@id\":\"https:\/\/thedermacheck.com\/ro\/#\/schema\/logo\/image\/\"}}]}<\/script>\n<!-- \/ Yoast SEO Premium plugin. -->","yoast_head_json":{"title":"Standardele noastre de testare \u0219i evaluare | The Derma Check","robots":{"index":"index","follow":"follow","max-snippet":"max-snippet:-1","max-image-preview":"max-image-preview:large","max-video-preview":"max-video-preview:-1"},"canonical":"https:\/\/thedermacheck.com\/ro\/standardele-noastre-de-testare-si-evaluare\/","og_locale":"ro_RO","og_type":"article","og_title":"Standardele noastre de testare \u0219i evaluare","og_description":"Standardele noastre de testare \u0219i evaluare La &#8222;The Derma Check&#8221;, \u00een\u021belegem nevoia utilizatorilor no\u0219tri de recenzii transparente \u0219i fiabile ale produselor. Scopul nostru este de a oferi consultan\u021b\u0103 bazat\u0103 pe fapte, cuprinz\u0103toare \u0219i inteligibil\u0103, care s\u0103 ofere clien\u021bilor \u00eencrederea necesar\u0103 pentru a lua o decizie \u00een cuno\u0219tin\u021b\u0103 de cauz\u0103. Mai jos explic\u0103m procesul nostru detaliat ... Mehr erfahren","og_url":"https:\/\/thedermacheck.com\/ro\/standardele-noastre-de-testare-si-evaluare\/","og_site_name":"The Derma Check","article_modified_time":"2024-09-04T18:45:49+00:00","og_image":[{"width":1600,"height":1067,"url":"https:\/\/thedermacheck.com\/wp-content\/uploads\/2024\/01\/Produkttests-Vorgehensweise.jpg","type":"image\/jpeg"}],"twitter_card":"summary_large_image","twitter_misc":{"Timp estimat pentru citire":"5 minute"},"schema":{"@context":"https:\/\/schema.org","@graph":[{"@type":"WebPage","@id":"https:\/\/thedermacheck.com\/ro\/standardele-noastre-de-testare-si-evaluare\/","url":"https:\/\/thedermacheck.com\/ro\/standardele-noastre-de-testare-si-evaluare\/","name":"Standardele noastre de testare \u0219i evaluare | The Derma Check","isPartOf":{"@id":"https:\/\/thedermacheck.com\/ro\/#website"},"primaryImageOfPage":{"@id":"https:\/\/thedermacheck.com\/ro\/standardele-noastre-de-testare-si-evaluare\/#primaryimage"},"image":{"@id":"https:\/\/thedermacheck.com\/ro\/standardele-noastre-de-testare-si-evaluare\/#primaryimage"},"thumbnailUrl":"https:\/\/thedermacheck.com\/wp-content\/uploads\/2024\/01\/Produkttests-Vorgehensweise.jpg","datePublished":"2024-01-04T11:29:36+00:00","dateModified":"2024-09-04T18:45:49+00:00","breadcrumb":{"@id":"https:\/\/thedermacheck.com\/ro\/standardele-noastre-de-testare-si-evaluare\/#breadcrumb"},"inLanguage":"ro-RO","potentialAction":[{"@type":"ReadAction","target":["https:\/\/thedermacheck.com\/ro\/standardele-noastre-de-testare-si-evaluare\/"]}]},{"@type":"ImageObject","inLanguage":"ro-RO","@id":"https:\/\/thedermacheck.com\/ro\/standardele-noastre-de-testare-si-evaluare\/#primaryimage","url":"https:\/\/thedermacheck.com\/wp-content\/uploads\/2024\/01\/Produkttests-Vorgehensweise.jpg","contentUrl":"https:\/\/thedermacheck.com\/wp-content\/uploads\/2024\/01\/Produkttests-Vorgehensweise.jpg","width":1600,"height":1067,"caption":"Produkttests Vorgehensweise"},{"@type":"BreadcrumbList","@id":"https:\/\/thedermacheck.com\/ro\/standardele-noastre-de-testare-si-evaluare\/#breadcrumb","itemListElement":[{"@type":"ListItem","position":1,"name":"Derma Check","item":"https:\/\/thedermacheck.com\/ro\/"},{"@type":"ListItem","position":2,"name":"Standardele noastre de testare \u0219i evaluare"}]},{"@type":"WebSite","@id":"https:\/\/thedermacheck.com\/ro\/#website","url":"https:\/\/thedermacheck.com\/ro\/","name":"The Derma Check","description":"","publisher":{"@id":"https:\/\/thedermacheck.com\/ro\/#organization"},"potentialAction":[{"@type":"SearchAction","target":{"@type":"EntryPoint","urlTemplate":"https:\/\/thedermacheck.com\/ro\/?s={search_term_string}"},"query-input":{"@type":"PropertyValueSpecification","valueRequired":true,"valueName":"search_term_string"}}],"inLanguage":"ro-RO"},{"@type":"Organization","@id":"https:\/\/thedermacheck.com\/ro\/#organization","name":"The Derma Check","url":"https:\/\/thedermacheck.com\/ro\/","logo":{"@type":"ImageObject","inLanguage":"ro-RO","@id":"https:\/\/thedermacheck.com\/ro\/#\/schema\/logo\/image\/","url":"https:\/\/thedermacheck.com\/wp-content\/uploads\/2023\/10\/cropped-THE-DERMA-CHECK-FAVICON-NEW-1.png","contentUrl":"https:\/\/thedermacheck.com\/wp-content\/uploads\/2023\/10\/cropped-THE-DERMA-CHECK-FAVICON-NEW-1.png","width":512,"height":512,"caption":"The Derma Check"},"image":{"@id":"https:\/\/thedermacheck.com\/ro\/#\/schema\/logo\/image\/"}}]}},"_links":{"self":[{"href":"https:\/\/thedermacheck.com\/ro\/wp-json\/wp\/v2\/pages\/8449","targetHints":{"allow":["GET"]}}],"collection":[{"href":"https:\/\/thedermacheck.com\/ro\/wp-json\/wp\/v2\/pages"}],"about":[{"href":"https:\/\/thedermacheck.com\/ro\/wp-json\/wp\/v2\/types\/page"}],"author":[{"embeddable":true,"href":"https:\/\/thedermacheck.com\/ro\/wp-json\/wp\/v2\/users\/1"}],"replies":[{"embeddable":true,"href":"https:\/\/thedermacheck.com\/ro\/wp-json\/wp\/v2\/comments?post=8449"}],"version-history":[{"count":2,"href":"https:\/\/thedermacheck.com\/ro\/wp-json\/wp\/v2\/pages\/8449\/revisions"}],"predecessor-version":[{"id":8492,"href":"https:\/\/thedermacheck.com\/ro\/wp-json\/wp\/v2\/pages\/8449\/revisions\/8492"}],"wp:featuredmedia":[{"embeddable":true,"href":"https:\/\/thedermacheck.com\/ro\/wp-json\/wp\/v2\/media\/8451"}],"wp:attachment":[{"href":"https:\/\/thedermacheck.com\/ro\/wp-json\/wp\/v2\/media?parent=8449"}],"wp:term":[{"taxonomy":"category","embeddable":true,"href":"https:\/\/thedermacheck.com\/ro\/wp-json\/wp\/v2\/categories?post=8449"},{"taxonomy":"post_tag","embeddable":true,"href":"https:\/\/thedermacheck.com\/ro\/wp-json\/wp\/v2\/tags?post=8449"}],"curies":[{"name":"wp","href":"https:\/\/api.w.org\/{rel}","templated":true}]}}