{"id":8460,"date":"2023-12-21T14:14:10","date_gmt":"2023-12-21T14:14:10","guid":{"rendered":"https:\/\/thedermacheck.com\/kontaktiere-uns\/"},"modified":"2024-09-04T19:51:56","modified_gmt":"2024-09-04T19:51:56","slug":"contactati-ne","status":"publish","type":"page","link":"https:\/\/thedermacheck.com\/ro\/contactati-ne\/","title":{"rendered":"Contacta\u021bi-ne"},"content":{"rendered":"<div class=\"gb-container gb-container-4742cc5d alignfull\">\n<div class=\"gb-container gb-container-96eaf3e2\">\n<h1 class=\"gb-headline gb-headline-829851c6 gb-headline-text\">Contacta\u021bi-ne<\/h1>\n\n\n<p class=\"gb-headline gb-headline-443652d4 gb-headline-text\">La &#8222;The Derma Check&#8221; ne str\u0103duim \u00eentotdeauna s\u0103 men\u021binem un dialog deschis \u0219i constructiv cu comunitatea noastr\u0103.\nG\u00e2ndurile, sugestiile \u0219i \u00eentreb\u0103rile dumneavoastr\u0103 sunt nepre\u021buite pentru noi, deoarece ne permit s\u0103 ne \u00eembun\u0103t\u0103\u021bim \u0219i s\u0103 ne extindem continuu serviciile.   <\/p>\n\n<\/div>\n<\/div><div class=\"gb-container gb-container-6c7c8f9f\">\n<figure class=\"gb-block-image gb-block-image-9b290b03\"><img decoding=\"async\" width=\"1600\" height=\"1000\" src=\"https:\/\/thedermacheck.com\/wp-content\/uploads\/2024\/01\/Kontakt.jpg\" class=\"gb-image-9b290b03\" alt=\"\" srcset=\"https:\/\/thedermacheck.com\/wp-content\/uploads\/2024\/01\/Kontakt.jpg 1600w, https:\/\/thedermacheck.com\/wp-content\/uploads\/2024\/01\/Kontakt-300x188.jpg 300w, https:\/\/thedermacheck.com\/wp-content\/uploads\/2024\/01\/Kontakt-1024x640.jpg 1024w, https:\/\/thedermacheck.com\/wp-content\/uploads\/2024\/01\/Kontakt-768x480.jpg 768w, https:\/\/thedermacheck.com\/wp-content\/uploads\/2024\/01\/Kontakt-1536x960.jpg 1536w\" sizes=\"(max-width: 1600px) 100vw, 1600px\" \/><\/figure>\n<\/div>\n<p>Pentru a ne asigura c\u0103 preocup\u0103rile dumneavoastr\u0103 sunt abordate corect, am stabilit canale de comunicare specifice, adaptate diferitelor dumneavoastr\u0103 nevoi.<\/p>\n\n<ol class=\"wp-block-list\">\n<li><strong>Feedback \u0219i sugestii:<\/strong> Opinia dvs. valoreaz\u0103 greutatea ei \u00een aur pentru noi.\nFie c\u0103 este vorba despre con\u021binutul nostru, metodele de testare sau \u00eentreb\u0103ri generale &#8211; suntem aici pentru a v\u0103 asculta.\n <code>feedback@thedermacheck.com<\/code> V\u0103 rug\u0103m s\u0103 nu ezita\u021bi s\u0103 ne contacta\u021bi la .\nFeedback-ul dvs. este combustibilul care ne anim\u0103 \u0219i ne ajut\u0103 s\u0103 ne \u00eembun\u0103t\u0103\u021bim constant platforma.   <\/li>\n\n\n\n<li><strong>Cooper\u0103ri \u0219i parteneriate:<\/strong> Sunte\u021bi interesat de o cooperare sau dori\u021bi s\u0103 aduce\u021bi un produs \u00een laboratorul nostru de testare?\nDepartamentul nostru de cooperare a\u0219teapt\u0103 cu ner\u0103bdare s\u0103 aud\u0103 de dumneavoastr\u0103.\n <code>cooperation@thedermacheck.com<\/code> Contacta\u021bi-ne pentru poten\u021biale parteneriate, colabor\u0103ri \u0219i alte solicit\u0103ri de afaceri.  <\/li>\n\n\n\n<li><strong>Cariere \u0219i oportunit\u0103\u021bi de angajare:<\/strong> &#8222;The Derma Check&#8221; este \u00een continu\u0103 cre\u0219tere \u0219i suntem mereu \u00een c\u0103utare de oameni talenta\u021bi \u0219i pasiona\u021bi care s\u0103 se al\u0103ture echipei noastre.\n <code>jobs@thedermacheck.com<\/code>Dac\u0103 sunte\u021bi interesat s\u0103 face\u021bi parte din misiunea noastr\u0103, trimite\u021bi-ne candidatura \u0219i CV-ul dvs. la .\nA\u0219tept\u0103m cu ner\u0103bdare s\u0103 afl\u0103m mai multe despre tine \u0219i abilit\u0103\u021bile tale.  <\/li>\n\n\n\n<li><strong>Solicit\u0103ri generale:<\/strong> Pentru orice alte cereri, informa\u021bii sau \u00eentreb\u0103ri, echipa noastr\u0103 v\u0103 st\u0103 la dispozi\u021bie.\n <code>info@thedermacheck.com<\/code>Trimite\u021bi-ne un e-mail la \u0219i v\u0103 vom r\u0103spunde c\u00e2t mai cur\u00e2nd posibil. <\/li>\n<\/ol>\n\n<p>Vocea ta este important\u0103 pentru noi \u0219i suntem recunosc\u0103tori pentru orice comunicare care ne ajut\u0103 s\u0103 facem lumea \u00eengrijirii pielii mai transparent\u0103 \u0219i mai accesibil\u0103.\nLa The Derma Check, suntem mai mult dec\u00e2t o echip\u0103 &#8211; suntem o comunitate care lucreaz\u0103 \u00eempreun\u0103 pentru a dezv\u0103lui secretele \u00eengrijirii pielii.\nA\u0219tept\u0103m cu ner\u0103bdare s\u0103 primim ve\u0219ti de la tine!  <\/p>\n","protected":false},"excerpt":{"rendered":"<p>Contacta\u021bi-ne La &#8222;The Derma Check&#8221; ne str\u0103duim \u00eentotdeauna s\u0103 men\u021binem un dialog deschis \u0219i constructiv cu comunitatea noastr\u0103. G\u00e2ndurile, sugestiile \u0219i \u00eentreb\u0103rile dumneavoastr\u0103 sunt nepre\u021buite pentru noi, deoarece ne permit s\u0103 ne \u00eembun\u0103t\u0103\u021bim \u0219i s\u0103 ne extindem continuu serviciile. Pentru a ne asigura c\u0103 preocup\u0103rile dumneavoastr\u0103 sunt abordate corect, am stabilit canale de comunicare specifice, &#8230; <a title=\"Contacta\u021bi-ne\" class=\"read-more\" href=\"https:\/\/thedermacheck.com\/ro\/contactati-ne\/\" aria-label=\"Cite\u0219te mai multe despre Contacta\u021bi-ne\">Mehr erfahren<\/a><\/p>\n","protected":false},"author":1,"featured_media":8461,"parent":0,"menu_order":0,"comment_status":"closed","ping_status":"closed","template":"","meta":{"_acf_changed":false,"_lmt_disableupdate":"","_lmt_disable":"","footnotes":""},"categories":[],"tags":[],"class_list":["post-8460","page","type-page","status-publish","has-post-thumbnail"],"acf":[],"yoast_head":"<!-- This site is optimized with the Yoast SEO Premium plugin v25.7.1 (Yoast SEO v25.7) - https:\/\/yoast.com\/wordpress\/plugins\/seo\/ -->\n<title>Contacta\u021bi-ne | The Derma Check<\/title>\n<meta name=\"robots\" content=\"index, follow, max-snippet:-1, max-image-preview:large, max-video-preview:-1\" \/>\n<link rel=\"canonical\" href=\"https:\/\/thedermacheck.com\/ro\/contactati-ne\/\" \/>\n<meta property=\"og:locale\" content=\"ro_RO\" \/>\n<meta property=\"og:type\" content=\"article\" \/>\n<meta property=\"og:title\" content=\"Contacta\u021bi-ne\" \/>\n<meta property=\"og:description\" content=\"Contacta\u021bi-ne La &#8222;The Derma Check&#8221; ne str\u0103duim \u00eentotdeauna s\u0103 men\u021binem un dialog deschis \u0219i constructiv cu comunitatea noastr\u0103. G\u00e2ndurile, sugestiile \u0219i \u00eentreb\u0103rile dumneavoastr\u0103 sunt nepre\u021buite pentru noi, deoarece ne permit s\u0103 ne \u00eembun\u0103t\u0103\u021bim \u0219i s\u0103 ne extindem continuu serviciile. Pentru a ne asigura c\u0103 preocup\u0103rile dumneavoastr\u0103 sunt abordate corect, am stabilit canale de comunicare specifice, ... Mehr erfahren\" \/>\n<meta property=\"og:url\" content=\"https:\/\/thedermacheck.com\/ro\/contactati-ne\/\" \/>\n<meta property=\"og:site_name\" content=\"The Derma Check\" \/>\n<meta property=\"article:modified_time\" content=\"2024-09-04T19:51:56+00:00\" \/>\n<meta property=\"og:image\" content=\"https:\/\/thedermacheck.com\/wp-content\/uploads\/2024\/01\/Kontakt.jpg\" \/>\n\t<meta property=\"og:image:width\" content=\"1600\" \/>\n\t<meta property=\"og:image:height\" content=\"1000\" \/>\n\t<meta property=\"og:image:type\" content=\"image\/jpeg\" \/>\n<meta name=\"twitter:card\" content=\"summary_large_image\" \/>\n<meta name=\"twitter:label1\" content=\"Timp estimat pentru citire\" \/>\n\t<meta name=\"twitter:data1\" content=\"2 minute\" \/>\n<script type=\"application\/ld+json\" class=\"yoast-schema-graph\">{\"@context\":\"https:\/\/schema.org\",\"@graph\":[{\"@type\":\"WebPage\",\"@id\":\"https:\/\/thedermacheck.com\/ro\/contactati-ne\/\",\"url\":\"https:\/\/thedermacheck.com\/ro\/contactati-ne\/\",\"name\":\"Contacta\u021bi-ne | The Derma Check\",\"isPartOf\":{\"@id\":\"https:\/\/thedermacheck.com\/ro\/#website\"},\"primaryImageOfPage\":{\"@id\":\"https:\/\/thedermacheck.com\/ro\/contactati-ne\/#primaryimage\"},\"image\":{\"@id\":\"https:\/\/thedermacheck.com\/ro\/contactati-ne\/#primaryimage\"},\"thumbnailUrl\":\"https:\/\/thedermacheck.com\/wp-content\/uploads\/2024\/01\/Kontakt.jpg\",\"datePublished\":\"2023-12-21T14:14:10+00:00\",\"dateModified\":\"2024-09-04T19:51:56+00:00\",\"breadcrumb\":{\"@id\":\"https:\/\/thedermacheck.com\/ro\/contactati-ne\/#breadcrumb\"},\"inLanguage\":\"ro-RO\",\"potentialAction\":[{\"@type\":\"ReadAction\",\"target\":[\"https:\/\/thedermacheck.com\/ro\/contactati-ne\/\"]}]},{\"@type\":\"ImageObject\",\"inLanguage\":\"ro-RO\",\"@id\":\"https:\/\/thedermacheck.com\/ro\/contactati-ne\/#primaryimage\",\"url\":\"https:\/\/thedermacheck.com\/wp-content\/uploads\/2024\/01\/Kontakt.jpg\",\"contentUrl\":\"https:\/\/thedermacheck.com\/wp-content\/uploads\/2024\/01\/Kontakt.jpg\",\"width\":1600,\"height\":1000,\"caption\":\"Kontakt\"},{\"@type\":\"BreadcrumbList\",\"@id\":\"https:\/\/thedermacheck.com\/ro\/contactati-ne\/#breadcrumb\",\"itemListElement\":[{\"@type\":\"ListItem\",\"position\":1,\"name\":\"Derma Check\",\"item\":\"https:\/\/thedermacheck.com\/ro\/\"},{\"@type\":\"ListItem\",\"position\":2,\"name\":\"Contacta\u021bi-ne\"}]},{\"@type\":\"WebSite\",\"@id\":\"https:\/\/thedermacheck.com\/ro\/#website\",\"url\":\"https:\/\/thedermacheck.com\/ro\/\",\"name\":\"The Derma Check\",\"description\":\"\",\"publisher\":{\"@id\":\"https:\/\/thedermacheck.com\/ro\/#organization\"},\"potentialAction\":[{\"@type\":\"SearchAction\",\"target\":{\"@type\":\"EntryPoint\",\"urlTemplate\":\"https:\/\/thedermacheck.com\/ro\/?s={search_term_string}\"},\"query-input\":{\"@type\":\"PropertyValueSpecification\",\"valueRequired\":true,\"valueName\":\"search_term_string\"}}],\"inLanguage\":\"ro-RO\"},{\"@type\":\"Organization\",\"@id\":\"https:\/\/thedermacheck.com\/ro\/#organization\",\"name\":\"The Derma Check\",\"url\":\"https:\/\/thedermacheck.com\/ro\/\",\"logo\":{\"@type\":\"ImageObject\",\"inLanguage\":\"ro-RO\",\"@id\":\"https:\/\/thedermacheck.com\/ro\/#\/schema\/logo\/image\/\",\"url\":\"https:\/\/thedermacheck.com\/wp-content\/uploads\/2023\/10\/cropped-THE-DERMA-CHECK-FAVICON-NEW-1.png\",\"contentUrl\":\"https:\/\/thedermacheck.com\/wp-content\/uploads\/2023\/10\/cropped-THE-DERMA-CHECK-FAVICON-NEW-1.png\",\"width\":512,\"height\":512,\"caption\":\"The Derma Check\"},\"image\":{\"@id\":\"https:\/\/thedermacheck.com\/ro\/#\/schema\/logo\/image\/\"}}]}<\/script>\n<!-- \/ Yoast SEO Premium plugin. -->","yoast_head_json":{"title":"Contacta\u021bi-ne | The Derma Check","robots":{"index":"index","follow":"follow","max-snippet":"max-snippet:-1","max-image-preview":"max-image-preview:large","max-video-preview":"max-video-preview:-1"},"canonical":"https:\/\/thedermacheck.com\/ro\/contactati-ne\/","og_locale":"ro_RO","og_type":"article","og_title":"Contacta\u021bi-ne","og_description":"Contacta\u021bi-ne La &#8222;The Derma Check&#8221; ne str\u0103duim \u00eentotdeauna s\u0103 men\u021binem un dialog deschis \u0219i constructiv cu comunitatea noastr\u0103. G\u00e2ndurile, sugestiile \u0219i \u00eentreb\u0103rile dumneavoastr\u0103 sunt nepre\u021buite pentru noi, deoarece ne permit s\u0103 ne \u00eembun\u0103t\u0103\u021bim \u0219i s\u0103 ne extindem continuu serviciile. Pentru a ne asigura c\u0103 preocup\u0103rile dumneavoastr\u0103 sunt abordate corect, am stabilit canale de comunicare specifice, ... Mehr erfahren","og_url":"https:\/\/thedermacheck.com\/ro\/contactati-ne\/","og_site_name":"The Derma Check","article_modified_time":"2024-09-04T19:51:56+00:00","og_image":[{"width":1600,"height":1000,"url":"https:\/\/thedermacheck.com\/wp-content\/uploads\/2024\/01\/Kontakt.jpg","type":"image\/jpeg"}],"twitter_card":"summary_large_image","twitter_misc":{"Timp estimat pentru citire":"2 minute"},"schema":{"@context":"https:\/\/schema.org","@graph":[{"@type":"WebPage","@id":"https:\/\/thedermacheck.com\/ro\/contactati-ne\/","url":"https:\/\/thedermacheck.com\/ro\/contactati-ne\/","name":"Contacta\u021bi-ne | The Derma Check","isPartOf":{"@id":"https:\/\/thedermacheck.com\/ro\/#website"},"primaryImageOfPage":{"@id":"https:\/\/thedermacheck.com\/ro\/contactati-ne\/#primaryimage"},"image":{"@id":"https:\/\/thedermacheck.com\/ro\/contactati-ne\/#primaryimage"},"thumbnailUrl":"https:\/\/thedermacheck.com\/wp-content\/uploads\/2024\/01\/Kontakt.jpg","datePublished":"2023-12-21T14:14:10+00:00","dateModified":"2024-09-04T19:51:56+00:00","breadcrumb":{"@id":"https:\/\/thedermacheck.com\/ro\/contactati-ne\/#breadcrumb"},"inLanguage":"ro-RO","potentialAction":[{"@type":"ReadAction","target":["https:\/\/thedermacheck.com\/ro\/contactati-ne\/"]}]},{"@type":"ImageObject","inLanguage":"ro-RO","@id":"https:\/\/thedermacheck.com\/ro\/contactati-ne\/#primaryimage","url":"https:\/\/thedermacheck.com\/wp-content\/uploads\/2024\/01\/Kontakt.jpg","contentUrl":"https:\/\/thedermacheck.com\/wp-content\/uploads\/2024\/01\/Kontakt.jpg","width":1600,"height":1000,"caption":"Kontakt"},{"@type":"BreadcrumbList","@id":"https:\/\/thedermacheck.com\/ro\/contactati-ne\/#breadcrumb","itemListElement":[{"@type":"ListItem","position":1,"name":"Derma Check","item":"https:\/\/thedermacheck.com\/ro\/"},{"@type":"ListItem","position":2,"name":"Contacta\u021bi-ne"}]},{"@type":"WebSite","@id":"https:\/\/thedermacheck.com\/ro\/#website","url":"https:\/\/thedermacheck.com\/ro\/","name":"The Derma Check","description":"","publisher":{"@id":"https:\/\/thedermacheck.com\/ro\/#organization"},"potentialAction":[{"@type":"SearchAction","target":{"@type":"EntryPoint","urlTemplate":"https:\/\/thedermacheck.com\/ro\/?s={search_term_string}"},"query-input":{"@type":"PropertyValueSpecification","valueRequired":true,"valueName":"search_term_string"}}],"inLanguage":"ro-RO"},{"@type":"Organization","@id":"https:\/\/thedermacheck.com\/ro\/#organization","name":"The Derma Check","url":"https:\/\/thedermacheck.com\/ro\/","logo":{"@type":"ImageObject","inLanguage":"ro-RO","@id":"https:\/\/thedermacheck.com\/ro\/#\/schema\/logo\/image\/","url":"https:\/\/thedermacheck.com\/wp-content\/uploads\/2023\/10\/cropped-THE-DERMA-CHECK-FAVICON-NEW-1.png","contentUrl":"https:\/\/thedermacheck.com\/wp-content\/uploads\/2023\/10\/cropped-THE-DERMA-CHECK-FAVICON-NEW-1.png","width":512,"height":512,"caption":"The Derma Check"},"image":{"@id":"https:\/\/thedermacheck.com\/ro\/#\/schema\/logo\/image\/"}}]}},"_links":{"self":[{"href":"https:\/\/thedermacheck.com\/ro\/wp-json\/wp\/v2\/pages\/8460","targetHints":{"allow":["GET"]}}],"collection":[{"href":"https:\/\/thedermacheck.com\/ro\/wp-json\/wp\/v2\/pages"}],"about":[{"href":"https:\/\/thedermacheck.com\/ro\/wp-json\/wp\/v2\/types\/page"}],"author":[{"embeddable":true,"href":"https:\/\/thedermacheck.com\/ro\/wp-json\/wp\/v2\/users\/1"}],"replies":[{"embeddable":true,"href":"https:\/\/thedermacheck.com\/ro\/wp-json\/wp\/v2\/comments?post=8460"}],"version-history":[{"count":4,"href":"https:\/\/thedermacheck.com\/ro\/wp-json\/wp\/v2\/pages\/8460\/revisions"}],"predecessor-version":[{"id":8996,"href":"https:\/\/thedermacheck.com\/ro\/wp-json\/wp\/v2\/pages\/8460\/revisions\/8996"}],"wp:featuredmedia":[{"embeddable":true,"href":"https:\/\/thedermacheck.com\/ro\/wp-json\/wp\/v2\/media\/8461"}],"wp:attachment":[{"href":"https:\/\/thedermacheck.com\/ro\/wp-json\/wp\/v2\/media?parent=8460"}],"wp:term":[{"taxonomy":"category","embeddable":true,"href":"https:\/\/thedermacheck.com\/ro\/wp-json\/wp\/v2\/categories?post=8460"},{"taxonomy":"post_tag","embeddable":true,"href":"https:\/\/thedermacheck.com\/ro\/wp-json\/wp\/v2\/tags?post=8460"}],"curies":[{"name":"wp","href":"https:\/\/api.w.org\/{rel}","templated":true}]}}