{"id":8544,"date":"2023-12-19T14:28:05","date_gmt":"2023-12-19T14:28:05","guid":{"rendered":"https:\/\/thedermacheck.com\/pantenolul-in-produsele-de-ingrijire-a-pielii-un-remediu-miraculos-pentru-hidratare-si-vindecare\/"},"modified":"2024-09-04T14:50:37","modified_gmt":"2024-09-04T14:50:37","slug":"pantenolul-in-produsele-de-ingrijire-a-pielii-un-remediu-miraculos-pentru-hidratare-si-vindecare","status":"publish","type":"page","link":"https:\/\/thedermacheck.com\/ro\/pantenolul-in-produsele-de-ingrijire-a-pielii-un-remediu-miraculos-pentru-hidratare-si-vindecare\/","title":{"rendered":"Pantenolul \u00een produsele de \u00eengrijire a pielii: Un remediu miraculos pentru hidratare \u0219i vindecare"},"content":{"rendered":"\n<p><strong>Pantenol \u00een \u00eengrijirea pielii<\/strong><\/p>\n\n<ul class=\"wp-block-list\">\n<li><strong>Tip de ingredient:<\/strong> hidratant, provitamina B5<\/li>\n\n\n\n<li><strong>Principalele beneficii:<\/strong> Hidratant, cicatrizant, calmant<\/li>\n\n\n\n<li><strong>Ideal pentru:<\/strong> Toate tipurile de piele, \u00een special pentru pielea iritat\u0103, uscat\u0103 sau deteriorat\u0103<\/li>\n\n\n\n<li><strong>Frecven\u021ba de utilizare:<\/strong> zilnic, \u00een func\u021bie de formula produsului<\/li>\n\n\n\n<li><strong>Combina\u021bie cu:<\/strong> Majoritatea ingredientelor pentru \u00eengrijirea pielii<\/li>\n\n\n\n<li><strong>A nu se utiliza \u00eempreun\u0103 cu:<\/strong> Nu exist\u0103 interac\u021biuni negative cunoscute cu alte ingrediente<\/li>\n<\/ul>\n\n<hr class=\"wp-block-separator has-alpha-channel-opacity\"\/>\n\n<h3 class=\"wp-block-heading\"><strong>Ce este pantenolul?<\/strong><\/h3>\n\n<p>Pantenolul, cunoscut \u0219i ca provitamina B5, este un ingredient versatil pentru \u00eengrijirea pielii, apreciat pentru propriet\u0103\u021bile sale hidratante \u0219i vindec\u0103toare.\nAcesta este adesea utilizat \u00een produse pentru a calma pielea uscat\u0103 sau iritat\u0103. <\/p>\n\n<h3 class=\"wp-block-heading\"><strong>Beneficiile pantenolului pentru piele<\/strong><\/h3>\n\n<ul class=\"wp-block-list\">\n<li><strong>Hidratare:<\/strong> Pantenolul p\u0103trunde ad\u00e2nc \u00een piele \u0219i o hidrateaz\u0103, contribuind la \u00eembun\u0103t\u0103\u021birea texturii \u0219i elasticit\u0103\u021bii pielii.<\/li>\n\n\n\n<li><strong>Promoveaz\u0103 vindecarea:<\/strong> Sprijin\u0103 regenerarea pielii \u0219i ajut\u0103 la vindecarea r\u0103nilor mici sau a irita\u021biilor pielii.<\/li>\n\n\n\n<li><strong>Calmant:<\/strong> Ideal pentru utilizarea pe pielea iritat\u0103 sau ars\u0103 de soare, deoarece are propriet\u0103\u021bi calmante.<\/li>\n<\/ul>\n\n<h3 class=\"wp-block-heading\"><strong>Posibile efecte secundare<\/strong><\/h3>\n\n<p>Pantenolul este \u00een general bine tolerat \u0219i sigur pentru majoritatea tipurilor de piele.\nReac\u021biile alergice sunt rare, dar posibile ca \u00een cazul oric\u0103rui produs. <\/p>\n\n<h3 class=\"wp-block-heading\"><strong>Recomand\u0103ri de aplicare<\/strong><\/h3>\n\n<ul class=\"wp-block-list\">\n<li><strong>Ca parte a rutinei zilnice de \u00eengrijire a pielii:<\/strong> Pantenolul poate fi utilizat sub diferite forme, cum ar fi lo\u021biuni, creme sau seruri<strong>.<\/strong> <\/li>\n\n\n\n<li><strong>\u00cen combina\u021bie cu alte produse:<\/strong> Se combin\u0103 bine cu alte ingrediente hidratante \u0219i calmante.<\/li>\n<\/ul>\n\n<h3 class=\"wp-block-heading\"><strong>Cum s\u0103 nu o utiliza\u021bi<\/strong><\/h3>\n\n<ul class=\"wp-block-list\">\n<li><strong>Nu supradoza\u021bi:<\/strong> O cantitate adecvat\u0103 \u00een conformitate cu instruc\u021biunile produsului este suficient\u0103, deoarece pantenolul este foarte eficient.<\/li>\n\n\n\n<li><strong>Nu utiliza\u021bi pe pielea grav inflamat\u0103:<\/strong> \u00cen caz de reac\u021bii cutanate extreme, trebuie consultat mai \u00eent\u00e2i un dermatolog<strong>.<\/strong> <\/li>\n<\/ul>\n\n<h3 class=\"wp-block-heading\"><strong>\u00ceNTREB\u0102RI FRECVENTE<\/strong><\/h3>\n\n<p><strong>1 Pentru cine este Panthenol potrivit?<\/strong>  Pantenolul este potrivit pentru toate tipurile de piele \u0219i este deosebit de benefic pentru persoanele cu pielea uscat\u0103 sau iritat\u0103.<\/p>\n\n<p><strong>2. Poate pantenolul s\u0103 \u00eenr\u0103ut\u0103\u021beasc\u0103 acneea?<\/strong>  Nu, este \u00een general non-comedogenic \u0219i nu ar trebui s\u0103 agraveze acneea.<\/p>\n\n<p><strong>3. Este pantenolul potrivit \u0219i pentru \u00eengrijirea p\u0103rului?<\/strong>  Da, pantenolul este adesea folosit \u00een produsele de \u00eengrijire a p\u0103rului deoarece hidrateaz\u0103 \u0219i \u00eent\u0103re\u0219te p\u0103rul.<\/p>\n\n<h3 class=\"wp-block-heading\"><strong>Concluzie<\/strong><\/h3>\n\n<p>Pantenolul este un ingredient excelent pentru o gam\u0103 larg\u0103 de nevoi de \u00eengrijire a pielii.\nAcesta asigur\u0103 o hidratare intens\u0103, sprijin\u0103 vindecarea \u0219i are un efect calmant asupra pielii.\nAcest lucru \u00eel face un ingredient esen\u021bial \u00een \u00eengrijirea zilnic\u0103 a pielii, \u00een special pentru persoanele cu piele uscat\u0103 sau sensibil\u0103.\nCu ac\u021biunea sa bl\u00e2nd\u0103 \u0219i eficient\u0103, pantenolul este un adaos \u00eembog\u0103\u021bitor la orice rutin\u0103 de \u00eengrijire a pielii.   <\/p>\n","protected":false},"excerpt":{"rendered":"<p>Pantenol \u00een \u00eengrijirea pielii Ce este pantenolul? Pantenolul, cunoscut \u0219i ca provitamina B5, este un ingredient versatil pentru \u00eengrijirea pielii, apreciat pentru propriet\u0103\u021bile sale hidratante \u0219i vindec\u0103toare. Acesta este adesea utilizat \u00een produse pentru a calma pielea uscat\u0103 sau iritat\u0103. Beneficiile pantenolului pentru piele Posibile efecte secundare Pantenolul este \u00een general bine tolerat \u0219i sigur &#8230; <a title=\"Pantenolul \u00een produsele de \u00eengrijire a pielii: Un remediu miraculos pentru hidratare \u0219i vindecare\" class=\"read-more\" href=\"https:\/\/thedermacheck.com\/ro\/pantenolul-in-produsele-de-ingrijire-a-pielii-un-remediu-miraculos-pentru-hidratare-si-vindecare\/\" aria-label=\"Cite\u0219te mai multe despre Pantenolul \u00een produsele de \u00eengrijire a pielii: Un remediu miraculos pentru hidratare \u0219i vindecare\">Mehr erfahren<\/a><\/p>\n","protected":false},"author":2,"featured_media":0,"parent":0,"menu_order":0,"comment_status":"closed","ping_status":"closed","template":"","meta":{"_acf_changed":false,"_lmt_disableupdate":"","_lmt_disable":"","footnotes":""},"categories":[89],"tags":[],"class_list":{"0":"post-8544","1":"page","2":"type-page","3":"status-publish","5":"category-ingrediente"},"acf":[],"yoast_head":"<!-- This site is optimized with the Yoast SEO Premium plugin v25.7.1 (Yoast SEO v25.7) - https:\/\/yoast.com\/wordpress\/plugins\/seo\/ -->\n<title>Pantenolul \u00een produsele de \u00eengrijire a pielii: Un remediu miraculos pentru hidratare \u0219i vindecare | The Derma Check<\/title>\n<meta name=\"robots\" content=\"index, follow, max-snippet:-1, max-image-preview:large, max-video-preview:-1\" \/>\n<link rel=\"canonical\" href=\"https:\/\/thedermacheck.com\/ro\/pantenolul-in-produsele-de-ingrijire-a-pielii-un-remediu-miraculos-pentru-hidratare-si-vindecare\/\" \/>\n<meta property=\"og:locale\" content=\"ro_RO\" \/>\n<meta property=\"og:type\" content=\"article\" \/>\n<meta property=\"og:title\" content=\"Pantenolul \u00een produsele de \u00eengrijire a pielii: Un remediu miraculos pentru hidratare \u0219i vindecare\" \/>\n<meta property=\"og:description\" content=\"Pantenol \u00een \u00eengrijirea pielii Ce este pantenolul? Pantenolul, cunoscut \u0219i ca provitamina B5, este un ingredient versatil pentru \u00eengrijirea pielii, apreciat pentru propriet\u0103\u021bile sale hidratante \u0219i vindec\u0103toare. Acesta este adesea utilizat \u00een produse pentru a calma pielea uscat\u0103 sau iritat\u0103. Beneficiile pantenolului pentru piele Posibile efecte secundare Pantenolul este \u00een general bine tolerat \u0219i sigur ... Mehr erfahren\" \/>\n<meta property=\"og:url\" content=\"https:\/\/thedermacheck.com\/ro\/pantenolul-in-produsele-de-ingrijire-a-pielii-un-remediu-miraculos-pentru-hidratare-si-vindecare\/\" \/>\n<meta property=\"og:site_name\" content=\"The Derma Check\" \/>\n<meta property=\"article:modified_time\" content=\"2024-09-04T14:50:37+00:00\" \/>\n<meta name=\"twitter:card\" content=\"summary_large_image\" \/>\n<meta name=\"twitter:label1\" content=\"Timp estimat pentru citire\" \/>\n\t<meta name=\"twitter:data1\" content=\"2 minute\" \/>\n<script type=\"application\/ld+json\" class=\"yoast-schema-graph\">{\"@context\":\"https:\/\/schema.org\",\"@graph\":[{\"@type\":\"WebPage\",\"@id\":\"https:\/\/thedermacheck.com\/ro\/pantenolul-in-produsele-de-ingrijire-a-pielii-un-remediu-miraculos-pentru-hidratare-si-vindecare\/\",\"url\":\"https:\/\/thedermacheck.com\/ro\/pantenolul-in-produsele-de-ingrijire-a-pielii-un-remediu-miraculos-pentru-hidratare-si-vindecare\/\",\"name\":\"Pantenolul \u00een produsele de \u00eengrijire a pielii: Un remediu miraculos pentru hidratare \u0219i vindecare | The Derma Check\",\"isPartOf\":{\"@id\":\"https:\/\/thedermacheck.com\/ro\/#website\"},\"datePublished\":\"2023-12-19T14:28:05+00:00\",\"dateModified\":\"2024-09-04T14:50:37+00:00\",\"breadcrumb\":{\"@id\":\"https:\/\/thedermacheck.com\/ro\/pantenolul-in-produsele-de-ingrijire-a-pielii-un-remediu-miraculos-pentru-hidratare-si-vindecare\/#breadcrumb\"},\"inLanguage\":\"ro-RO\",\"potentialAction\":[{\"@type\":\"ReadAction\",\"target\":[\"https:\/\/thedermacheck.com\/ro\/pantenolul-in-produsele-de-ingrijire-a-pielii-un-remediu-miraculos-pentru-hidratare-si-vindecare\/\"]}]},{\"@type\":\"BreadcrumbList\",\"@id\":\"https:\/\/thedermacheck.com\/ro\/pantenolul-in-produsele-de-ingrijire-a-pielii-un-remediu-miraculos-pentru-hidratare-si-vindecare\/#breadcrumb\",\"itemListElement\":[{\"@type\":\"ListItem\",\"position\":1,\"name\":\"Derma Check\",\"item\":\"https:\/\/thedermacheck.com\/ro\/\"},{\"@type\":\"ListItem\",\"position\":2,\"name\":\"Pantenolul \u00een produsele de \u00eengrijire a pielii: Un remediu miraculos pentru hidratare \u0219i vindecare\"}]},{\"@type\":\"WebSite\",\"@id\":\"https:\/\/thedermacheck.com\/ro\/#website\",\"url\":\"https:\/\/thedermacheck.com\/ro\/\",\"name\":\"The Derma Check\",\"description\":\"\",\"publisher\":{\"@id\":\"https:\/\/thedermacheck.com\/ro\/#organization\"},\"potentialAction\":[{\"@type\":\"SearchAction\",\"target\":{\"@type\":\"EntryPoint\",\"urlTemplate\":\"https:\/\/thedermacheck.com\/ro\/?s={search_term_string}\"},\"query-input\":{\"@type\":\"PropertyValueSpecification\",\"valueRequired\":true,\"valueName\":\"search_term_string\"}}],\"inLanguage\":\"ro-RO\"},{\"@type\":\"Organization\",\"@id\":\"https:\/\/thedermacheck.com\/ro\/#organization\",\"name\":\"The Derma Check\",\"url\":\"https:\/\/thedermacheck.com\/ro\/\",\"logo\":{\"@type\":\"ImageObject\",\"inLanguage\":\"ro-RO\",\"@id\":\"https:\/\/thedermacheck.com\/ro\/#\/schema\/logo\/image\/\",\"url\":\"https:\/\/thedermacheck.com\/wp-content\/uploads\/2023\/10\/cropped-THE-DERMA-CHECK-FAVICON-NEW-1.png\",\"contentUrl\":\"https:\/\/thedermacheck.com\/wp-content\/uploads\/2023\/10\/cropped-THE-DERMA-CHECK-FAVICON-NEW-1.png\",\"width\":512,\"height\":512,\"caption\":\"The Derma Check\"},\"image\":{\"@id\":\"https:\/\/thedermacheck.com\/ro\/#\/schema\/logo\/image\/\"}}]}<\/script>\n<!-- \/ Yoast SEO Premium plugin. -->","yoast_head_json":{"title":"Pantenolul \u00een produsele de \u00eengrijire a pielii: Un remediu miraculos pentru hidratare \u0219i vindecare | The Derma Check","robots":{"index":"index","follow":"follow","max-snippet":"max-snippet:-1","max-image-preview":"max-image-preview:large","max-video-preview":"max-video-preview:-1"},"canonical":"https:\/\/thedermacheck.com\/ro\/pantenolul-in-produsele-de-ingrijire-a-pielii-un-remediu-miraculos-pentru-hidratare-si-vindecare\/","og_locale":"ro_RO","og_type":"article","og_title":"Pantenolul \u00een produsele de \u00eengrijire a pielii: Un remediu miraculos pentru hidratare \u0219i vindecare","og_description":"Pantenol \u00een \u00eengrijirea pielii Ce este pantenolul? Pantenolul, cunoscut \u0219i ca provitamina B5, este un ingredient versatil pentru \u00eengrijirea pielii, apreciat pentru propriet\u0103\u021bile sale hidratante \u0219i vindec\u0103toare. Acesta este adesea utilizat \u00een produse pentru a calma pielea uscat\u0103 sau iritat\u0103. Beneficiile pantenolului pentru piele Posibile efecte secundare Pantenolul este \u00een general bine tolerat \u0219i sigur ... Mehr erfahren","og_url":"https:\/\/thedermacheck.com\/ro\/pantenolul-in-produsele-de-ingrijire-a-pielii-un-remediu-miraculos-pentru-hidratare-si-vindecare\/","og_site_name":"The Derma Check","article_modified_time":"2024-09-04T14:50:37+00:00","twitter_card":"summary_large_image","twitter_misc":{"Timp estimat pentru citire":"2 minute"},"schema":{"@context":"https:\/\/schema.org","@graph":[{"@type":"WebPage","@id":"https:\/\/thedermacheck.com\/ro\/pantenolul-in-produsele-de-ingrijire-a-pielii-un-remediu-miraculos-pentru-hidratare-si-vindecare\/","url":"https:\/\/thedermacheck.com\/ro\/pantenolul-in-produsele-de-ingrijire-a-pielii-un-remediu-miraculos-pentru-hidratare-si-vindecare\/","name":"Pantenolul \u00een produsele de \u00eengrijire a pielii: Un remediu miraculos pentru hidratare \u0219i vindecare | The Derma Check","isPartOf":{"@id":"https:\/\/thedermacheck.com\/ro\/#website"},"datePublished":"2023-12-19T14:28:05+00:00","dateModified":"2024-09-04T14:50:37+00:00","breadcrumb":{"@id":"https:\/\/thedermacheck.com\/ro\/pantenolul-in-produsele-de-ingrijire-a-pielii-un-remediu-miraculos-pentru-hidratare-si-vindecare\/#breadcrumb"},"inLanguage":"ro-RO","potentialAction":[{"@type":"ReadAction","target":["https:\/\/thedermacheck.com\/ro\/pantenolul-in-produsele-de-ingrijire-a-pielii-un-remediu-miraculos-pentru-hidratare-si-vindecare\/"]}]},{"@type":"BreadcrumbList","@id":"https:\/\/thedermacheck.com\/ro\/pantenolul-in-produsele-de-ingrijire-a-pielii-un-remediu-miraculos-pentru-hidratare-si-vindecare\/#breadcrumb","itemListElement":[{"@type":"ListItem","position":1,"name":"Derma Check","item":"https:\/\/thedermacheck.com\/ro\/"},{"@type":"ListItem","position":2,"name":"Pantenolul \u00een produsele de \u00eengrijire a pielii: Un remediu miraculos pentru hidratare \u0219i vindecare"}]},{"@type":"WebSite","@id":"https:\/\/thedermacheck.com\/ro\/#website","url":"https:\/\/thedermacheck.com\/ro\/","name":"The Derma Check","description":"","publisher":{"@id":"https:\/\/thedermacheck.com\/ro\/#organization"},"potentialAction":[{"@type":"SearchAction","target":{"@type":"EntryPoint","urlTemplate":"https:\/\/thedermacheck.com\/ro\/?s={search_term_string}"},"query-input":{"@type":"PropertyValueSpecification","valueRequired":true,"valueName":"search_term_string"}}],"inLanguage":"ro-RO"},{"@type":"Organization","@id":"https:\/\/thedermacheck.com\/ro\/#organization","name":"The Derma Check","url":"https:\/\/thedermacheck.com\/ro\/","logo":{"@type":"ImageObject","inLanguage":"ro-RO","@id":"https:\/\/thedermacheck.com\/ro\/#\/schema\/logo\/image\/","url":"https:\/\/thedermacheck.com\/wp-content\/uploads\/2023\/10\/cropped-THE-DERMA-CHECK-FAVICON-NEW-1.png","contentUrl":"https:\/\/thedermacheck.com\/wp-content\/uploads\/2023\/10\/cropped-THE-DERMA-CHECK-FAVICON-NEW-1.png","width":512,"height":512,"caption":"The Derma Check"},"image":{"@id":"https:\/\/thedermacheck.com\/ro\/#\/schema\/logo\/image\/"}}]}},"_links":{"self":[{"href":"https:\/\/thedermacheck.com\/ro\/wp-json\/wp\/v2\/pages\/8544","targetHints":{"allow":["GET"]}}],"collection":[{"href":"https:\/\/thedermacheck.com\/ro\/wp-json\/wp\/v2\/pages"}],"about":[{"href":"https:\/\/thedermacheck.com\/ro\/wp-json\/wp\/v2\/types\/page"}],"author":[{"embeddable":true,"href":"https:\/\/thedermacheck.com\/ro\/wp-json\/wp\/v2\/users\/2"}],"replies":[{"embeddable":true,"href":"https:\/\/thedermacheck.com\/ro\/wp-json\/wp\/v2\/comments?post=8544"}],"version-history":[{"count":1,"href":"https:\/\/thedermacheck.com\/ro\/wp-json\/wp\/v2\/pages\/8544\/revisions"}],"predecessor-version":[{"id":8545,"href":"https:\/\/thedermacheck.com\/ro\/wp-json\/wp\/v2\/pages\/8544\/revisions\/8545"}],"wp:attachment":[{"href":"https:\/\/thedermacheck.com\/ro\/wp-json\/wp\/v2\/media?parent=8544"}],"wp:term":[{"taxonomy":"category","embeddable":true,"href":"https:\/\/thedermacheck.com\/ro\/wp-json\/wp\/v2\/categories?post=8544"},{"taxonomy":"post_tag","embeddable":true,"href":"https:\/\/thedermacheck.com\/ro\/wp-json\/wp\/v2\/tags?post=8544"}],"curies":[{"name":"wp","href":"https:\/\/api.w.org\/{rel}","templated":true}]}}