{"id":8554,"date":"2023-12-16T20:41:32","date_gmt":"2023-12-16T20:41:32","guid":{"rendered":"https:\/\/thedermacheck.com\/butylene-glycol-in-produsele-de-ingrijire-a-pielii-un-hidratant-versatil\/"},"modified":"2024-09-04T14:50:45","modified_gmt":"2024-09-04T14:50:45","slug":"butylene-glycol-in-produsele-de-ingrijire-a-pielii-un-hidratant-versatil","status":"publish","type":"page","link":"https:\/\/thedermacheck.com\/ro\/butylene-glycol-in-produsele-de-ingrijire-a-pielii-un-hidratant-versatil\/","title":{"rendered":"Butylene glycol \u00een produsele de \u00eengrijire a pielii: Un hidratant versatil"},"content":{"rendered":"\n<h2 class=\"wp-block-heading\">BUTYLENGLYKOL<\/h2>\n\n<ul class=\"wp-block-list\">\n<li><strong>Tip de ingredient:<\/strong> hidratant, solvent<\/li>\n\n\n\n<li><strong>Principalele beneficii:<\/strong> \u00cembun\u0103t\u0103\u021be\u0219te absorb\u021bia de c\u0103tre piele a altor ingrediente, hidrateaz\u0103, ac\u021bioneaz\u0103 ca solvent \u00een produsele de \u00eengrijire a pielii<\/li>\n\n\n\n<li><strong>Potrivit pentru cine:<\/strong> Potrivit pentru majoritatea tipurilor de piele, \u00een special pentru pielea uscat\u0103<\/li>\n\n\n\n<li><strong>Frecven\u021ba de utilizare:<\/strong> Inclus \u00een mod regulat \u00een produsele de \u00eengrijire a pielii<\/li>\n\n\n\n<li><strong>Poate fi combinat cu:<\/strong> Majoritatea ingredientelor pentru \u00eengrijirea pielii<\/li>\n\n\n\n<li><strong>A nu se utiliza cu:<\/strong> \u00cen caz de hipersensibilitate cunoscut\u0103 la butilenglicol<\/li>\n<\/ul>\n\n<hr class=\"wp-block-separator has-alpha-channel-opacity\"\/>\n\n<h2 class=\"wp-block-heading\">Ce este butilenglicolul?<\/h2>\n\n<p>Butylene glycol este un ingredient utilizat frecvent \u00een \u00eengrijirea pielii, care ac\u021bioneaz\u0103 ca hidratant \u0219i solvent.\nEste un alcool care contribuie la suple\u021bea produselor \u0219i la \u00eembun\u0103t\u0103\u021birea absorb\u021biei altor ingrediente de c\u0103tre piele. <\/p>\n\n<hr class=\"wp-block-separator has-alpha-channel-opacity\"\/>\n\n<h3 class=\"wp-block-heading\">Avantajele butilenglicolului<\/h3>\n\n<h4 class=\"wp-block-heading\">\u00cembun\u0103t\u0103\u021be\u0219te textura produsului<\/h4>\n\n<p>Butylene glycol ajut\u0103 produsele de \u00eengrijire a pielii s\u0103 aib\u0103 o consisten\u021b\u0103 mai pl\u0103cut\u0103 \u0219i s\u0103 se \u00eentind\u0103 mai u\u0219or pe piele.<\/p>\n\n<h4 class=\"wp-block-heading\">Sus\u021bine eficacitatea altor ingrediente<\/h4>\n\n<p>Ac\u021bion\u00e2nd ca un solvent, butilenglicolul ajut\u0103 alte ingrediente benefice s\u0103 p\u0103trund\u0103 mai ad\u00e2nc \u00een piele.<\/p>\n\n<h4 class=\"wp-block-heading\">Propriet\u0103\u021bi hidratante<\/h4>\n\n<p>Ajut\u0103 la hidratarea pielii \u0219i fixeaz\u0103 umezeala \u00een piele, ceea ce este deosebit de benefic pentru tipurile de piele uscat\u0103.<\/p>\n\n<hr class=\"wp-block-separator has-alpha-channel-opacity\"\/>\n\n<h3 class=\"wp-block-heading\">Posibile efecte secundare<\/h3>\n\n<p>De\u0219i butilenglicolul este \u00een general bine tolerat, \u00een cazuri rare pot ap\u0103rea irita\u021bii, \u00een special la persoanele cu piele sensibil\u0103 sau cu hipersensibilitate la ingredient.<\/p>\n\n<hr class=\"wp-block-separator has-alpha-channel-opacity\"\/>\n\n<h3 class=\"wp-block-heading\">Aplicarea butilenglicolului<\/h3>\n\n<h4 class=\"wp-block-heading\">Ingredient frecvent \u00een produsele de \u00eengrijire a pielii<\/h4>\n\n<p>Butylene glycol se g\u0103se\u0219te \u00een multe tipuri diferite de produse de \u00eengrijire a pielii, de la seruri la creme hidratante.<\/p>\n\n<h4 class=\"wp-block-heading\">Nu este necesar\u0103 nicio metod\u0103 special\u0103 de aplicare<\/h4>\n\n<p>Deoarece butilenglicolul este un excipient, consumatorii nu trebuie s\u0103 urmeze niciun ghid special de aplicare.\nAcesta este utilizat \u00eempreun\u0103 cu alte ingrediente \u00eentr-un produs. <\/p>\n\n<hr class=\"wp-block-separator has-alpha-channel-opacity\"\/>\n\n<h3 class=\"wp-block-heading\">Cum s\u0103 nu utiliza\u021bi butilenglicol<\/h3>\n\n<ul class=\"wp-block-list\">\n<li><strong>A nu se utiliza \u00een form\u0103 pur\u0103:<\/strong> Butilenglicolul nu trebuie aplicat pur pe piele, deoarece poate avea un efect iritant \u00een form\u0103 concentrat\u0103.<\/li>\n\n\n\n<li><strong>Aten\u021bie la pielea sensibil\u0103:<\/strong> Persoanele cu pielea sensibil\u0103 trebuie s\u0103 utilizeze cu precau\u021bie produsele cu un con\u021binut ridicat de butilenglicol<strong>.<\/strong> <\/li>\n<\/ul>\n\n<hr class=\"wp-block-separator has-alpha-channel-opacity\"\/>\n\n<h3 class=\"wp-block-heading\">\u00centreb\u0103ri frecvente despre butilenglicol<\/h3>\n\n<h4 class=\"wp-block-heading\">Butylene glycol poate provoca acnee?<\/h4>\n\n<p>\u00cen mod normal, butilenglicolul \u00een sine nu provoac\u0103 acnee, dar poate contribui la apari\u021bia imperfec\u021biunilor atunci c\u00e2nd este combinat cu alte ingrediente comedogene.<\/p>\n\n<h4 class=\"wp-block-heading\">Utilizarea butilenglicolului este sigur\u0103?<\/h4>\n\n<p>Da, butilenglicolul este considerat sigur \u00een concentra\u021biile obi\u0219nuite pentru produsele de \u00eengrijire a pielii.<\/p>\n\n<h4 class=\"wp-block-heading\">Ce tipuri de produse con\u021bin adesea butilenglicol?<\/h4>\n\n<p>Se g\u0103se\u0219te adesea \u00een creme hidratante, seruri, produse de cur\u0103\u021bare \u0219i alte produse de \u00eengrijire a pielii.<\/p>\n\n<hr class=\"wp-block-separator has-alpha-channel-opacity\"\/>\n\n<h2 class=\"wp-block-heading\">Concluzie<\/h2>\n\n<p>Butylene glycol este un ingredient important \u00een multe produse de \u00eengrijire a pielii, \u00eembun\u0103t\u0103\u021bind textura, sporind eficacitatea altor ingrediente \u0219i hidrat\u00e2nd.\nAtunci c\u00e2nd este utilizat corect, este un ingredient sigur \u0219i eficient care ajut\u0103 la hr\u0103nirea \u0219i protejarea pielii. <\/p>\n","protected":false},"excerpt":{"rendered":"<p>BUTYLENGLYKOL Ce este butilenglicolul? Butylene glycol este un ingredient utilizat frecvent \u00een \u00eengrijirea pielii, care ac\u021bioneaz\u0103 ca hidratant \u0219i solvent. Este un alcool care contribuie la suple\u021bea produselor \u0219i la \u00eembun\u0103t\u0103\u021birea absorb\u021biei altor ingrediente de c\u0103tre piele. Avantajele butilenglicolului \u00cembun\u0103t\u0103\u021be\u0219te textura produsului Butylene glycol ajut\u0103 produsele de \u00eengrijire a pielii s\u0103 aib\u0103 o consisten\u021b\u0103 mai &#8230; <a title=\"Butylene glycol \u00een produsele de \u00eengrijire a pielii: Un hidratant versatil\" class=\"read-more\" href=\"https:\/\/thedermacheck.com\/ro\/butylene-glycol-in-produsele-de-ingrijire-a-pielii-un-hidratant-versatil\/\" aria-label=\"Cite\u0219te mai multe despre Butylene glycol \u00een produsele de \u00eengrijire a pielii: Un hidratant versatil\">Mehr erfahren<\/a><\/p>\n","protected":false},"author":2,"featured_media":0,"parent":0,"menu_order":0,"comment_status":"closed","ping_status":"closed","template":"","meta":{"_acf_changed":false,"_lmt_disableupdate":"","_lmt_disable":"","footnotes":""},"categories":[89],"tags":[],"class_list":{"0":"post-8554","1":"page","2":"type-page","3":"status-publish","5":"category-ingrediente"},"acf":[],"yoast_head":"<!-- This site is optimized with the Yoast SEO Premium plugin v25.7.1 (Yoast SEO v25.7) - https:\/\/yoast.com\/wordpress\/plugins\/seo\/ -->\n<title>Butylene glycol \u00een produsele de \u00eengrijire a pielii: Un hidratant versatil | The Derma Check<\/title>\n<meta name=\"robots\" content=\"index, follow, max-snippet:-1, max-image-preview:large, max-video-preview:-1\" \/>\n<link rel=\"canonical\" href=\"https:\/\/thedermacheck.com\/ro\/butylene-glycol-in-produsele-de-ingrijire-a-pielii-un-hidratant-versatil\/\" \/>\n<meta property=\"og:locale\" content=\"ro_RO\" \/>\n<meta property=\"og:type\" content=\"article\" \/>\n<meta property=\"og:title\" content=\"Butylene glycol \u00een produsele de \u00eengrijire a pielii: Un hidratant versatil\" \/>\n<meta property=\"og:description\" content=\"BUTYLENGLYKOL Ce este butilenglicolul? Butylene glycol este un ingredient utilizat frecvent \u00een \u00eengrijirea pielii, care ac\u021bioneaz\u0103 ca hidratant \u0219i solvent. Este un alcool care contribuie la suple\u021bea produselor \u0219i la \u00eembun\u0103t\u0103\u021birea absorb\u021biei altor ingrediente de c\u0103tre piele. Avantajele butilenglicolului \u00cembun\u0103t\u0103\u021be\u0219te textura produsului Butylene glycol ajut\u0103 produsele de \u00eengrijire a pielii s\u0103 aib\u0103 o consisten\u021b\u0103 mai ... Mehr erfahren\" \/>\n<meta property=\"og:url\" content=\"https:\/\/thedermacheck.com\/ro\/butylene-glycol-in-produsele-de-ingrijire-a-pielii-un-hidratant-versatil\/\" \/>\n<meta property=\"og:site_name\" content=\"The Derma Check\" \/>\n<meta property=\"article:modified_time\" content=\"2024-09-04T14:50:45+00:00\" \/>\n<meta name=\"twitter:card\" content=\"summary_large_image\" \/>\n<meta name=\"twitter:label1\" content=\"Timp estimat pentru citire\" \/>\n\t<meta name=\"twitter:data1\" content=\"2 minute\" \/>\n<script type=\"application\/ld+json\" class=\"yoast-schema-graph\">{\"@context\":\"https:\/\/schema.org\",\"@graph\":[{\"@type\":\"WebPage\",\"@id\":\"https:\/\/thedermacheck.com\/ro\/butylene-glycol-in-produsele-de-ingrijire-a-pielii-un-hidratant-versatil\/\",\"url\":\"https:\/\/thedermacheck.com\/ro\/butylene-glycol-in-produsele-de-ingrijire-a-pielii-un-hidratant-versatil\/\",\"name\":\"Butylene glycol \u00een produsele de \u00eengrijire a pielii: Un hidratant versatil | The Derma Check\",\"isPartOf\":{\"@id\":\"https:\/\/thedermacheck.com\/ro\/#website\"},\"datePublished\":\"2023-12-16T20:41:32+00:00\",\"dateModified\":\"2024-09-04T14:50:45+00:00\",\"breadcrumb\":{\"@id\":\"https:\/\/thedermacheck.com\/ro\/butylene-glycol-in-produsele-de-ingrijire-a-pielii-un-hidratant-versatil\/#breadcrumb\"},\"inLanguage\":\"ro-RO\",\"potentialAction\":[{\"@type\":\"ReadAction\",\"target\":[\"https:\/\/thedermacheck.com\/ro\/butylene-glycol-in-produsele-de-ingrijire-a-pielii-un-hidratant-versatil\/\"]}]},{\"@type\":\"BreadcrumbList\",\"@id\":\"https:\/\/thedermacheck.com\/ro\/butylene-glycol-in-produsele-de-ingrijire-a-pielii-un-hidratant-versatil\/#breadcrumb\",\"itemListElement\":[{\"@type\":\"ListItem\",\"position\":1,\"name\":\"Derma Check\",\"item\":\"https:\/\/thedermacheck.com\/ro\/\"},{\"@type\":\"ListItem\",\"position\":2,\"name\":\"Butylene glycol \u00een produsele de \u00eengrijire a pielii: Un hidratant versatil\"}]},{\"@type\":\"WebSite\",\"@id\":\"https:\/\/thedermacheck.com\/ro\/#website\",\"url\":\"https:\/\/thedermacheck.com\/ro\/\",\"name\":\"The Derma Check\",\"description\":\"\",\"publisher\":{\"@id\":\"https:\/\/thedermacheck.com\/ro\/#organization\"},\"potentialAction\":[{\"@type\":\"SearchAction\",\"target\":{\"@type\":\"EntryPoint\",\"urlTemplate\":\"https:\/\/thedermacheck.com\/ro\/?s={search_term_string}\"},\"query-input\":{\"@type\":\"PropertyValueSpecification\",\"valueRequired\":true,\"valueName\":\"search_term_string\"}}],\"inLanguage\":\"ro-RO\"},{\"@type\":\"Organization\",\"@id\":\"https:\/\/thedermacheck.com\/ro\/#organization\",\"name\":\"The Derma Check\",\"url\":\"https:\/\/thedermacheck.com\/ro\/\",\"logo\":{\"@type\":\"ImageObject\",\"inLanguage\":\"ro-RO\",\"@id\":\"https:\/\/thedermacheck.com\/ro\/#\/schema\/logo\/image\/\",\"url\":\"https:\/\/thedermacheck.com\/wp-content\/uploads\/2023\/10\/cropped-THE-DERMA-CHECK-FAVICON-NEW-1.png\",\"contentUrl\":\"https:\/\/thedermacheck.com\/wp-content\/uploads\/2023\/10\/cropped-THE-DERMA-CHECK-FAVICON-NEW-1.png\",\"width\":512,\"height\":512,\"caption\":\"The Derma Check\"},\"image\":{\"@id\":\"https:\/\/thedermacheck.com\/ro\/#\/schema\/logo\/image\/\"}}]}<\/script>\n<!-- \/ Yoast SEO Premium plugin. -->","yoast_head_json":{"title":"Butylene glycol \u00een produsele de \u00eengrijire a pielii: Un hidratant versatil | The Derma Check","robots":{"index":"index","follow":"follow","max-snippet":"max-snippet:-1","max-image-preview":"max-image-preview:large","max-video-preview":"max-video-preview:-1"},"canonical":"https:\/\/thedermacheck.com\/ro\/butylene-glycol-in-produsele-de-ingrijire-a-pielii-un-hidratant-versatil\/","og_locale":"ro_RO","og_type":"article","og_title":"Butylene glycol \u00een produsele de \u00eengrijire a pielii: Un hidratant versatil","og_description":"BUTYLENGLYKOL Ce este butilenglicolul? Butylene glycol este un ingredient utilizat frecvent \u00een \u00eengrijirea pielii, care ac\u021bioneaz\u0103 ca hidratant \u0219i solvent. Este un alcool care contribuie la suple\u021bea produselor \u0219i la \u00eembun\u0103t\u0103\u021birea absorb\u021biei altor ingrediente de c\u0103tre piele. Avantajele butilenglicolului \u00cembun\u0103t\u0103\u021be\u0219te textura produsului Butylene glycol ajut\u0103 produsele de \u00eengrijire a pielii s\u0103 aib\u0103 o consisten\u021b\u0103 mai ... Mehr erfahren","og_url":"https:\/\/thedermacheck.com\/ro\/butylene-glycol-in-produsele-de-ingrijire-a-pielii-un-hidratant-versatil\/","og_site_name":"The Derma Check","article_modified_time":"2024-09-04T14:50:45+00:00","twitter_card":"summary_large_image","twitter_misc":{"Timp estimat pentru citire":"2 minute"},"schema":{"@context":"https:\/\/schema.org","@graph":[{"@type":"WebPage","@id":"https:\/\/thedermacheck.com\/ro\/butylene-glycol-in-produsele-de-ingrijire-a-pielii-un-hidratant-versatil\/","url":"https:\/\/thedermacheck.com\/ro\/butylene-glycol-in-produsele-de-ingrijire-a-pielii-un-hidratant-versatil\/","name":"Butylene glycol \u00een produsele de \u00eengrijire a pielii: Un hidratant versatil | The Derma Check","isPartOf":{"@id":"https:\/\/thedermacheck.com\/ro\/#website"},"datePublished":"2023-12-16T20:41:32+00:00","dateModified":"2024-09-04T14:50:45+00:00","breadcrumb":{"@id":"https:\/\/thedermacheck.com\/ro\/butylene-glycol-in-produsele-de-ingrijire-a-pielii-un-hidratant-versatil\/#breadcrumb"},"inLanguage":"ro-RO","potentialAction":[{"@type":"ReadAction","target":["https:\/\/thedermacheck.com\/ro\/butylene-glycol-in-produsele-de-ingrijire-a-pielii-un-hidratant-versatil\/"]}]},{"@type":"BreadcrumbList","@id":"https:\/\/thedermacheck.com\/ro\/butylene-glycol-in-produsele-de-ingrijire-a-pielii-un-hidratant-versatil\/#breadcrumb","itemListElement":[{"@type":"ListItem","position":1,"name":"Derma Check","item":"https:\/\/thedermacheck.com\/ro\/"},{"@type":"ListItem","position":2,"name":"Butylene glycol \u00een produsele de \u00eengrijire a pielii: Un hidratant versatil"}]},{"@type":"WebSite","@id":"https:\/\/thedermacheck.com\/ro\/#website","url":"https:\/\/thedermacheck.com\/ro\/","name":"The Derma Check","description":"","publisher":{"@id":"https:\/\/thedermacheck.com\/ro\/#organization"},"potentialAction":[{"@type":"SearchAction","target":{"@type":"EntryPoint","urlTemplate":"https:\/\/thedermacheck.com\/ro\/?s={search_term_string}"},"query-input":{"@type":"PropertyValueSpecification","valueRequired":true,"valueName":"search_term_string"}}],"inLanguage":"ro-RO"},{"@type":"Organization","@id":"https:\/\/thedermacheck.com\/ro\/#organization","name":"The Derma Check","url":"https:\/\/thedermacheck.com\/ro\/","logo":{"@type":"ImageObject","inLanguage":"ro-RO","@id":"https:\/\/thedermacheck.com\/ro\/#\/schema\/logo\/image\/","url":"https:\/\/thedermacheck.com\/wp-content\/uploads\/2023\/10\/cropped-THE-DERMA-CHECK-FAVICON-NEW-1.png","contentUrl":"https:\/\/thedermacheck.com\/wp-content\/uploads\/2023\/10\/cropped-THE-DERMA-CHECK-FAVICON-NEW-1.png","width":512,"height":512,"caption":"The Derma Check"},"image":{"@id":"https:\/\/thedermacheck.com\/ro\/#\/schema\/logo\/image\/"}}]}},"_links":{"self":[{"href":"https:\/\/thedermacheck.com\/ro\/wp-json\/wp\/v2\/pages\/8554","targetHints":{"allow":["GET"]}}],"collection":[{"href":"https:\/\/thedermacheck.com\/ro\/wp-json\/wp\/v2\/pages"}],"about":[{"href":"https:\/\/thedermacheck.com\/ro\/wp-json\/wp\/v2\/types\/page"}],"author":[{"embeddable":true,"href":"https:\/\/thedermacheck.com\/ro\/wp-json\/wp\/v2\/users\/2"}],"replies":[{"embeddable":true,"href":"https:\/\/thedermacheck.com\/ro\/wp-json\/wp\/v2\/comments?post=8554"}],"version-history":[{"count":1,"href":"https:\/\/thedermacheck.com\/ro\/wp-json\/wp\/v2\/pages\/8554\/revisions"}],"predecessor-version":[{"id":8555,"href":"https:\/\/thedermacheck.com\/ro\/wp-json\/wp\/v2\/pages\/8554\/revisions\/8555"}],"wp:attachment":[{"href":"https:\/\/thedermacheck.com\/ro\/wp-json\/wp\/v2\/media?parent=8554"}],"wp:term":[{"taxonomy":"category","embeddable":true,"href":"https:\/\/thedermacheck.com\/ro\/wp-json\/wp\/v2\/categories?post=8554"},{"taxonomy":"post_tag","embeddable":true,"href":"https:\/\/thedermacheck.com\/ro\/wp-json\/wp\/v2\/tags?post=8554"}],"curies":[{"name":"wp","href":"https:\/\/api.w.org\/{rel}","templated":true}]}}