{"id":8560,"date":"2023-12-19T14:48:57","date_gmt":"2023-12-19T14:48:57","guid":{"rendered":"https:\/\/thedermacheck.com\/probioticele-in-ingrijirea-pielii-un-stimulent-pentru-microbiomul-pielii-tale\/"},"modified":"2024-09-04T14:50:53","modified_gmt":"2024-09-04T14:50:53","slug":"probioticele-in-ingrijirea-pielii-un-stimulent-pentru-microbiomul-pielii-tale","status":"publish","type":"page","link":"https:\/\/thedermacheck.com\/ro\/probioticele-in-ingrijirea-pielii-un-stimulent-pentru-microbiomul-pielii-tale\/","title":{"rendered":"Probioticele \u00een \u00eengrijirea pielii: un stimulent pentru microbiomul pielii tale"},"content":{"rendered":"\n<p><strong>PROBIOTICELE \u00ceN \u00ceNGRIJIREA PIELII<\/strong><\/p>\n\n<ul class=\"wp-block-list\">\n<li><strong>Tip de ingredient<\/strong>: Culturi microbiene<\/li>\n\n\n\n<li><strong>Principalele beneficii<\/strong>: \u00eent\u0103re\u0219te bariera pielii, calmeaz\u0103 inflama\u021biile, promoveaz\u0103 un ten s\u0103n\u0103tos<\/li>\n\n\n\n<li><strong>Ideal pentru<\/strong>: Toate tipurile de piele, \u00een special pentru pielea sensibil\u0103 sau problematic\u0103<\/li>\n\n\n\n<li><strong>Frecven\u021ba de utilizare<\/strong>: zilnic, \u00een conformitate cu instruc\u021biunile produsului<\/li>\n\n\n\n<li><strong>Se combin\u0103 bine cu<\/strong>: Hidratante delicate \u0219i ingrediente non-iritante<\/li>\n\n\n\n<li><strong>A se evita cu<\/strong>: Combinarea cu peelinguri chimice puternice sau acizi foarte concentra\u021bi<\/li>\n<\/ul>\n\n<h2 class=\"wp-block-heading\">Introducere \u00een lumea probioticelor<\/h2>\n\n<p>Probioticele, adesea denumite &#8222;bacterii bune&#8221;, sunt microorganisme vii care se g\u0103sesc \u00een multe alimente, cum ar fi iaurtul \u0219i varza murat\u0103.\nProbioticele sunt utilizate \u00een \u00eengrijirea pielii pentru a sus\u021bine \u0219i consolida microbiomul pielii. <\/p>\n\n<h3 class=\"wp-block-heading\">Beneficiile probioticelor pentru piele<\/h3>\n\n<h4 class=\"wp-block-heading\">Promovarea unei flore cutanate s\u0103n\u0103toase<\/h4>\n\n<p>Probioticele ajut\u0103 la reglarea echilibrului microorganismelor de pe piele.\nAcest lucru poate fi deosebit de benefic pentru pielea sensibil\u0103 sau predispus\u0103 la acnee. <\/p>\n\n<h4 class=\"wp-block-heading\">Consolidarea barierei cutanate<\/h4>\n\n<p>Prin sus\u021binerea microbiomului, probioticele pot ajuta la \u00eent\u0103rirea barierei naturale de protec\u021bie a pielii \u0219i o pot face mai rezistent\u0103 la influen\u021bele nocive ale mediului.<\/p>\n\n<h4 class=\"wp-block-heading\">Calmarea inflama\u021biei<\/h4>\n\n<p>Probioticele au propriet\u0103\u021bi antiinflamatorii care pot ajuta \u00een cazul problemelor de piele precum rozaceea, eczema \u0219i irita\u021biile generale ale pielii.<\/p>\n\n<h3 class=\"wp-block-heading\">Posibile efecte secundare<\/h3>\n\n<p>De\u0219i probioticele sunt \u00een general bine tolerate, ele pot provoca irita\u021bii u\u0219oare la unele persoane, \u00een special atunci c\u00e2nd sunt utilizate pentru prima dat\u0103 sau \u00een concentra\u021bii mari.<\/p>\n\n<h2 class=\"wp-block-heading\">Utilizarea probioticelor \u00een \u00eengrijirea pielii<\/h2>\n\n<h3 class=\"wp-block-heading\">Aplicarea corect\u0103<\/h3>\n\n<ul class=\"wp-block-list\">\n<li><strong>Utiliza\u021bi \u00een mod regulat<\/strong>: Pentru cele mai bune rezultate, produsele care con\u021bin probiotice trebuie utilizate \u00een mod constant.<\/li>\n\n\n\n<li><strong>Alege\u021bi formul\u0103ri delicate<\/strong>: C\u0103uta\u021bi produse care au fost special concepute pentru pielea sensibil\u0103.<\/li>\n<\/ul>\n\n<h3 class=\"wp-block-heading\">Cum s\u0103 nu o utiliza\u021bi<\/h3>\n\n<ul class=\"wp-block-list\">\n<li><strong>Nu supradoza\u021bi<\/strong>: Evita\u021bi s\u0103 utiliza\u021bi prea multe produse diferite cu probiotice \u00een acela\u0219i timp pentru a nu suprasolicita microbiomul pielii.<\/li>\n\n\n\n<li><strong>Ave\u021bi grij\u0103 la combina\u021bii<\/strong>: Evita\u021bi combinarea cu peelinguri chimice agresive sau acizi puternici.<\/li>\n<\/ul>\n\n<h2 class=\"wp-block-heading\">\u00ceNTREB\u0102RI FRECVENTE<\/h2>\n\n<p><strong>1. sunt probioticele potrivite pentru toate tipurile de piele?<\/strong>  Da, probioticele pot fi benefice pentru toate tipurile de piele, dar mai ales pentru pielea sensibil\u0103 sau predispus\u0103 la imperfec\u021biuni.<\/p>\n\n<p><strong>2. probioticele pot trata acneea?<\/strong>  Probioticele pot ajuta la echilibrarea microbiomului pielii, ceea ce poate contribui indirect la tratamentul acneei.<\/p>\n\n<p><strong>3. C\u00e2t de repede pute\u021bi vedea rezultatele?<\/strong>  Efectul probioticelor poate varia.\nUnii oameni observ\u0103 \u00eembun\u0103t\u0103\u021biri rapide, \u00een timp ce pentru al\u021bii poate dura mai mult. <\/p>\n\n<h2 class=\"wp-block-heading\">Concluzie<\/h2>\n\n<p>Probioticele \u00een \u00eengrijirea pielii ofer\u0103 o abordare inovatoare pentru promovarea unei flore cutanate s\u0103n\u0103toase \u0219i consolidarea barierei cutanate.\nAtunci c\u00e2nd sunt utilizate corect, acestea pot ameliora numeroase probleme ale pielii \u0219i pot contribui la un ten radiant \u0219i echilibrat.\nMerit\u0103 s\u0103 \u00eencorpora\u021bi probioticele \u00een rutina zilnic\u0103 de \u00eengrijire a pielii pentru a profita pe deplin de beneficiile acestor ingrediente fascinante.  <\/p>\n","protected":false},"excerpt":{"rendered":"<p>PROBIOTICELE \u00ceN \u00ceNGRIJIREA PIELII Introducere \u00een lumea probioticelor Probioticele, adesea denumite &#8222;bacterii bune&#8221;, sunt microorganisme vii care se g\u0103sesc \u00een multe alimente, cum ar fi iaurtul \u0219i varza murat\u0103. Probioticele sunt utilizate \u00een \u00eengrijirea pielii pentru a sus\u021bine \u0219i consolida microbiomul pielii. Beneficiile probioticelor pentru piele Promovarea unei flore cutanate s\u0103n\u0103toase Probioticele ajut\u0103 la reglarea &#8230; <a title=\"Probioticele \u00een \u00eengrijirea pielii: un stimulent pentru microbiomul pielii tale\" class=\"read-more\" href=\"https:\/\/thedermacheck.com\/ro\/probioticele-in-ingrijirea-pielii-un-stimulent-pentru-microbiomul-pielii-tale\/\" aria-label=\"Cite\u0219te mai multe despre Probioticele \u00een \u00eengrijirea pielii: un stimulent pentru microbiomul pielii tale\">Mehr erfahren<\/a><\/p>\n","protected":false},"author":2,"featured_media":0,"parent":0,"menu_order":0,"comment_status":"closed","ping_status":"closed","template":"","meta":{"_acf_changed":false,"_lmt_disableupdate":"","_lmt_disable":"","footnotes":""},"categories":[89],"tags":[],"class_list":{"0":"post-8560","1":"page","2":"type-page","3":"status-publish","5":"category-ingrediente"},"acf":[],"yoast_head":"<!-- This site is optimized with the Yoast SEO Premium plugin v25.7.1 (Yoast SEO v25.7) - https:\/\/yoast.com\/wordpress\/plugins\/seo\/ -->\n<title>Probioticele \u00een \u00eengrijirea pielii: un stimulent pentru microbiomul pielii tale | The Derma Check<\/title>\n<meta name=\"robots\" content=\"index, follow, max-snippet:-1, max-image-preview:large, max-video-preview:-1\" \/>\n<link rel=\"canonical\" href=\"https:\/\/thedermacheck.com\/ro\/probioticele-in-ingrijirea-pielii-un-stimulent-pentru-microbiomul-pielii-tale\/\" \/>\n<meta property=\"og:locale\" content=\"ro_RO\" \/>\n<meta property=\"og:type\" content=\"article\" \/>\n<meta property=\"og:title\" content=\"Probioticele \u00een \u00eengrijirea pielii: un stimulent pentru microbiomul pielii tale\" \/>\n<meta property=\"og:description\" content=\"PROBIOTICELE \u00ceN \u00ceNGRIJIREA PIELII Introducere \u00een lumea probioticelor Probioticele, adesea denumite &#8222;bacterii bune&#8221;, sunt microorganisme vii care se g\u0103sesc \u00een multe alimente, cum ar fi iaurtul \u0219i varza murat\u0103. Probioticele sunt utilizate \u00een \u00eengrijirea pielii pentru a sus\u021bine \u0219i consolida microbiomul pielii. Beneficiile probioticelor pentru piele Promovarea unei flore cutanate s\u0103n\u0103toase Probioticele ajut\u0103 la reglarea ... Mehr erfahren\" \/>\n<meta property=\"og:url\" content=\"https:\/\/thedermacheck.com\/ro\/probioticele-in-ingrijirea-pielii-un-stimulent-pentru-microbiomul-pielii-tale\/\" \/>\n<meta property=\"og:site_name\" content=\"The Derma Check\" \/>\n<meta property=\"article:modified_time\" content=\"2024-09-04T14:50:53+00:00\" \/>\n<meta name=\"twitter:card\" content=\"summary_large_image\" \/>\n<meta name=\"twitter:label1\" content=\"Timp estimat pentru citire\" \/>\n\t<meta name=\"twitter:data1\" content=\"2 minute\" \/>\n<script type=\"application\/ld+json\" class=\"yoast-schema-graph\">{\"@context\":\"https:\/\/schema.org\",\"@graph\":[{\"@type\":\"WebPage\",\"@id\":\"https:\/\/thedermacheck.com\/ro\/probioticele-in-ingrijirea-pielii-un-stimulent-pentru-microbiomul-pielii-tale\/\",\"url\":\"https:\/\/thedermacheck.com\/ro\/probioticele-in-ingrijirea-pielii-un-stimulent-pentru-microbiomul-pielii-tale\/\",\"name\":\"Probioticele \u00een \u00eengrijirea pielii: un stimulent pentru microbiomul pielii tale | The Derma Check\",\"isPartOf\":{\"@id\":\"https:\/\/thedermacheck.com\/ro\/#website\"},\"datePublished\":\"2023-12-19T14:48:57+00:00\",\"dateModified\":\"2024-09-04T14:50:53+00:00\",\"breadcrumb\":{\"@id\":\"https:\/\/thedermacheck.com\/ro\/probioticele-in-ingrijirea-pielii-un-stimulent-pentru-microbiomul-pielii-tale\/#breadcrumb\"},\"inLanguage\":\"ro-RO\",\"potentialAction\":[{\"@type\":\"ReadAction\",\"target\":[\"https:\/\/thedermacheck.com\/ro\/probioticele-in-ingrijirea-pielii-un-stimulent-pentru-microbiomul-pielii-tale\/\"]}]},{\"@type\":\"BreadcrumbList\",\"@id\":\"https:\/\/thedermacheck.com\/ro\/probioticele-in-ingrijirea-pielii-un-stimulent-pentru-microbiomul-pielii-tale\/#breadcrumb\",\"itemListElement\":[{\"@type\":\"ListItem\",\"position\":1,\"name\":\"Derma Check\",\"item\":\"https:\/\/thedermacheck.com\/ro\/\"},{\"@type\":\"ListItem\",\"position\":2,\"name\":\"Probioticele \u00een \u00eengrijirea pielii: un stimulent pentru microbiomul pielii tale\"}]},{\"@type\":\"WebSite\",\"@id\":\"https:\/\/thedermacheck.com\/ro\/#website\",\"url\":\"https:\/\/thedermacheck.com\/ro\/\",\"name\":\"The Derma Check\",\"description\":\"\",\"publisher\":{\"@id\":\"https:\/\/thedermacheck.com\/ro\/#organization\"},\"potentialAction\":[{\"@type\":\"SearchAction\",\"target\":{\"@type\":\"EntryPoint\",\"urlTemplate\":\"https:\/\/thedermacheck.com\/ro\/?s={search_term_string}\"},\"query-input\":{\"@type\":\"PropertyValueSpecification\",\"valueRequired\":true,\"valueName\":\"search_term_string\"}}],\"inLanguage\":\"ro-RO\"},{\"@type\":\"Organization\",\"@id\":\"https:\/\/thedermacheck.com\/ro\/#organization\",\"name\":\"The Derma Check\",\"url\":\"https:\/\/thedermacheck.com\/ro\/\",\"logo\":{\"@type\":\"ImageObject\",\"inLanguage\":\"ro-RO\",\"@id\":\"https:\/\/thedermacheck.com\/ro\/#\/schema\/logo\/image\/\",\"url\":\"https:\/\/thedermacheck.com\/wp-content\/uploads\/2023\/10\/cropped-THE-DERMA-CHECK-FAVICON-NEW-1.png\",\"contentUrl\":\"https:\/\/thedermacheck.com\/wp-content\/uploads\/2023\/10\/cropped-THE-DERMA-CHECK-FAVICON-NEW-1.png\",\"width\":512,\"height\":512,\"caption\":\"The Derma Check\"},\"image\":{\"@id\":\"https:\/\/thedermacheck.com\/ro\/#\/schema\/logo\/image\/\"}}]}<\/script>\n<!-- \/ Yoast SEO Premium plugin. -->","yoast_head_json":{"title":"Probioticele \u00een \u00eengrijirea pielii: un stimulent pentru microbiomul pielii tale | The Derma Check","robots":{"index":"index","follow":"follow","max-snippet":"max-snippet:-1","max-image-preview":"max-image-preview:large","max-video-preview":"max-video-preview:-1"},"canonical":"https:\/\/thedermacheck.com\/ro\/probioticele-in-ingrijirea-pielii-un-stimulent-pentru-microbiomul-pielii-tale\/","og_locale":"ro_RO","og_type":"article","og_title":"Probioticele \u00een \u00eengrijirea pielii: un stimulent pentru microbiomul pielii tale","og_description":"PROBIOTICELE \u00ceN \u00ceNGRIJIREA PIELII Introducere \u00een lumea probioticelor Probioticele, adesea denumite &#8222;bacterii bune&#8221;, sunt microorganisme vii care se g\u0103sesc \u00een multe alimente, cum ar fi iaurtul \u0219i varza murat\u0103. Probioticele sunt utilizate \u00een \u00eengrijirea pielii pentru a sus\u021bine \u0219i consolida microbiomul pielii. Beneficiile probioticelor pentru piele Promovarea unei flore cutanate s\u0103n\u0103toase Probioticele ajut\u0103 la reglarea ... Mehr erfahren","og_url":"https:\/\/thedermacheck.com\/ro\/probioticele-in-ingrijirea-pielii-un-stimulent-pentru-microbiomul-pielii-tale\/","og_site_name":"The Derma Check","article_modified_time":"2024-09-04T14:50:53+00:00","twitter_card":"summary_large_image","twitter_misc":{"Timp estimat pentru citire":"2 minute"},"schema":{"@context":"https:\/\/schema.org","@graph":[{"@type":"WebPage","@id":"https:\/\/thedermacheck.com\/ro\/probioticele-in-ingrijirea-pielii-un-stimulent-pentru-microbiomul-pielii-tale\/","url":"https:\/\/thedermacheck.com\/ro\/probioticele-in-ingrijirea-pielii-un-stimulent-pentru-microbiomul-pielii-tale\/","name":"Probioticele \u00een \u00eengrijirea pielii: un stimulent pentru microbiomul pielii tale | The Derma Check","isPartOf":{"@id":"https:\/\/thedermacheck.com\/ro\/#website"},"datePublished":"2023-12-19T14:48:57+00:00","dateModified":"2024-09-04T14:50:53+00:00","breadcrumb":{"@id":"https:\/\/thedermacheck.com\/ro\/probioticele-in-ingrijirea-pielii-un-stimulent-pentru-microbiomul-pielii-tale\/#breadcrumb"},"inLanguage":"ro-RO","potentialAction":[{"@type":"ReadAction","target":["https:\/\/thedermacheck.com\/ro\/probioticele-in-ingrijirea-pielii-un-stimulent-pentru-microbiomul-pielii-tale\/"]}]},{"@type":"BreadcrumbList","@id":"https:\/\/thedermacheck.com\/ro\/probioticele-in-ingrijirea-pielii-un-stimulent-pentru-microbiomul-pielii-tale\/#breadcrumb","itemListElement":[{"@type":"ListItem","position":1,"name":"Derma Check","item":"https:\/\/thedermacheck.com\/ro\/"},{"@type":"ListItem","position":2,"name":"Probioticele \u00een \u00eengrijirea pielii: un stimulent pentru microbiomul pielii tale"}]},{"@type":"WebSite","@id":"https:\/\/thedermacheck.com\/ro\/#website","url":"https:\/\/thedermacheck.com\/ro\/","name":"The Derma Check","description":"","publisher":{"@id":"https:\/\/thedermacheck.com\/ro\/#organization"},"potentialAction":[{"@type":"SearchAction","target":{"@type":"EntryPoint","urlTemplate":"https:\/\/thedermacheck.com\/ro\/?s={search_term_string}"},"query-input":{"@type":"PropertyValueSpecification","valueRequired":true,"valueName":"search_term_string"}}],"inLanguage":"ro-RO"},{"@type":"Organization","@id":"https:\/\/thedermacheck.com\/ro\/#organization","name":"The Derma Check","url":"https:\/\/thedermacheck.com\/ro\/","logo":{"@type":"ImageObject","inLanguage":"ro-RO","@id":"https:\/\/thedermacheck.com\/ro\/#\/schema\/logo\/image\/","url":"https:\/\/thedermacheck.com\/wp-content\/uploads\/2023\/10\/cropped-THE-DERMA-CHECK-FAVICON-NEW-1.png","contentUrl":"https:\/\/thedermacheck.com\/wp-content\/uploads\/2023\/10\/cropped-THE-DERMA-CHECK-FAVICON-NEW-1.png","width":512,"height":512,"caption":"The Derma Check"},"image":{"@id":"https:\/\/thedermacheck.com\/ro\/#\/schema\/logo\/image\/"}}]}},"_links":{"self":[{"href":"https:\/\/thedermacheck.com\/ro\/wp-json\/wp\/v2\/pages\/8560","targetHints":{"allow":["GET"]}}],"collection":[{"href":"https:\/\/thedermacheck.com\/ro\/wp-json\/wp\/v2\/pages"}],"about":[{"href":"https:\/\/thedermacheck.com\/ro\/wp-json\/wp\/v2\/types\/page"}],"author":[{"embeddable":true,"href":"https:\/\/thedermacheck.com\/ro\/wp-json\/wp\/v2\/users\/2"}],"replies":[{"embeddable":true,"href":"https:\/\/thedermacheck.com\/ro\/wp-json\/wp\/v2\/comments?post=8560"}],"version-history":[{"count":1,"href":"https:\/\/thedermacheck.com\/ro\/wp-json\/wp\/v2\/pages\/8560\/revisions"}],"predecessor-version":[{"id":8561,"href":"https:\/\/thedermacheck.com\/ro\/wp-json\/wp\/v2\/pages\/8560\/revisions\/8561"}],"wp:attachment":[{"href":"https:\/\/thedermacheck.com\/ro\/wp-json\/wp\/v2\/media?parent=8560"}],"wp:term":[{"taxonomy":"category","embeddable":true,"href":"https:\/\/thedermacheck.com\/ro\/wp-json\/wp\/v2\/categories?post=8560"},{"taxonomy":"post_tag","embeddable":true,"href":"https:\/\/thedermacheck.com\/ro\/wp-json\/wp\/v2\/tags?post=8560"}],"curies":[{"name":"wp","href":"https:\/\/api.w.org\/{rel}","templated":true}]}}