{"id":8566,"date":"2023-12-19T14:50:33","date_gmt":"2023-12-19T14:50:33","guid":{"rendered":"https:\/\/thedermacheck.com\/resveratrolul-in-ingrijirea-pielii-un-antioxidant-puternic-pentru-o-piele-radianta\/"},"modified":"2024-09-04T14:50:53","modified_gmt":"2024-09-04T14:50:53","slug":"resveratrolul-in-ingrijirea-pielii-un-antioxidant-puternic-pentru-o-piele-radianta","status":"publish","type":"page","link":"https:\/\/thedermacheck.com\/ro\/resveratrolul-in-ingrijirea-pielii-un-antioxidant-puternic-pentru-o-piele-radianta\/","title":{"rendered":"Resveratrolul \u00een \u00eengrijirea pielii: un antioxidant puternic pentru o piele radiant\u0103"},"content":{"rendered":"\n<p><strong>RESVERATROL \u00ceN \u00ceNGRIJIREA PIELII<\/strong><\/p>\n\n<ul class=\"wp-block-list\">\n<li><strong>Tip de ingredient<\/strong>: Antioxidant<\/li>\n\n\n\n<li><strong>Principalele beneficii<\/strong>: protejeaz\u0103 \u00eempotriva daunelor cauzate de mediu, \u00eencetine\u0219te \u00eemb\u0103tr\u00e2nirea pielii, are un efect antiinflamator<\/li>\n\n\n\n<li><strong>Ideal pentru<\/strong>: Toate tipurile de piele, \u00een special pentru pielea matur\u0103 \u0219i pielea stresat\u0103 de factorii de mediu<\/li>\n\n\n\n<li><strong>Frecven\u021ba de utilizare<\/strong>: \u00cen func\u021bie de instruc\u021biunile produsului, adesea zilnic<\/li>\n\n\n\n<li><strong>Se combin\u0103 bine cu<\/strong>: Vitamina C, E, creme de protec\u021bie solar\u0103<\/li>\n\n\n\n<li><strong>A se evita \u00een caz de<\/strong>: Hipersensibilitate la resveratrol sau la utilizarea anumitor medicamente dup\u0103 consultarea unui dermatolog<\/li>\n<\/ul>\n\n<h2 class=\"wp-block-heading\">Introducere: Ce este resveratrolul?<\/h2>\n\n<p>Resveratrolul este un polifenol care se g\u0103se\u0219te \u00een coaja strugurilor, a fructelor de p\u0103dure \u0219i a altor fructe.\nAcesta \u0219i-a f\u0103cut un nume \u00een \u00eengrijirea pielii datorit\u0103 propriet\u0103\u021bilor sale antioxidante \u0219i antiinflamatorii puternice. <\/p>\n\n<h3 class=\"wp-block-heading\">Beneficiile resveratrolului pentru piele<\/h3>\n\n<h4 class=\"wp-block-heading\">Protec\u021bie \u00eempotriva radicalilor liberi<\/h4>\n\n<p>Resveratrolul ajut\u0103 la protejarea pielii \u00eempotriva daunelor cauzate de radicalii liberi din mediul \u00eenconjur\u0103tor, cum ar fi radia\u021biile UV \u0219i poluarea.<\/p>\n\n<h4 class=\"wp-block-heading\">Efect anti-\u00eemb\u0103tr\u00e2nire<\/h4>\n\n<p>Ajut\u0103 la \u00eencetinirea procesului de \u00eemb\u0103tr\u00e2nire a pielii prin promovarea produc\u021biei de colagen \u0219i reducerea aspectului liniilor fine \u0219i al ridurilor.<\/p>\n\n<h4 class=\"wp-block-heading\">Calmarea inflama\u021biei<\/h4>\n\n<p>Resveratrolul are un efect antiinflamator \u0219i, prin urmare, poate u\u0219ura iritarea \u0219i \u00eenro\u0219irea pielii.<\/p>\n\n<h3 class=\"wp-block-heading\">Posibile efecte secundare<\/h3>\n\n<p>Resveratrolul este \u00een general bine tolerat, dar poate provoca reac\u021bii alergice la unele persoane, \u00een special la concentra\u021bii ridicate.<\/p>\n\n<h2 class=\"wp-block-heading\">Utilizarea resveratrolului \u00een \u00eengrijirea pielii<\/h2>\n\n<h3 class=\"wp-block-heading\">Aplicarea corect\u0103<\/h3>\n\n<ul class=\"wp-block-list\">\n<li><strong>Utilizare regulat\u0103<\/strong>: Un produs care con\u021bine resveratrol trebuie utilizat \u00een mod regulat \u00een conformitate cu instruc\u021biunile.<\/li>\n\n\n\n<li><strong>Combina\u021bie cu protec\u021bie solar\u0103<\/strong>: Pentru a maximiza protec\u021bia \u00eempotriva daunelor provocate de mediu, combina\u021bi produsele pe baz\u0103 de resveratrol cu o protec\u021bie solar\u0103.<\/li>\n<\/ul>\n\n<h3 class=\"wp-block-heading\">Cum s\u0103 nu o utiliza\u021bi<\/h3>\n\n<ul class=\"wp-block-list\">\n<li><strong>Pruden\u021b\u0103 \u00een cazul combin\u0103rii cu medicamente<\/strong>: Consulta\u021bi un dermatolog \u00eenainte de utilizare dac\u0103 lua\u021bi anumite medicamente.<\/li>\n<\/ul>\n\n<h2 class=\"wp-block-heading\">\u00ceNTREB\u0102RI FRECVENTE<\/h2>\n\n<p><strong>1. Resveratrolul poate trata acneea?<\/strong>  Resveratrolul poate fi util \u00een tratamentul acneei datorit\u0103 propriet\u0103\u021bilor sale antiinflamatorii.<\/p>\n\n<p><strong>2. Este resveratrolul sigur pentru pielea sensibil\u0103?<\/strong>  Da, resveratrolul este \u00een general bine tolerat chiar \u0219i de pielea sensibil\u0103.\nCu toate acestea, se recomand\u0103 un test cutanat. <\/p>\n\n<p><strong>3. C\u00e2t de repede pute\u021bi vedea rezultatele?<\/strong>  Rezultatele pot varia, dar mul\u021bi utilizatori raporteaz\u0103 o \u00eembun\u0103t\u0103\u021bire a aspectului pielii dup\u0103 c\u00e2teva s\u0103pt\u0103m\u00e2ni de utilizare regulat\u0103.<\/p>\n\n<h2 class=\"wp-block-heading\">Concluzie<\/h2>\n\n<p>Resveratrolul este un ingredient puternic pentru \u00eengrijirea pielii, care ofer\u0103 protec\u021bie eficient\u0103 \u00eempotriva daunelor produse de mediu \u0219i combate semnele \u00eemb\u0103tr\u00e2nirii.\nCu propriet\u0103\u021bile sale antioxidante \u0219i antiinflamatorii, acesta poate contribui la o piele mai s\u0103n\u0103toas\u0103 \u0219i mai t\u00e2n\u0103r\u0103.\n\u00cencorporarea resveratrolului \u00een rutina de \u00eengrijire a pielii poate fi un plus valoros pentru p\u0103strarea frumuse\u021bii naturale a pielii dumneavoastr\u0103.  <\/p>\n","protected":false},"excerpt":{"rendered":"<p>RESVERATROL \u00ceN \u00ceNGRIJIREA PIELII Introducere: Ce este resveratrolul? Resveratrolul este un polifenol care se g\u0103se\u0219te \u00een coaja strugurilor, a fructelor de p\u0103dure \u0219i a altor fructe. Acesta \u0219i-a f\u0103cut un nume \u00een \u00eengrijirea pielii datorit\u0103 propriet\u0103\u021bilor sale antioxidante \u0219i antiinflamatorii puternice. Beneficiile resveratrolului pentru piele Protec\u021bie \u00eempotriva radicalilor liberi Resveratrolul ajut\u0103 la protejarea pielii \u00eempotriva &#8230; <a title=\"Resveratrolul \u00een \u00eengrijirea pielii: un antioxidant puternic pentru o piele radiant\u0103\" class=\"read-more\" href=\"https:\/\/thedermacheck.com\/ro\/resveratrolul-in-ingrijirea-pielii-un-antioxidant-puternic-pentru-o-piele-radianta\/\" aria-label=\"Cite\u0219te mai multe despre Resveratrolul \u00een \u00eengrijirea pielii: un antioxidant puternic pentru o piele radiant\u0103\">Mehr erfahren<\/a><\/p>\n","protected":false},"author":2,"featured_media":0,"parent":0,"menu_order":0,"comment_status":"closed","ping_status":"closed","template":"","meta":{"_acf_changed":false,"_lmt_disableupdate":"","_lmt_disable":"","footnotes":""},"categories":[89],"tags":[],"class_list":{"0":"post-8566","1":"page","2":"type-page","3":"status-publish","5":"category-ingrediente"},"acf":[],"yoast_head":"<!-- This site is optimized with the Yoast SEO Premium plugin v25.7.1 (Yoast SEO v25.7) - https:\/\/yoast.com\/wordpress\/plugins\/seo\/ -->\n<title>Resveratrolul \u00een \u00eengrijirea pielii: un antioxidant puternic pentru o piele radiant\u0103 | The Derma Check<\/title>\n<meta name=\"robots\" content=\"index, follow, max-snippet:-1, max-image-preview:large, max-video-preview:-1\" \/>\n<link rel=\"canonical\" href=\"https:\/\/thedermacheck.com\/ro\/resveratrolul-in-ingrijirea-pielii-un-antioxidant-puternic-pentru-o-piele-radianta\/\" \/>\n<meta property=\"og:locale\" content=\"ro_RO\" \/>\n<meta property=\"og:type\" content=\"article\" \/>\n<meta property=\"og:title\" content=\"Resveratrolul \u00een \u00eengrijirea pielii: un antioxidant puternic pentru o piele radiant\u0103\" \/>\n<meta property=\"og:description\" content=\"RESVERATROL \u00ceN \u00ceNGRIJIREA PIELII Introducere: Ce este resveratrolul? Resveratrolul este un polifenol care se g\u0103se\u0219te \u00een coaja strugurilor, a fructelor de p\u0103dure \u0219i a altor fructe. Acesta \u0219i-a f\u0103cut un nume \u00een \u00eengrijirea pielii datorit\u0103 propriet\u0103\u021bilor sale antioxidante \u0219i antiinflamatorii puternice. Beneficiile resveratrolului pentru piele Protec\u021bie \u00eempotriva radicalilor liberi Resveratrolul ajut\u0103 la protejarea pielii \u00eempotriva ... Mehr erfahren\" \/>\n<meta property=\"og:url\" content=\"https:\/\/thedermacheck.com\/ro\/resveratrolul-in-ingrijirea-pielii-un-antioxidant-puternic-pentru-o-piele-radianta\/\" \/>\n<meta property=\"og:site_name\" content=\"The Derma Check\" \/>\n<meta property=\"article:modified_time\" content=\"2024-09-04T14:50:53+00:00\" \/>\n<meta name=\"twitter:card\" content=\"summary_large_image\" \/>\n<meta name=\"twitter:label1\" content=\"Timp estimat pentru citire\" \/>\n\t<meta name=\"twitter:data1\" content=\"2 minute\" \/>\n<script type=\"application\/ld+json\" class=\"yoast-schema-graph\">{\"@context\":\"https:\/\/schema.org\",\"@graph\":[{\"@type\":\"WebPage\",\"@id\":\"https:\/\/thedermacheck.com\/ro\/resveratrolul-in-ingrijirea-pielii-un-antioxidant-puternic-pentru-o-piele-radianta\/\",\"url\":\"https:\/\/thedermacheck.com\/ro\/resveratrolul-in-ingrijirea-pielii-un-antioxidant-puternic-pentru-o-piele-radianta\/\",\"name\":\"Resveratrolul \u00een \u00eengrijirea pielii: un antioxidant puternic pentru o piele radiant\u0103 | The Derma Check\",\"isPartOf\":{\"@id\":\"https:\/\/thedermacheck.com\/ro\/#website\"},\"datePublished\":\"2023-12-19T14:50:33+00:00\",\"dateModified\":\"2024-09-04T14:50:53+00:00\",\"breadcrumb\":{\"@id\":\"https:\/\/thedermacheck.com\/ro\/resveratrolul-in-ingrijirea-pielii-un-antioxidant-puternic-pentru-o-piele-radianta\/#breadcrumb\"},\"inLanguage\":\"ro-RO\",\"potentialAction\":[{\"@type\":\"ReadAction\",\"target\":[\"https:\/\/thedermacheck.com\/ro\/resveratrolul-in-ingrijirea-pielii-un-antioxidant-puternic-pentru-o-piele-radianta\/\"]}]},{\"@type\":\"BreadcrumbList\",\"@id\":\"https:\/\/thedermacheck.com\/ro\/resveratrolul-in-ingrijirea-pielii-un-antioxidant-puternic-pentru-o-piele-radianta\/#breadcrumb\",\"itemListElement\":[{\"@type\":\"ListItem\",\"position\":1,\"name\":\"Derma Check\",\"item\":\"https:\/\/thedermacheck.com\/ro\/\"},{\"@type\":\"ListItem\",\"position\":2,\"name\":\"Resveratrolul \u00een \u00eengrijirea pielii: un antioxidant puternic pentru o piele radiant\u0103\"}]},{\"@type\":\"WebSite\",\"@id\":\"https:\/\/thedermacheck.com\/ro\/#website\",\"url\":\"https:\/\/thedermacheck.com\/ro\/\",\"name\":\"The Derma Check\",\"description\":\"\",\"publisher\":{\"@id\":\"https:\/\/thedermacheck.com\/ro\/#organization\"},\"potentialAction\":[{\"@type\":\"SearchAction\",\"target\":{\"@type\":\"EntryPoint\",\"urlTemplate\":\"https:\/\/thedermacheck.com\/ro\/?s={search_term_string}\"},\"query-input\":{\"@type\":\"PropertyValueSpecification\",\"valueRequired\":true,\"valueName\":\"search_term_string\"}}],\"inLanguage\":\"ro-RO\"},{\"@type\":\"Organization\",\"@id\":\"https:\/\/thedermacheck.com\/ro\/#organization\",\"name\":\"The Derma Check\",\"url\":\"https:\/\/thedermacheck.com\/ro\/\",\"logo\":{\"@type\":\"ImageObject\",\"inLanguage\":\"ro-RO\",\"@id\":\"https:\/\/thedermacheck.com\/ro\/#\/schema\/logo\/image\/\",\"url\":\"https:\/\/thedermacheck.com\/wp-content\/uploads\/2023\/10\/cropped-THE-DERMA-CHECK-FAVICON-NEW-1.png\",\"contentUrl\":\"https:\/\/thedermacheck.com\/wp-content\/uploads\/2023\/10\/cropped-THE-DERMA-CHECK-FAVICON-NEW-1.png\",\"width\":512,\"height\":512,\"caption\":\"The Derma Check\"},\"image\":{\"@id\":\"https:\/\/thedermacheck.com\/ro\/#\/schema\/logo\/image\/\"}}]}<\/script>\n<!-- \/ Yoast SEO Premium plugin. -->","yoast_head_json":{"title":"Resveratrolul \u00een \u00eengrijirea pielii: un antioxidant puternic pentru o piele radiant\u0103 | The Derma Check","robots":{"index":"index","follow":"follow","max-snippet":"max-snippet:-1","max-image-preview":"max-image-preview:large","max-video-preview":"max-video-preview:-1"},"canonical":"https:\/\/thedermacheck.com\/ro\/resveratrolul-in-ingrijirea-pielii-un-antioxidant-puternic-pentru-o-piele-radianta\/","og_locale":"ro_RO","og_type":"article","og_title":"Resveratrolul \u00een \u00eengrijirea pielii: un antioxidant puternic pentru o piele radiant\u0103","og_description":"RESVERATROL \u00ceN \u00ceNGRIJIREA PIELII Introducere: Ce este resveratrolul? Resveratrolul este un polifenol care se g\u0103se\u0219te \u00een coaja strugurilor, a fructelor de p\u0103dure \u0219i a altor fructe. Acesta \u0219i-a f\u0103cut un nume \u00een \u00eengrijirea pielii datorit\u0103 propriet\u0103\u021bilor sale antioxidante \u0219i antiinflamatorii puternice. Beneficiile resveratrolului pentru piele Protec\u021bie \u00eempotriva radicalilor liberi Resveratrolul ajut\u0103 la protejarea pielii \u00eempotriva ... Mehr erfahren","og_url":"https:\/\/thedermacheck.com\/ro\/resveratrolul-in-ingrijirea-pielii-un-antioxidant-puternic-pentru-o-piele-radianta\/","og_site_name":"The Derma Check","article_modified_time":"2024-09-04T14:50:53+00:00","twitter_card":"summary_large_image","twitter_misc":{"Timp estimat pentru citire":"2 minute"},"schema":{"@context":"https:\/\/schema.org","@graph":[{"@type":"WebPage","@id":"https:\/\/thedermacheck.com\/ro\/resveratrolul-in-ingrijirea-pielii-un-antioxidant-puternic-pentru-o-piele-radianta\/","url":"https:\/\/thedermacheck.com\/ro\/resveratrolul-in-ingrijirea-pielii-un-antioxidant-puternic-pentru-o-piele-radianta\/","name":"Resveratrolul \u00een \u00eengrijirea pielii: un antioxidant puternic pentru o piele radiant\u0103 | The Derma Check","isPartOf":{"@id":"https:\/\/thedermacheck.com\/ro\/#website"},"datePublished":"2023-12-19T14:50:33+00:00","dateModified":"2024-09-04T14:50:53+00:00","breadcrumb":{"@id":"https:\/\/thedermacheck.com\/ro\/resveratrolul-in-ingrijirea-pielii-un-antioxidant-puternic-pentru-o-piele-radianta\/#breadcrumb"},"inLanguage":"ro-RO","potentialAction":[{"@type":"ReadAction","target":["https:\/\/thedermacheck.com\/ro\/resveratrolul-in-ingrijirea-pielii-un-antioxidant-puternic-pentru-o-piele-radianta\/"]}]},{"@type":"BreadcrumbList","@id":"https:\/\/thedermacheck.com\/ro\/resveratrolul-in-ingrijirea-pielii-un-antioxidant-puternic-pentru-o-piele-radianta\/#breadcrumb","itemListElement":[{"@type":"ListItem","position":1,"name":"Derma Check","item":"https:\/\/thedermacheck.com\/ro\/"},{"@type":"ListItem","position":2,"name":"Resveratrolul \u00een \u00eengrijirea pielii: un antioxidant puternic pentru o piele radiant\u0103"}]},{"@type":"WebSite","@id":"https:\/\/thedermacheck.com\/ro\/#website","url":"https:\/\/thedermacheck.com\/ro\/","name":"The Derma Check","description":"","publisher":{"@id":"https:\/\/thedermacheck.com\/ro\/#organization"},"potentialAction":[{"@type":"SearchAction","target":{"@type":"EntryPoint","urlTemplate":"https:\/\/thedermacheck.com\/ro\/?s={search_term_string}"},"query-input":{"@type":"PropertyValueSpecification","valueRequired":true,"valueName":"search_term_string"}}],"inLanguage":"ro-RO"},{"@type":"Organization","@id":"https:\/\/thedermacheck.com\/ro\/#organization","name":"The Derma Check","url":"https:\/\/thedermacheck.com\/ro\/","logo":{"@type":"ImageObject","inLanguage":"ro-RO","@id":"https:\/\/thedermacheck.com\/ro\/#\/schema\/logo\/image\/","url":"https:\/\/thedermacheck.com\/wp-content\/uploads\/2023\/10\/cropped-THE-DERMA-CHECK-FAVICON-NEW-1.png","contentUrl":"https:\/\/thedermacheck.com\/wp-content\/uploads\/2023\/10\/cropped-THE-DERMA-CHECK-FAVICON-NEW-1.png","width":512,"height":512,"caption":"The Derma Check"},"image":{"@id":"https:\/\/thedermacheck.com\/ro\/#\/schema\/logo\/image\/"}}]}},"_links":{"self":[{"href":"https:\/\/thedermacheck.com\/ro\/wp-json\/wp\/v2\/pages\/8566","targetHints":{"allow":["GET"]}}],"collection":[{"href":"https:\/\/thedermacheck.com\/ro\/wp-json\/wp\/v2\/pages"}],"about":[{"href":"https:\/\/thedermacheck.com\/ro\/wp-json\/wp\/v2\/types\/page"}],"author":[{"embeddable":true,"href":"https:\/\/thedermacheck.com\/ro\/wp-json\/wp\/v2\/users\/2"}],"replies":[{"embeddable":true,"href":"https:\/\/thedermacheck.com\/ro\/wp-json\/wp\/v2\/comments?post=8566"}],"version-history":[{"count":1,"href":"https:\/\/thedermacheck.com\/ro\/wp-json\/wp\/v2\/pages\/8566\/revisions"}],"predecessor-version":[{"id":8567,"href":"https:\/\/thedermacheck.com\/ro\/wp-json\/wp\/v2\/pages\/8566\/revisions\/8567"}],"wp:attachment":[{"href":"https:\/\/thedermacheck.com\/ro\/wp-json\/wp\/v2\/media?parent=8566"}],"wp:term":[{"taxonomy":"category","embeddable":true,"href":"https:\/\/thedermacheck.com\/ro\/wp-json\/wp\/v2\/categories?post=8566"},{"taxonomy":"post_tag","embeddable":true,"href":"https:\/\/thedermacheck.com\/ro\/wp-json\/wp\/v2\/tags?post=8566"}],"curies":[{"name":"wp","href":"https:\/\/api.w.org\/{rel}","templated":true}]}}