{"id":8596,"date":"2023-12-19T14:59:27","date_gmt":"2023-12-19T14:59:27","guid":{"rendered":"https:\/\/thedermacheck.com\/vitamina-d-in-produsele-de-ingrijire-a-pielii-o-raza-de-soare-pentru-pielea-ta\/"},"modified":"2024-09-04T14:51:18","modified_gmt":"2024-09-04T14:51:18","slug":"vitamina-d-in-produsele-de-ingrijire-a-pielii-o-raza-de-soare-pentru-pielea-ta","status":"publish","type":"page","link":"https:\/\/thedermacheck.com\/ro\/vitamina-d-in-produsele-de-ingrijire-a-pielii-o-raza-de-soare-pentru-pielea-ta\/","title":{"rendered":"Vitamina D \u00een produsele de \u00eengrijire a pielii: O raz\u0103 de soare pentru pielea ta"},"content":{"rendered":"\n<p><strong>VITAMINA D \u00ceN \u00ceNGRIJIREA PIELII<\/strong><\/p>\n\n<ul class=\"wp-block-list\">\n<li><strong>Tip de ingredient<\/strong>: vitamina, regenerator al pielii<\/li>\n\n\n\n<li><strong>Principalele beneficii<\/strong>: Sus\u021bine re\u00eennoirea pielii, \u00eent\u0103re\u0219te bariera cutanat\u0103, \u00eembun\u0103t\u0103\u021be\u0219te textura pielii<\/li>\n\n\n\n<li><strong>Ideal pentru<\/strong>: Piele uscat\u0103, pentru prevenirea \u00eemb\u0103tr\u00e2nirii pielii<\/li>\n\n\n\n<li><strong>Frecven\u021ba de utilizare<\/strong>: \u00cen conformitate cu instruc\u021biunile produsului, adesea \u00een rutina zilnic\u0103<\/li>\n\n\n\n<li><strong>Se combin\u0103 bine cu<\/strong>: Creme hidratante, alte vitamine<\/li>\n\n\n\n<li><strong>A se evita \u00een caz de<\/strong>: Supradozaj, \u00een combina\u021bie cu plaj\u0103 puternic\u0103<\/li>\n<\/ul>\n\n<h2 class=\"wp-block-heading\">Introducere: Ce este vitamina D?<\/h2>\n\n<p>Vitamina D, cunoscut\u0103 ca &#8222;vitamina soarelui&#8221;, joac\u0103 un rol important \u00een s\u0103n\u0103tatea \u0219i \u00eengrijirea pielii.\nNu numai c\u0103 este produs\u0103 de organism prin expunerea la lumina soarelui, dar se g\u0103se\u0219te \u0219i \u00een diverse produse de \u00eengrijire a pielii. <\/p>\n\n<h3 class=\"wp-block-heading\">Beneficiile vitaminei D pentru piele<\/h3>\n\n<h4 class=\"wp-block-heading\">Consolidarea barierei cutanate<\/h4>\n\n<p>Vitamina D contribuie la fermitatea \u0219i elasticitatea pielii \u0219i \u00eent\u0103re\u0219te bariera cutanat\u0103.<\/p>\n\n<h4 class=\"wp-block-heading\">Promovarea re\u00eennoirii pielii<\/h4>\n\n<p>Sus\u021bine re\u00eennoirea celular\u0103 \u0219i, prin urmare, poate contribui la \u00eembun\u0103t\u0103\u021birea aspectului general al pielii.<\/p>\n\n<h4 class=\"wp-block-heading\">Prevenirea \u00eemb\u0103tr\u00e2nirii pielii<\/h4>\n\n<p>Vitamina D poate reduce semnele de \u00eemb\u0103tr\u00e2nire a pielii \u0219i poate asigura un aspect mai tineresc.<\/p>\n\n<h3 class=\"wp-block-heading\">Posibile efecte secundare ale vitaminei D<\/h3>\n\n<h4 class=\"wp-block-heading\">Irita\u021bii ale pielii<\/h4>\n\n<p>Utilizarea excesiv\u0103 sau concentra\u021biile mari pot provoca irita\u021bii ale pielii.<\/p>\n\n<h4 class=\"wp-block-heading\">Interac\u021biuni cu radia\u021biile solare<\/h4>\n\n<p>Expunerea excesiv\u0103 la soare \u00een combina\u021bie cu produse care con\u021bin vitamina D trebuie evitat\u0103.<\/p>\n\n<h2 class=\"wp-block-heading\">Utilizarea vitaminei D \u00een produsele de \u00eengrijire a pielii<\/h2>\n\n<h3 class=\"wp-block-heading\">Aplicarea corect\u0103<\/h3>\n\n<ul class=\"wp-block-list\">\n<li><strong>Utiliza\u021bi \u00een mod regulat<\/strong>: \u00cencorpora\u021bi vitamina D \u00een rutina zilnic\u0103 de \u00eengrijire a pielii, ideal \u00een combina\u021bie cu o crem\u0103 hidratant\u0103.<\/li>\n\n\n\n<li><strong>Combina\u021bie cu protec\u021bie solar\u0103<\/strong>: Utiliza\u021bi \u00eentotdeauna o crem\u0103 de protec\u021bie solar\u0103 pentru a proteja pielea de razele UV.<\/li>\n<\/ul>\n\n<h3 class=\"wp-block-heading\">Cum s\u0103 nu o utiliza\u021bi<\/h3>\n\n<ul class=\"wp-block-list\">\n<li><strong>Evitarea supradozajului<\/strong>: Ave\u021bi grij\u0103 s\u0103 nu utiliza\u021bi vitamina D \u00een doze excesive.<\/li>\n\n\n\n<li><strong>Nu \u00een combina\u021bie cu expunerea intens\u0103 la soare<\/strong>: Evita\u021bi lumina direct\u0103, puternic\u0103 a soarelui atunci c\u00e2nd utiliza\u021bi produse cu vitamina D.<\/li>\n<\/ul>\n\n<h2 class=\"wp-block-heading\">\u00ceNTREB\u0102RI FRECVENTE<\/h2>\n\n<p><strong>1. Cum afecteaz\u0103 vitamina D pielea?<\/strong>  Vitamina D sus\u021bine re\u00eennoirea pielii \u0219i ajut\u0103 la \u00eent\u0103rirea barierei cutanate.<\/p>\n\n<p><strong>2. Vitamina D poate ajuta la problemele pielii, cum ar fi acneea?<\/strong>  Exist\u0103 dovezi c\u0103 vitamina D poate avea efecte pozitive asupra diferitelor probleme ale pielii, inclusiv acneea.<\/p>\n\n<p><strong>3. Este vitamina D \u00een produsele de \u00eengrijire a pielii potrivit\u0103 pentru toate tipurile de piele?<\/strong>  Da, dar persoanele cu piele sensibil\u0103 trebuie s\u0103 monitorizeze reac\u021bia pielii lor \u0219i s\u0103 aleag\u0103 produsele \u00een consecin\u021b\u0103.<\/p>\n\n<h2 class=\"wp-block-heading\">Concluzie<\/h2>\n\n<p>Vitamina D este un ingredient benefic \u00een \u00eengrijirea pielii care poate contribui la \u00eembun\u0103t\u0103\u021birea s\u0103n\u0103t\u0103\u021bii pielii.\nUtilizarea echilibrat\u0103 \u00eempreun\u0103 cu o protec\u021bie solar\u0103 adecvat\u0103 este esen\u021bial\u0103 pentru maximizarea beneficiilor vitaminei D \u0219i pentru protejarea pielii \u00eempotriva deterior\u0103rii. <\/p>\n","protected":false},"excerpt":{"rendered":"<p>VITAMINA D \u00ceN \u00ceNGRIJIREA PIELII Introducere: Ce este vitamina D? Vitamina D, cunoscut\u0103 ca &#8222;vitamina soarelui&#8221;, joac\u0103 un rol important \u00een s\u0103n\u0103tatea \u0219i \u00eengrijirea pielii. Nu numai c\u0103 este produs\u0103 de organism prin expunerea la lumina soarelui, dar se g\u0103se\u0219te \u0219i \u00een diverse produse de \u00eengrijire a pielii. Beneficiile vitaminei D pentru piele Consolidarea barierei &#8230; <a title=\"Vitamina D \u00een produsele de \u00eengrijire a pielii: O raz\u0103 de soare pentru pielea ta\" class=\"read-more\" href=\"https:\/\/thedermacheck.com\/ro\/vitamina-d-in-produsele-de-ingrijire-a-pielii-o-raza-de-soare-pentru-pielea-ta\/\" aria-label=\"Cite\u0219te mai multe despre Vitamina D \u00een produsele de \u00eengrijire a pielii: O raz\u0103 de soare pentru pielea ta\">Mehr erfahren<\/a><\/p>\n","protected":false},"author":2,"featured_media":0,"parent":0,"menu_order":0,"comment_status":"closed","ping_status":"closed","template":"","meta":{"_acf_changed":false,"_lmt_disableupdate":"","_lmt_disable":"","footnotes":""},"categories":[89],"tags":[],"class_list":{"0":"post-8596","1":"page","2":"type-page","3":"status-publish","5":"category-ingrediente"},"acf":[],"yoast_head":"<!-- This site is optimized with the Yoast SEO Premium plugin v25.7.1 (Yoast SEO v25.7) - https:\/\/yoast.com\/wordpress\/plugins\/seo\/ -->\n<title>Vitamina D \u00een produsele de \u00eengrijire a pielii: O raz\u0103 de soare pentru pielea ta | The Derma Check<\/title>\n<meta name=\"robots\" content=\"index, follow, max-snippet:-1, max-image-preview:large, max-video-preview:-1\" \/>\n<link rel=\"canonical\" href=\"https:\/\/thedermacheck.com\/ro\/vitamina-d-in-produsele-de-ingrijire-a-pielii-o-raza-de-soare-pentru-pielea-ta\/\" \/>\n<meta property=\"og:locale\" content=\"ro_RO\" \/>\n<meta property=\"og:type\" content=\"article\" \/>\n<meta property=\"og:title\" content=\"Vitamina D \u00een produsele de \u00eengrijire a pielii: O raz\u0103 de soare pentru pielea ta\" \/>\n<meta property=\"og:description\" content=\"VITAMINA D \u00ceN \u00ceNGRIJIREA PIELII Introducere: Ce este vitamina D? Vitamina D, cunoscut\u0103 ca &#8222;vitamina soarelui&#8221;, joac\u0103 un rol important \u00een s\u0103n\u0103tatea \u0219i \u00eengrijirea pielii. Nu numai c\u0103 este produs\u0103 de organism prin expunerea la lumina soarelui, dar se g\u0103se\u0219te \u0219i \u00een diverse produse de \u00eengrijire a pielii. Beneficiile vitaminei D pentru piele Consolidarea barierei ... Mehr erfahren\" \/>\n<meta property=\"og:url\" content=\"https:\/\/thedermacheck.com\/ro\/vitamina-d-in-produsele-de-ingrijire-a-pielii-o-raza-de-soare-pentru-pielea-ta\/\" \/>\n<meta property=\"og:site_name\" content=\"The Derma Check\" \/>\n<meta property=\"article:modified_time\" content=\"2024-09-04T14:51:18+00:00\" \/>\n<meta name=\"twitter:card\" content=\"summary_large_image\" \/>\n<meta name=\"twitter:label1\" content=\"Timp estimat pentru citire\" \/>\n\t<meta name=\"twitter:data1\" content=\"2 minute\" \/>\n<script type=\"application\/ld+json\" class=\"yoast-schema-graph\">{\"@context\":\"https:\/\/schema.org\",\"@graph\":[{\"@type\":\"WebPage\",\"@id\":\"https:\/\/thedermacheck.com\/ro\/vitamina-d-in-produsele-de-ingrijire-a-pielii-o-raza-de-soare-pentru-pielea-ta\/\",\"url\":\"https:\/\/thedermacheck.com\/ro\/vitamina-d-in-produsele-de-ingrijire-a-pielii-o-raza-de-soare-pentru-pielea-ta\/\",\"name\":\"Vitamina D \u00een produsele de \u00eengrijire a pielii: O raz\u0103 de soare pentru pielea ta | The Derma Check\",\"isPartOf\":{\"@id\":\"https:\/\/thedermacheck.com\/ro\/#website\"},\"datePublished\":\"2023-12-19T14:59:27+00:00\",\"dateModified\":\"2024-09-04T14:51:18+00:00\",\"breadcrumb\":{\"@id\":\"https:\/\/thedermacheck.com\/ro\/vitamina-d-in-produsele-de-ingrijire-a-pielii-o-raza-de-soare-pentru-pielea-ta\/#breadcrumb\"},\"inLanguage\":\"ro-RO\",\"potentialAction\":[{\"@type\":\"ReadAction\",\"target\":[\"https:\/\/thedermacheck.com\/ro\/vitamina-d-in-produsele-de-ingrijire-a-pielii-o-raza-de-soare-pentru-pielea-ta\/\"]}]},{\"@type\":\"BreadcrumbList\",\"@id\":\"https:\/\/thedermacheck.com\/ro\/vitamina-d-in-produsele-de-ingrijire-a-pielii-o-raza-de-soare-pentru-pielea-ta\/#breadcrumb\",\"itemListElement\":[{\"@type\":\"ListItem\",\"position\":1,\"name\":\"Derma Check\",\"item\":\"https:\/\/thedermacheck.com\/ro\/\"},{\"@type\":\"ListItem\",\"position\":2,\"name\":\"Vitamina D \u00een produsele de \u00eengrijire a pielii: O raz\u0103 de soare pentru pielea ta\"}]},{\"@type\":\"WebSite\",\"@id\":\"https:\/\/thedermacheck.com\/ro\/#website\",\"url\":\"https:\/\/thedermacheck.com\/ro\/\",\"name\":\"The Derma Check\",\"description\":\"\",\"publisher\":{\"@id\":\"https:\/\/thedermacheck.com\/ro\/#organization\"},\"potentialAction\":[{\"@type\":\"SearchAction\",\"target\":{\"@type\":\"EntryPoint\",\"urlTemplate\":\"https:\/\/thedermacheck.com\/ro\/?s={search_term_string}\"},\"query-input\":{\"@type\":\"PropertyValueSpecification\",\"valueRequired\":true,\"valueName\":\"search_term_string\"}}],\"inLanguage\":\"ro-RO\"},{\"@type\":\"Organization\",\"@id\":\"https:\/\/thedermacheck.com\/ro\/#organization\",\"name\":\"The Derma Check\",\"url\":\"https:\/\/thedermacheck.com\/ro\/\",\"logo\":{\"@type\":\"ImageObject\",\"inLanguage\":\"ro-RO\",\"@id\":\"https:\/\/thedermacheck.com\/ro\/#\/schema\/logo\/image\/\",\"url\":\"https:\/\/thedermacheck.com\/wp-content\/uploads\/2023\/10\/cropped-THE-DERMA-CHECK-FAVICON-NEW-1.png\",\"contentUrl\":\"https:\/\/thedermacheck.com\/wp-content\/uploads\/2023\/10\/cropped-THE-DERMA-CHECK-FAVICON-NEW-1.png\",\"width\":512,\"height\":512,\"caption\":\"The Derma Check\"},\"image\":{\"@id\":\"https:\/\/thedermacheck.com\/ro\/#\/schema\/logo\/image\/\"}}]}<\/script>\n<!-- \/ Yoast SEO Premium plugin. -->","yoast_head_json":{"title":"Vitamina D \u00een produsele de \u00eengrijire a pielii: O raz\u0103 de soare pentru pielea ta | The Derma Check","robots":{"index":"index","follow":"follow","max-snippet":"max-snippet:-1","max-image-preview":"max-image-preview:large","max-video-preview":"max-video-preview:-1"},"canonical":"https:\/\/thedermacheck.com\/ro\/vitamina-d-in-produsele-de-ingrijire-a-pielii-o-raza-de-soare-pentru-pielea-ta\/","og_locale":"ro_RO","og_type":"article","og_title":"Vitamina D \u00een produsele de \u00eengrijire a pielii: O raz\u0103 de soare pentru pielea ta","og_description":"VITAMINA D \u00ceN \u00ceNGRIJIREA PIELII Introducere: Ce este vitamina D? Vitamina D, cunoscut\u0103 ca &#8222;vitamina soarelui&#8221;, joac\u0103 un rol important \u00een s\u0103n\u0103tatea \u0219i \u00eengrijirea pielii. Nu numai c\u0103 este produs\u0103 de organism prin expunerea la lumina soarelui, dar se g\u0103se\u0219te \u0219i \u00een diverse produse de \u00eengrijire a pielii. Beneficiile vitaminei D pentru piele Consolidarea barierei ... Mehr erfahren","og_url":"https:\/\/thedermacheck.com\/ro\/vitamina-d-in-produsele-de-ingrijire-a-pielii-o-raza-de-soare-pentru-pielea-ta\/","og_site_name":"The Derma Check","article_modified_time":"2024-09-04T14:51:18+00:00","twitter_card":"summary_large_image","twitter_misc":{"Timp estimat pentru citire":"2 minute"},"schema":{"@context":"https:\/\/schema.org","@graph":[{"@type":"WebPage","@id":"https:\/\/thedermacheck.com\/ro\/vitamina-d-in-produsele-de-ingrijire-a-pielii-o-raza-de-soare-pentru-pielea-ta\/","url":"https:\/\/thedermacheck.com\/ro\/vitamina-d-in-produsele-de-ingrijire-a-pielii-o-raza-de-soare-pentru-pielea-ta\/","name":"Vitamina D \u00een produsele de \u00eengrijire a pielii: O raz\u0103 de soare pentru pielea ta | The Derma Check","isPartOf":{"@id":"https:\/\/thedermacheck.com\/ro\/#website"},"datePublished":"2023-12-19T14:59:27+00:00","dateModified":"2024-09-04T14:51:18+00:00","breadcrumb":{"@id":"https:\/\/thedermacheck.com\/ro\/vitamina-d-in-produsele-de-ingrijire-a-pielii-o-raza-de-soare-pentru-pielea-ta\/#breadcrumb"},"inLanguage":"ro-RO","potentialAction":[{"@type":"ReadAction","target":["https:\/\/thedermacheck.com\/ro\/vitamina-d-in-produsele-de-ingrijire-a-pielii-o-raza-de-soare-pentru-pielea-ta\/"]}]},{"@type":"BreadcrumbList","@id":"https:\/\/thedermacheck.com\/ro\/vitamina-d-in-produsele-de-ingrijire-a-pielii-o-raza-de-soare-pentru-pielea-ta\/#breadcrumb","itemListElement":[{"@type":"ListItem","position":1,"name":"Derma Check","item":"https:\/\/thedermacheck.com\/ro\/"},{"@type":"ListItem","position":2,"name":"Vitamina D \u00een produsele de \u00eengrijire a pielii: O raz\u0103 de soare pentru pielea ta"}]},{"@type":"WebSite","@id":"https:\/\/thedermacheck.com\/ro\/#website","url":"https:\/\/thedermacheck.com\/ro\/","name":"The Derma Check","description":"","publisher":{"@id":"https:\/\/thedermacheck.com\/ro\/#organization"},"potentialAction":[{"@type":"SearchAction","target":{"@type":"EntryPoint","urlTemplate":"https:\/\/thedermacheck.com\/ro\/?s={search_term_string}"},"query-input":{"@type":"PropertyValueSpecification","valueRequired":true,"valueName":"search_term_string"}}],"inLanguage":"ro-RO"},{"@type":"Organization","@id":"https:\/\/thedermacheck.com\/ro\/#organization","name":"The Derma Check","url":"https:\/\/thedermacheck.com\/ro\/","logo":{"@type":"ImageObject","inLanguage":"ro-RO","@id":"https:\/\/thedermacheck.com\/ro\/#\/schema\/logo\/image\/","url":"https:\/\/thedermacheck.com\/wp-content\/uploads\/2023\/10\/cropped-THE-DERMA-CHECK-FAVICON-NEW-1.png","contentUrl":"https:\/\/thedermacheck.com\/wp-content\/uploads\/2023\/10\/cropped-THE-DERMA-CHECK-FAVICON-NEW-1.png","width":512,"height":512,"caption":"The Derma Check"},"image":{"@id":"https:\/\/thedermacheck.com\/ro\/#\/schema\/logo\/image\/"}}]}},"_links":{"self":[{"href":"https:\/\/thedermacheck.com\/ro\/wp-json\/wp\/v2\/pages\/8596","targetHints":{"allow":["GET"]}}],"collection":[{"href":"https:\/\/thedermacheck.com\/ro\/wp-json\/wp\/v2\/pages"}],"about":[{"href":"https:\/\/thedermacheck.com\/ro\/wp-json\/wp\/v2\/types\/page"}],"author":[{"embeddable":true,"href":"https:\/\/thedermacheck.com\/ro\/wp-json\/wp\/v2\/users\/2"}],"replies":[{"embeddable":true,"href":"https:\/\/thedermacheck.com\/ro\/wp-json\/wp\/v2\/comments?post=8596"}],"version-history":[{"count":1,"href":"https:\/\/thedermacheck.com\/ro\/wp-json\/wp\/v2\/pages\/8596\/revisions"}],"predecessor-version":[{"id":8597,"href":"https:\/\/thedermacheck.com\/ro\/wp-json\/wp\/v2\/pages\/8596\/revisions\/8597"}],"wp:attachment":[{"href":"https:\/\/thedermacheck.com\/ro\/wp-json\/wp\/v2\/media?parent=8596"}],"wp:term":[{"taxonomy":"category","embeddable":true,"href":"https:\/\/thedermacheck.com\/ro\/wp-json\/wp\/v2\/categories?post=8596"},{"taxonomy":"post_tag","embeddable":true,"href":"https:\/\/thedermacheck.com\/ro\/wp-json\/wp\/v2\/tags?post=8596"}],"curies":[{"name":"wp","href":"https:\/\/api.w.org\/{rel}","templated":true}]}}