{"id":8608,"date":"2023-12-19T15:00:01","date_gmt":"2023-12-19T15:00:01","guid":{"rendered":"https:\/\/thedermacheck.com\/vitamina-e-in-produsele-de-ingrijire-a-pielii-un-scut-protector-puternic-pentru-pielea-ta\/"},"modified":"2024-09-04T14:51:40","modified_gmt":"2024-09-04T14:51:40","slug":"vitamina-e-in-produsele-de-ingrijire-a-pielii-un-scut-protector-puternic-pentru-pielea-ta","status":"publish","type":"page","link":"https:\/\/thedermacheck.com\/ro\/vitamina-e-in-produsele-de-ingrijire-a-pielii-un-scut-protector-puternic-pentru-pielea-ta\/","title":{"rendered":"Vitamina E \u00een produsele de \u00eengrijire a pielii: Un scut protector puternic pentru pielea ta"},"content":{"rendered":"\n<p><strong>VITAMINA E \u00ceN \u00ceNGRIJIREA PIELII<\/strong><\/p>\n\n<ul class=\"wp-block-list\">\n<li><strong>Tip de ingredient<\/strong>: Antioxidant<\/li>\n\n\n\n<li><strong>Principalele beneficii<\/strong>: protejeaz\u0103 \u00eempotriva radicalilor liberi, hidrateaz\u0103, \u00eembun\u0103t\u0103\u021be\u0219te elasticitatea pielii<\/li>\n\n\n\n<li><strong>Ideal pentru<\/strong>: Toate tipurile de piele, \u00een special pentru pielea uscat\u0103 sau matur\u0103<\/li>\n\n\n\n<li><strong>Frecven\u021ba de utilizare<\/strong>: zilnic, \u00een func\u021bie de formula produsului<\/li>\n\n\n\n<li><strong>Se combin\u0103 bine cu<\/strong>: Vitamina C, creme de protec\u021bie solar\u0103, ingrediente hidratante<\/li>\n\n\n\n<li><strong>A se evita cu<\/strong>: Piele foarte gras\u0103 sau cu tendin\u021b\u0103 acneic\u0103 \u00een concentra\u021bii mari<\/li>\n<\/ul>\n\n<h2 class=\"wp-block-heading\">Introducere: Ce este vitamina E?<\/h2>\n\n<p>Vitamina E, un antioxidant natural, este un ingredient popular \u00een multe produse de \u00eengrijire a pielii.\nEste cunoscut\u0103 pentru propriet\u0103\u021bile sale hidratante \u0219i pentru protec\u021bia sa \u00eempotriva daunelor produse de mediu. <\/p>\n\n<h3 class=\"wp-block-heading\">Beneficiile vitaminei E pentru piele<\/h3>\n\n<h4 class=\"wp-block-heading\">Protec\u021bie antioxidant\u0103<\/h4>\n\n<p>Vitamina E ajut\u0103 la protejarea pielii de daunele cauzate de radicalii liberi \u0219i de factorii de stres din mediu.<\/p>\n\n<h4 class=\"wp-block-heading\">Propriet\u0103\u021bi hidratante<\/h4>\n\n<p>Are un efect hidratant intensiv \u0219i este deosebit de benefic pentru tipurile de piele uscat\u0103.<\/p>\n\n<h4 class=\"wp-block-heading\">\u00cembun\u0103t\u0103\u021birea elasticit\u0103\u021bii pielii<\/h4>\n\n<p>Vitamina E sus\u021bine elasticitatea pielii \u0219i poate ajuta la reducerea liniilor fine \u0219i a ridurilor.<\/p>\n\n<h3 class=\"wp-block-heading\">Posibile efecte secundare ale vitaminei E<\/h3>\n\n<h4 class=\"wp-block-heading\">Reac\u021bii cutanate<\/h4>\n\n<p>Vitamina E poate provoca irita\u021bii ale pielii sau reac\u021bii alergice la unele persoane.<\/p>\n\n<h4 class=\"wp-block-heading\">Comedogenicitate<\/h4>\n\n<p>\u00cen concentra\u021bii mari, poate duce la \u00eenfundarea porilor pe pielea gras\u0103 sau predispus\u0103 la acnee.<\/p>\n\n<h2 class=\"wp-block-heading\">Utilizarea vitaminei E \u00een produsele de \u00eengrijire a pielii<\/h2>\n\n<h3 class=\"wp-block-heading\">Aplicarea corect\u0103<\/h3>\n\n<ul class=\"wp-block-list\">\n<li><strong>\u00cen combina\u021bie cu alte produse<\/strong>: Vitamina E se combin\u0103 bine cu alte produse de \u00eengrijire a pielii, \u00een special cu vitamina C, pentru o protec\u021bie antioxidant\u0103 sporit\u0103.<\/li>\n\n\n\n<li><strong>Ca parte a rutinei zilnice<\/strong>: Poate fi utilizat zilnic, ideal \u00een seruri, creme sau uleiuri.<\/li>\n<\/ul>\n\n<h3 class=\"wp-block-heading\">Cum s\u0103 nu o utiliza\u021bi<\/h3>\n\n<ul class=\"wp-block-list\">\n<li><strong>Nu \u00een concentra\u021bii mari pentru pielea gras\u0103<\/strong>: Persoanele cu pielea foarte gras\u0103 sau predispus\u0103 la acnee ar trebui s\u0103 evite produsele cu concentra\u021bii mari de vitamina E.<\/li>\n\n\n\n<li><strong>Nu \u00een combina\u021bie cu anumite ingrediente active<\/strong>: Evita\u021bi utilizarea concomitent\u0103 cu ingrediente care pot interac\u021biona cu vitamina E.<\/li>\n<\/ul>\n\n<h2 class=\"wp-block-heading\">\u00ceNTREB\u0102RI FRECVENTE<\/h2>\n\n<p><strong>1. Este vitamina E potrivit\u0103 pentru toate tipurile de piele?<\/strong>  Da, dar persoanele cu pielea foarte gras\u0103 sau predispus\u0103 la acnee trebuie s\u0103 fie atente.<\/p>\n\n<p><strong>2. Poate vitamina E s\u0103 repare leziunile provocate de soare?<\/strong>  Vitamina E poate ajuta la protejarea pielii de alte leziuni solare, dar nu \u00eenlocuie\u0219te protec\u021bia solar\u0103.<\/p>\n\n<p><strong>3 Cum ac\u021bioneaz\u0103 vitamina E \u00een combina\u021bie cu alte vitamine?<\/strong>  \u00cen combina\u021bie cu vitamina C, aceasta ofer\u0103 o protec\u021bie sporit\u0103 \u00eempotriva radicalilor liberi.<\/p>\n\n<h2 class=\"wp-block-heading\">Concluzie<\/h2>\n\n<p>Vitamina E este un ingredient versatil \u0219i eficient pentru \u00eengrijirea pielii, care ofer\u0103 numeroase beneficii, de la protec\u021bie antioxidant\u0103 la hidratare intens\u0103.\nO aplicare echilibrat\u0103, adaptat\u0103 tipului de piele \u0219i \u00een combina\u021bie cu alte ingrediente prietenoase cu pielea, poate \u00eembun\u0103t\u0103\u021bi semnificativ s\u0103n\u0103tatea \u0219i aspectul pielii. <\/p>\n","protected":false},"excerpt":{"rendered":"<p>VITAMINA E \u00ceN \u00ceNGRIJIREA PIELII Introducere: Ce este vitamina E? Vitamina E, un antioxidant natural, este un ingredient popular \u00een multe produse de \u00eengrijire a pielii. Este cunoscut\u0103 pentru propriet\u0103\u021bile sale hidratante \u0219i pentru protec\u021bia sa \u00eempotriva daunelor produse de mediu. Beneficiile vitaminei E pentru piele Protec\u021bie antioxidant\u0103 Vitamina E ajut\u0103 la protejarea pielii de &#8230; <a title=\"Vitamina E \u00een produsele de \u00eengrijire a pielii: Un scut protector puternic pentru pielea ta\" class=\"read-more\" href=\"https:\/\/thedermacheck.com\/ro\/vitamina-e-in-produsele-de-ingrijire-a-pielii-un-scut-protector-puternic-pentru-pielea-ta\/\" aria-label=\"Cite\u0219te mai multe despre Vitamina E \u00een produsele de \u00eengrijire a pielii: Un scut protector puternic pentru pielea ta\">Mehr erfahren<\/a><\/p>\n","protected":false},"author":2,"featured_media":0,"parent":0,"menu_order":0,"comment_status":"closed","ping_status":"closed","template":"","meta":{"_acf_changed":false,"_lmt_disableupdate":"","_lmt_disable":"","footnotes":""},"categories":[89],"tags":[],"class_list":{"0":"post-8608","1":"page","2":"type-page","3":"status-publish","5":"category-ingrediente"},"acf":[],"yoast_head":"<!-- This site is optimized with the Yoast SEO Premium plugin v25.7.1 (Yoast SEO v25.7) - https:\/\/yoast.com\/wordpress\/plugins\/seo\/ -->\n<title>Vitamina E \u00een produsele de \u00eengrijire a pielii: Un scut protector puternic pentru pielea ta | The Derma Check<\/title>\n<meta name=\"robots\" content=\"index, follow, max-snippet:-1, max-image-preview:large, max-video-preview:-1\" \/>\n<link rel=\"canonical\" href=\"https:\/\/thedermacheck.com\/ro\/vitamina-e-in-produsele-de-ingrijire-a-pielii-un-scut-protector-puternic-pentru-pielea-ta\/\" \/>\n<meta property=\"og:locale\" content=\"ro_RO\" \/>\n<meta property=\"og:type\" content=\"article\" \/>\n<meta property=\"og:title\" content=\"Vitamina E \u00een produsele de \u00eengrijire a pielii: Un scut protector puternic pentru pielea ta\" \/>\n<meta property=\"og:description\" content=\"VITAMINA E \u00ceN \u00ceNGRIJIREA PIELII Introducere: Ce este vitamina E? Vitamina E, un antioxidant natural, este un ingredient popular \u00een multe produse de \u00eengrijire a pielii. Este cunoscut\u0103 pentru propriet\u0103\u021bile sale hidratante \u0219i pentru protec\u021bia sa \u00eempotriva daunelor produse de mediu. Beneficiile vitaminei E pentru piele Protec\u021bie antioxidant\u0103 Vitamina E ajut\u0103 la protejarea pielii de ... Mehr erfahren\" \/>\n<meta property=\"og:url\" content=\"https:\/\/thedermacheck.com\/ro\/vitamina-e-in-produsele-de-ingrijire-a-pielii-un-scut-protector-puternic-pentru-pielea-ta\/\" \/>\n<meta property=\"og:site_name\" content=\"The Derma Check\" \/>\n<meta property=\"article:modified_time\" content=\"2024-09-04T14:51:40+00:00\" \/>\n<meta name=\"twitter:card\" content=\"summary_large_image\" \/>\n<meta name=\"twitter:label1\" content=\"Timp estimat pentru citire\" \/>\n\t<meta name=\"twitter:data1\" content=\"2 minute\" \/>\n<script type=\"application\/ld+json\" class=\"yoast-schema-graph\">{\"@context\":\"https:\/\/schema.org\",\"@graph\":[{\"@type\":\"WebPage\",\"@id\":\"https:\/\/thedermacheck.com\/ro\/vitamina-e-in-produsele-de-ingrijire-a-pielii-un-scut-protector-puternic-pentru-pielea-ta\/\",\"url\":\"https:\/\/thedermacheck.com\/ro\/vitamina-e-in-produsele-de-ingrijire-a-pielii-un-scut-protector-puternic-pentru-pielea-ta\/\",\"name\":\"Vitamina E \u00een produsele de \u00eengrijire a pielii: Un scut protector puternic pentru pielea ta | The Derma Check\",\"isPartOf\":{\"@id\":\"https:\/\/thedermacheck.com\/ro\/#website\"},\"datePublished\":\"2023-12-19T15:00:01+00:00\",\"dateModified\":\"2024-09-04T14:51:40+00:00\",\"breadcrumb\":{\"@id\":\"https:\/\/thedermacheck.com\/ro\/vitamina-e-in-produsele-de-ingrijire-a-pielii-un-scut-protector-puternic-pentru-pielea-ta\/#breadcrumb\"},\"inLanguage\":\"ro-RO\",\"potentialAction\":[{\"@type\":\"ReadAction\",\"target\":[\"https:\/\/thedermacheck.com\/ro\/vitamina-e-in-produsele-de-ingrijire-a-pielii-un-scut-protector-puternic-pentru-pielea-ta\/\"]}]},{\"@type\":\"BreadcrumbList\",\"@id\":\"https:\/\/thedermacheck.com\/ro\/vitamina-e-in-produsele-de-ingrijire-a-pielii-un-scut-protector-puternic-pentru-pielea-ta\/#breadcrumb\",\"itemListElement\":[{\"@type\":\"ListItem\",\"position\":1,\"name\":\"Derma Check\",\"item\":\"https:\/\/thedermacheck.com\/ro\/\"},{\"@type\":\"ListItem\",\"position\":2,\"name\":\"Vitamina E \u00een produsele de \u00eengrijire a pielii: Un scut protector puternic pentru pielea ta\"}]},{\"@type\":\"WebSite\",\"@id\":\"https:\/\/thedermacheck.com\/ro\/#website\",\"url\":\"https:\/\/thedermacheck.com\/ro\/\",\"name\":\"The Derma Check\",\"description\":\"\",\"publisher\":{\"@id\":\"https:\/\/thedermacheck.com\/ro\/#organization\"},\"potentialAction\":[{\"@type\":\"SearchAction\",\"target\":{\"@type\":\"EntryPoint\",\"urlTemplate\":\"https:\/\/thedermacheck.com\/ro\/?s={search_term_string}\"},\"query-input\":{\"@type\":\"PropertyValueSpecification\",\"valueRequired\":true,\"valueName\":\"search_term_string\"}}],\"inLanguage\":\"ro-RO\"},{\"@type\":\"Organization\",\"@id\":\"https:\/\/thedermacheck.com\/ro\/#organization\",\"name\":\"The Derma Check\",\"url\":\"https:\/\/thedermacheck.com\/ro\/\",\"logo\":{\"@type\":\"ImageObject\",\"inLanguage\":\"ro-RO\",\"@id\":\"https:\/\/thedermacheck.com\/ro\/#\/schema\/logo\/image\/\",\"url\":\"https:\/\/thedermacheck.com\/wp-content\/uploads\/2023\/10\/cropped-THE-DERMA-CHECK-FAVICON-NEW-1.png\",\"contentUrl\":\"https:\/\/thedermacheck.com\/wp-content\/uploads\/2023\/10\/cropped-THE-DERMA-CHECK-FAVICON-NEW-1.png\",\"width\":512,\"height\":512,\"caption\":\"The Derma Check\"},\"image\":{\"@id\":\"https:\/\/thedermacheck.com\/ro\/#\/schema\/logo\/image\/\"}}]}<\/script>\n<!-- \/ Yoast SEO Premium plugin. -->","yoast_head_json":{"title":"Vitamina E \u00een produsele de \u00eengrijire a pielii: Un scut protector puternic pentru pielea ta | The Derma Check","robots":{"index":"index","follow":"follow","max-snippet":"max-snippet:-1","max-image-preview":"max-image-preview:large","max-video-preview":"max-video-preview:-1"},"canonical":"https:\/\/thedermacheck.com\/ro\/vitamina-e-in-produsele-de-ingrijire-a-pielii-un-scut-protector-puternic-pentru-pielea-ta\/","og_locale":"ro_RO","og_type":"article","og_title":"Vitamina E \u00een produsele de \u00eengrijire a pielii: Un scut protector puternic pentru pielea ta","og_description":"VITAMINA E \u00ceN \u00ceNGRIJIREA PIELII Introducere: Ce este vitamina E? Vitamina E, un antioxidant natural, este un ingredient popular \u00een multe produse de \u00eengrijire a pielii. Este cunoscut\u0103 pentru propriet\u0103\u021bile sale hidratante \u0219i pentru protec\u021bia sa \u00eempotriva daunelor produse de mediu. Beneficiile vitaminei E pentru piele Protec\u021bie antioxidant\u0103 Vitamina E ajut\u0103 la protejarea pielii de ... Mehr erfahren","og_url":"https:\/\/thedermacheck.com\/ro\/vitamina-e-in-produsele-de-ingrijire-a-pielii-un-scut-protector-puternic-pentru-pielea-ta\/","og_site_name":"The Derma Check","article_modified_time":"2024-09-04T14:51:40+00:00","twitter_card":"summary_large_image","twitter_misc":{"Timp estimat pentru citire":"2 minute"},"schema":{"@context":"https:\/\/schema.org","@graph":[{"@type":"WebPage","@id":"https:\/\/thedermacheck.com\/ro\/vitamina-e-in-produsele-de-ingrijire-a-pielii-un-scut-protector-puternic-pentru-pielea-ta\/","url":"https:\/\/thedermacheck.com\/ro\/vitamina-e-in-produsele-de-ingrijire-a-pielii-un-scut-protector-puternic-pentru-pielea-ta\/","name":"Vitamina E \u00een produsele de \u00eengrijire a pielii: Un scut protector puternic pentru pielea ta | The Derma Check","isPartOf":{"@id":"https:\/\/thedermacheck.com\/ro\/#website"},"datePublished":"2023-12-19T15:00:01+00:00","dateModified":"2024-09-04T14:51:40+00:00","breadcrumb":{"@id":"https:\/\/thedermacheck.com\/ro\/vitamina-e-in-produsele-de-ingrijire-a-pielii-un-scut-protector-puternic-pentru-pielea-ta\/#breadcrumb"},"inLanguage":"ro-RO","potentialAction":[{"@type":"ReadAction","target":["https:\/\/thedermacheck.com\/ro\/vitamina-e-in-produsele-de-ingrijire-a-pielii-un-scut-protector-puternic-pentru-pielea-ta\/"]}]},{"@type":"BreadcrumbList","@id":"https:\/\/thedermacheck.com\/ro\/vitamina-e-in-produsele-de-ingrijire-a-pielii-un-scut-protector-puternic-pentru-pielea-ta\/#breadcrumb","itemListElement":[{"@type":"ListItem","position":1,"name":"Derma Check","item":"https:\/\/thedermacheck.com\/ro\/"},{"@type":"ListItem","position":2,"name":"Vitamina E \u00een produsele de \u00eengrijire a pielii: Un scut protector puternic pentru pielea ta"}]},{"@type":"WebSite","@id":"https:\/\/thedermacheck.com\/ro\/#website","url":"https:\/\/thedermacheck.com\/ro\/","name":"The Derma Check","description":"","publisher":{"@id":"https:\/\/thedermacheck.com\/ro\/#organization"},"potentialAction":[{"@type":"SearchAction","target":{"@type":"EntryPoint","urlTemplate":"https:\/\/thedermacheck.com\/ro\/?s={search_term_string}"},"query-input":{"@type":"PropertyValueSpecification","valueRequired":true,"valueName":"search_term_string"}}],"inLanguage":"ro-RO"},{"@type":"Organization","@id":"https:\/\/thedermacheck.com\/ro\/#organization","name":"The Derma Check","url":"https:\/\/thedermacheck.com\/ro\/","logo":{"@type":"ImageObject","inLanguage":"ro-RO","@id":"https:\/\/thedermacheck.com\/ro\/#\/schema\/logo\/image\/","url":"https:\/\/thedermacheck.com\/wp-content\/uploads\/2023\/10\/cropped-THE-DERMA-CHECK-FAVICON-NEW-1.png","contentUrl":"https:\/\/thedermacheck.com\/wp-content\/uploads\/2023\/10\/cropped-THE-DERMA-CHECK-FAVICON-NEW-1.png","width":512,"height":512,"caption":"The Derma Check"},"image":{"@id":"https:\/\/thedermacheck.com\/ro\/#\/schema\/logo\/image\/"}}]}},"_links":{"self":[{"href":"https:\/\/thedermacheck.com\/ro\/wp-json\/wp\/v2\/pages\/8608","targetHints":{"allow":["GET"]}}],"collection":[{"href":"https:\/\/thedermacheck.com\/ro\/wp-json\/wp\/v2\/pages"}],"about":[{"href":"https:\/\/thedermacheck.com\/ro\/wp-json\/wp\/v2\/types\/page"}],"author":[{"embeddable":true,"href":"https:\/\/thedermacheck.com\/ro\/wp-json\/wp\/v2\/users\/2"}],"replies":[{"embeddable":true,"href":"https:\/\/thedermacheck.com\/ro\/wp-json\/wp\/v2\/comments?post=8608"}],"version-history":[{"count":1,"href":"https:\/\/thedermacheck.com\/ro\/wp-json\/wp\/v2\/pages\/8608\/revisions"}],"predecessor-version":[{"id":8609,"href":"https:\/\/thedermacheck.com\/ro\/wp-json\/wp\/v2\/pages\/8608\/revisions\/8609"}],"wp:attachment":[{"href":"https:\/\/thedermacheck.com\/ro\/wp-json\/wp\/v2\/media?parent=8608"}],"wp:term":[{"taxonomy":"category","embeddable":true,"href":"https:\/\/thedermacheck.com\/ro\/wp-json\/wp\/v2\/categories?post=8608"},{"taxonomy":"post_tag","embeddable":true,"href":"https:\/\/thedermacheck.com\/ro\/wp-json\/wp\/v2\/tags?post=8608"}],"curies":[{"name":"wp","href":"https:\/\/api.w.org\/{rel}","templated":true}]}}