{"id":8614,"date":"2023-12-19T15:00:55","date_gmt":"2023-12-19T15:00:55","guid":{"rendered":"https:\/\/thedermacheck.com\/zincul-in-produsele-de-ingrijire-a-pielii-un-mineral-cu-beneficii-versatile-pentru-piele\/"},"modified":"2024-09-04T14:51:40","modified_gmt":"2024-09-04T14:51:40","slug":"zincul-in-produsele-de-ingrijire-a-pielii-un-mineral-cu-beneficii-versatile-pentru-piele","status":"publish","type":"page","link":"https:\/\/thedermacheck.com\/ro\/zincul-in-produsele-de-ingrijire-a-pielii-un-mineral-cu-beneficii-versatile-pentru-piele\/","title":{"rendered":"Zincul \u00een produsele de \u00eengrijire a pielii: Un mineral cu beneficii versatile pentru piele"},"content":{"rendered":"\n<p><strong>ZINC \u00ceN \u00ceNGRIJIREA PIELII<\/strong><\/p>\n\n<ul class=\"wp-block-list\">\n<li><strong>Tip de ingredient<\/strong>: Mineral<\/li>\n\n\n\n<li><strong>Principalele beneficii<\/strong>: Combate acneea, are un efect antiinflamator, protejeaz\u0103 \u00eempotriva razelor UV<\/li>\n\n\n\n<li><strong>Ideal pentru<\/strong>: Piele predispus\u0103 la acnee, piele inflamat\u0103, ca protec\u021bie solar\u0103<\/li>\n\n\n\n<li><strong>Frecven\u021ba de utilizare<\/strong>: zilnic, \u00een func\u021bie de formula produsului<\/li>\n\n\n\n<li><strong>Se combin\u0103 bine cu<\/strong>: Alte ingrediente calmante \u0219i reparatoare<\/li>\n\n\n\n<li><strong>A se evita \u00een caz de<\/strong>: Hipersensibilitate la zinc<\/li>\n<\/ul>\n\n<h2 class=\"wp-block-heading\">Introducere: Ce este zincul?<\/h2>\n\n<p>Zincul, un mineral esen\u021bial prezent \u00een corpul nostru \u0219i \u00een p\u0103m\u00e2nt, este un ingredient important \u00een multe produse de \u00eengrijire a pielii.\nAcesta este cunoscut pentru propriet\u0103\u021bile sale vindec\u0103toare, protectoare \u0219i antiinflamatoare. <\/p>\n\n<h3 class=\"wp-block-heading\">Beneficiile zincului pentru piele<\/h3>\n\n<h4 class=\"wp-block-heading\">Controlul acneei<\/h4>\n\n<p>Zincul are un efect antibacterian \u0219i, prin urmare, poate ajuta la combaterea acneei.<\/p>\n\n<h4 class=\"wp-block-heading\">Antiinflamator<\/h4>\n\n<p>Calmeaz\u0103 pielea \u0219i poate ameliora inflama\u021bia \u0219i ro\u0219ea\u021ba.<\/p>\n\n<h4 class=\"wp-block-heading\">Protec\u021bie solar\u0103<\/h4>\n\n<p>Ca ingredient \u00een cremele solare fizice, zincul protejeaz\u0103 pielea de razele UVA \u0219i UVB.<\/p>\n\n<h3 class=\"wp-block-heading\">Posibile efecte secundare ale zincului<\/h3>\n\n<h4 class=\"wp-block-heading\">Usc\u0103ciune \u0219i irita\u021bie<\/h4>\n\n<p>\u00cen cazuri rare, pot ap\u0103rea usc\u0103ciuni \u0219i irita\u021bii, \u00een special dac\u0103 concentra\u021bia este prea mare.<\/p>\n\n<h4 class=\"wp-block-heading\">Reziduuri albicioase<\/h4>\n\n<p>Cremele solare care con\u021bin zinc pot l\u0103sa o pelicul\u0103 alb\u0103 pe piele.<\/p>\n\n<h2 class=\"wp-block-heading\">Utilizarea zincului \u00een produsele de \u00eengrijire a pielii<\/h2>\n\n<h3 class=\"wp-block-heading\">Aplicarea corect\u0103<\/h3>\n\n<ul class=\"wp-block-list\">\n<li><strong>Ca parte a rutinei zilnice de \u00eengrijire a pielii<\/strong>: Utiliza\u021bi zilnic produse care con\u021bin zinc, \u00een special pentru pielea predispus\u0103 la acnee.<\/li>\n\n\n\n<li><strong>Pentru protec\u021bie solar\u0103<\/strong>: Alege\u021bi creme solare cu oxid de zinc pentru o protec\u021bie UV eficient\u0103.<\/li>\n<\/ul>\n\n<h3 class=\"wp-block-heading\">Cum s\u0103 nu o utiliza\u021bi<\/h3>\n\n<ul class=\"wp-block-list\">\n<li><strong>A se evita \u00een caz de hipersensibilitate<\/strong>: Persoanele cu hipersensibilitate cunoscut\u0103 la zinc trebuie s\u0103 evite produsele corespunz\u0103toare.<\/li>\n\n\n\n<li><strong>Nu utiliza\u021bi \u00een concentra\u021bii prea mari<\/strong>: Pentru a evita uscarea \u0219i iritarea, zincul nu trebuie utilizat \u00een concentra\u021bii prea mari.<\/li>\n<\/ul>\n\n<h2 class=\"wp-block-heading\">\u00ceNTREB\u0102RI FRECVENTE<\/h2>\n\n<p><strong>1. Zincul este potrivit pentru toate tipurile de piele?<\/strong>  Da, zincul este potrivit pentru aproape toate tipurile de piele, \u00een special pentru pielea sensibil\u0103 \u0219i predispus\u0103 la acnee.<\/p>\n\n<p><strong>2. Poate zincul s\u0103 previn\u0103 arsurile solare?<\/strong>  Da, ca ingredient \u00een cremele solare, zincul poate proteja eficient \u00eempotriva arsurilor solare.<\/p>\n\n<p><strong>3. Cum func\u021bioneaz\u0103 zincul \u00een combina\u021bie cu alte ingrediente?<\/strong>  Zincul func\u021bioneaz\u0103 bine \u00een combina\u021bie cu alte ingrediente calmante \u0219i reparatoare \u0219i le poten\u021beaz\u0103 efectele pozitive.<\/p>\n\n<h2 class=\"wp-block-heading\">Concluzie<\/h2>\n\n<p>Zincul este un mineral versatil \u0219i eficient \u00een \u00eengrijirea pielii, oferind at\u00e2t propriet\u0103\u021bi de protec\u021bie, c\u00e2t \u0219i de vindecare.\nEste deosebit de util pentru cei cu piele predispus\u0103 la acnee sau inflamat\u0103 \u0219i ca protec\u021bie solar\u0103 sigur\u0103 \u0219i eficient\u0103.\nAplicarea \u0219i dozarea corespunz\u0103toare sunt esen\u021biale pentru ob\u021binerea celor mai bune rezultate \u0219i promovarea s\u0103n\u0103t\u0103\u021bii pielii.  <\/p>\n","protected":false},"excerpt":{"rendered":"<p>ZINC \u00ceN \u00ceNGRIJIREA PIELII Introducere: Ce este zincul? Zincul, un mineral esen\u021bial prezent \u00een corpul nostru \u0219i \u00een p\u0103m\u00e2nt, este un ingredient important \u00een multe produse de \u00eengrijire a pielii. Acesta este cunoscut pentru propriet\u0103\u021bile sale vindec\u0103toare, protectoare \u0219i antiinflamatoare. Beneficiile zincului pentru piele Controlul acneei Zincul are un efect antibacterian \u0219i, prin urmare, poate &#8230; <a title=\"Zincul \u00een produsele de \u00eengrijire a pielii: Un mineral cu beneficii versatile pentru piele\" class=\"read-more\" href=\"https:\/\/thedermacheck.com\/ro\/zincul-in-produsele-de-ingrijire-a-pielii-un-mineral-cu-beneficii-versatile-pentru-piele\/\" aria-label=\"Cite\u0219te mai multe despre Zincul \u00een produsele de \u00eengrijire a pielii: Un mineral cu beneficii versatile pentru piele\">Mehr erfahren<\/a><\/p>\n","protected":false},"author":2,"featured_media":0,"parent":0,"menu_order":0,"comment_status":"closed","ping_status":"closed","template":"","meta":{"_acf_changed":false,"_lmt_disableupdate":"","_lmt_disable":"","footnotes":""},"categories":[89],"tags":[],"class_list":{"0":"post-8614","1":"page","2":"type-page","3":"status-publish","5":"category-ingrediente"},"acf":[],"yoast_head":"<!-- This site is optimized with the Yoast SEO Premium plugin v25.7.1 (Yoast SEO v25.7) - https:\/\/yoast.com\/wordpress\/plugins\/seo\/ -->\n<title>Zincul \u00een produsele de \u00eengrijire a pielii: Un mineral cu beneficii versatile pentru piele | The Derma Check<\/title>\n<meta name=\"robots\" content=\"index, follow, max-snippet:-1, max-image-preview:large, max-video-preview:-1\" \/>\n<link rel=\"canonical\" href=\"https:\/\/thedermacheck.com\/ro\/zincul-in-produsele-de-ingrijire-a-pielii-un-mineral-cu-beneficii-versatile-pentru-piele\/\" \/>\n<meta property=\"og:locale\" content=\"ro_RO\" \/>\n<meta property=\"og:type\" content=\"article\" \/>\n<meta property=\"og:title\" content=\"Zincul \u00een produsele de \u00eengrijire a pielii: Un mineral cu beneficii versatile pentru piele\" \/>\n<meta property=\"og:description\" content=\"ZINC \u00ceN \u00ceNGRIJIREA PIELII Introducere: Ce este zincul? Zincul, un mineral esen\u021bial prezent \u00een corpul nostru \u0219i \u00een p\u0103m\u00e2nt, este un ingredient important \u00een multe produse de \u00eengrijire a pielii. Acesta este cunoscut pentru propriet\u0103\u021bile sale vindec\u0103toare, protectoare \u0219i antiinflamatoare. Beneficiile zincului pentru piele Controlul acneei Zincul are un efect antibacterian \u0219i, prin urmare, poate ... Mehr erfahren\" \/>\n<meta property=\"og:url\" content=\"https:\/\/thedermacheck.com\/ro\/zincul-in-produsele-de-ingrijire-a-pielii-un-mineral-cu-beneficii-versatile-pentru-piele\/\" \/>\n<meta property=\"og:site_name\" content=\"The Derma Check\" \/>\n<meta property=\"article:modified_time\" content=\"2024-09-04T14:51:40+00:00\" \/>\n<meta name=\"twitter:card\" content=\"summary_large_image\" \/>\n<meta name=\"twitter:label1\" content=\"Timp estimat pentru citire\" \/>\n\t<meta name=\"twitter:data1\" content=\"2 minute\" \/>\n<script type=\"application\/ld+json\" class=\"yoast-schema-graph\">{\"@context\":\"https:\/\/schema.org\",\"@graph\":[{\"@type\":\"WebPage\",\"@id\":\"https:\/\/thedermacheck.com\/ro\/zincul-in-produsele-de-ingrijire-a-pielii-un-mineral-cu-beneficii-versatile-pentru-piele\/\",\"url\":\"https:\/\/thedermacheck.com\/ro\/zincul-in-produsele-de-ingrijire-a-pielii-un-mineral-cu-beneficii-versatile-pentru-piele\/\",\"name\":\"Zincul \u00een produsele de \u00eengrijire a pielii: Un mineral cu beneficii versatile pentru piele | The Derma Check\",\"isPartOf\":{\"@id\":\"https:\/\/thedermacheck.com\/ro\/#website\"},\"datePublished\":\"2023-12-19T15:00:55+00:00\",\"dateModified\":\"2024-09-04T14:51:40+00:00\",\"breadcrumb\":{\"@id\":\"https:\/\/thedermacheck.com\/ro\/zincul-in-produsele-de-ingrijire-a-pielii-un-mineral-cu-beneficii-versatile-pentru-piele\/#breadcrumb\"},\"inLanguage\":\"ro-RO\",\"potentialAction\":[{\"@type\":\"ReadAction\",\"target\":[\"https:\/\/thedermacheck.com\/ro\/zincul-in-produsele-de-ingrijire-a-pielii-un-mineral-cu-beneficii-versatile-pentru-piele\/\"]}]},{\"@type\":\"BreadcrumbList\",\"@id\":\"https:\/\/thedermacheck.com\/ro\/zincul-in-produsele-de-ingrijire-a-pielii-un-mineral-cu-beneficii-versatile-pentru-piele\/#breadcrumb\",\"itemListElement\":[{\"@type\":\"ListItem\",\"position\":1,\"name\":\"Derma Check\",\"item\":\"https:\/\/thedermacheck.com\/ro\/\"},{\"@type\":\"ListItem\",\"position\":2,\"name\":\"Zincul \u00een produsele de \u00eengrijire a pielii: Un mineral cu beneficii versatile pentru piele\"}]},{\"@type\":\"WebSite\",\"@id\":\"https:\/\/thedermacheck.com\/ro\/#website\",\"url\":\"https:\/\/thedermacheck.com\/ro\/\",\"name\":\"The Derma Check\",\"description\":\"\",\"publisher\":{\"@id\":\"https:\/\/thedermacheck.com\/ro\/#organization\"},\"potentialAction\":[{\"@type\":\"SearchAction\",\"target\":{\"@type\":\"EntryPoint\",\"urlTemplate\":\"https:\/\/thedermacheck.com\/ro\/?s={search_term_string}\"},\"query-input\":{\"@type\":\"PropertyValueSpecification\",\"valueRequired\":true,\"valueName\":\"search_term_string\"}}],\"inLanguage\":\"ro-RO\"},{\"@type\":\"Organization\",\"@id\":\"https:\/\/thedermacheck.com\/ro\/#organization\",\"name\":\"The Derma Check\",\"url\":\"https:\/\/thedermacheck.com\/ro\/\",\"logo\":{\"@type\":\"ImageObject\",\"inLanguage\":\"ro-RO\",\"@id\":\"https:\/\/thedermacheck.com\/ro\/#\/schema\/logo\/image\/\",\"url\":\"https:\/\/thedermacheck.com\/wp-content\/uploads\/2023\/10\/cropped-THE-DERMA-CHECK-FAVICON-NEW-1.png\",\"contentUrl\":\"https:\/\/thedermacheck.com\/wp-content\/uploads\/2023\/10\/cropped-THE-DERMA-CHECK-FAVICON-NEW-1.png\",\"width\":512,\"height\":512,\"caption\":\"The Derma Check\"},\"image\":{\"@id\":\"https:\/\/thedermacheck.com\/ro\/#\/schema\/logo\/image\/\"}}]}<\/script>\n<!-- \/ Yoast SEO Premium plugin. -->","yoast_head_json":{"title":"Zincul \u00een produsele de \u00eengrijire a pielii: Un mineral cu beneficii versatile pentru piele | The Derma Check","robots":{"index":"index","follow":"follow","max-snippet":"max-snippet:-1","max-image-preview":"max-image-preview:large","max-video-preview":"max-video-preview:-1"},"canonical":"https:\/\/thedermacheck.com\/ro\/zincul-in-produsele-de-ingrijire-a-pielii-un-mineral-cu-beneficii-versatile-pentru-piele\/","og_locale":"ro_RO","og_type":"article","og_title":"Zincul \u00een produsele de \u00eengrijire a pielii: Un mineral cu beneficii versatile pentru piele","og_description":"ZINC \u00ceN \u00ceNGRIJIREA PIELII Introducere: Ce este zincul? Zincul, un mineral esen\u021bial prezent \u00een corpul nostru \u0219i \u00een p\u0103m\u00e2nt, este un ingredient important \u00een multe produse de \u00eengrijire a pielii. Acesta este cunoscut pentru propriet\u0103\u021bile sale vindec\u0103toare, protectoare \u0219i antiinflamatoare. Beneficiile zincului pentru piele Controlul acneei Zincul are un efect antibacterian \u0219i, prin urmare, poate ... Mehr erfahren","og_url":"https:\/\/thedermacheck.com\/ro\/zincul-in-produsele-de-ingrijire-a-pielii-un-mineral-cu-beneficii-versatile-pentru-piele\/","og_site_name":"The Derma Check","article_modified_time":"2024-09-04T14:51:40+00:00","twitter_card":"summary_large_image","twitter_misc":{"Timp estimat pentru citire":"2 minute"},"schema":{"@context":"https:\/\/schema.org","@graph":[{"@type":"WebPage","@id":"https:\/\/thedermacheck.com\/ro\/zincul-in-produsele-de-ingrijire-a-pielii-un-mineral-cu-beneficii-versatile-pentru-piele\/","url":"https:\/\/thedermacheck.com\/ro\/zincul-in-produsele-de-ingrijire-a-pielii-un-mineral-cu-beneficii-versatile-pentru-piele\/","name":"Zincul \u00een produsele de \u00eengrijire a pielii: Un mineral cu beneficii versatile pentru piele | The Derma Check","isPartOf":{"@id":"https:\/\/thedermacheck.com\/ro\/#website"},"datePublished":"2023-12-19T15:00:55+00:00","dateModified":"2024-09-04T14:51:40+00:00","breadcrumb":{"@id":"https:\/\/thedermacheck.com\/ro\/zincul-in-produsele-de-ingrijire-a-pielii-un-mineral-cu-beneficii-versatile-pentru-piele\/#breadcrumb"},"inLanguage":"ro-RO","potentialAction":[{"@type":"ReadAction","target":["https:\/\/thedermacheck.com\/ro\/zincul-in-produsele-de-ingrijire-a-pielii-un-mineral-cu-beneficii-versatile-pentru-piele\/"]}]},{"@type":"BreadcrumbList","@id":"https:\/\/thedermacheck.com\/ro\/zincul-in-produsele-de-ingrijire-a-pielii-un-mineral-cu-beneficii-versatile-pentru-piele\/#breadcrumb","itemListElement":[{"@type":"ListItem","position":1,"name":"Derma Check","item":"https:\/\/thedermacheck.com\/ro\/"},{"@type":"ListItem","position":2,"name":"Zincul \u00een produsele de \u00eengrijire a pielii: Un mineral cu beneficii versatile pentru piele"}]},{"@type":"WebSite","@id":"https:\/\/thedermacheck.com\/ro\/#website","url":"https:\/\/thedermacheck.com\/ro\/","name":"The Derma Check","description":"","publisher":{"@id":"https:\/\/thedermacheck.com\/ro\/#organization"},"potentialAction":[{"@type":"SearchAction","target":{"@type":"EntryPoint","urlTemplate":"https:\/\/thedermacheck.com\/ro\/?s={search_term_string}"},"query-input":{"@type":"PropertyValueSpecification","valueRequired":true,"valueName":"search_term_string"}}],"inLanguage":"ro-RO"},{"@type":"Organization","@id":"https:\/\/thedermacheck.com\/ro\/#organization","name":"The Derma Check","url":"https:\/\/thedermacheck.com\/ro\/","logo":{"@type":"ImageObject","inLanguage":"ro-RO","@id":"https:\/\/thedermacheck.com\/ro\/#\/schema\/logo\/image\/","url":"https:\/\/thedermacheck.com\/wp-content\/uploads\/2023\/10\/cropped-THE-DERMA-CHECK-FAVICON-NEW-1.png","contentUrl":"https:\/\/thedermacheck.com\/wp-content\/uploads\/2023\/10\/cropped-THE-DERMA-CHECK-FAVICON-NEW-1.png","width":512,"height":512,"caption":"The Derma Check"},"image":{"@id":"https:\/\/thedermacheck.com\/ro\/#\/schema\/logo\/image\/"}}]}},"_links":{"self":[{"href":"https:\/\/thedermacheck.com\/ro\/wp-json\/wp\/v2\/pages\/8614","targetHints":{"allow":["GET"]}}],"collection":[{"href":"https:\/\/thedermacheck.com\/ro\/wp-json\/wp\/v2\/pages"}],"about":[{"href":"https:\/\/thedermacheck.com\/ro\/wp-json\/wp\/v2\/types\/page"}],"author":[{"embeddable":true,"href":"https:\/\/thedermacheck.com\/ro\/wp-json\/wp\/v2\/users\/2"}],"replies":[{"embeddable":true,"href":"https:\/\/thedermacheck.com\/ro\/wp-json\/wp\/v2\/comments?post=8614"}],"version-history":[{"count":1,"href":"https:\/\/thedermacheck.com\/ro\/wp-json\/wp\/v2\/pages\/8614\/revisions"}],"predecessor-version":[{"id":8615,"href":"https:\/\/thedermacheck.com\/ro\/wp-json\/wp\/v2\/pages\/8614\/revisions\/8615"}],"wp:attachment":[{"href":"https:\/\/thedermacheck.com\/ro\/wp-json\/wp\/v2\/media?parent=8614"}],"wp:term":[{"taxonomy":"category","embeddable":true,"href":"https:\/\/thedermacheck.com\/ro\/wp-json\/wp\/v2\/categories?post=8614"},{"taxonomy":"post_tag","embeddable":true,"href":"https:\/\/thedermacheck.com\/ro\/wp-json\/wp\/v2\/tags?post=8614"}],"curies":[{"name":"wp","href":"https:\/\/api.w.org\/{rel}","templated":true}]}}