{"id":8618,"date":"2023-12-19T13:24:50","date_gmt":"2023-12-19T13:24:50","guid":{"rendered":"https:\/\/thedermacheck.com\/desitin-in-produsele-de-ingrijire-a-pielii-un-ajutor-de-incredere-pentru-pielea-sensibila\/"},"modified":"2024-09-04T14:51:54","modified_gmt":"2024-09-04T14:51:54","slug":"desitin-in-produsele-de-ingrijire-a-pielii-un-ajutor-de-incredere-pentru-pielea-sensibila","status":"publish","type":"page","link":"https:\/\/thedermacheck.com\/ro\/desitin-in-produsele-de-ingrijire-a-pielii-un-ajutor-de-incredere-pentru-pielea-sensibila\/","title":{"rendered":"Desitin \u00een produsele de \u00eengrijire a pielii: Un ajutor de \u00eencredere pentru pielea sensibil\u0103"},"content":{"rendered":"\n<p><strong>Desitin \u00een \u00eengrijirea pielii<\/strong><\/p>\n\n<ul class=\"wp-block-list\">\n<li><strong>Tip de ingredient:<\/strong> Crem\u0103 de protec\u021bie a pielii<\/li>\n\n\n\n<li><strong>Beneficii principale:<\/strong> Protec\u021bie \u0219i ameliorare pentru irita\u021bia fesier\u0103, piele uscat\u0103 \u0219i iritat\u0103<\/li>\n\n\n\n<li><strong>Ideal pentru:<\/strong> Bebelu\u0219i, copii, persoane cu piele sensibil\u0103<\/li>\n\n\n\n<li><strong>Frecven\u021ba de utilizare:<\/strong> Dup\u0103 cum este necesar, \u00een special la fiecare schimbare a scutecului<\/li>\n\n\n\n<li><strong>Se combin\u0103 cu:<\/strong> Produse bl\u00e2nde de \u00eengrijire a pielii<\/li>\n\n\n\n<li><strong>A nu se utiliza cu:<\/strong> Produse de \u00eengrijire a pielii puternic parfumate sau iritante<\/li>\n<\/ul>\n\n<hr class=\"wp-block-separator has-alpha-channel-opacity\"\/>\n\n<h3 class=\"wp-block-heading\"><strong>Ce este Desitin?<\/strong><\/h3>\n\n<p>Desitin este o marc\u0103 binecunoscut\u0103 de crem\u0103 de protec\u021bie a pielii, utilizat\u0103 \u00een principal pentru tratarea \u0219i prevenirea eritemului fesier la bebelu\u0219i.\nAceasta con\u021bine oxid de zinc, care formeaz\u0103 o barier\u0103 protectoare pe piele \u0219i, \u00een acela\u0219i timp, \u021bine umezeala afar\u0103. <\/p>\n\n<h3 class=\"wp-block-heading\"><strong>Beneficiile Desitin pentru piele<\/strong><\/h3>\n\n<ul class=\"wp-block-list\">\n<li><strong>Protec\u021bie \u00eempotriva irita\u021biilor cauzate de scutece:<\/strong> Desitin formeaz\u0103 un strat protector care protejeaz\u0103 pielea sensibil\u0103 a bebelu\u0219ilor de umezeala \u0219i substan\u021bele iritante din scutece<strong>.<\/strong> <\/li>\n\n\n\n<li><strong>Alinare pentru irita\u021biile pielii:<\/strong> Crema poate fi utilizat\u0103 pentru a ameliora m\u00e2nc\u0103rimea \u0219i ro\u0219ea\u021ba cauzate de diverse irita\u021bii ale pielii.<\/li>\n\n\n\n<li><strong>Respinge umezeala:<\/strong> Oxidul de zinc din Desitin are un efect de respingere a umezelii \u0219i men\u021bine pielea uscat\u0103.<\/li>\n<\/ul>\n\n<h3 class=\"wp-block-heading\"><strong>Posibile efecte secundare<\/strong><\/h3>\n\n<p>Desitin este \u00een general sigur \u0219i bine tolerat.\nCu toate acestea, \u00een cazuri rare, pot ap\u0103rea irita\u021bii cutanate sau reac\u021bii alergice.\nDac\u0103 apare ro\u0219ea\u021b\u0103 sau m\u00e2nc\u0103rime, produsul trebuie \u00eentrerupt.  <\/p>\n\n<h3 class=\"wp-block-heading\"><strong>Recomand\u0103ri de aplicare<\/strong><\/h3>\n\n<p>Desitin trebuie aplicat \u00eentr-un strat sub\u021bire pe zona afectat\u0103 a pielii.\nEste deosebit de important s\u0103 cur\u0103\u021ba\u021bi \u0219i s\u0103 usca\u021bi pielea \u00een prealabil.\nPentru bebelu\u0219i, crema trebuie reaplicat\u0103 la fiecare schimbare de scutec.  <\/p>\n\n<h3 class=\"wp-block-heading\"><strong>Cum s\u0103 nu o utiliza\u021bi<\/strong><\/h3>\n\n<p>Desitin nu trebuie utilizat pe r\u0103ni deschise sau zone ale pielii puternic inflamate.\nDe asemenea, este important s\u0103 nu combina\u021bi crema cu produse de \u00eengrijire a pielii puternic parfumate sau poten\u021bial iritante. <\/p>\n\n<h3 class=\"wp-block-heading\"><strong>\u00ceNTREB\u0102RI FRECVENTE<\/strong><\/h3>\n\n<p><strong>1. Desitin este potrivit doar pentru bebelu\u0219i?<\/strong>  Nu, Desitin poate fi folosit \u0219i de adul\u021bi pentru irita\u021biile pielii.<\/p>\n\n<p><strong>2. Desitin poate ajuta la acnee?<\/strong>  Desitin nu este destinat pentru tratamentul acneei \u0219i nu trebuie utilizat \u00een acest scop.<\/p>\n\n<p><strong>3 C\u00e2t de des poate fi utilizat Desitin?<\/strong>  Desitin poate fi aplicat la fiecare schimbare de scutec sau la nevoie.<\/p>\n\n<h3 class=\"wp-block-heading\"><strong>Concluzie<\/strong><\/h3>\n\n<p>Desitin este o solu\u021bie eficient\u0103 \u0219i sigur\u0103 pentru tratamentul eritemului fesier \u0219i al altor irita\u021bii ale pielii.\nPrin crearea unei bariere protectoare, acesta ajut\u0103 la calmarea \u0219i protejarea pielii sensibile.\nAplicarea corect\u0103 \u0219i evitarea combina\u021biilor cu produse iritante sunt esen\u021biale pentru a profita la maximum de acest produs dovedit pentru \u00eengrijirea pielii.  <\/p>\n","protected":false},"excerpt":{"rendered":"<p>Desitin \u00een \u00eengrijirea pielii Ce este Desitin? Desitin este o marc\u0103 binecunoscut\u0103 de crem\u0103 de protec\u021bie a pielii, utilizat\u0103 \u00een principal pentru tratarea \u0219i prevenirea eritemului fesier la bebelu\u0219i. Aceasta con\u021bine oxid de zinc, care formeaz\u0103 o barier\u0103 protectoare pe piele \u0219i, \u00een acela\u0219i timp, \u021bine umezeala afar\u0103. Beneficiile Desitin pentru piele Posibile efecte secundare &#8230; <a title=\"Desitin \u00een produsele de \u00eengrijire a pielii: Un ajutor de \u00eencredere pentru pielea sensibil\u0103\" class=\"read-more\" href=\"https:\/\/thedermacheck.com\/ro\/desitin-in-produsele-de-ingrijire-a-pielii-un-ajutor-de-incredere-pentru-pielea-sensibila\/\" aria-label=\"Cite\u0219te mai multe despre Desitin \u00een produsele de \u00eengrijire a pielii: Un ajutor de \u00eencredere pentru pielea sensibil\u0103\">Mehr erfahren<\/a><\/p>\n","protected":false},"author":2,"featured_media":0,"parent":0,"menu_order":0,"comment_status":"closed","ping_status":"closed","template":"","meta":{"_acf_changed":false,"_lmt_disableupdate":"","_lmt_disable":"","footnotes":""},"categories":[89],"tags":[],"class_list":{"0":"post-8618","1":"page","2":"type-page","3":"status-publish","5":"category-ingrediente"},"acf":[],"yoast_head":"<!-- This site is optimized with the Yoast SEO Premium plugin v25.7.1 (Yoast SEO v25.7) - https:\/\/yoast.com\/wordpress\/plugins\/seo\/ -->\n<title>Desitin \u00een produsele de \u00eengrijire a pielii: Un ajutor de \u00eencredere pentru pielea sensibil\u0103 | The Derma Check<\/title>\n<meta name=\"robots\" content=\"index, follow, max-snippet:-1, max-image-preview:large, max-video-preview:-1\" \/>\n<link rel=\"canonical\" href=\"https:\/\/thedermacheck.com\/ro\/desitin-in-produsele-de-ingrijire-a-pielii-un-ajutor-de-incredere-pentru-pielea-sensibila\/\" \/>\n<meta property=\"og:locale\" content=\"ro_RO\" \/>\n<meta property=\"og:type\" content=\"article\" \/>\n<meta property=\"og:title\" content=\"Desitin \u00een produsele de \u00eengrijire a pielii: Un ajutor de \u00eencredere pentru pielea sensibil\u0103\" \/>\n<meta property=\"og:description\" content=\"Desitin \u00een \u00eengrijirea pielii Ce este Desitin? Desitin este o marc\u0103 binecunoscut\u0103 de crem\u0103 de protec\u021bie a pielii, utilizat\u0103 \u00een principal pentru tratarea \u0219i prevenirea eritemului fesier la bebelu\u0219i. Aceasta con\u021bine oxid de zinc, care formeaz\u0103 o barier\u0103 protectoare pe piele \u0219i, \u00een acela\u0219i timp, \u021bine umezeala afar\u0103. Beneficiile Desitin pentru piele Posibile efecte secundare ... Mehr erfahren\" \/>\n<meta property=\"og:url\" content=\"https:\/\/thedermacheck.com\/ro\/desitin-in-produsele-de-ingrijire-a-pielii-un-ajutor-de-incredere-pentru-pielea-sensibila\/\" \/>\n<meta property=\"og:site_name\" content=\"The Derma Check\" \/>\n<meta property=\"article:modified_time\" content=\"2024-09-04T14:51:54+00:00\" \/>\n<meta name=\"twitter:card\" content=\"summary_large_image\" \/>\n<meta name=\"twitter:label1\" content=\"Timp estimat pentru citire\" \/>\n\t<meta name=\"twitter:data1\" content=\"2 minute\" \/>\n<script type=\"application\/ld+json\" class=\"yoast-schema-graph\">{\"@context\":\"https:\/\/schema.org\",\"@graph\":[{\"@type\":\"WebPage\",\"@id\":\"https:\/\/thedermacheck.com\/ro\/desitin-in-produsele-de-ingrijire-a-pielii-un-ajutor-de-incredere-pentru-pielea-sensibila\/\",\"url\":\"https:\/\/thedermacheck.com\/ro\/desitin-in-produsele-de-ingrijire-a-pielii-un-ajutor-de-incredere-pentru-pielea-sensibila\/\",\"name\":\"Desitin \u00een produsele de \u00eengrijire a pielii: Un ajutor de \u00eencredere pentru pielea sensibil\u0103 | The Derma Check\",\"isPartOf\":{\"@id\":\"https:\/\/thedermacheck.com\/ro\/#website\"},\"datePublished\":\"2023-12-19T13:24:50+00:00\",\"dateModified\":\"2024-09-04T14:51:54+00:00\",\"breadcrumb\":{\"@id\":\"https:\/\/thedermacheck.com\/ro\/desitin-in-produsele-de-ingrijire-a-pielii-un-ajutor-de-incredere-pentru-pielea-sensibila\/#breadcrumb\"},\"inLanguage\":\"ro-RO\",\"potentialAction\":[{\"@type\":\"ReadAction\",\"target\":[\"https:\/\/thedermacheck.com\/ro\/desitin-in-produsele-de-ingrijire-a-pielii-un-ajutor-de-incredere-pentru-pielea-sensibila\/\"]}]},{\"@type\":\"BreadcrumbList\",\"@id\":\"https:\/\/thedermacheck.com\/ro\/desitin-in-produsele-de-ingrijire-a-pielii-un-ajutor-de-incredere-pentru-pielea-sensibila\/#breadcrumb\",\"itemListElement\":[{\"@type\":\"ListItem\",\"position\":1,\"name\":\"Derma Check\",\"item\":\"https:\/\/thedermacheck.com\/ro\/\"},{\"@type\":\"ListItem\",\"position\":2,\"name\":\"Desitin \u00een produsele de \u00eengrijire a pielii: Un ajutor de \u00eencredere pentru pielea sensibil\u0103\"}]},{\"@type\":\"WebSite\",\"@id\":\"https:\/\/thedermacheck.com\/ro\/#website\",\"url\":\"https:\/\/thedermacheck.com\/ro\/\",\"name\":\"The Derma Check\",\"description\":\"\",\"publisher\":{\"@id\":\"https:\/\/thedermacheck.com\/ro\/#organization\"},\"potentialAction\":[{\"@type\":\"SearchAction\",\"target\":{\"@type\":\"EntryPoint\",\"urlTemplate\":\"https:\/\/thedermacheck.com\/ro\/?s={search_term_string}\"},\"query-input\":{\"@type\":\"PropertyValueSpecification\",\"valueRequired\":true,\"valueName\":\"search_term_string\"}}],\"inLanguage\":\"ro-RO\"},{\"@type\":\"Organization\",\"@id\":\"https:\/\/thedermacheck.com\/ro\/#organization\",\"name\":\"The Derma Check\",\"url\":\"https:\/\/thedermacheck.com\/ro\/\",\"logo\":{\"@type\":\"ImageObject\",\"inLanguage\":\"ro-RO\",\"@id\":\"https:\/\/thedermacheck.com\/ro\/#\/schema\/logo\/image\/\",\"url\":\"https:\/\/thedermacheck.com\/wp-content\/uploads\/2023\/10\/cropped-THE-DERMA-CHECK-FAVICON-NEW-1.png\",\"contentUrl\":\"https:\/\/thedermacheck.com\/wp-content\/uploads\/2023\/10\/cropped-THE-DERMA-CHECK-FAVICON-NEW-1.png\",\"width\":512,\"height\":512,\"caption\":\"The Derma Check\"},\"image\":{\"@id\":\"https:\/\/thedermacheck.com\/ro\/#\/schema\/logo\/image\/\"}}]}<\/script>\n<!-- \/ Yoast SEO Premium plugin. -->","yoast_head_json":{"title":"Desitin \u00een produsele de \u00eengrijire a pielii: Un ajutor de \u00eencredere pentru pielea sensibil\u0103 | The Derma Check","robots":{"index":"index","follow":"follow","max-snippet":"max-snippet:-1","max-image-preview":"max-image-preview:large","max-video-preview":"max-video-preview:-1"},"canonical":"https:\/\/thedermacheck.com\/ro\/desitin-in-produsele-de-ingrijire-a-pielii-un-ajutor-de-incredere-pentru-pielea-sensibila\/","og_locale":"ro_RO","og_type":"article","og_title":"Desitin \u00een produsele de \u00eengrijire a pielii: Un ajutor de \u00eencredere pentru pielea sensibil\u0103","og_description":"Desitin \u00een \u00eengrijirea pielii Ce este Desitin? Desitin este o marc\u0103 binecunoscut\u0103 de crem\u0103 de protec\u021bie a pielii, utilizat\u0103 \u00een principal pentru tratarea \u0219i prevenirea eritemului fesier la bebelu\u0219i. Aceasta con\u021bine oxid de zinc, care formeaz\u0103 o barier\u0103 protectoare pe piele \u0219i, \u00een acela\u0219i timp, \u021bine umezeala afar\u0103. Beneficiile Desitin pentru piele Posibile efecte secundare ... Mehr erfahren","og_url":"https:\/\/thedermacheck.com\/ro\/desitin-in-produsele-de-ingrijire-a-pielii-un-ajutor-de-incredere-pentru-pielea-sensibila\/","og_site_name":"The Derma Check","article_modified_time":"2024-09-04T14:51:54+00:00","twitter_card":"summary_large_image","twitter_misc":{"Timp estimat pentru citire":"2 minute"},"schema":{"@context":"https:\/\/schema.org","@graph":[{"@type":"WebPage","@id":"https:\/\/thedermacheck.com\/ro\/desitin-in-produsele-de-ingrijire-a-pielii-un-ajutor-de-incredere-pentru-pielea-sensibila\/","url":"https:\/\/thedermacheck.com\/ro\/desitin-in-produsele-de-ingrijire-a-pielii-un-ajutor-de-incredere-pentru-pielea-sensibila\/","name":"Desitin \u00een produsele de \u00eengrijire a pielii: Un ajutor de \u00eencredere pentru pielea sensibil\u0103 | The Derma Check","isPartOf":{"@id":"https:\/\/thedermacheck.com\/ro\/#website"},"datePublished":"2023-12-19T13:24:50+00:00","dateModified":"2024-09-04T14:51:54+00:00","breadcrumb":{"@id":"https:\/\/thedermacheck.com\/ro\/desitin-in-produsele-de-ingrijire-a-pielii-un-ajutor-de-incredere-pentru-pielea-sensibila\/#breadcrumb"},"inLanguage":"ro-RO","potentialAction":[{"@type":"ReadAction","target":["https:\/\/thedermacheck.com\/ro\/desitin-in-produsele-de-ingrijire-a-pielii-un-ajutor-de-incredere-pentru-pielea-sensibila\/"]}]},{"@type":"BreadcrumbList","@id":"https:\/\/thedermacheck.com\/ro\/desitin-in-produsele-de-ingrijire-a-pielii-un-ajutor-de-incredere-pentru-pielea-sensibila\/#breadcrumb","itemListElement":[{"@type":"ListItem","position":1,"name":"Derma Check","item":"https:\/\/thedermacheck.com\/ro\/"},{"@type":"ListItem","position":2,"name":"Desitin \u00een produsele de \u00eengrijire a pielii: Un ajutor de \u00eencredere pentru pielea sensibil\u0103"}]},{"@type":"WebSite","@id":"https:\/\/thedermacheck.com\/ro\/#website","url":"https:\/\/thedermacheck.com\/ro\/","name":"The Derma Check","description":"","publisher":{"@id":"https:\/\/thedermacheck.com\/ro\/#organization"},"potentialAction":[{"@type":"SearchAction","target":{"@type":"EntryPoint","urlTemplate":"https:\/\/thedermacheck.com\/ro\/?s={search_term_string}"},"query-input":{"@type":"PropertyValueSpecification","valueRequired":true,"valueName":"search_term_string"}}],"inLanguage":"ro-RO"},{"@type":"Organization","@id":"https:\/\/thedermacheck.com\/ro\/#organization","name":"The Derma Check","url":"https:\/\/thedermacheck.com\/ro\/","logo":{"@type":"ImageObject","inLanguage":"ro-RO","@id":"https:\/\/thedermacheck.com\/ro\/#\/schema\/logo\/image\/","url":"https:\/\/thedermacheck.com\/wp-content\/uploads\/2023\/10\/cropped-THE-DERMA-CHECK-FAVICON-NEW-1.png","contentUrl":"https:\/\/thedermacheck.com\/wp-content\/uploads\/2023\/10\/cropped-THE-DERMA-CHECK-FAVICON-NEW-1.png","width":512,"height":512,"caption":"The Derma Check"},"image":{"@id":"https:\/\/thedermacheck.com\/ro\/#\/schema\/logo\/image\/"}}]}},"_links":{"self":[{"href":"https:\/\/thedermacheck.com\/ro\/wp-json\/wp\/v2\/pages\/8618","targetHints":{"allow":["GET"]}}],"collection":[{"href":"https:\/\/thedermacheck.com\/ro\/wp-json\/wp\/v2\/pages"}],"about":[{"href":"https:\/\/thedermacheck.com\/ro\/wp-json\/wp\/v2\/types\/page"}],"author":[{"embeddable":true,"href":"https:\/\/thedermacheck.com\/ro\/wp-json\/wp\/v2\/users\/2"}],"replies":[{"embeddable":true,"href":"https:\/\/thedermacheck.com\/ro\/wp-json\/wp\/v2\/comments?post=8618"}],"version-history":[{"count":1,"href":"https:\/\/thedermacheck.com\/ro\/wp-json\/wp\/v2\/pages\/8618\/revisions"}],"predecessor-version":[{"id":8619,"href":"https:\/\/thedermacheck.com\/ro\/wp-json\/wp\/v2\/pages\/8618\/revisions\/8619"}],"wp:attachment":[{"href":"https:\/\/thedermacheck.com\/ro\/wp-json\/wp\/v2\/media?parent=8618"}],"wp:term":[{"taxonomy":"category","embeddable":true,"href":"https:\/\/thedermacheck.com\/ro\/wp-json\/wp\/v2\/categories?post=8618"},{"taxonomy":"post_tag","embeddable":true,"href":"https:\/\/thedermacheck.com\/ro\/wp-json\/wp\/v2\/tags?post=8618"}],"curies":[{"name":"wp","href":"https:\/\/api.w.org\/{rel}","templated":true}]}}