{"id":8650,"date":"2023-12-19T14:19:18","date_gmt":"2023-12-19T14:19:18","guid":{"rendered":"https:\/\/thedermacheck.com\/acid-hialuronic-in-produsele-de-ingrijire-a-pielii-o-cheie-pentru-o-piele-tanara-si-radianta\/"},"modified":"2024-09-04T14:52:17","modified_gmt":"2024-09-04T14:52:17","slug":"acid-hialuronic-in-produsele-de-ingrijire-a-pielii-o-cheie-pentru-o-piele-tanara-si-radianta","status":"publish","type":"page","link":"https:\/\/thedermacheck.com\/ro\/acid-hialuronic-in-produsele-de-ingrijire-a-pielii-o-cheie-pentru-o-piele-tanara-si-radianta\/","title":{"rendered":"Acid hialuronic \u00een produsele de \u00eengrijire a pielii: O cheie pentru o piele t\u00e2n\u0103r\u0103 \u0219i radiant\u0103"},"content":{"rendered":"\n<p><strong>Acidul hialuronic \u00een \u00eengrijirea pielii<\/strong><\/p>\n\n<ul class=\"wp-block-list\">\n<li><strong>Tip de ingredient:<\/strong> Crem\u0103 hidratant\u0103<\/li>\n\n\n\n<li><strong>Principalele beneficii:<\/strong> Hidratare intensiv\u0103, Promoveaz\u0103 elasticitatea pielii, Reduce liniile fine<\/li>\n\n\n\n<li><strong>Ideal pentru:<\/strong> Toate tipurile de piele, deosebit de eficient pentru pielea uscat\u0103 sau matur\u0103<\/li>\n\n\n\n<li><strong>Frecven\u021ba de utilizare:<\/strong> zilnic, \u00een multe seruri, creme \u0219i creme hidratante<\/li>\n\n\n\n<li><strong>Combina\u021bie cu:<\/strong> Vitamina C, retinol, peptide<\/li>\n\n\n\n<li><strong>A nu se utiliza cu:<\/strong> Intoleran\u021bele specifice sunt rare, dar reac\u021biile cutanate individuale trebuie luate \u00een considerare<\/li>\n<\/ul>\n\n<hr class=\"wp-block-separator has-alpha-channel-opacity\"\/>\n\n<h3 class=\"wp-block-heading\"><strong>Ce este acidul hialuronic?<\/strong><\/h3>\n\n<p>Acidul hialuronic este o substan\u021b\u0103 prezent\u0103 \u00een mod natural \u00een piele, cunoscut\u0103 pentru capacitatea sa de a lega cantit\u0103\u021bi mari de ap\u0103.\n\u00cen \u00eengrijirea pielii, acesta este apreciat pentru propriet\u0103\u021bile sale de hidratare intens\u0103 \u0219i pentru capacitatea sa de a reduce aspectul liniilor fine \u0219i al ridurilor. <\/p>\n\n<h3 class=\"wp-block-heading\"><strong>Beneficiile acidului hialuronic pentru piele<\/strong><\/h3>\n\n<ul class=\"wp-block-list\">\n<li><strong>Hidratare:<\/strong> Acidul hialuronic atrage \u0219i re\u021bine umezeala, rezult\u00e2nd o piele mai supl\u0103 \u0219i hidratat\u0103.<\/li>\n\n\n\n<li><strong>Efect anti-\u00eemb\u0103tr\u00e2nire:<\/strong> Prin \u00eembun\u0103t\u0103\u021birea elasticit\u0103\u021bii pielii, acidul hialuronic poate ajuta la reducerea semnelor vizibile ale \u00eemb\u0103tr\u00e2nirii.<\/li>\n\n\n\n<li><strong>\u00cembun\u0103t\u0103\u021birea texturii pielii:<\/strong> Utilizarea regulat\u0103 poate duce la o piele mai neted\u0103, mai radiant\u0103<strong>.<\/strong> <\/li>\n<\/ul>\n\n<h3 class=\"wp-block-heading\"><strong>Posibile efecte secundare<\/strong><\/h3>\n\n<p>Acidul hialuronic este, \u00een general, foarte bine tolerat.\nCu toate acestea, \u00een cazuri rare, acesta poate provoca irita\u021bii sau reac\u021bii alergice, \u00een special atunci c\u00e2nd este utilizat \u00een combina\u021bie cu alte ingrediente active. <\/p>\n\n<h3 class=\"wp-block-heading\"><strong>Recomand\u0103ri de aplicare<\/strong><\/h3>\n\n<p>Acidul hialuronic se g\u0103se\u0219te \u00een multe forme, cum ar fi seruri, creme \u0219i m\u0103\u0219ti.\nAcesta trebuie aplicat pe pielea cur\u0103\u021bat\u0103, u\u0219or umed\u0103, pentru a bloca \u00een mod eficient hidratarea.\nPentru rezultate optime, acidul hialuronic poate fi combinat cu alte ingrediente anti-\u00eemb\u0103tr\u00e2nire, cum ar fi vitamina C \u0219i retinolul.  <\/p>\n\n<h3 class=\"wp-block-heading\"><strong>Cum s\u0103 nu o utiliza\u021bi<\/strong><\/h3>\n\n<p>Evita\u021bi aplicarea produselor pe baz\u0103 de acid hialuronic \u00eentr-un strat prea gros, deoarece acest lucru poate duce la suprahidratare \u0219i la probleme ale pielii asociate.\nDe asemenea, trebuie s\u0103 ave\u021bi grij\u0103 s\u0103 nu utiliza\u021bi prea multe ingrediente active \u00een acela\u0219i timp pentru a evita iritarea pielii. <\/p>\n\n<h3 class=\"wp-block-heading\"><strong>\u00ceNTREB\u0102RI FRECVENTE<\/strong><\/h3>\n\n<p><strong>1. Acidul hialuronic este potrivit pentru toate tipurile de piele?<\/strong>  Da, este benefic \u00een special pentru pielea uscat\u0103 \u0219i matur\u0103, dar poate fi folosit de toate tipurile de piele.<\/p>\n\n<p><strong>2. Acidul hialuronic poate provoca acnee?<\/strong>  Acidul hialuronic este non-comedogenic \u0219i nu ar trebui s\u0103 provoace acnee.<\/p>\n\n<p><strong>3 C\u00e2t de des trebuie utilizat acidul hialuronic?<\/strong>  Este recomandat\u0103 utilizarea zilnic\u0103, \u00een mod ideal diminea\u021ba \u0219i seara, pentru cele mai bune rezultate.<\/p>\n\n<h3 class=\"wp-block-heading\"><strong>Concluzie<\/strong><\/h3>\n\n<p>Acidul hialuronic este un element cheie \u00een \u00eengrijirea modern\u0103 a pielii, oferind o hidratare de neegalat \u0219i beneficii anti-\u00eemb\u0103tr\u00e2nire.\nUtilizarea sa regulat\u0103 poate duce la \u00eembun\u0103t\u0103\u021birea semnificativ\u0103 a s\u0103n\u0103t\u0103\u021bii pielii \u0219i la un aspect mai tineresc.\nPrin \u00eencorporarea corect\u0103 a acidului hialuronic \u00een rutina dumneavoastr\u0103 de \u00eengrijire a pielii, pute\u021bi p\u0103stra \u0219i spori frumuse\u021bea \u0219i vitalitatea natural\u0103 a pielii dumneavoastr\u0103.  <\/p>\n","protected":false},"excerpt":{"rendered":"<p>Acidul hialuronic \u00een \u00eengrijirea pielii Ce este acidul hialuronic? Acidul hialuronic este o substan\u021b\u0103 prezent\u0103 \u00een mod natural \u00een piele, cunoscut\u0103 pentru capacitatea sa de a lega cantit\u0103\u021bi mari de ap\u0103. \u00cen \u00eengrijirea pielii, acesta este apreciat pentru propriet\u0103\u021bile sale de hidratare intens\u0103 \u0219i pentru capacitatea sa de a reduce aspectul liniilor fine \u0219i al &#8230; <a title=\"Acid hialuronic \u00een produsele de \u00eengrijire a pielii: O cheie pentru o piele t\u00e2n\u0103r\u0103 \u0219i radiant\u0103\" class=\"read-more\" href=\"https:\/\/thedermacheck.com\/ro\/acid-hialuronic-in-produsele-de-ingrijire-a-pielii-o-cheie-pentru-o-piele-tanara-si-radianta\/\" aria-label=\"Cite\u0219te mai multe despre Acid hialuronic \u00een produsele de \u00eengrijire a pielii: O cheie pentru o piele t\u00e2n\u0103r\u0103 \u0219i radiant\u0103\">Mehr erfahren<\/a><\/p>\n","protected":false},"author":2,"featured_media":0,"parent":0,"menu_order":0,"comment_status":"closed","ping_status":"closed","template":"","meta":{"_acf_changed":false,"_lmt_disableupdate":"","_lmt_disable":"","footnotes":""},"categories":[89],"tags":[],"class_list":{"0":"post-8650","1":"page","2":"type-page","3":"status-publish","5":"category-ingrediente"},"acf":[],"yoast_head":"<!-- This site is optimized with the Yoast SEO Premium plugin v25.7.1 (Yoast SEO v25.7) - https:\/\/yoast.com\/wordpress\/plugins\/seo\/ -->\n<title>Acid hialuronic \u00een produsele de \u00eengrijire a pielii: O cheie pentru o piele t\u00e2n\u0103r\u0103 \u0219i radiant\u0103 | The Derma Check<\/title>\n<meta name=\"robots\" content=\"index, follow, max-snippet:-1, max-image-preview:large, max-video-preview:-1\" \/>\n<link rel=\"canonical\" href=\"https:\/\/thedermacheck.com\/ro\/acid-hialuronic-in-produsele-de-ingrijire-a-pielii-o-cheie-pentru-o-piele-tanara-si-radianta\/\" \/>\n<meta property=\"og:locale\" content=\"ro_RO\" \/>\n<meta property=\"og:type\" content=\"article\" \/>\n<meta property=\"og:title\" content=\"Acid hialuronic \u00een produsele de \u00eengrijire a pielii: O cheie pentru o piele t\u00e2n\u0103r\u0103 \u0219i radiant\u0103\" \/>\n<meta property=\"og:description\" content=\"Acidul hialuronic \u00een \u00eengrijirea pielii Ce este acidul hialuronic? Acidul hialuronic este o substan\u021b\u0103 prezent\u0103 \u00een mod natural \u00een piele, cunoscut\u0103 pentru capacitatea sa de a lega cantit\u0103\u021bi mari de ap\u0103. \u00cen \u00eengrijirea pielii, acesta este apreciat pentru propriet\u0103\u021bile sale de hidratare intens\u0103 \u0219i pentru capacitatea sa de a reduce aspectul liniilor fine \u0219i al ... Mehr erfahren\" \/>\n<meta property=\"og:url\" content=\"https:\/\/thedermacheck.com\/ro\/acid-hialuronic-in-produsele-de-ingrijire-a-pielii-o-cheie-pentru-o-piele-tanara-si-radianta\/\" \/>\n<meta property=\"og:site_name\" content=\"The Derma Check\" \/>\n<meta property=\"article:modified_time\" content=\"2024-09-04T14:52:17+00:00\" \/>\n<meta name=\"twitter:card\" content=\"summary_large_image\" \/>\n<meta name=\"twitter:label1\" content=\"Timp estimat pentru citire\" \/>\n\t<meta name=\"twitter:data1\" content=\"2 minute\" \/>\n<script type=\"application\/ld+json\" class=\"yoast-schema-graph\">{\"@context\":\"https:\/\/schema.org\",\"@graph\":[{\"@type\":\"WebPage\",\"@id\":\"https:\/\/thedermacheck.com\/ro\/acid-hialuronic-in-produsele-de-ingrijire-a-pielii-o-cheie-pentru-o-piele-tanara-si-radianta\/\",\"url\":\"https:\/\/thedermacheck.com\/ro\/acid-hialuronic-in-produsele-de-ingrijire-a-pielii-o-cheie-pentru-o-piele-tanara-si-radianta\/\",\"name\":\"Acid hialuronic \u00een produsele de \u00eengrijire a pielii: O cheie pentru o piele t\u00e2n\u0103r\u0103 \u0219i radiant\u0103 | The Derma Check\",\"isPartOf\":{\"@id\":\"https:\/\/thedermacheck.com\/ro\/#website\"},\"datePublished\":\"2023-12-19T14:19:18+00:00\",\"dateModified\":\"2024-09-04T14:52:17+00:00\",\"breadcrumb\":{\"@id\":\"https:\/\/thedermacheck.com\/ro\/acid-hialuronic-in-produsele-de-ingrijire-a-pielii-o-cheie-pentru-o-piele-tanara-si-radianta\/#breadcrumb\"},\"inLanguage\":\"ro-RO\",\"potentialAction\":[{\"@type\":\"ReadAction\",\"target\":[\"https:\/\/thedermacheck.com\/ro\/acid-hialuronic-in-produsele-de-ingrijire-a-pielii-o-cheie-pentru-o-piele-tanara-si-radianta\/\"]}]},{\"@type\":\"BreadcrumbList\",\"@id\":\"https:\/\/thedermacheck.com\/ro\/acid-hialuronic-in-produsele-de-ingrijire-a-pielii-o-cheie-pentru-o-piele-tanara-si-radianta\/#breadcrumb\",\"itemListElement\":[{\"@type\":\"ListItem\",\"position\":1,\"name\":\"Derma Check\",\"item\":\"https:\/\/thedermacheck.com\/ro\/\"},{\"@type\":\"ListItem\",\"position\":2,\"name\":\"Acid hialuronic \u00een produsele de \u00eengrijire a pielii: O cheie pentru o piele t\u00e2n\u0103r\u0103 \u0219i radiant\u0103\"}]},{\"@type\":\"WebSite\",\"@id\":\"https:\/\/thedermacheck.com\/ro\/#website\",\"url\":\"https:\/\/thedermacheck.com\/ro\/\",\"name\":\"The Derma Check\",\"description\":\"\",\"publisher\":{\"@id\":\"https:\/\/thedermacheck.com\/ro\/#organization\"},\"potentialAction\":[{\"@type\":\"SearchAction\",\"target\":{\"@type\":\"EntryPoint\",\"urlTemplate\":\"https:\/\/thedermacheck.com\/ro\/?s={search_term_string}\"},\"query-input\":{\"@type\":\"PropertyValueSpecification\",\"valueRequired\":true,\"valueName\":\"search_term_string\"}}],\"inLanguage\":\"ro-RO\"},{\"@type\":\"Organization\",\"@id\":\"https:\/\/thedermacheck.com\/ro\/#organization\",\"name\":\"The Derma Check\",\"url\":\"https:\/\/thedermacheck.com\/ro\/\",\"logo\":{\"@type\":\"ImageObject\",\"inLanguage\":\"ro-RO\",\"@id\":\"https:\/\/thedermacheck.com\/ro\/#\/schema\/logo\/image\/\",\"url\":\"https:\/\/thedermacheck.com\/wp-content\/uploads\/2023\/10\/cropped-THE-DERMA-CHECK-FAVICON-NEW-1.png\",\"contentUrl\":\"https:\/\/thedermacheck.com\/wp-content\/uploads\/2023\/10\/cropped-THE-DERMA-CHECK-FAVICON-NEW-1.png\",\"width\":512,\"height\":512,\"caption\":\"The Derma Check\"},\"image\":{\"@id\":\"https:\/\/thedermacheck.com\/ro\/#\/schema\/logo\/image\/\"}}]}<\/script>\n<!-- \/ Yoast SEO Premium plugin. -->","yoast_head_json":{"title":"Acid hialuronic \u00een produsele de \u00eengrijire a pielii: O cheie pentru o piele t\u00e2n\u0103r\u0103 \u0219i radiant\u0103 | The Derma Check","robots":{"index":"index","follow":"follow","max-snippet":"max-snippet:-1","max-image-preview":"max-image-preview:large","max-video-preview":"max-video-preview:-1"},"canonical":"https:\/\/thedermacheck.com\/ro\/acid-hialuronic-in-produsele-de-ingrijire-a-pielii-o-cheie-pentru-o-piele-tanara-si-radianta\/","og_locale":"ro_RO","og_type":"article","og_title":"Acid hialuronic \u00een produsele de \u00eengrijire a pielii: O cheie pentru o piele t\u00e2n\u0103r\u0103 \u0219i radiant\u0103","og_description":"Acidul hialuronic \u00een \u00eengrijirea pielii Ce este acidul hialuronic? Acidul hialuronic este o substan\u021b\u0103 prezent\u0103 \u00een mod natural \u00een piele, cunoscut\u0103 pentru capacitatea sa de a lega cantit\u0103\u021bi mari de ap\u0103. \u00cen \u00eengrijirea pielii, acesta este apreciat pentru propriet\u0103\u021bile sale de hidratare intens\u0103 \u0219i pentru capacitatea sa de a reduce aspectul liniilor fine \u0219i al ... Mehr erfahren","og_url":"https:\/\/thedermacheck.com\/ro\/acid-hialuronic-in-produsele-de-ingrijire-a-pielii-o-cheie-pentru-o-piele-tanara-si-radianta\/","og_site_name":"The Derma Check","article_modified_time":"2024-09-04T14:52:17+00:00","twitter_card":"summary_large_image","twitter_misc":{"Timp estimat pentru citire":"2 minute"},"schema":{"@context":"https:\/\/schema.org","@graph":[{"@type":"WebPage","@id":"https:\/\/thedermacheck.com\/ro\/acid-hialuronic-in-produsele-de-ingrijire-a-pielii-o-cheie-pentru-o-piele-tanara-si-radianta\/","url":"https:\/\/thedermacheck.com\/ro\/acid-hialuronic-in-produsele-de-ingrijire-a-pielii-o-cheie-pentru-o-piele-tanara-si-radianta\/","name":"Acid hialuronic \u00een produsele de \u00eengrijire a pielii: O cheie pentru o piele t\u00e2n\u0103r\u0103 \u0219i radiant\u0103 | The Derma Check","isPartOf":{"@id":"https:\/\/thedermacheck.com\/ro\/#website"},"datePublished":"2023-12-19T14:19:18+00:00","dateModified":"2024-09-04T14:52:17+00:00","breadcrumb":{"@id":"https:\/\/thedermacheck.com\/ro\/acid-hialuronic-in-produsele-de-ingrijire-a-pielii-o-cheie-pentru-o-piele-tanara-si-radianta\/#breadcrumb"},"inLanguage":"ro-RO","potentialAction":[{"@type":"ReadAction","target":["https:\/\/thedermacheck.com\/ro\/acid-hialuronic-in-produsele-de-ingrijire-a-pielii-o-cheie-pentru-o-piele-tanara-si-radianta\/"]}]},{"@type":"BreadcrumbList","@id":"https:\/\/thedermacheck.com\/ro\/acid-hialuronic-in-produsele-de-ingrijire-a-pielii-o-cheie-pentru-o-piele-tanara-si-radianta\/#breadcrumb","itemListElement":[{"@type":"ListItem","position":1,"name":"Derma Check","item":"https:\/\/thedermacheck.com\/ro\/"},{"@type":"ListItem","position":2,"name":"Acid hialuronic \u00een produsele de \u00eengrijire a pielii: O cheie pentru o piele t\u00e2n\u0103r\u0103 \u0219i radiant\u0103"}]},{"@type":"WebSite","@id":"https:\/\/thedermacheck.com\/ro\/#website","url":"https:\/\/thedermacheck.com\/ro\/","name":"The Derma Check","description":"","publisher":{"@id":"https:\/\/thedermacheck.com\/ro\/#organization"},"potentialAction":[{"@type":"SearchAction","target":{"@type":"EntryPoint","urlTemplate":"https:\/\/thedermacheck.com\/ro\/?s={search_term_string}"},"query-input":{"@type":"PropertyValueSpecification","valueRequired":true,"valueName":"search_term_string"}}],"inLanguage":"ro-RO"},{"@type":"Organization","@id":"https:\/\/thedermacheck.com\/ro\/#organization","name":"The Derma Check","url":"https:\/\/thedermacheck.com\/ro\/","logo":{"@type":"ImageObject","inLanguage":"ro-RO","@id":"https:\/\/thedermacheck.com\/ro\/#\/schema\/logo\/image\/","url":"https:\/\/thedermacheck.com\/wp-content\/uploads\/2023\/10\/cropped-THE-DERMA-CHECK-FAVICON-NEW-1.png","contentUrl":"https:\/\/thedermacheck.com\/wp-content\/uploads\/2023\/10\/cropped-THE-DERMA-CHECK-FAVICON-NEW-1.png","width":512,"height":512,"caption":"The Derma Check"},"image":{"@id":"https:\/\/thedermacheck.com\/ro\/#\/schema\/logo\/image\/"}}]}},"_links":{"self":[{"href":"https:\/\/thedermacheck.com\/ro\/wp-json\/wp\/v2\/pages\/8650","targetHints":{"allow":["GET"]}}],"collection":[{"href":"https:\/\/thedermacheck.com\/ro\/wp-json\/wp\/v2\/pages"}],"about":[{"href":"https:\/\/thedermacheck.com\/ro\/wp-json\/wp\/v2\/types\/page"}],"author":[{"embeddable":true,"href":"https:\/\/thedermacheck.com\/ro\/wp-json\/wp\/v2\/users\/2"}],"replies":[{"embeddable":true,"href":"https:\/\/thedermacheck.com\/ro\/wp-json\/wp\/v2\/comments?post=8650"}],"version-history":[{"count":1,"href":"https:\/\/thedermacheck.com\/ro\/wp-json\/wp\/v2\/pages\/8650\/revisions"}],"predecessor-version":[{"id":8651,"href":"https:\/\/thedermacheck.com\/ro\/wp-json\/wp\/v2\/pages\/8650\/revisions\/8651"}],"wp:attachment":[{"href":"https:\/\/thedermacheck.com\/ro\/wp-json\/wp\/v2\/media?parent=8650"}],"wp:term":[{"taxonomy":"category","embeddable":true,"href":"https:\/\/thedermacheck.com\/ro\/wp-json\/wp\/v2\/categories?post=8650"},{"taxonomy":"post_tag","embeddable":true,"href":"https:\/\/thedermacheck.com\/ro\/wp-json\/wp\/v2\/tags?post=8650"}],"curies":[{"name":"wp","href":"https:\/\/api.w.org\/{rel}","templated":true}]}}