{"id":8652,"date":"2023-12-19T14:19:41","date_gmt":"2023-12-19T14:19:41","guid":{"rendered":"https:\/\/thedermacheck.com\/peroxidul-de-hidrogen-in-produsele-de-ingrijire-a-pielii-eficace-dar-de-utilizat-cu-precautie\/"},"modified":"2024-09-04T14:52:17","modified_gmt":"2024-09-04T14:52:17","slug":"peroxidul-de-hidrogen-in-produsele-de-ingrijire-a-pielii-eficace-dar-de-utilizat-cu-precautie","status":"publish","type":"page","link":"https:\/\/thedermacheck.com\/ro\/peroxidul-de-hidrogen-in-produsele-de-ingrijire-a-pielii-eficace-dar-de-utilizat-cu-precautie\/","title":{"rendered":"Peroxidul de hidrogen \u00een produsele de \u00eengrijire a pielii: Eficace, dar de utilizat cu precau\u021bie"},"content":{"rendered":"\n<p><strong>Peroxidul de hidrogen \u00een \u00eengrijirea pielii<\/strong><\/p>\n\n<ul class=\"wp-block-list\">\n<li><strong>Tip de ingredient:<\/strong> Antiseptic<\/li>\n\n\n\n<li><strong>Principalele beneficii:<\/strong> Dezinfecteaz\u0103 impurit\u0103\u021bile pielii, poate ajuta \u00een cazul acneei<\/li>\n\n\n\n<li><strong>Ideal pentru:<\/strong> Aplica\u021bii specifice pentru imperfec\u021biunile pielii<\/li>\n\n\n\n<li><strong>Frecven\u021ba de utilizare:<\/strong> cu modera\u021bie \u0219i numai atunci c\u00e2nd este necesar<\/li>\n\n\n\n<li><strong>Combina\u021bi cu:<\/strong> Nu combina\u021bi cu alte medicamente puternice pentru acnee sau iritante pentru piele<\/li>\n\n\n\n<li><strong>A nu se utiliza cu:<\/strong> Piele sensibil\u0103 sau ca produs de \u00eengrijire zilnic\u0103 a pielii<\/li>\n<\/ul>\n\n<hr class=\"wp-block-separator has-alpha-channel-opacity\"\/>\n\n<h3 class=\"wp-block-heading\"><strong>Ce este peroxidul de hidrogen?<\/strong><\/h3>\n\n<p>Peroxidul de hidrogen, cunoscut ca H2O2, este un compus chimic utilizat ca antiseptic u\u0219or \u00een \u00eengrijirea pielii.\nEste cunoscut pentru propriet\u0103\u021bile sale dezinfectante \u0219i este adesea utilizat pentru cur\u0103\u021barea t\u0103ieturilor \u0219i abraziunilor minore. <\/p>\n\n<h3 class=\"wp-block-heading\"><strong>Beneficiile peroxidului de hidrogen pentru piele<\/strong><\/h3>\n\n<ul class=\"wp-block-list\">\n<li><strong>Dezinfectarea imperfec\u021biunilor pielii:<\/strong> Peroxidul de hidrogen poate ucide eficient bacteriile \u0219i, prin urmare, este adesea utilizat \u00een tratamentul acneei \u0219i al altor pete ale pielii.<\/li>\n\n\n\n<li><strong>Ajut\u0103 la acnee:<\/strong> Datorit\u0103 efectului s\u0103u antibacterian, poate ajuta la reducerea acneei, \u00een special a petelor superficiale.<\/li>\n<\/ul>\n\n<h3 class=\"wp-block-heading\"><strong>Posibile efecte secundare<\/strong><\/h3>\n\n<ul class=\"wp-block-list\">\n<li><strong>Iritarea pielii:<\/strong> Poate provoca irita\u021bii \u0219i usc\u0103ciune pe pielea sensibil\u0103 sau dac\u0103 este utilizat prea frecvent.<\/li>\n\n\n\n<li><strong>Deteriorarea barierei pielii:<\/strong> Utilizarea excesiv\u0103 poate sl\u0103bi bariera natural\u0103 de protec\u021bie a pielii.<\/li>\n<\/ul>\n\n<h3 class=\"wp-block-heading\"><strong>Recomand\u0103ri de aplicare<\/strong><\/h3>\n\n<ul class=\"wp-block-list\">\n<li><strong>Aplicare selectiv\u0103:<\/strong> Peroxidul de hidrogen trebuie aplicat numai selectiv pe impurit\u0103\u021bile pielii, dup\u0103 cum este necesar.<\/li>\n\n\n\n<li><strong>Diluare:<\/strong> Se recomand\u0103 utilizarea peroxidului de hidrogen \u00eentr-o form\u0103 diluat\u0103 pentru a minimiza iritarea pielii.<\/li>\n<\/ul>\n\n<h3 class=\"wp-block-heading\"><strong>Cum s\u0103 nu o utiliza\u021bi<\/strong><\/h3>\n\n<ul class=\"wp-block-list\">\n<li><strong>Nu ca un produs de cur\u0103\u021bare a pielii de zi cu zi:<\/strong> Nu trebuie utilizat ca un produs de cur\u0103\u021bare obi\u0219nuit sau \u00een cantit\u0103\u021bi mari.<\/li>\n\n\n\n<li><strong>Evitare pentru pielea sensibil\u0103:<\/strong> Nu utiliza\u021bi pe pielea sensibil\u0103, uscat\u0103 sau iritat\u0103<strong>.<\/strong> <\/li>\n<\/ul>\n\n<h3 class=\"wp-block-heading\"><strong>\u00ceNTREB\u0102RI FRECVENTE<\/strong><\/h3>\n\n<p><strong>1. peroxidul de hidrogen poate fi utilizat ca ingredient principal \u00een \u00eengrijirea pielii?<\/strong>  Nu, ar trebui s\u0103 fie folosit doar selectiv \u0219i cu modera\u021bie.<\/p>\n\n<p><strong>2 Este peroxidul de hidrogen sigur pentru toate tipurile de piele?<\/strong>  Acesta poate provoca irita\u021bii la nivelul pielii sensibile \u0219i trebuie utilizat cu precau\u021bie.<\/p>\n\n<p><strong>3 C\u00e2t de des poate fi utilizat\u0103 peroxidul de hidrogen pe piele?<\/strong>  Numai atunci c\u00e2nd este necesar \u0219i nu ca parte obi\u0219nuit\u0103 a rutinei de \u00eengrijire a pielii.<\/p>\n\n<h3 class=\"wp-block-heading\"><strong>Concluzie<\/strong><\/h3>\n\n<p>Peroxidul de hidrogen poate fi un ingredient util \u00een \u00eengrijirea pielii, \u00een special \u00een tratamentul acneei \u0219i al petelor.\nCu toate acestea, trebuie utilizat\u0103 cu pruden\u021b\u0103 \u0219i numai selectiv pentru a evita iritarea pielii \u0219i deteriorarea barierei cutanate.\nAplicarea \u0219i dozarea corect\u0103 sunt esen\u021biale pentru utilizarea sigur\u0103 \u0219i eficient\u0103 a beneficiilor sale.  <\/p>\n","protected":false},"excerpt":{"rendered":"<p>Peroxidul de hidrogen \u00een \u00eengrijirea pielii Ce este peroxidul de hidrogen? Peroxidul de hidrogen, cunoscut ca H2O2, este un compus chimic utilizat ca antiseptic u\u0219or \u00een \u00eengrijirea pielii. Este cunoscut pentru propriet\u0103\u021bile sale dezinfectante \u0219i este adesea utilizat pentru cur\u0103\u021barea t\u0103ieturilor \u0219i abraziunilor minore. Beneficiile peroxidului de hidrogen pentru piele Posibile efecte secundare Recomand\u0103ri de &#8230; <a title=\"Peroxidul de hidrogen \u00een produsele de \u00eengrijire a pielii: Eficace, dar de utilizat cu precau\u021bie\" class=\"read-more\" href=\"https:\/\/thedermacheck.com\/ro\/peroxidul-de-hidrogen-in-produsele-de-ingrijire-a-pielii-eficace-dar-de-utilizat-cu-precautie\/\" aria-label=\"Cite\u0219te mai multe despre Peroxidul de hidrogen \u00een produsele de \u00eengrijire a pielii: Eficace, dar de utilizat cu precau\u021bie\">Mehr erfahren<\/a><\/p>\n","protected":false},"author":2,"featured_media":0,"parent":0,"menu_order":0,"comment_status":"closed","ping_status":"closed","template":"","meta":{"_acf_changed":false,"_lmt_disableupdate":"","_lmt_disable":"","footnotes":""},"categories":[89],"tags":[],"class_list":{"0":"post-8652","1":"page","2":"type-page","3":"status-publish","5":"category-ingrediente"},"acf":[],"yoast_head":"<!-- This site is optimized with the Yoast SEO Premium plugin v25.7.1 (Yoast SEO v25.7) - https:\/\/yoast.com\/wordpress\/plugins\/seo\/ -->\n<title>Peroxidul de hidrogen \u00een produsele de \u00eengrijire a pielii: Eficace, dar de utilizat cu precau\u021bie | The Derma Check<\/title>\n<meta name=\"robots\" content=\"index, follow, max-snippet:-1, max-image-preview:large, max-video-preview:-1\" \/>\n<link rel=\"canonical\" href=\"https:\/\/thedermacheck.com\/ro\/peroxidul-de-hidrogen-in-produsele-de-ingrijire-a-pielii-eficace-dar-de-utilizat-cu-precautie\/\" \/>\n<meta property=\"og:locale\" content=\"ro_RO\" \/>\n<meta property=\"og:type\" content=\"article\" \/>\n<meta property=\"og:title\" content=\"Peroxidul de hidrogen \u00een produsele de \u00eengrijire a pielii: Eficace, dar de utilizat cu precau\u021bie\" \/>\n<meta property=\"og:description\" content=\"Peroxidul de hidrogen \u00een \u00eengrijirea pielii Ce este peroxidul de hidrogen? Peroxidul de hidrogen, cunoscut ca H2O2, este un compus chimic utilizat ca antiseptic u\u0219or \u00een \u00eengrijirea pielii. Este cunoscut pentru propriet\u0103\u021bile sale dezinfectante \u0219i este adesea utilizat pentru cur\u0103\u021barea t\u0103ieturilor \u0219i abraziunilor minore. Beneficiile peroxidului de hidrogen pentru piele Posibile efecte secundare Recomand\u0103ri de ... Mehr erfahren\" \/>\n<meta property=\"og:url\" content=\"https:\/\/thedermacheck.com\/ro\/peroxidul-de-hidrogen-in-produsele-de-ingrijire-a-pielii-eficace-dar-de-utilizat-cu-precautie\/\" \/>\n<meta property=\"og:site_name\" content=\"The Derma Check\" \/>\n<meta property=\"article:modified_time\" content=\"2024-09-04T14:52:17+00:00\" \/>\n<meta name=\"twitter:card\" content=\"summary_large_image\" \/>\n<meta name=\"twitter:label1\" content=\"Timp estimat pentru citire\" \/>\n\t<meta name=\"twitter:data1\" content=\"2 minute\" \/>\n<script type=\"application\/ld+json\" class=\"yoast-schema-graph\">{\"@context\":\"https:\/\/schema.org\",\"@graph\":[{\"@type\":\"WebPage\",\"@id\":\"https:\/\/thedermacheck.com\/ro\/peroxidul-de-hidrogen-in-produsele-de-ingrijire-a-pielii-eficace-dar-de-utilizat-cu-precautie\/\",\"url\":\"https:\/\/thedermacheck.com\/ro\/peroxidul-de-hidrogen-in-produsele-de-ingrijire-a-pielii-eficace-dar-de-utilizat-cu-precautie\/\",\"name\":\"Peroxidul de hidrogen \u00een produsele de \u00eengrijire a pielii: Eficace, dar de utilizat cu precau\u021bie | The Derma Check\",\"isPartOf\":{\"@id\":\"https:\/\/thedermacheck.com\/ro\/#website\"},\"datePublished\":\"2023-12-19T14:19:41+00:00\",\"dateModified\":\"2024-09-04T14:52:17+00:00\",\"breadcrumb\":{\"@id\":\"https:\/\/thedermacheck.com\/ro\/peroxidul-de-hidrogen-in-produsele-de-ingrijire-a-pielii-eficace-dar-de-utilizat-cu-precautie\/#breadcrumb\"},\"inLanguage\":\"ro-RO\",\"potentialAction\":[{\"@type\":\"ReadAction\",\"target\":[\"https:\/\/thedermacheck.com\/ro\/peroxidul-de-hidrogen-in-produsele-de-ingrijire-a-pielii-eficace-dar-de-utilizat-cu-precautie\/\"]}]},{\"@type\":\"BreadcrumbList\",\"@id\":\"https:\/\/thedermacheck.com\/ro\/peroxidul-de-hidrogen-in-produsele-de-ingrijire-a-pielii-eficace-dar-de-utilizat-cu-precautie\/#breadcrumb\",\"itemListElement\":[{\"@type\":\"ListItem\",\"position\":1,\"name\":\"Derma Check\",\"item\":\"https:\/\/thedermacheck.com\/ro\/\"},{\"@type\":\"ListItem\",\"position\":2,\"name\":\"Peroxidul de hidrogen \u00een produsele de \u00eengrijire a pielii: Eficace, dar de utilizat cu precau\u021bie\"}]},{\"@type\":\"WebSite\",\"@id\":\"https:\/\/thedermacheck.com\/ro\/#website\",\"url\":\"https:\/\/thedermacheck.com\/ro\/\",\"name\":\"The Derma Check\",\"description\":\"\",\"publisher\":{\"@id\":\"https:\/\/thedermacheck.com\/ro\/#organization\"},\"potentialAction\":[{\"@type\":\"SearchAction\",\"target\":{\"@type\":\"EntryPoint\",\"urlTemplate\":\"https:\/\/thedermacheck.com\/ro\/?s={search_term_string}\"},\"query-input\":{\"@type\":\"PropertyValueSpecification\",\"valueRequired\":true,\"valueName\":\"search_term_string\"}}],\"inLanguage\":\"ro-RO\"},{\"@type\":\"Organization\",\"@id\":\"https:\/\/thedermacheck.com\/ro\/#organization\",\"name\":\"The Derma Check\",\"url\":\"https:\/\/thedermacheck.com\/ro\/\",\"logo\":{\"@type\":\"ImageObject\",\"inLanguage\":\"ro-RO\",\"@id\":\"https:\/\/thedermacheck.com\/ro\/#\/schema\/logo\/image\/\",\"url\":\"https:\/\/thedermacheck.com\/wp-content\/uploads\/2023\/10\/cropped-THE-DERMA-CHECK-FAVICON-NEW-1.png\",\"contentUrl\":\"https:\/\/thedermacheck.com\/wp-content\/uploads\/2023\/10\/cropped-THE-DERMA-CHECK-FAVICON-NEW-1.png\",\"width\":512,\"height\":512,\"caption\":\"The Derma Check\"},\"image\":{\"@id\":\"https:\/\/thedermacheck.com\/ro\/#\/schema\/logo\/image\/\"}}]}<\/script>\n<!-- \/ Yoast SEO Premium plugin. -->","yoast_head_json":{"title":"Peroxidul de hidrogen \u00een produsele de \u00eengrijire a pielii: Eficace, dar de utilizat cu precau\u021bie | The Derma Check","robots":{"index":"index","follow":"follow","max-snippet":"max-snippet:-1","max-image-preview":"max-image-preview:large","max-video-preview":"max-video-preview:-1"},"canonical":"https:\/\/thedermacheck.com\/ro\/peroxidul-de-hidrogen-in-produsele-de-ingrijire-a-pielii-eficace-dar-de-utilizat-cu-precautie\/","og_locale":"ro_RO","og_type":"article","og_title":"Peroxidul de hidrogen \u00een produsele de \u00eengrijire a pielii: Eficace, dar de utilizat cu precau\u021bie","og_description":"Peroxidul de hidrogen \u00een \u00eengrijirea pielii Ce este peroxidul de hidrogen? Peroxidul de hidrogen, cunoscut ca H2O2, este un compus chimic utilizat ca antiseptic u\u0219or \u00een \u00eengrijirea pielii. Este cunoscut pentru propriet\u0103\u021bile sale dezinfectante \u0219i este adesea utilizat pentru cur\u0103\u021barea t\u0103ieturilor \u0219i abraziunilor minore. Beneficiile peroxidului de hidrogen pentru piele Posibile efecte secundare Recomand\u0103ri de ... Mehr erfahren","og_url":"https:\/\/thedermacheck.com\/ro\/peroxidul-de-hidrogen-in-produsele-de-ingrijire-a-pielii-eficace-dar-de-utilizat-cu-precautie\/","og_site_name":"The Derma Check","article_modified_time":"2024-09-04T14:52:17+00:00","twitter_card":"summary_large_image","twitter_misc":{"Timp estimat pentru citire":"2 minute"},"schema":{"@context":"https:\/\/schema.org","@graph":[{"@type":"WebPage","@id":"https:\/\/thedermacheck.com\/ro\/peroxidul-de-hidrogen-in-produsele-de-ingrijire-a-pielii-eficace-dar-de-utilizat-cu-precautie\/","url":"https:\/\/thedermacheck.com\/ro\/peroxidul-de-hidrogen-in-produsele-de-ingrijire-a-pielii-eficace-dar-de-utilizat-cu-precautie\/","name":"Peroxidul de hidrogen \u00een produsele de \u00eengrijire a pielii: Eficace, dar de utilizat cu precau\u021bie | The Derma Check","isPartOf":{"@id":"https:\/\/thedermacheck.com\/ro\/#website"},"datePublished":"2023-12-19T14:19:41+00:00","dateModified":"2024-09-04T14:52:17+00:00","breadcrumb":{"@id":"https:\/\/thedermacheck.com\/ro\/peroxidul-de-hidrogen-in-produsele-de-ingrijire-a-pielii-eficace-dar-de-utilizat-cu-precautie\/#breadcrumb"},"inLanguage":"ro-RO","potentialAction":[{"@type":"ReadAction","target":["https:\/\/thedermacheck.com\/ro\/peroxidul-de-hidrogen-in-produsele-de-ingrijire-a-pielii-eficace-dar-de-utilizat-cu-precautie\/"]}]},{"@type":"BreadcrumbList","@id":"https:\/\/thedermacheck.com\/ro\/peroxidul-de-hidrogen-in-produsele-de-ingrijire-a-pielii-eficace-dar-de-utilizat-cu-precautie\/#breadcrumb","itemListElement":[{"@type":"ListItem","position":1,"name":"Derma Check","item":"https:\/\/thedermacheck.com\/ro\/"},{"@type":"ListItem","position":2,"name":"Peroxidul de hidrogen \u00een produsele de \u00eengrijire a pielii: Eficace, dar de utilizat cu precau\u021bie"}]},{"@type":"WebSite","@id":"https:\/\/thedermacheck.com\/ro\/#website","url":"https:\/\/thedermacheck.com\/ro\/","name":"The Derma Check","description":"","publisher":{"@id":"https:\/\/thedermacheck.com\/ro\/#organization"},"potentialAction":[{"@type":"SearchAction","target":{"@type":"EntryPoint","urlTemplate":"https:\/\/thedermacheck.com\/ro\/?s={search_term_string}"},"query-input":{"@type":"PropertyValueSpecification","valueRequired":true,"valueName":"search_term_string"}}],"inLanguage":"ro-RO"},{"@type":"Organization","@id":"https:\/\/thedermacheck.com\/ro\/#organization","name":"The Derma Check","url":"https:\/\/thedermacheck.com\/ro\/","logo":{"@type":"ImageObject","inLanguage":"ro-RO","@id":"https:\/\/thedermacheck.com\/ro\/#\/schema\/logo\/image\/","url":"https:\/\/thedermacheck.com\/wp-content\/uploads\/2023\/10\/cropped-THE-DERMA-CHECK-FAVICON-NEW-1.png","contentUrl":"https:\/\/thedermacheck.com\/wp-content\/uploads\/2023\/10\/cropped-THE-DERMA-CHECK-FAVICON-NEW-1.png","width":512,"height":512,"caption":"The Derma Check"},"image":{"@id":"https:\/\/thedermacheck.com\/ro\/#\/schema\/logo\/image\/"}}]}},"_links":{"self":[{"href":"https:\/\/thedermacheck.com\/ro\/wp-json\/wp\/v2\/pages\/8652","targetHints":{"allow":["GET"]}}],"collection":[{"href":"https:\/\/thedermacheck.com\/ro\/wp-json\/wp\/v2\/pages"}],"about":[{"href":"https:\/\/thedermacheck.com\/ro\/wp-json\/wp\/v2\/types\/page"}],"author":[{"embeddable":true,"href":"https:\/\/thedermacheck.com\/ro\/wp-json\/wp\/v2\/users\/2"}],"replies":[{"embeddable":true,"href":"https:\/\/thedermacheck.com\/ro\/wp-json\/wp\/v2\/comments?post=8652"}],"version-history":[{"count":1,"href":"https:\/\/thedermacheck.com\/ro\/wp-json\/wp\/v2\/pages\/8652\/revisions"}],"predecessor-version":[{"id":8653,"href":"https:\/\/thedermacheck.com\/ro\/wp-json\/wp\/v2\/pages\/8652\/revisions\/8653"}],"wp:attachment":[{"href":"https:\/\/thedermacheck.com\/ro\/wp-json\/wp\/v2\/media?parent=8652"}],"wp:term":[{"taxonomy":"category","embeddable":true,"href":"https:\/\/thedermacheck.com\/ro\/wp-json\/wp\/v2\/categories?post=8652"},{"taxonomy":"post_tag","embeddable":true,"href":"https:\/\/thedermacheck.com\/ro\/wp-json\/wp\/v2\/tags?post=8652"}],"curies":[{"name":"wp","href":"https:\/\/api.w.org\/{rel}","templated":true}]}}