{"id":8666,"date":"2023-12-19T14:20:04","date_gmt":"2023-12-19T14:20:04","guid":{"rendered":"https:\/\/thedermacheck.com\/miristat-de-izopropil-in-produsele-de-ingrijire-a-pielii-ingredient-eficient-care-trebuie-utilizat-cu-precautie\/"},"modified":"2024-09-04T14:52:32","modified_gmt":"2024-09-04T14:52:32","slug":"miristat-de-izopropil-in-produsele-de-ingrijire-a-pielii-ingredient-eficient-care-trebuie-utilizat-cu-precautie","status":"publish","type":"page","link":"https:\/\/thedermacheck.com\/ro\/miristat-de-izopropil-in-produsele-de-ingrijire-a-pielii-ingredient-eficient-care-trebuie-utilizat-cu-precautie\/","title":{"rendered":"Miristat de izopropil \u00een produsele de \u00eengrijire a pielii: Ingredient eficient care trebuie utilizat cu precau\u021bie"},"content":{"rendered":"\n<p><strong>Miristat de izopropil \u00een \u00eengrijirea pielii<\/strong><\/p>\n\n<ul class=\"wp-block-list\">\n<li><strong>Tip de ingredient:<\/strong> emolient, ameliorator de textur\u0103<\/li>\n\n\n\n<li><strong>Principalele beneficii:<\/strong> Cre\u0219te suple\u021bea pielii, \u00eembun\u0103t\u0103\u021be\u0219te textura produsului, favorizeaz\u0103 absorb\u021bia altor ingrediente<\/li>\n\n\n\n<li><strong>Ideal pentru:<\/strong> Produse pentru netezirea \u0219i \u00eengrijirea pielii<\/li>\n\n\n\n<li><strong>Frecven\u021ba de utilizare:<\/strong> \u00cen conformitate cu instruc\u021biunile produsului<\/li>\n\n\n\n<li><strong>Combina\u021bie cu:<\/strong> Ingrediente hidratante<\/li>\n\n\n\n<li><strong>A nu se utiliza cu:<\/strong> Pe pielea predispus\u0103 la acnee; poate fi comedogenic<\/li>\n<\/ul>\n\n<hr class=\"wp-block-separator has-alpha-channel-opacity\"\/>\n\n<h3 class=\"wp-block-heading\"><strong>Ce este myristatul de izopropil?<\/strong><\/h3>\n\n<p>Miristat de izopropil este un ester de ulei sintetic care este adesea utilizat \u00een industria cosmetic\u0103 ca emolient \u0219i pentru a \u00eembun\u0103t\u0103\u021bi textura produselor.\nAcesta face produsele de \u00eengrijire a pielii mai u\u0219oare \u0219i mai pu\u021bin grase \u0219i ajut\u0103 alte ingrediente s\u0103 p\u0103trund\u0103 mai ad\u00e2nc \u00een piele. <\/p>\n\n<h3 class=\"wp-block-heading\"><strong>Beneficiile miristatului de izopropil pentru piele<\/strong><\/h3>\n\n<ul class=\"wp-block-list\">\n<li><strong>Cre\u0219terea suple\u021bei pielii:<\/strong> Mirestatul de izopropil ajut\u0103 la suple\u021bea pielii datorit\u0103 propriet\u0103\u021bilor sale de \u00eenmuiere<strong>.<\/strong> <\/li>\n\n\n\n<li><strong>\u00cembun\u0103t\u0103\u021be\u0219te textura produselor:<\/strong> confer\u0103 produselor de \u00eengrijire a pielii o consisten\u021b\u0103 mai u\u0219oar\u0103, non-gras\u0103<strong>.<\/strong> <\/li>\n\n\n\n<li><strong>Promoveaz\u0103 absorb\u021bia:<\/strong> Ajut\u0103 alte ingrediente benefice s\u0103 fie mai bine absorbite de piele<strong>.<\/strong> <\/li>\n<\/ul>\n\n<h3 class=\"wp-block-heading\"><strong>Posibile efecte secundare<\/strong><\/h3>\n\n<ul class=\"wp-block-list\">\n<li><strong>Poate avea un efect comedogenic:<\/strong> Pentru pielea predispus\u0103 la acnee, myristatul de izopropil poate astupa porii \u0219i duce la apari\u021bia petelor.<\/li>\n\n\n\n<li><strong>Poten\u021bial\u0103 iritare a pielii:<\/strong> \u00cen cazuri rare, poate provoca irita\u021bii ale pielii, \u00een special pe pielea sensibil\u0103.<\/li>\n<\/ul>\n\n<h3 class=\"wp-block-heading\"><strong>Recomand\u0103ri de aplicare<\/strong><\/h3>\n\n<ul class=\"wp-block-list\">\n<li><strong>\u00cen conformitate cu instruc\u021biunile produsului:<\/strong> Miristat de izopropil este con\u021binut \u00een multe produse de \u00eengrijire a pielii \u0219i trebuie utilizat \u00een conformitate cu instruc\u021biunile produsului respectiv.<\/li>\n\n\n\n<li><strong>Aten\u021bie la pielea predispus\u0103 la acnee:<\/strong> Persoanele cu piele predispus\u0103 la acnee trebuie s\u0103 evite produsele care con\u021bin miristat de izopropil sau s\u0103 le utilizeze cu precau\u021bie.<\/li>\n<\/ul>\n\n<h3 class=\"wp-block-heading\"><strong>Cum s\u0103 nu o utiliza\u021bi<\/strong><\/h3>\n\n<ul class=\"wp-block-list\">\n<li><strong>Nu \u00een form\u0103 pur\u0103:<\/strong> Miristat de izopropil nu trebuie aplicat pe piele ca ulei pur, ci este o component\u0103 a produselor formulate.<\/li>\n\n\n\n<li><strong>De evitat \u00een cazul pielii cu tendin\u021b\u0103 acneic\u0103:<\/strong> Se recomand\u0103 pruden\u021b\u0103 din cauza naturii sale poten\u021bial comedogenice<strong>.<\/strong> <\/li>\n<\/ul>\n\n<h3 class=\"wp-block-heading\"><strong>\u00ceNTREB\u0102RI FRECVENTE<\/strong><\/h3>\n\n<p><strong>1. Este miristat de izopropil sigur pentru piele?<\/strong>  Da, este sigur atunci c\u00e2nd este utilizat \u00een conformitate cu instruc\u021biunile produsului, cu excep\u021bia pielii predispuse la acnee.<\/p>\n\n<p><strong>2. Mirestatul de izopropil poate provoca alergii?<\/strong>  Reac\u021biile alergice sunt rare, dar posibile.<\/p>\n\n<p><strong>3 De ce este utilizat miristat de izopropil \u00een produsele de \u00eengrijire a pielii?<\/strong>  \u00cembun\u0103t\u0103\u021be\u0219te textura produsului \u0219i favorizeaz\u0103 absorb\u021bia altor ingrediente.<\/p>\n\n<h3 class=\"wp-block-heading\"><strong>Concluzie<\/strong><\/h3>\n\n<p>Miristat de izopropil este un ingredient eficient pentru \u00eengrijirea pielii care \u00eembun\u0103t\u0103\u021be\u0219te consisten\u021ba produselor \u0219i \u00eenmoaie pielea.\nAtunci c\u00e2nd este utilizat corect \u0219i lu\u00e2nd \u00een considerare tipul \u0219i starea pielii, poate fi o parte valoroas\u0103 a rutinei de \u00eengrijire a pielii. <\/p>\n","protected":false},"excerpt":{"rendered":"<p>Miristat de izopropil \u00een \u00eengrijirea pielii Ce este myristatul de izopropil? Miristat de izopropil este un ester de ulei sintetic care este adesea utilizat \u00een industria cosmetic\u0103 ca emolient \u0219i pentru a \u00eembun\u0103t\u0103\u021bi textura produselor. Acesta face produsele de \u00eengrijire a pielii mai u\u0219oare \u0219i mai pu\u021bin grase \u0219i ajut\u0103 alte ingrediente s\u0103 p\u0103trund\u0103 mai &#8230; <a title=\"Miristat de izopropil \u00een produsele de \u00eengrijire a pielii: Ingredient eficient care trebuie utilizat cu precau\u021bie\" class=\"read-more\" href=\"https:\/\/thedermacheck.com\/ro\/miristat-de-izopropil-in-produsele-de-ingrijire-a-pielii-ingredient-eficient-care-trebuie-utilizat-cu-precautie\/\" aria-label=\"Cite\u0219te mai multe despre Miristat de izopropil \u00een produsele de \u00eengrijire a pielii: Ingredient eficient care trebuie utilizat cu precau\u021bie\">Mehr erfahren<\/a><\/p>\n","protected":false},"author":2,"featured_media":0,"parent":0,"menu_order":0,"comment_status":"closed","ping_status":"closed","template":"","meta":{"_acf_changed":false,"_lmt_disableupdate":"","_lmt_disable":"","footnotes":""},"categories":[89],"tags":[],"class_list":{"0":"post-8666","1":"page","2":"type-page","3":"status-publish","5":"category-ingrediente"},"acf":[],"yoast_head":"<!-- This site is optimized with the Yoast SEO Premium plugin v25.7.1 (Yoast SEO v25.7) - https:\/\/yoast.com\/wordpress\/plugins\/seo\/ -->\n<title>Miristat de izopropil \u00een produsele de \u00eengrijire a pielii: Ingredient eficient care trebuie utilizat cu precau\u021bie | The Derma Check<\/title>\n<meta name=\"robots\" content=\"index, follow, max-snippet:-1, max-image-preview:large, max-video-preview:-1\" \/>\n<link rel=\"canonical\" href=\"https:\/\/thedermacheck.com\/ro\/miristat-de-izopropil-in-produsele-de-ingrijire-a-pielii-ingredient-eficient-care-trebuie-utilizat-cu-precautie\/\" \/>\n<meta property=\"og:locale\" content=\"ro_RO\" \/>\n<meta property=\"og:type\" content=\"article\" \/>\n<meta property=\"og:title\" content=\"Miristat de izopropil \u00een produsele de \u00eengrijire a pielii: Ingredient eficient care trebuie utilizat cu precau\u021bie\" \/>\n<meta property=\"og:description\" content=\"Miristat de izopropil \u00een \u00eengrijirea pielii Ce este myristatul de izopropil? Miristat de izopropil este un ester de ulei sintetic care este adesea utilizat \u00een industria cosmetic\u0103 ca emolient \u0219i pentru a \u00eembun\u0103t\u0103\u021bi textura produselor. Acesta face produsele de \u00eengrijire a pielii mai u\u0219oare \u0219i mai pu\u021bin grase \u0219i ajut\u0103 alte ingrediente s\u0103 p\u0103trund\u0103 mai ... Mehr erfahren\" \/>\n<meta property=\"og:url\" content=\"https:\/\/thedermacheck.com\/ro\/miristat-de-izopropil-in-produsele-de-ingrijire-a-pielii-ingredient-eficient-care-trebuie-utilizat-cu-precautie\/\" \/>\n<meta property=\"og:site_name\" content=\"The Derma Check\" \/>\n<meta property=\"article:modified_time\" content=\"2024-09-04T14:52:32+00:00\" \/>\n<meta name=\"twitter:card\" content=\"summary_large_image\" \/>\n<meta name=\"twitter:label1\" content=\"Timp estimat pentru citire\" \/>\n\t<meta name=\"twitter:data1\" content=\"2 minute\" \/>\n<script type=\"application\/ld+json\" class=\"yoast-schema-graph\">{\"@context\":\"https:\/\/schema.org\",\"@graph\":[{\"@type\":\"WebPage\",\"@id\":\"https:\/\/thedermacheck.com\/ro\/miristat-de-izopropil-in-produsele-de-ingrijire-a-pielii-ingredient-eficient-care-trebuie-utilizat-cu-precautie\/\",\"url\":\"https:\/\/thedermacheck.com\/ro\/miristat-de-izopropil-in-produsele-de-ingrijire-a-pielii-ingredient-eficient-care-trebuie-utilizat-cu-precautie\/\",\"name\":\"Miristat de izopropil \u00een produsele de \u00eengrijire a pielii: Ingredient eficient care trebuie utilizat cu precau\u021bie | The Derma Check\",\"isPartOf\":{\"@id\":\"https:\/\/thedermacheck.com\/ro\/#website\"},\"datePublished\":\"2023-12-19T14:20:04+00:00\",\"dateModified\":\"2024-09-04T14:52:32+00:00\",\"breadcrumb\":{\"@id\":\"https:\/\/thedermacheck.com\/ro\/miristat-de-izopropil-in-produsele-de-ingrijire-a-pielii-ingredient-eficient-care-trebuie-utilizat-cu-precautie\/#breadcrumb\"},\"inLanguage\":\"ro-RO\",\"potentialAction\":[{\"@type\":\"ReadAction\",\"target\":[\"https:\/\/thedermacheck.com\/ro\/miristat-de-izopropil-in-produsele-de-ingrijire-a-pielii-ingredient-eficient-care-trebuie-utilizat-cu-precautie\/\"]}]},{\"@type\":\"BreadcrumbList\",\"@id\":\"https:\/\/thedermacheck.com\/ro\/miristat-de-izopropil-in-produsele-de-ingrijire-a-pielii-ingredient-eficient-care-trebuie-utilizat-cu-precautie\/#breadcrumb\",\"itemListElement\":[{\"@type\":\"ListItem\",\"position\":1,\"name\":\"Derma Check\",\"item\":\"https:\/\/thedermacheck.com\/ro\/\"},{\"@type\":\"ListItem\",\"position\":2,\"name\":\"Miristat de izopropil \u00een produsele de \u00eengrijire a pielii: Ingredient eficient care trebuie utilizat cu precau\u021bie\"}]},{\"@type\":\"WebSite\",\"@id\":\"https:\/\/thedermacheck.com\/ro\/#website\",\"url\":\"https:\/\/thedermacheck.com\/ro\/\",\"name\":\"The Derma Check\",\"description\":\"\",\"publisher\":{\"@id\":\"https:\/\/thedermacheck.com\/ro\/#organization\"},\"potentialAction\":[{\"@type\":\"SearchAction\",\"target\":{\"@type\":\"EntryPoint\",\"urlTemplate\":\"https:\/\/thedermacheck.com\/ro\/?s={search_term_string}\"},\"query-input\":{\"@type\":\"PropertyValueSpecification\",\"valueRequired\":true,\"valueName\":\"search_term_string\"}}],\"inLanguage\":\"ro-RO\"},{\"@type\":\"Organization\",\"@id\":\"https:\/\/thedermacheck.com\/ro\/#organization\",\"name\":\"The Derma Check\",\"url\":\"https:\/\/thedermacheck.com\/ro\/\",\"logo\":{\"@type\":\"ImageObject\",\"inLanguage\":\"ro-RO\",\"@id\":\"https:\/\/thedermacheck.com\/ro\/#\/schema\/logo\/image\/\",\"url\":\"https:\/\/thedermacheck.com\/wp-content\/uploads\/2023\/10\/cropped-THE-DERMA-CHECK-FAVICON-NEW-1.png\",\"contentUrl\":\"https:\/\/thedermacheck.com\/wp-content\/uploads\/2023\/10\/cropped-THE-DERMA-CHECK-FAVICON-NEW-1.png\",\"width\":512,\"height\":512,\"caption\":\"The Derma Check\"},\"image\":{\"@id\":\"https:\/\/thedermacheck.com\/ro\/#\/schema\/logo\/image\/\"}}]}<\/script>\n<!-- \/ Yoast SEO Premium plugin. -->","yoast_head_json":{"title":"Miristat de izopropil \u00een produsele de \u00eengrijire a pielii: Ingredient eficient care trebuie utilizat cu precau\u021bie | The Derma Check","robots":{"index":"index","follow":"follow","max-snippet":"max-snippet:-1","max-image-preview":"max-image-preview:large","max-video-preview":"max-video-preview:-1"},"canonical":"https:\/\/thedermacheck.com\/ro\/miristat-de-izopropil-in-produsele-de-ingrijire-a-pielii-ingredient-eficient-care-trebuie-utilizat-cu-precautie\/","og_locale":"ro_RO","og_type":"article","og_title":"Miristat de izopropil \u00een produsele de \u00eengrijire a pielii: Ingredient eficient care trebuie utilizat cu precau\u021bie","og_description":"Miristat de izopropil \u00een \u00eengrijirea pielii Ce este myristatul de izopropil? Miristat de izopropil este un ester de ulei sintetic care este adesea utilizat \u00een industria cosmetic\u0103 ca emolient \u0219i pentru a \u00eembun\u0103t\u0103\u021bi textura produselor. Acesta face produsele de \u00eengrijire a pielii mai u\u0219oare \u0219i mai pu\u021bin grase \u0219i ajut\u0103 alte ingrediente s\u0103 p\u0103trund\u0103 mai ... Mehr erfahren","og_url":"https:\/\/thedermacheck.com\/ro\/miristat-de-izopropil-in-produsele-de-ingrijire-a-pielii-ingredient-eficient-care-trebuie-utilizat-cu-precautie\/","og_site_name":"The Derma Check","article_modified_time":"2024-09-04T14:52:32+00:00","twitter_card":"summary_large_image","twitter_misc":{"Timp estimat pentru citire":"2 minute"},"schema":{"@context":"https:\/\/schema.org","@graph":[{"@type":"WebPage","@id":"https:\/\/thedermacheck.com\/ro\/miristat-de-izopropil-in-produsele-de-ingrijire-a-pielii-ingredient-eficient-care-trebuie-utilizat-cu-precautie\/","url":"https:\/\/thedermacheck.com\/ro\/miristat-de-izopropil-in-produsele-de-ingrijire-a-pielii-ingredient-eficient-care-trebuie-utilizat-cu-precautie\/","name":"Miristat de izopropil \u00een produsele de \u00eengrijire a pielii: Ingredient eficient care trebuie utilizat cu precau\u021bie | The Derma Check","isPartOf":{"@id":"https:\/\/thedermacheck.com\/ro\/#website"},"datePublished":"2023-12-19T14:20:04+00:00","dateModified":"2024-09-04T14:52:32+00:00","breadcrumb":{"@id":"https:\/\/thedermacheck.com\/ro\/miristat-de-izopropil-in-produsele-de-ingrijire-a-pielii-ingredient-eficient-care-trebuie-utilizat-cu-precautie\/#breadcrumb"},"inLanguage":"ro-RO","potentialAction":[{"@type":"ReadAction","target":["https:\/\/thedermacheck.com\/ro\/miristat-de-izopropil-in-produsele-de-ingrijire-a-pielii-ingredient-eficient-care-trebuie-utilizat-cu-precautie\/"]}]},{"@type":"BreadcrumbList","@id":"https:\/\/thedermacheck.com\/ro\/miristat-de-izopropil-in-produsele-de-ingrijire-a-pielii-ingredient-eficient-care-trebuie-utilizat-cu-precautie\/#breadcrumb","itemListElement":[{"@type":"ListItem","position":1,"name":"Derma Check","item":"https:\/\/thedermacheck.com\/ro\/"},{"@type":"ListItem","position":2,"name":"Miristat de izopropil \u00een produsele de \u00eengrijire a pielii: Ingredient eficient care trebuie utilizat cu precau\u021bie"}]},{"@type":"WebSite","@id":"https:\/\/thedermacheck.com\/ro\/#website","url":"https:\/\/thedermacheck.com\/ro\/","name":"The Derma Check","description":"","publisher":{"@id":"https:\/\/thedermacheck.com\/ro\/#organization"},"potentialAction":[{"@type":"SearchAction","target":{"@type":"EntryPoint","urlTemplate":"https:\/\/thedermacheck.com\/ro\/?s={search_term_string}"},"query-input":{"@type":"PropertyValueSpecification","valueRequired":true,"valueName":"search_term_string"}}],"inLanguage":"ro-RO"},{"@type":"Organization","@id":"https:\/\/thedermacheck.com\/ro\/#organization","name":"The Derma Check","url":"https:\/\/thedermacheck.com\/ro\/","logo":{"@type":"ImageObject","inLanguage":"ro-RO","@id":"https:\/\/thedermacheck.com\/ro\/#\/schema\/logo\/image\/","url":"https:\/\/thedermacheck.com\/wp-content\/uploads\/2023\/10\/cropped-THE-DERMA-CHECK-FAVICON-NEW-1.png","contentUrl":"https:\/\/thedermacheck.com\/wp-content\/uploads\/2023\/10\/cropped-THE-DERMA-CHECK-FAVICON-NEW-1.png","width":512,"height":512,"caption":"The Derma Check"},"image":{"@id":"https:\/\/thedermacheck.com\/ro\/#\/schema\/logo\/image\/"}}]}},"_links":{"self":[{"href":"https:\/\/thedermacheck.com\/ro\/wp-json\/wp\/v2\/pages\/8666","targetHints":{"allow":["GET"]}}],"collection":[{"href":"https:\/\/thedermacheck.com\/ro\/wp-json\/wp\/v2\/pages"}],"about":[{"href":"https:\/\/thedermacheck.com\/ro\/wp-json\/wp\/v2\/types\/page"}],"author":[{"embeddable":true,"href":"https:\/\/thedermacheck.com\/ro\/wp-json\/wp\/v2\/users\/2"}],"replies":[{"embeddable":true,"href":"https:\/\/thedermacheck.com\/ro\/wp-json\/wp\/v2\/comments?post=8666"}],"version-history":[{"count":1,"href":"https:\/\/thedermacheck.com\/ro\/wp-json\/wp\/v2\/pages\/8666\/revisions"}],"predecessor-version":[{"id":8667,"href":"https:\/\/thedermacheck.com\/ro\/wp-json\/wp\/v2\/pages\/8666\/revisions\/8667"}],"wp:attachment":[{"href":"https:\/\/thedermacheck.com\/ro\/wp-json\/wp\/v2\/media?parent=8666"}],"wp:term":[{"taxonomy":"category","embeddable":true,"href":"https:\/\/thedermacheck.com\/ro\/wp-json\/wp\/v2\/categories?post=8666"},{"taxonomy":"post_tag","embeddable":true,"href":"https:\/\/thedermacheck.com\/ro\/wp-json\/wp\/v2\/tags?post=8666"}],"curies":[{"name":"wp","href":"https:\/\/api.w.org\/{rel}","templated":true}]}}