{"id":8678,"date":"2023-12-19T14:24:13","date_gmt":"2023-12-19T14:24:13","guid":{"rendered":"https:\/\/thedermacheck.com\/uleiul-de-moringa-in-produsele-de-ingrijire-a-pielii-un-puternic-stimulent-natural-pentru-piele\/"},"modified":"2024-09-04T14:52:40","modified_gmt":"2024-09-04T14:52:40","slug":"uleiul-de-moringa-in-produsele-de-ingrijire-a-pielii-un-puternic-stimulent-natural-pentru-piele","status":"publish","type":"page","link":"https:\/\/thedermacheck.com\/ro\/uleiul-de-moringa-in-produsele-de-ingrijire-a-pielii-un-puternic-stimulent-natural-pentru-piele\/","title":{"rendered":"Uleiul de Moringa \u00een produsele de \u00eengrijire a pielii: Un puternic stimulent natural pentru piele"},"content":{"rendered":"\n<p><strong>Uleiul de Moringa \u00een \u00eengrijirea pielii<\/strong><\/p>\n\n<ul class=\"wp-block-list\">\n<li><strong>Tip de ingredient:<\/strong> Ulei natural, bogat \u00een antioxidan\u021bi<\/li>\n\n\n\n<li><strong>Principalele beneficii:<\/strong> Hidratant, antioxidant, promoveaz\u0103 s\u0103n\u0103tatea pielii<\/li>\n\n\n\n<li><strong>Ideal pentru:<\/strong> Toate tipurile de piele, \u00een special pentru pielea uscat\u0103 \u0219i matur\u0103<\/li>\n\n\n\n<li><strong>Frecven\u021ba de utilizare:<\/strong> zilnic, \u00een func\u021bie de produs \u0219i de tipul de piele<\/li>\n\n\n\n<li><strong>Se combin\u0103 cu:<\/strong> Alte creme hidratante \u0219i seruri<\/li>\n\n\n\n<li><strong>A nu se utiliza cu:<\/strong> Ingrediente specifice nu exist\u0103 interac\u021biuni negative cunoscute<\/li>\n<\/ul>\n\n<hr class=\"wp-block-separator has-alpha-channel-opacity\"\/>\n\n<h3 class=\"wp-block-heading\"><strong>Ce este uleiul Moringa?<\/strong><\/h3>\n\n<p>Uleiul de moringa este extras din semin\u021bele copacului moringa \u0219i este cunoscut \u00een \u00eengrijirea pielii pentru propriet\u0103\u021bile sale bogate antioxidante \u0219i hidratante.\nEste un ulei u\u0219or care este absorbit rapid de piele \u0219i ofer\u0103 o varietate de nutrien\u021bi. <\/p>\n\n<h3 class=\"wp-block-heading\"><strong>Beneficiile uleiului de moringa pentru piele<\/strong><\/h3>\n\n<ul class=\"wp-block-list\">\n<li><strong>Hidratare:<\/strong> Uleiul de Moringa ofer\u0103 pielii hidratare intens\u0103 \u0219i previne uscarea.<\/li>\n\n\n\n<li><strong>Efect antioxidant:<\/strong> combate radicalii liberi \u0219i, prin urmare, poate \u00eencetini \u00eemb\u0103tr\u00e2nirea pielii.<\/li>\n\n\n\n<li><strong>Promoveaz\u0103 s\u0103n\u0103tatea pielii:<\/strong> Bogat \u00een vitamine \u0219i minerale, sus\u021bine s\u0103n\u0103tatea pielii.<\/li>\n<\/ul>\n\n<h3 class=\"wp-block-heading\"><strong>Posibile efecte secundare<\/strong><\/h3>\n\n<p>Uleiul de Moringa este, \u00een general, bine tolerat, dar, la fel ca toate produsele de \u00eengrijire a pielii, poate provoca irita\u021bii cutanate la unele persoane.\nPentru a verifica toleran\u021ba, se recomand\u0103 un test cutanat. <\/p>\n\n<h3 class=\"wp-block-heading\"><strong>Recomand\u0103ri de aplicare<\/strong><\/h3>\n\n<ul class=\"wp-block-list\">\n<li><strong>Versatil:<\/strong> Poate fi folosit ca parte a rutinei zilnice de hidratare, fie ca atare, fie amestecat cu alte produse.<\/li>\n\n\n\n<li><strong>Ideal ca ulei facial:<\/strong> Datorit\u0103 consisten\u021bei sale u\u0219oare, uleiul de moringa este ideal ca ulei facial<strong>.<\/strong> <\/li>\n<\/ul>\n\n<h3 class=\"wp-block-heading\"><strong>Cum s\u0103 nu o utiliza\u021bi<\/strong><\/h3>\n\n<ul class=\"wp-block-list\">\n<li><strong>Nu supradoza\u021bi:<\/strong> O cantitate mic\u0103 este suficient\u0103, deoarece este foarte economic\u0103.<\/li>\n\n\n\n<li><strong>Nu utiliza\u021bi \u00een exces pe pielea cu imperfec\u021biuni sau predispus\u0103 la acnee:<\/strong> De\u0219i este non-comedogenic, trebuie utilizat cu precau\u021bie pe pielea gras\u0103.<\/li>\n<\/ul>\n\n<h3 class=\"wp-block-heading\"><strong>\u00ceNTREB\u0102RI FRECVENTE<\/strong><\/h3>\n\n<p><strong>1 Pentru cine este potrivit uleiul Moringa?<\/strong>  Pentru toate tipurile de piele, deosebit de eficient pentru pielea uscat\u0103 \u0219i matur\u0103.<\/p>\n\n<p><strong>2. Uleiul de moringa poate ajuta la acnee?<\/strong>  Nu este destinat \u00een mod specific tratamentului acneei, dar poate avea un efect de sus\u021binere datorit\u0103 propriet\u0103\u021bilor sale antiinflamatorii.<\/p>\n\n<p><strong>3 Cum se compar\u0103 uleiul Moringa cu alte uleiuri?<\/strong>  Uleiul de Moringa se caracterizeaz\u0103 printr-o concentra\u021bie ridicat\u0103 de antioxidan\u021bi \u0219i nutrien\u021bi \u0219i este u\u0219or \u0219i rapid absorbit.<\/p>\n\n<h3 class=\"wp-block-heading\"><strong>Concluzie<\/strong><\/h3>\n\n<p>Uleiul de moringa este un ingredient valoros pentru \u00eengrijirea pielii care ofer\u0103 o multitudine de beneficii.\nAcesta hidrateaz\u0103, combate radicalii liberi \u0219i promoveaz\u0103 s\u0103n\u0103tatea general\u0103 a pielii.\nAtunci c\u00e2nd este utilizat corect, uleiul de moringa poate fi o parte esen\u021bial\u0103 a rutinei dumneavoastr\u0103 de \u00eengrijire a pielii, \u00een special pentru a sus\u021bine pielea uscat\u0103 \u0219i matur\u0103.  <\/p>\n","protected":false},"excerpt":{"rendered":"<p>Uleiul de Moringa \u00een \u00eengrijirea pielii Ce este uleiul Moringa? Uleiul de moringa este extras din semin\u021bele copacului moringa \u0219i este cunoscut \u00een \u00eengrijirea pielii pentru propriet\u0103\u021bile sale bogate antioxidante \u0219i hidratante. Este un ulei u\u0219or care este absorbit rapid de piele \u0219i ofer\u0103 o varietate de nutrien\u021bi. Beneficiile uleiului de moringa pentru piele Posibile &#8230; <a title=\"Uleiul de Moringa \u00een produsele de \u00eengrijire a pielii: Un puternic stimulent natural pentru piele\" class=\"read-more\" href=\"https:\/\/thedermacheck.com\/ro\/uleiul-de-moringa-in-produsele-de-ingrijire-a-pielii-un-puternic-stimulent-natural-pentru-piele\/\" aria-label=\"Cite\u0219te mai multe despre Uleiul de Moringa \u00een produsele de \u00eengrijire a pielii: Un puternic stimulent natural pentru piele\">Mehr erfahren<\/a><\/p>\n","protected":false},"author":2,"featured_media":0,"parent":0,"menu_order":0,"comment_status":"closed","ping_status":"closed","template":"","meta":{"_acf_changed":false,"_lmt_disableupdate":"","_lmt_disable":"","footnotes":""},"categories":[89],"tags":[],"class_list":{"0":"post-8678","1":"page","2":"type-page","3":"status-publish","5":"category-ingrediente"},"acf":[],"yoast_head":"<!-- This site is optimized with the Yoast SEO Premium plugin v25.7.1 (Yoast SEO v25.7) - https:\/\/yoast.com\/wordpress\/plugins\/seo\/ -->\n<title>Uleiul de Moringa \u00een produsele de \u00eengrijire a pielii: Un puternic stimulent natural pentru piele | The Derma Check<\/title>\n<meta name=\"robots\" content=\"index, follow, max-snippet:-1, max-image-preview:large, max-video-preview:-1\" \/>\n<link rel=\"canonical\" href=\"https:\/\/thedermacheck.com\/ro\/uleiul-de-moringa-in-produsele-de-ingrijire-a-pielii-un-puternic-stimulent-natural-pentru-piele\/\" \/>\n<meta property=\"og:locale\" content=\"ro_RO\" \/>\n<meta property=\"og:type\" content=\"article\" \/>\n<meta property=\"og:title\" content=\"Uleiul de Moringa \u00een produsele de \u00eengrijire a pielii: Un puternic stimulent natural pentru piele\" \/>\n<meta property=\"og:description\" content=\"Uleiul de Moringa \u00een \u00eengrijirea pielii Ce este uleiul Moringa? Uleiul de moringa este extras din semin\u021bele copacului moringa \u0219i este cunoscut \u00een \u00eengrijirea pielii pentru propriet\u0103\u021bile sale bogate antioxidante \u0219i hidratante. Este un ulei u\u0219or care este absorbit rapid de piele \u0219i ofer\u0103 o varietate de nutrien\u021bi. Beneficiile uleiului de moringa pentru piele Posibile ... Mehr erfahren\" \/>\n<meta property=\"og:url\" content=\"https:\/\/thedermacheck.com\/ro\/uleiul-de-moringa-in-produsele-de-ingrijire-a-pielii-un-puternic-stimulent-natural-pentru-piele\/\" \/>\n<meta property=\"og:site_name\" content=\"The Derma Check\" \/>\n<meta property=\"article:modified_time\" content=\"2024-09-04T14:52:40+00:00\" \/>\n<meta name=\"twitter:card\" content=\"summary_large_image\" \/>\n<meta name=\"twitter:label1\" content=\"Timp estimat pentru citire\" \/>\n\t<meta name=\"twitter:data1\" content=\"2 minute\" \/>\n<script type=\"application\/ld+json\" class=\"yoast-schema-graph\">{\"@context\":\"https:\/\/schema.org\",\"@graph\":[{\"@type\":\"WebPage\",\"@id\":\"https:\/\/thedermacheck.com\/ro\/uleiul-de-moringa-in-produsele-de-ingrijire-a-pielii-un-puternic-stimulent-natural-pentru-piele\/\",\"url\":\"https:\/\/thedermacheck.com\/ro\/uleiul-de-moringa-in-produsele-de-ingrijire-a-pielii-un-puternic-stimulent-natural-pentru-piele\/\",\"name\":\"Uleiul de Moringa \u00een produsele de \u00eengrijire a pielii: Un puternic stimulent natural pentru piele | The Derma Check\",\"isPartOf\":{\"@id\":\"https:\/\/thedermacheck.com\/ro\/#website\"},\"datePublished\":\"2023-12-19T14:24:13+00:00\",\"dateModified\":\"2024-09-04T14:52:40+00:00\",\"breadcrumb\":{\"@id\":\"https:\/\/thedermacheck.com\/ro\/uleiul-de-moringa-in-produsele-de-ingrijire-a-pielii-un-puternic-stimulent-natural-pentru-piele\/#breadcrumb\"},\"inLanguage\":\"ro-RO\",\"potentialAction\":[{\"@type\":\"ReadAction\",\"target\":[\"https:\/\/thedermacheck.com\/ro\/uleiul-de-moringa-in-produsele-de-ingrijire-a-pielii-un-puternic-stimulent-natural-pentru-piele\/\"]}]},{\"@type\":\"BreadcrumbList\",\"@id\":\"https:\/\/thedermacheck.com\/ro\/uleiul-de-moringa-in-produsele-de-ingrijire-a-pielii-un-puternic-stimulent-natural-pentru-piele\/#breadcrumb\",\"itemListElement\":[{\"@type\":\"ListItem\",\"position\":1,\"name\":\"Derma Check\",\"item\":\"https:\/\/thedermacheck.com\/ro\/\"},{\"@type\":\"ListItem\",\"position\":2,\"name\":\"Uleiul de Moringa \u00een produsele de \u00eengrijire a pielii: Un puternic stimulent natural pentru piele\"}]},{\"@type\":\"WebSite\",\"@id\":\"https:\/\/thedermacheck.com\/ro\/#website\",\"url\":\"https:\/\/thedermacheck.com\/ro\/\",\"name\":\"The Derma Check\",\"description\":\"\",\"publisher\":{\"@id\":\"https:\/\/thedermacheck.com\/ro\/#organization\"},\"potentialAction\":[{\"@type\":\"SearchAction\",\"target\":{\"@type\":\"EntryPoint\",\"urlTemplate\":\"https:\/\/thedermacheck.com\/ro\/?s={search_term_string}\"},\"query-input\":{\"@type\":\"PropertyValueSpecification\",\"valueRequired\":true,\"valueName\":\"search_term_string\"}}],\"inLanguage\":\"ro-RO\"},{\"@type\":\"Organization\",\"@id\":\"https:\/\/thedermacheck.com\/ro\/#organization\",\"name\":\"The Derma Check\",\"url\":\"https:\/\/thedermacheck.com\/ro\/\",\"logo\":{\"@type\":\"ImageObject\",\"inLanguage\":\"ro-RO\",\"@id\":\"https:\/\/thedermacheck.com\/ro\/#\/schema\/logo\/image\/\",\"url\":\"https:\/\/thedermacheck.com\/wp-content\/uploads\/2023\/10\/cropped-THE-DERMA-CHECK-FAVICON-NEW-1.png\",\"contentUrl\":\"https:\/\/thedermacheck.com\/wp-content\/uploads\/2023\/10\/cropped-THE-DERMA-CHECK-FAVICON-NEW-1.png\",\"width\":512,\"height\":512,\"caption\":\"The Derma Check\"},\"image\":{\"@id\":\"https:\/\/thedermacheck.com\/ro\/#\/schema\/logo\/image\/\"}}]}<\/script>\n<!-- \/ Yoast SEO Premium plugin. -->","yoast_head_json":{"title":"Uleiul de Moringa \u00een produsele de \u00eengrijire a pielii: Un puternic stimulent natural pentru piele | The Derma Check","robots":{"index":"index","follow":"follow","max-snippet":"max-snippet:-1","max-image-preview":"max-image-preview:large","max-video-preview":"max-video-preview:-1"},"canonical":"https:\/\/thedermacheck.com\/ro\/uleiul-de-moringa-in-produsele-de-ingrijire-a-pielii-un-puternic-stimulent-natural-pentru-piele\/","og_locale":"ro_RO","og_type":"article","og_title":"Uleiul de Moringa \u00een produsele de \u00eengrijire a pielii: Un puternic stimulent natural pentru piele","og_description":"Uleiul de Moringa \u00een \u00eengrijirea pielii Ce este uleiul Moringa? Uleiul de moringa este extras din semin\u021bele copacului moringa \u0219i este cunoscut \u00een \u00eengrijirea pielii pentru propriet\u0103\u021bile sale bogate antioxidante \u0219i hidratante. Este un ulei u\u0219or care este absorbit rapid de piele \u0219i ofer\u0103 o varietate de nutrien\u021bi. Beneficiile uleiului de moringa pentru piele Posibile ... Mehr erfahren","og_url":"https:\/\/thedermacheck.com\/ro\/uleiul-de-moringa-in-produsele-de-ingrijire-a-pielii-un-puternic-stimulent-natural-pentru-piele\/","og_site_name":"The Derma Check","article_modified_time":"2024-09-04T14:52:40+00:00","twitter_card":"summary_large_image","twitter_misc":{"Timp estimat pentru citire":"2 minute"},"schema":{"@context":"https:\/\/schema.org","@graph":[{"@type":"WebPage","@id":"https:\/\/thedermacheck.com\/ro\/uleiul-de-moringa-in-produsele-de-ingrijire-a-pielii-un-puternic-stimulent-natural-pentru-piele\/","url":"https:\/\/thedermacheck.com\/ro\/uleiul-de-moringa-in-produsele-de-ingrijire-a-pielii-un-puternic-stimulent-natural-pentru-piele\/","name":"Uleiul de Moringa \u00een produsele de \u00eengrijire a pielii: Un puternic stimulent natural pentru piele | The Derma Check","isPartOf":{"@id":"https:\/\/thedermacheck.com\/ro\/#website"},"datePublished":"2023-12-19T14:24:13+00:00","dateModified":"2024-09-04T14:52:40+00:00","breadcrumb":{"@id":"https:\/\/thedermacheck.com\/ro\/uleiul-de-moringa-in-produsele-de-ingrijire-a-pielii-un-puternic-stimulent-natural-pentru-piele\/#breadcrumb"},"inLanguage":"ro-RO","potentialAction":[{"@type":"ReadAction","target":["https:\/\/thedermacheck.com\/ro\/uleiul-de-moringa-in-produsele-de-ingrijire-a-pielii-un-puternic-stimulent-natural-pentru-piele\/"]}]},{"@type":"BreadcrumbList","@id":"https:\/\/thedermacheck.com\/ro\/uleiul-de-moringa-in-produsele-de-ingrijire-a-pielii-un-puternic-stimulent-natural-pentru-piele\/#breadcrumb","itemListElement":[{"@type":"ListItem","position":1,"name":"Derma Check","item":"https:\/\/thedermacheck.com\/ro\/"},{"@type":"ListItem","position":2,"name":"Uleiul de Moringa \u00een produsele de \u00eengrijire a pielii: Un puternic stimulent natural pentru piele"}]},{"@type":"WebSite","@id":"https:\/\/thedermacheck.com\/ro\/#website","url":"https:\/\/thedermacheck.com\/ro\/","name":"The Derma Check","description":"","publisher":{"@id":"https:\/\/thedermacheck.com\/ro\/#organization"},"potentialAction":[{"@type":"SearchAction","target":{"@type":"EntryPoint","urlTemplate":"https:\/\/thedermacheck.com\/ro\/?s={search_term_string}"},"query-input":{"@type":"PropertyValueSpecification","valueRequired":true,"valueName":"search_term_string"}}],"inLanguage":"ro-RO"},{"@type":"Organization","@id":"https:\/\/thedermacheck.com\/ro\/#organization","name":"The Derma Check","url":"https:\/\/thedermacheck.com\/ro\/","logo":{"@type":"ImageObject","inLanguage":"ro-RO","@id":"https:\/\/thedermacheck.com\/ro\/#\/schema\/logo\/image\/","url":"https:\/\/thedermacheck.com\/wp-content\/uploads\/2023\/10\/cropped-THE-DERMA-CHECK-FAVICON-NEW-1.png","contentUrl":"https:\/\/thedermacheck.com\/wp-content\/uploads\/2023\/10\/cropped-THE-DERMA-CHECK-FAVICON-NEW-1.png","width":512,"height":512,"caption":"The Derma Check"},"image":{"@id":"https:\/\/thedermacheck.com\/ro\/#\/schema\/logo\/image\/"}}]}},"_links":{"self":[{"href":"https:\/\/thedermacheck.com\/ro\/wp-json\/wp\/v2\/pages\/8678","targetHints":{"allow":["GET"]}}],"collection":[{"href":"https:\/\/thedermacheck.com\/ro\/wp-json\/wp\/v2\/pages"}],"about":[{"href":"https:\/\/thedermacheck.com\/ro\/wp-json\/wp\/v2\/types\/page"}],"author":[{"embeddable":true,"href":"https:\/\/thedermacheck.com\/ro\/wp-json\/wp\/v2\/users\/2"}],"replies":[{"embeddable":true,"href":"https:\/\/thedermacheck.com\/ro\/wp-json\/wp\/v2\/comments?post=8678"}],"version-history":[{"count":1,"href":"https:\/\/thedermacheck.com\/ro\/wp-json\/wp\/v2\/pages\/8678\/revisions"}],"predecessor-version":[{"id":8679,"href":"https:\/\/thedermacheck.com\/ro\/wp-json\/wp\/v2\/pages\/8678\/revisions\/8679"}],"wp:attachment":[{"href":"https:\/\/thedermacheck.com\/ro\/wp-json\/wp\/v2\/media?parent=8678"}],"wp:term":[{"taxonomy":"category","embeddable":true,"href":"https:\/\/thedermacheck.com\/ro\/wp-json\/wp\/v2\/categories?post=8678"},{"taxonomy":"post_tag","embeddable":true,"href":"https:\/\/thedermacheck.com\/ro\/wp-json\/wp\/v2\/tags?post=8678"}],"curies":[{"name":"wp","href":"https:\/\/api.w.org\/{rel}","templated":true}]}}