{"id":8682,"date":"2023-12-19T14:24:51","date_gmt":"2023-12-19T14:24:51","guid":{"rendered":"https:\/\/thedermacheck.com\/ulei-mineral-in-produsele-de-ingrijire-a-pielii-un-ingredient-clasic-sub-microscop\/"},"modified":"2024-09-04T14:52:40","modified_gmt":"2024-09-04T14:52:40","slug":"ulei-mineral-in-produsele-de-ingrijire-a-pielii-un-ingredient-clasic-sub-microscop","status":"publish","type":"page","link":"https:\/\/thedermacheck.com\/ro\/ulei-mineral-in-produsele-de-ingrijire-a-pielii-un-ingredient-clasic-sub-microscop\/","title":{"rendered":"Ulei mineral \u00een produsele de \u00eengrijire a pielii: Un ingredient clasic sub microscop"},"content":{"rendered":"\n<p><strong>Uleiul mineral \u00een \u00eengrijirea pielii<\/strong><\/p>\n\n<ul class=\"wp-block-list\">\n<li><strong>Tip de ingredient:<\/strong> Agent ocluziv<\/li>\n\n\n\n<li><strong>Principalele beneficii:<\/strong> Blocheaz\u0103 hidratarea, protejeaz\u0103 bariera pielii<\/li>\n\n\n\n<li><strong>Ideal pentru:<\/strong> Piele uscat\u0103, pentru a proteja bariera cutanat\u0103<\/li>\n\n\n\n<li><strong>Frecven\u021ba de utilizare:<\/strong> Dup\u0103 caz, con\u021binut \u00een multe produse conven\u021bionale de \u00eengrijire a pielii<\/li>\n\n\n\n<li><strong>Combina\u021bie cu:<\/strong> Ingrediente hidratante<\/li>\n\n\n\n<li><strong>A nu se utiliza cu:<\/strong> Utiliza\u021bi cu precau\u021bie pe pielea gras\u0103 sau predispus\u0103 la acnee<\/li>\n<\/ul>\n\n<hr class=\"wp-block-separator has-alpha-channel-opacity\"\/>\n\n<h3 class=\"wp-block-heading\"><strong>Ce este uleiul mineral?<\/strong><\/h3>\n\n<p>Uleiul mineral, un subprodus al rafin\u0103rii petrolului, este un ingredient utilizat pe scar\u0103 larg\u0103 \u00een \u00eengrijirea pielii.\nEste cunoscut pentru propriet\u0103\u021bile sale ocluzive, care ajut\u0103 la fixarea umidit\u0103\u021bii \u00een piele \u0219i la protejarea barierei cutanate. <\/p>\n\n<h3 class=\"wp-block-heading\"><strong>Beneficiile uleiului mineral pentru piele<\/strong><\/h3>\n\n<ul class=\"wp-block-list\">\n<li><strong>Etan\u0219area hidrat\u0103rii:<\/strong> Uleiul mineral formeaz\u0103 un strat protector pe piele care ajut\u0103 la blocarea hidrat\u0103rii \u0219i previne deshidratarea.<\/li>\n\n\n\n<li><strong>Protejeaz\u0103 bariera pielii:<\/strong> sus\u021bine func\u021bia natural\u0103 de protec\u021bie a pielii \u0219i poate ajuta la vindecarea zonelor uscate \u0219i cr\u0103pate ale pielii.<\/li>\n<\/ul>\n\n<h3 class=\"wp-block-heading\"><strong>Posibile efecte secundare<\/strong><\/h3>\n\n<ul class=\"wp-block-list\">\n<li><strong>\u00cenfundarea porilor:<\/strong> Pentru pielea gras\u0103 sau predispus\u0103 la acnee, uleiul mineral poate bloca porii \u0219i duce la apari\u021bia petelor.<\/li>\n\n\n\n<li><strong>Reac\u021bii alergice:<\/strong> Rare, dar posibile, \u00een special \u00een cazul pielii sensibile.<\/li>\n<\/ul>\n\n<h3 class=\"wp-block-heading\"><strong>Recomand\u0103ri de aplicare<\/strong><\/h3>\n\n<ul class=\"wp-block-list\">\n<li><strong>\u00cen combina\u021bie cu produse hidratante:<\/strong> Ideal \u00een combina\u021bie cu ingrediente hidratante pentru a spori efectul de \u00eengrijire a pielii.<\/li>\n\n\n\n<li><strong>Ca strat protector:<\/strong> Poate fi aplicat ca strat protector peste cremele hidratante pentru a re\u021bine umezeala.<\/li>\n<\/ul>\n\n<h3 class=\"wp-block-heading\"><strong>Cum s\u0103 nu o utiliza\u021bi<\/strong><\/h3>\n\n<ul class=\"wp-block-list\">\n<li><strong>Nu utiliza\u021bi excesiv pe pielea gras\u0103:<\/strong> Uleiul mineral trebuie utilizat cu modera\u021bie doar pe pielea acneic\u0103 sau gras\u0103.<\/li>\n\n\n\n<li><strong>Nu ca unic hidratant:<\/strong> Uleiul mineral nu trebuie folosit ca unic\u0103 surs\u0103 de hidratare, deoarece nu hidrateaz\u0103, ci doar re\u021bine umezeala.<\/li>\n<\/ul>\n\n<h3 class=\"wp-block-heading\"><strong>\u00ceNTREB\u0102RI FRECVENTE<\/strong><\/h3>\n\n<p><strong>1. Uleiul mineral este sigur de utilizat?<\/strong>  Da, este \u00een general sigur de utilizat, cu excep\u021bia pielii grase sau cu tendin\u021b\u0103 acneic\u0103.<\/p>\n\n<p><strong>2. Uleiul mineral poate bloca pielea?<\/strong>  Poate astupa porii la unele tipuri de piele, a\u0219a c\u0103 se recomand\u0103 precau\u021bie pentru pielea gras\u0103 \u0219i predispus\u0103 la acnee.<\/p>\n\n<p><strong>3. Este uleiul mineral potrivit pentru pielea sensibil\u0103?<\/strong>  Da, este, \u00een general, potrivit pentru pielea sensibil\u0103, dar trebuie s\u0103 fi\u021bi precau\u021bi \u00een cazul reac\u021biilor alergice.<\/p>\n\n<h3 class=\"wp-block-heading\"><strong>Concluzie<\/strong><\/h3>\n\n<p>Uleiul mineral este un ingredient clasic pentru \u00eengrijirea pielii care ajut\u0103 \u00een mod eficient la fixarea umidit\u0103\u021bii \u00een piele \u0219i la protejarea barierei cutanate.\nEste deosebit de util pentru tipurile de piele uscat\u0103, dar ar trebui utilizat cu precau\u021bie pe pielea gras\u0103 sau predispus\u0103 la acnee.\nAtunci c\u00e2nd este utilizat corect, acesta poate fi o parte util\u0103 a rutinei de \u00eengrijire a pielii, \u00een special atunci c\u00e2nd este combinat cu ingrediente hidratante.  <\/p>\n","protected":false},"excerpt":{"rendered":"<p>Uleiul mineral \u00een \u00eengrijirea pielii Ce este uleiul mineral? Uleiul mineral, un subprodus al rafin\u0103rii petrolului, este un ingredient utilizat pe scar\u0103 larg\u0103 \u00een \u00eengrijirea pielii. Este cunoscut pentru propriet\u0103\u021bile sale ocluzive, care ajut\u0103 la fixarea umidit\u0103\u021bii \u00een piele \u0219i la protejarea barierei cutanate. Beneficiile uleiului mineral pentru piele Posibile efecte secundare Recomand\u0103ri de aplicare &#8230; <a title=\"Ulei mineral \u00een produsele de \u00eengrijire a pielii: Un ingredient clasic sub microscop\" class=\"read-more\" href=\"https:\/\/thedermacheck.com\/ro\/ulei-mineral-in-produsele-de-ingrijire-a-pielii-un-ingredient-clasic-sub-microscop\/\" aria-label=\"Cite\u0219te mai multe despre Ulei mineral \u00een produsele de \u00eengrijire a pielii: Un ingredient clasic sub microscop\">Mehr erfahren<\/a><\/p>\n","protected":false},"author":2,"featured_media":0,"parent":0,"menu_order":0,"comment_status":"closed","ping_status":"closed","template":"","meta":{"_acf_changed":false,"_lmt_disableupdate":"","_lmt_disable":"","footnotes":""},"categories":[89],"tags":[],"class_list":{"0":"post-8682","1":"page","2":"type-page","3":"status-publish","5":"category-ingrediente"},"acf":[],"yoast_head":"<!-- This site is optimized with the Yoast SEO Premium plugin v25.7.1 (Yoast SEO v25.7) - https:\/\/yoast.com\/wordpress\/plugins\/seo\/ -->\n<title>Ulei mineral \u00een produsele de \u00eengrijire a pielii: Un ingredient clasic sub microscop | The Derma Check<\/title>\n<meta name=\"robots\" content=\"index, follow, max-snippet:-1, max-image-preview:large, max-video-preview:-1\" \/>\n<link rel=\"canonical\" href=\"https:\/\/thedermacheck.com\/ro\/ulei-mineral-in-produsele-de-ingrijire-a-pielii-un-ingredient-clasic-sub-microscop\/\" \/>\n<meta property=\"og:locale\" content=\"ro_RO\" \/>\n<meta property=\"og:type\" content=\"article\" \/>\n<meta property=\"og:title\" content=\"Ulei mineral \u00een produsele de \u00eengrijire a pielii: Un ingredient clasic sub microscop\" \/>\n<meta property=\"og:description\" content=\"Uleiul mineral \u00een \u00eengrijirea pielii Ce este uleiul mineral? Uleiul mineral, un subprodus al rafin\u0103rii petrolului, este un ingredient utilizat pe scar\u0103 larg\u0103 \u00een \u00eengrijirea pielii. Este cunoscut pentru propriet\u0103\u021bile sale ocluzive, care ajut\u0103 la fixarea umidit\u0103\u021bii \u00een piele \u0219i la protejarea barierei cutanate. Beneficiile uleiului mineral pentru piele Posibile efecte secundare Recomand\u0103ri de aplicare ... Mehr erfahren\" \/>\n<meta property=\"og:url\" content=\"https:\/\/thedermacheck.com\/ro\/ulei-mineral-in-produsele-de-ingrijire-a-pielii-un-ingredient-clasic-sub-microscop\/\" \/>\n<meta property=\"og:site_name\" content=\"The Derma Check\" \/>\n<meta property=\"article:modified_time\" content=\"2024-09-04T14:52:40+00:00\" \/>\n<meta name=\"twitter:card\" content=\"summary_large_image\" \/>\n<meta name=\"twitter:label1\" content=\"Timp estimat pentru citire\" \/>\n\t<meta name=\"twitter:data1\" content=\"2 minute\" \/>\n<script type=\"application\/ld+json\" class=\"yoast-schema-graph\">{\"@context\":\"https:\/\/schema.org\",\"@graph\":[{\"@type\":\"WebPage\",\"@id\":\"https:\/\/thedermacheck.com\/ro\/ulei-mineral-in-produsele-de-ingrijire-a-pielii-un-ingredient-clasic-sub-microscop\/\",\"url\":\"https:\/\/thedermacheck.com\/ro\/ulei-mineral-in-produsele-de-ingrijire-a-pielii-un-ingredient-clasic-sub-microscop\/\",\"name\":\"Ulei mineral \u00een produsele de \u00eengrijire a pielii: Un ingredient clasic sub microscop | The Derma Check\",\"isPartOf\":{\"@id\":\"https:\/\/thedermacheck.com\/ro\/#website\"},\"datePublished\":\"2023-12-19T14:24:51+00:00\",\"dateModified\":\"2024-09-04T14:52:40+00:00\",\"breadcrumb\":{\"@id\":\"https:\/\/thedermacheck.com\/ro\/ulei-mineral-in-produsele-de-ingrijire-a-pielii-un-ingredient-clasic-sub-microscop\/#breadcrumb\"},\"inLanguage\":\"ro-RO\",\"potentialAction\":[{\"@type\":\"ReadAction\",\"target\":[\"https:\/\/thedermacheck.com\/ro\/ulei-mineral-in-produsele-de-ingrijire-a-pielii-un-ingredient-clasic-sub-microscop\/\"]}]},{\"@type\":\"BreadcrumbList\",\"@id\":\"https:\/\/thedermacheck.com\/ro\/ulei-mineral-in-produsele-de-ingrijire-a-pielii-un-ingredient-clasic-sub-microscop\/#breadcrumb\",\"itemListElement\":[{\"@type\":\"ListItem\",\"position\":1,\"name\":\"Derma Check\",\"item\":\"https:\/\/thedermacheck.com\/ro\/\"},{\"@type\":\"ListItem\",\"position\":2,\"name\":\"Ulei mineral \u00een produsele de \u00eengrijire a pielii: Un ingredient clasic sub microscop\"}]},{\"@type\":\"WebSite\",\"@id\":\"https:\/\/thedermacheck.com\/ro\/#website\",\"url\":\"https:\/\/thedermacheck.com\/ro\/\",\"name\":\"The Derma Check\",\"description\":\"\",\"publisher\":{\"@id\":\"https:\/\/thedermacheck.com\/ro\/#organization\"},\"potentialAction\":[{\"@type\":\"SearchAction\",\"target\":{\"@type\":\"EntryPoint\",\"urlTemplate\":\"https:\/\/thedermacheck.com\/ro\/?s={search_term_string}\"},\"query-input\":{\"@type\":\"PropertyValueSpecification\",\"valueRequired\":true,\"valueName\":\"search_term_string\"}}],\"inLanguage\":\"ro-RO\"},{\"@type\":\"Organization\",\"@id\":\"https:\/\/thedermacheck.com\/ro\/#organization\",\"name\":\"The Derma Check\",\"url\":\"https:\/\/thedermacheck.com\/ro\/\",\"logo\":{\"@type\":\"ImageObject\",\"inLanguage\":\"ro-RO\",\"@id\":\"https:\/\/thedermacheck.com\/ro\/#\/schema\/logo\/image\/\",\"url\":\"https:\/\/thedermacheck.com\/wp-content\/uploads\/2023\/10\/cropped-THE-DERMA-CHECK-FAVICON-NEW-1.png\",\"contentUrl\":\"https:\/\/thedermacheck.com\/wp-content\/uploads\/2023\/10\/cropped-THE-DERMA-CHECK-FAVICON-NEW-1.png\",\"width\":512,\"height\":512,\"caption\":\"The Derma Check\"},\"image\":{\"@id\":\"https:\/\/thedermacheck.com\/ro\/#\/schema\/logo\/image\/\"}}]}<\/script>\n<!-- \/ Yoast SEO Premium plugin. -->","yoast_head_json":{"title":"Ulei mineral \u00een produsele de \u00eengrijire a pielii: Un ingredient clasic sub microscop | The Derma Check","robots":{"index":"index","follow":"follow","max-snippet":"max-snippet:-1","max-image-preview":"max-image-preview:large","max-video-preview":"max-video-preview:-1"},"canonical":"https:\/\/thedermacheck.com\/ro\/ulei-mineral-in-produsele-de-ingrijire-a-pielii-un-ingredient-clasic-sub-microscop\/","og_locale":"ro_RO","og_type":"article","og_title":"Ulei mineral \u00een produsele de \u00eengrijire a pielii: Un ingredient clasic sub microscop","og_description":"Uleiul mineral \u00een \u00eengrijirea pielii Ce este uleiul mineral? Uleiul mineral, un subprodus al rafin\u0103rii petrolului, este un ingredient utilizat pe scar\u0103 larg\u0103 \u00een \u00eengrijirea pielii. Este cunoscut pentru propriet\u0103\u021bile sale ocluzive, care ajut\u0103 la fixarea umidit\u0103\u021bii \u00een piele \u0219i la protejarea barierei cutanate. Beneficiile uleiului mineral pentru piele Posibile efecte secundare Recomand\u0103ri de aplicare ... Mehr erfahren","og_url":"https:\/\/thedermacheck.com\/ro\/ulei-mineral-in-produsele-de-ingrijire-a-pielii-un-ingredient-clasic-sub-microscop\/","og_site_name":"The Derma Check","article_modified_time":"2024-09-04T14:52:40+00:00","twitter_card":"summary_large_image","twitter_misc":{"Timp estimat pentru citire":"2 minute"},"schema":{"@context":"https:\/\/schema.org","@graph":[{"@type":"WebPage","@id":"https:\/\/thedermacheck.com\/ro\/ulei-mineral-in-produsele-de-ingrijire-a-pielii-un-ingredient-clasic-sub-microscop\/","url":"https:\/\/thedermacheck.com\/ro\/ulei-mineral-in-produsele-de-ingrijire-a-pielii-un-ingredient-clasic-sub-microscop\/","name":"Ulei mineral \u00een produsele de \u00eengrijire a pielii: Un ingredient clasic sub microscop | The Derma Check","isPartOf":{"@id":"https:\/\/thedermacheck.com\/ro\/#website"},"datePublished":"2023-12-19T14:24:51+00:00","dateModified":"2024-09-04T14:52:40+00:00","breadcrumb":{"@id":"https:\/\/thedermacheck.com\/ro\/ulei-mineral-in-produsele-de-ingrijire-a-pielii-un-ingredient-clasic-sub-microscop\/#breadcrumb"},"inLanguage":"ro-RO","potentialAction":[{"@type":"ReadAction","target":["https:\/\/thedermacheck.com\/ro\/ulei-mineral-in-produsele-de-ingrijire-a-pielii-un-ingredient-clasic-sub-microscop\/"]}]},{"@type":"BreadcrumbList","@id":"https:\/\/thedermacheck.com\/ro\/ulei-mineral-in-produsele-de-ingrijire-a-pielii-un-ingredient-clasic-sub-microscop\/#breadcrumb","itemListElement":[{"@type":"ListItem","position":1,"name":"Derma Check","item":"https:\/\/thedermacheck.com\/ro\/"},{"@type":"ListItem","position":2,"name":"Ulei mineral \u00een produsele de \u00eengrijire a pielii: Un ingredient clasic sub microscop"}]},{"@type":"WebSite","@id":"https:\/\/thedermacheck.com\/ro\/#website","url":"https:\/\/thedermacheck.com\/ro\/","name":"The Derma Check","description":"","publisher":{"@id":"https:\/\/thedermacheck.com\/ro\/#organization"},"potentialAction":[{"@type":"SearchAction","target":{"@type":"EntryPoint","urlTemplate":"https:\/\/thedermacheck.com\/ro\/?s={search_term_string}"},"query-input":{"@type":"PropertyValueSpecification","valueRequired":true,"valueName":"search_term_string"}}],"inLanguage":"ro-RO"},{"@type":"Organization","@id":"https:\/\/thedermacheck.com\/ro\/#organization","name":"The Derma Check","url":"https:\/\/thedermacheck.com\/ro\/","logo":{"@type":"ImageObject","inLanguage":"ro-RO","@id":"https:\/\/thedermacheck.com\/ro\/#\/schema\/logo\/image\/","url":"https:\/\/thedermacheck.com\/wp-content\/uploads\/2023\/10\/cropped-THE-DERMA-CHECK-FAVICON-NEW-1.png","contentUrl":"https:\/\/thedermacheck.com\/wp-content\/uploads\/2023\/10\/cropped-THE-DERMA-CHECK-FAVICON-NEW-1.png","width":512,"height":512,"caption":"The Derma Check"},"image":{"@id":"https:\/\/thedermacheck.com\/ro\/#\/schema\/logo\/image\/"}}]}},"_links":{"self":[{"href":"https:\/\/thedermacheck.com\/ro\/wp-json\/wp\/v2\/pages\/8682","targetHints":{"allow":["GET"]}}],"collection":[{"href":"https:\/\/thedermacheck.com\/ro\/wp-json\/wp\/v2\/pages"}],"about":[{"href":"https:\/\/thedermacheck.com\/ro\/wp-json\/wp\/v2\/types\/page"}],"author":[{"embeddable":true,"href":"https:\/\/thedermacheck.com\/ro\/wp-json\/wp\/v2\/users\/2"}],"replies":[{"embeddable":true,"href":"https:\/\/thedermacheck.com\/ro\/wp-json\/wp\/v2\/comments?post=8682"}],"version-history":[{"count":1,"href":"https:\/\/thedermacheck.com\/ro\/wp-json\/wp\/v2\/pages\/8682\/revisions"}],"predecessor-version":[{"id":8683,"href":"https:\/\/thedermacheck.com\/ro\/wp-json\/wp\/v2\/pages\/8682\/revisions\/8683"}],"wp:attachment":[{"href":"https:\/\/thedermacheck.com\/ro\/wp-json\/wp\/v2\/media?parent=8682"}],"wp:term":[{"taxonomy":"category","embeddable":true,"href":"https:\/\/thedermacheck.com\/ro\/wp-json\/wp\/v2\/categories?post=8682"},{"taxonomy":"post_tag","embeddable":true,"href":"https:\/\/thedermacheck.com\/ro\/wp-json\/wp\/v2\/tags?post=8682"}],"curies":[{"name":"wp","href":"https:\/\/api.w.org\/{rel}","templated":true}]}}