{"id":8684,"date":"2023-12-19T14:27:18","date_gmt":"2023-12-19T14:27:18","guid":{"rendered":"https:\/\/thedermacheck.com\/uleiul-de-masline-in-produsele-de-ingrijire-a-pielii-ingrijire-naturala-pentru-o-piele-sanatoasa\/"},"modified":"2024-09-04T14:52:40","modified_gmt":"2024-09-04T14:52:40","slug":"uleiul-de-masline-in-produsele-de-ingrijire-a-pielii-ingrijire-naturala-pentru-o-piele-sanatoasa","status":"publish","type":"page","link":"https:\/\/thedermacheck.com\/ro\/uleiul-de-masline-in-produsele-de-ingrijire-a-pielii-ingrijire-naturala-pentru-o-piele-sanatoasa\/","title":{"rendered":"Uleiul de m\u0103sline \u00een produsele de \u00eengrijire a pielii: \u00cengrijire natural\u0103 pentru o piele s\u0103n\u0103toas\u0103"},"content":{"rendered":"\n<p><strong>Uleiul de m\u0103sline \u00een \u00eengrijirea pielii<\/strong><\/p>\n\n<ul class=\"wp-block-list\">\n<li><strong>Tip de ingredient:<\/strong> Ulei natural<\/li>\n\n\n\n<li><strong>Principalele beneficii:<\/strong> Hidratant, bogat \u00een antioxidan\u021bi, promoveaz\u0103 regenerarea pielii<\/li>\n\n\n\n<li><strong>Ideal pentru:<\/strong> Piele uscat\u0103, piele matur\u0103, pentru \u00eengrijirea general\u0103 a pielii<\/li>\n\n\n\n<li><strong>Frecven\u021ba de utilizare:<\/strong> zilnic, \u00een func\u021bie de tipul de piele \u0219i de produs<\/li>\n\n\n\n<li><strong>Se combin\u0103 cu:<\/strong> Alte uleiuri naturale \u0219i creme hidratante<\/li>\n\n\n\n<li><strong>A nu se utiliza cu:<\/strong> Utiliza\u021bi cu precau\u021bie pe pielea gras\u0103 sau predispus\u0103 la acnee<\/li>\n<\/ul>\n\n<hr class=\"wp-block-separator has-alpha-channel-opacity\"\/>\n\n<h3 class=\"wp-block-heading\"><strong>Ce este uleiul de m\u0103sline?<\/strong><\/h3>\n\n<p>Uleiul de m\u0103sline, ob\u021binut din fructul m\u0103slinului, este un produs natural tradi\u021bional utilizat \u00een \u00eengrijirea pielii.\nEste cunoscut pentru propriet\u0103\u021bile sale hidratante \u0219i pentru bog\u0103\u021bia sa \u00een antioxidan\u021bi \u0219i vitamine. <\/p>\n\n<h3 class=\"wp-block-heading\"><strong>Beneficiile uleiului de m\u0103sline pentru piele<\/strong><\/h3>\n\n<ul class=\"wp-block-list\">\n<li><strong>Hidratare:<\/strong> Uleiul de m\u0103sline ajut\u0103 la hidratarea profund\u0103 a pielii \u0219i combate usc\u0103ciunea.<\/li>\n\n\n\n<li><strong>Bogat \u00een antioxidan\u021bi:<\/strong> protejeaz\u0103 pielea de radicalii liberi \u0219i promoveaz\u0103 regenerarea pielii.<\/li>\n\n\n\n<li><strong>Sprijin\u0103 regenerarea pielii:<\/strong> Poate sprijini vindecarea r\u0103nilor minore ale pielii \u0219i poate \u00eembun\u0103t\u0103\u021bi elasticitatea pielii<strong>.<\/strong> <\/li>\n<\/ul>\n\n<h3 class=\"wp-block-heading\"><strong>Posibile efecte secundare<\/strong><\/h3>\n\n<ul class=\"wp-block-list\">\n<li><strong>Poate bloca porii:<\/strong> Pentru pielea gras\u0103 sau predispus\u0103 la acnee, uleiul de m\u0103sline poate duce la blocaje<strong>.<\/strong> <\/li>\n\n\n\n<li><strong>Reac\u021bii alergice:<\/strong> Rare, dar posibile, \u00een special \u00een cazul pielii sensibile.<\/li>\n<\/ul>\n\n<h3 class=\"wp-block-heading\"><strong>Recomand\u0103ri de aplicare<\/strong><\/h3>\n\n<ul class=\"wp-block-list\">\n<li><strong>Ca parte a rutinei zilnice:<\/strong> Poate fi folosit ca parte a cremei hidratante zilnice, \u00een special pentru pielea uscat\u0103 sau matur\u0103.<\/li>\n\n\n\n<li><strong>\u00cen combina\u021bie cu alte produse:<\/strong> Uleiul de m\u0103sline se combin\u0103 bine cu alte uleiuri naturale \u0219i creme hidratante.<\/li>\n<\/ul>\n\n<h3 class=\"wp-block-heading\"><strong>Cum s\u0103 nu o utiliza\u021bi<\/strong><\/h3>\n\n<ul class=\"wp-block-list\">\n<li><strong>Nu utiliza\u021bi \u00een exces pe pielea gras\u0103:<\/strong> Uleiul de m\u0103sline trebuie folosit doar \u00een cantit\u0103\u021bi mici pe pielea acneic\u0103 sau gras\u0103.<\/li>\n\n\n\n<li><strong>Nu ca unic tratament pentru problemele pielii:<\/strong> Uleiul de m\u0103sline nu este un substitut pentru tratamentele medicale ale pielii.<\/li>\n<\/ul>\n\n<h3 class=\"wp-block-heading\"><strong>\u00ceNTREB\u0102RI FRECVENTE<\/strong><\/h3>\n\n<p><strong>1 Pentru cine este potrivit uleiul de m\u0103sline?<\/strong>  Uleiul de m\u0103sline este excelent pentru pielea uscat\u0103 \u0219i matur\u0103, dar trebuie utilizat cu pruden\u021b\u0103 pe pielea gras\u0103.<\/p>\n\n<p><strong>2. Uleiul de m\u0103sline poate reduce ridurile?<\/strong>  De\u0219i poate \u00eembun\u0103t\u0103\u021bi elasticitatea pielii, nu este un substitut pentru tratamentele anti-\u00eemb\u0103tr\u00e2nire.<\/p>\n\n<p><strong>3. Este uleiul de m\u0103sline bun pentru \u00eengrijirea buzelor?<\/strong>  Da, poate fi folosit ca balsam natural pentru buze pentru a trata usc\u0103ciunea \u0219i cr\u0103parea.<\/p>\n\n<h3 class=\"wp-block-heading\"><strong>Concluzie<\/strong><\/h3>\n\n<p>Uleiul de m\u0103sline este un produs natural versatil \u0219i hr\u0103nitor pentru \u00eengrijirea pielii, care este deosebit de eficient pentru pielea uscat\u0103 \u0219i matur\u0103.\nAcesta ofer\u0103 hidratare profund\u0103 \u0219i protec\u021bie \u00eempotriva influen\u021belor mediului.\nAtunci c\u00e2nd este utilizat corect, acesta poate fi o parte valoroas\u0103 a rutinei zilnice de \u00eengrijire a pielii \u0219i poate ajuta la men\u021binerea s\u0103n\u0103t\u0103\u021bii pielii.  <\/p>\n","protected":false},"excerpt":{"rendered":"<p>Uleiul de m\u0103sline \u00een \u00eengrijirea pielii Ce este uleiul de m\u0103sline? Uleiul de m\u0103sline, ob\u021binut din fructul m\u0103slinului, este un produs natural tradi\u021bional utilizat \u00een \u00eengrijirea pielii. Este cunoscut pentru propriet\u0103\u021bile sale hidratante \u0219i pentru bog\u0103\u021bia sa \u00een antioxidan\u021bi \u0219i vitamine. Beneficiile uleiului de m\u0103sline pentru piele Posibile efecte secundare Recomand\u0103ri de aplicare Cum s\u0103 &#8230; <a title=\"Uleiul de m\u0103sline \u00een produsele de \u00eengrijire a pielii: \u00cengrijire natural\u0103 pentru o piele s\u0103n\u0103toas\u0103\" class=\"read-more\" href=\"https:\/\/thedermacheck.com\/ro\/uleiul-de-masline-in-produsele-de-ingrijire-a-pielii-ingrijire-naturala-pentru-o-piele-sanatoasa\/\" aria-label=\"Cite\u0219te mai multe despre Uleiul de m\u0103sline \u00een produsele de \u00eengrijire a pielii: \u00cengrijire natural\u0103 pentru o piele s\u0103n\u0103toas\u0103\">Mehr erfahren<\/a><\/p>\n","protected":false},"author":2,"featured_media":0,"parent":0,"menu_order":0,"comment_status":"closed","ping_status":"closed","template":"","meta":{"_acf_changed":false,"_lmt_disableupdate":"","_lmt_disable":"","footnotes":""},"categories":[89],"tags":[],"class_list":{"0":"post-8684","1":"page","2":"type-page","3":"status-publish","5":"category-ingrediente"},"acf":[],"yoast_head":"<!-- This site is optimized with the Yoast SEO Premium plugin v25.7.1 (Yoast SEO v25.7) - https:\/\/yoast.com\/wordpress\/plugins\/seo\/ -->\n<title>Uleiul de m\u0103sline \u00een produsele de \u00eengrijire a pielii: \u00cengrijire natural\u0103 pentru o piele s\u0103n\u0103toas\u0103 | The Derma Check<\/title>\n<meta name=\"robots\" content=\"index, follow, max-snippet:-1, max-image-preview:large, max-video-preview:-1\" \/>\n<link rel=\"canonical\" href=\"https:\/\/thedermacheck.com\/ro\/uleiul-de-masline-in-produsele-de-ingrijire-a-pielii-ingrijire-naturala-pentru-o-piele-sanatoasa\/\" \/>\n<meta property=\"og:locale\" content=\"ro_RO\" \/>\n<meta property=\"og:type\" content=\"article\" \/>\n<meta property=\"og:title\" content=\"Uleiul de m\u0103sline \u00een produsele de \u00eengrijire a pielii: \u00cengrijire natural\u0103 pentru o piele s\u0103n\u0103toas\u0103\" \/>\n<meta property=\"og:description\" content=\"Uleiul de m\u0103sline \u00een \u00eengrijirea pielii Ce este uleiul de m\u0103sline? Uleiul de m\u0103sline, ob\u021binut din fructul m\u0103slinului, este un produs natural tradi\u021bional utilizat \u00een \u00eengrijirea pielii. Este cunoscut pentru propriet\u0103\u021bile sale hidratante \u0219i pentru bog\u0103\u021bia sa \u00een antioxidan\u021bi \u0219i vitamine. Beneficiile uleiului de m\u0103sline pentru piele Posibile efecte secundare Recomand\u0103ri de aplicare Cum s\u0103 ... Mehr erfahren\" \/>\n<meta property=\"og:url\" content=\"https:\/\/thedermacheck.com\/ro\/uleiul-de-masline-in-produsele-de-ingrijire-a-pielii-ingrijire-naturala-pentru-o-piele-sanatoasa\/\" \/>\n<meta property=\"og:site_name\" content=\"The Derma Check\" \/>\n<meta property=\"article:modified_time\" content=\"2024-09-04T14:52:40+00:00\" \/>\n<meta name=\"twitter:card\" content=\"summary_large_image\" \/>\n<meta name=\"twitter:label1\" content=\"Timp estimat pentru citire\" \/>\n\t<meta name=\"twitter:data1\" content=\"2 minute\" \/>\n<script type=\"application\/ld+json\" class=\"yoast-schema-graph\">{\"@context\":\"https:\/\/schema.org\",\"@graph\":[{\"@type\":\"WebPage\",\"@id\":\"https:\/\/thedermacheck.com\/ro\/uleiul-de-masline-in-produsele-de-ingrijire-a-pielii-ingrijire-naturala-pentru-o-piele-sanatoasa\/\",\"url\":\"https:\/\/thedermacheck.com\/ro\/uleiul-de-masline-in-produsele-de-ingrijire-a-pielii-ingrijire-naturala-pentru-o-piele-sanatoasa\/\",\"name\":\"Uleiul de m\u0103sline \u00een produsele de \u00eengrijire a pielii: \u00cengrijire natural\u0103 pentru o piele s\u0103n\u0103toas\u0103 | The Derma Check\",\"isPartOf\":{\"@id\":\"https:\/\/thedermacheck.com\/ro\/#website\"},\"datePublished\":\"2023-12-19T14:27:18+00:00\",\"dateModified\":\"2024-09-04T14:52:40+00:00\",\"breadcrumb\":{\"@id\":\"https:\/\/thedermacheck.com\/ro\/uleiul-de-masline-in-produsele-de-ingrijire-a-pielii-ingrijire-naturala-pentru-o-piele-sanatoasa\/#breadcrumb\"},\"inLanguage\":\"ro-RO\",\"potentialAction\":[{\"@type\":\"ReadAction\",\"target\":[\"https:\/\/thedermacheck.com\/ro\/uleiul-de-masline-in-produsele-de-ingrijire-a-pielii-ingrijire-naturala-pentru-o-piele-sanatoasa\/\"]}]},{\"@type\":\"BreadcrumbList\",\"@id\":\"https:\/\/thedermacheck.com\/ro\/uleiul-de-masline-in-produsele-de-ingrijire-a-pielii-ingrijire-naturala-pentru-o-piele-sanatoasa\/#breadcrumb\",\"itemListElement\":[{\"@type\":\"ListItem\",\"position\":1,\"name\":\"Derma Check\",\"item\":\"https:\/\/thedermacheck.com\/ro\/\"},{\"@type\":\"ListItem\",\"position\":2,\"name\":\"Uleiul de m\u0103sline \u00een produsele de \u00eengrijire a pielii: \u00cengrijire natural\u0103 pentru o piele s\u0103n\u0103toas\u0103\"}]},{\"@type\":\"WebSite\",\"@id\":\"https:\/\/thedermacheck.com\/ro\/#website\",\"url\":\"https:\/\/thedermacheck.com\/ro\/\",\"name\":\"The Derma Check\",\"description\":\"\",\"publisher\":{\"@id\":\"https:\/\/thedermacheck.com\/ro\/#organization\"},\"potentialAction\":[{\"@type\":\"SearchAction\",\"target\":{\"@type\":\"EntryPoint\",\"urlTemplate\":\"https:\/\/thedermacheck.com\/ro\/?s={search_term_string}\"},\"query-input\":{\"@type\":\"PropertyValueSpecification\",\"valueRequired\":true,\"valueName\":\"search_term_string\"}}],\"inLanguage\":\"ro-RO\"},{\"@type\":\"Organization\",\"@id\":\"https:\/\/thedermacheck.com\/ro\/#organization\",\"name\":\"The Derma Check\",\"url\":\"https:\/\/thedermacheck.com\/ro\/\",\"logo\":{\"@type\":\"ImageObject\",\"inLanguage\":\"ro-RO\",\"@id\":\"https:\/\/thedermacheck.com\/ro\/#\/schema\/logo\/image\/\",\"url\":\"https:\/\/thedermacheck.com\/wp-content\/uploads\/2023\/10\/cropped-THE-DERMA-CHECK-FAVICON-NEW-1.png\",\"contentUrl\":\"https:\/\/thedermacheck.com\/wp-content\/uploads\/2023\/10\/cropped-THE-DERMA-CHECK-FAVICON-NEW-1.png\",\"width\":512,\"height\":512,\"caption\":\"The Derma Check\"},\"image\":{\"@id\":\"https:\/\/thedermacheck.com\/ro\/#\/schema\/logo\/image\/\"}}]}<\/script>\n<!-- \/ Yoast SEO Premium plugin. -->","yoast_head_json":{"title":"Uleiul de m\u0103sline \u00een produsele de \u00eengrijire a pielii: \u00cengrijire natural\u0103 pentru o piele s\u0103n\u0103toas\u0103 | The Derma Check","robots":{"index":"index","follow":"follow","max-snippet":"max-snippet:-1","max-image-preview":"max-image-preview:large","max-video-preview":"max-video-preview:-1"},"canonical":"https:\/\/thedermacheck.com\/ro\/uleiul-de-masline-in-produsele-de-ingrijire-a-pielii-ingrijire-naturala-pentru-o-piele-sanatoasa\/","og_locale":"ro_RO","og_type":"article","og_title":"Uleiul de m\u0103sline \u00een produsele de \u00eengrijire a pielii: \u00cengrijire natural\u0103 pentru o piele s\u0103n\u0103toas\u0103","og_description":"Uleiul de m\u0103sline \u00een \u00eengrijirea pielii Ce este uleiul de m\u0103sline? Uleiul de m\u0103sline, ob\u021binut din fructul m\u0103slinului, este un produs natural tradi\u021bional utilizat \u00een \u00eengrijirea pielii. Este cunoscut pentru propriet\u0103\u021bile sale hidratante \u0219i pentru bog\u0103\u021bia sa \u00een antioxidan\u021bi \u0219i vitamine. Beneficiile uleiului de m\u0103sline pentru piele Posibile efecte secundare Recomand\u0103ri de aplicare Cum s\u0103 ... Mehr erfahren","og_url":"https:\/\/thedermacheck.com\/ro\/uleiul-de-masline-in-produsele-de-ingrijire-a-pielii-ingrijire-naturala-pentru-o-piele-sanatoasa\/","og_site_name":"The Derma Check","article_modified_time":"2024-09-04T14:52:40+00:00","twitter_card":"summary_large_image","twitter_misc":{"Timp estimat pentru citire":"2 minute"},"schema":{"@context":"https:\/\/schema.org","@graph":[{"@type":"WebPage","@id":"https:\/\/thedermacheck.com\/ro\/uleiul-de-masline-in-produsele-de-ingrijire-a-pielii-ingrijire-naturala-pentru-o-piele-sanatoasa\/","url":"https:\/\/thedermacheck.com\/ro\/uleiul-de-masline-in-produsele-de-ingrijire-a-pielii-ingrijire-naturala-pentru-o-piele-sanatoasa\/","name":"Uleiul de m\u0103sline \u00een produsele de \u00eengrijire a pielii: \u00cengrijire natural\u0103 pentru o piele s\u0103n\u0103toas\u0103 | The Derma Check","isPartOf":{"@id":"https:\/\/thedermacheck.com\/ro\/#website"},"datePublished":"2023-12-19T14:27:18+00:00","dateModified":"2024-09-04T14:52:40+00:00","breadcrumb":{"@id":"https:\/\/thedermacheck.com\/ro\/uleiul-de-masline-in-produsele-de-ingrijire-a-pielii-ingrijire-naturala-pentru-o-piele-sanatoasa\/#breadcrumb"},"inLanguage":"ro-RO","potentialAction":[{"@type":"ReadAction","target":["https:\/\/thedermacheck.com\/ro\/uleiul-de-masline-in-produsele-de-ingrijire-a-pielii-ingrijire-naturala-pentru-o-piele-sanatoasa\/"]}]},{"@type":"BreadcrumbList","@id":"https:\/\/thedermacheck.com\/ro\/uleiul-de-masline-in-produsele-de-ingrijire-a-pielii-ingrijire-naturala-pentru-o-piele-sanatoasa\/#breadcrumb","itemListElement":[{"@type":"ListItem","position":1,"name":"Derma Check","item":"https:\/\/thedermacheck.com\/ro\/"},{"@type":"ListItem","position":2,"name":"Uleiul de m\u0103sline \u00een produsele de \u00eengrijire a pielii: \u00cengrijire natural\u0103 pentru o piele s\u0103n\u0103toas\u0103"}]},{"@type":"WebSite","@id":"https:\/\/thedermacheck.com\/ro\/#website","url":"https:\/\/thedermacheck.com\/ro\/","name":"The Derma Check","description":"","publisher":{"@id":"https:\/\/thedermacheck.com\/ro\/#organization"},"potentialAction":[{"@type":"SearchAction","target":{"@type":"EntryPoint","urlTemplate":"https:\/\/thedermacheck.com\/ro\/?s={search_term_string}"},"query-input":{"@type":"PropertyValueSpecification","valueRequired":true,"valueName":"search_term_string"}}],"inLanguage":"ro-RO"},{"@type":"Organization","@id":"https:\/\/thedermacheck.com\/ro\/#organization","name":"The Derma Check","url":"https:\/\/thedermacheck.com\/ro\/","logo":{"@type":"ImageObject","inLanguage":"ro-RO","@id":"https:\/\/thedermacheck.com\/ro\/#\/schema\/logo\/image\/","url":"https:\/\/thedermacheck.com\/wp-content\/uploads\/2023\/10\/cropped-THE-DERMA-CHECK-FAVICON-NEW-1.png","contentUrl":"https:\/\/thedermacheck.com\/wp-content\/uploads\/2023\/10\/cropped-THE-DERMA-CHECK-FAVICON-NEW-1.png","width":512,"height":512,"caption":"The Derma Check"},"image":{"@id":"https:\/\/thedermacheck.com\/ro\/#\/schema\/logo\/image\/"}}]}},"_links":{"self":[{"href":"https:\/\/thedermacheck.com\/ro\/wp-json\/wp\/v2\/pages\/8684","targetHints":{"allow":["GET"]}}],"collection":[{"href":"https:\/\/thedermacheck.com\/ro\/wp-json\/wp\/v2\/pages"}],"about":[{"href":"https:\/\/thedermacheck.com\/ro\/wp-json\/wp\/v2\/types\/page"}],"author":[{"embeddable":true,"href":"https:\/\/thedermacheck.com\/ro\/wp-json\/wp\/v2\/users\/2"}],"replies":[{"embeddable":true,"href":"https:\/\/thedermacheck.com\/ro\/wp-json\/wp\/v2\/comments?post=8684"}],"version-history":[{"count":1,"href":"https:\/\/thedermacheck.com\/ro\/wp-json\/wp\/v2\/pages\/8684\/revisions"}],"predecessor-version":[{"id":8685,"href":"https:\/\/thedermacheck.com\/ro\/wp-json\/wp\/v2\/pages\/8684\/revisions\/8685"}],"wp:attachment":[{"href":"https:\/\/thedermacheck.com\/ro\/wp-json\/wp\/v2\/media?parent=8684"}],"wp:term":[{"taxonomy":"category","embeddable":true,"href":"https:\/\/thedermacheck.com\/ro\/wp-json\/wp\/v2\/categories?post=8684"},{"taxonomy":"post_tag","embeddable":true,"href":"https:\/\/thedermacheck.com\/ro\/wp-json\/wp\/v2\/tags?post=8684"}],"curies":[{"name":"wp","href":"https:\/\/api.w.org\/{rel}","templated":true}]}}