{"id":8704,"date":"2023-12-19T15:00:21","date_gmt":"2023-12-19T15:00:21","guid":{"rendered":"https:\/\/thedermacheck.com\/guma-xantan-in-produsele-de-ingrijire-a-pielii-un-ajutor-invizibil-pentru-texturi-ideale\/"},"modified":"2024-09-04T14:52:55","modified_gmt":"2024-09-04T14:52:55","slug":"guma-xantan-in-produsele-de-ingrijire-a-pielii-un-ajutor-invizibil-pentru-texturi-ideale","status":"publish","type":"page","link":"https:\/\/thedermacheck.com\/ro\/guma-xantan-in-produsele-de-ingrijire-a-pielii-un-ajutor-invizibil-pentru-texturi-ideale\/","title":{"rendered":"Guma xantan \u00een produsele de \u00eengrijire a pielii: Un ajutor invizibil pentru texturi ideale"},"content":{"rendered":"\n<p>\n          <strong>GUMA XANTAN \u00ceN \u00ceNGRIJIREA PIELII<\/strong>\n        <\/p>\n\n<ul class=\"wp-block-list\">\n<li><strong>Tip de ingredient<\/strong>: texturizant, stabilizator<\/li>\n\n\n\n<li><strong>Principalele beneficii<\/strong>: \u00cembun\u0103t\u0103\u021be\u0219te consisten\u021ba produselor de \u00eengrijire a pielii, sus\u021bine distribuirea uniform\u0103 a altor ingrediente<\/li>\n\n\n\n<li><strong>Ideal pentru<\/strong>: Toate tipurile de produse de \u00eengrijire a pielii, de la seruri la creme<\/li>\n\n\n\n<li><strong>Frecven\u021ba de utilizare<\/strong>: Periodic, con\u021binut \u00een produsele de \u00eengrijire a pielii disponibile \u00een comer\u021b<\/li>\n\n\n\n<li><strong>Se combin\u0103 bine cu<\/strong>: Majoritatea ingredientelor pentru \u00eengrijirea pielii<\/li>\n\n\n\n<li><strong>A se evita cu<\/strong>: Alergii rare la guma de xantan<\/li>\n<\/ul>\n\n<h2 class=\"wp-block-heading\">Introducere: Ce este guma xantan?<\/h2>\n\n<p>Guma xantan, o polizaharid\u0103 produs\u0103 prin fermentarea zaharurilor de c\u0103tre bacteria Xanthomonas campestris, este un ingredient utilizat frecvent \u00een industria cosmetic\u0103.\nAceasta este apreciat\u0103 pentru capacitatea sa de a \u00eembun\u0103t\u0103\u021bi textura \u0219i consisten\u021ba produselor de \u00eengrijire a pielii. <\/p>\n\n<h3 class=\"wp-block-heading\">Beneficiile gumei xantan pentru produsele de \u00eengrijire a pielii<\/h3>\n\n<h4 class=\"wp-block-heading\">\u00cembun\u0103t\u0103\u021birea texturii produsului<\/h4>\n\n<p>Guma xantan asigur\u0103 o textur\u0103 uniform\u0103, u\u0219or de aplicat \u00een produsele de \u00eengrijire a pielii.<\/p>\n\n<h4 class=\"wp-block-heading\">Stabilizarea formul\u0103rilor<\/h4>\n\n<p>Ajut\u0103 la men\u021binerea stabil\u0103 \u0219i distribuirea uniform\u0103 a ingredientelor din produsele de \u00eengrijire a pielii.<\/p>\n\n<h4 class=\"wp-block-heading\">Sprijin pentru distribuirea ingredientelor active<\/h4>\n\n<p>Datorit\u0103 consisten\u021bei sale gelatinoase, guma xantan poate sus\u021bine distribu\u021bia uniform\u0103 a altor ingrediente \u00eentr-un produs.<\/p>\n\n<h3 class=\"wp-block-heading\">Posibile efecte secundare ale gumei xantan<\/h3>\n\n<h4 class=\"wp-block-heading\">Reac\u021bii alergice<\/h4>\n\n<p>De\u0219i rare, unele persoane pot avea o reac\u021bie alergic\u0103 la guma xantan, care poate duce la irita\u021bii ale pielii.<\/p>\n\n<h2 class=\"wp-block-heading\">Utilizarea gumei xantan \u00een produsele pentru \u00eengrijirea pielii<\/h2>\n\n<h3 class=\"wp-block-heading\">Aplicarea corect\u0103<\/h3>\n\n<ul class=\"wp-block-list\">\n<li><strong>Ca ingredient \u00een produse<\/strong>: Guma xantan este utilizat\u0103 ca agent de texturizare \u00een multe produse comerciale de \u00eengrijire a pielii.<\/li>\n\n\n\n<li><strong>\u00cembun\u0103t\u0103\u021be\u0219te consisten\u021ba \u00een produsele DIY<\/strong>: Poate fi folosit \u0219i \u00een produsele de \u00eengrijire a pielii de cas\u0103 pentru a ob\u021bine consisten\u021ba dorit\u0103.<\/li>\n<\/ul>\n\n<h3 class=\"wp-block-heading\">Cum s\u0103 nu o utiliza\u021bi<\/h3>\n\n<ul class=\"wp-block-list\">\n<li><strong>Nu aplica\u021bi pur pe piele<\/strong>: Ca ingredient unic, guma xantan nu trebuie aplicat\u0103 direct pe piele.<\/li>\n<\/ul>\n\n<h2 class=\"wp-block-heading\">\u00ceNTREB\u0102RI FRECVENTE<\/h2>\n\n<p><strong>1. Este sigur\u0103 utilizarea gumei xantan?<\/strong>  Da, guma xantan este \u00een general recunoscut\u0103 ca un ingredient sigur \u00een produsele de \u00eengrijire a pielii.<\/p>\n\n<p><strong>2. Guma xanthan are propriet\u0103\u021bi de \u00eengrijire a pielii?<\/strong>  Func\u021bia sa principal\u0103 este de a \u00eembun\u0103t\u0103\u021bi textura \u0219i consisten\u021ba produselor, nu \u00eengrijirea direct\u0103 a pielii.<\/p>\n\n<p><strong>3. Guma xantan poate provoca acnee?<\/strong>  Nu exist\u0103 dovezi c\u0103 guma xantan provoac\u0103 acnee, fiind considerat\u0103 non-comedogen\u0103.<\/p>\n\n<h2 class=\"wp-block-heading\">Concluzie<\/h2>\n\n<p>Guma xantan este un ingredient important \u00een multe produse de \u00eengrijire a pielii, apreciat pentru capacitatea sa de a \u00eembun\u0103t\u0103\u021bi textura \u0219i stabilitatea produsului.\nEste sigur de utilizat \u0219i joac\u0103 un rol de sprijin \u00een distribu\u021bia eficient\u0103 a ingredientelor active pe piele. <\/p>\n","protected":false},"excerpt":{"rendered":"<p>GUMA XANTAN \u00ceN \u00ceNGRIJIREA PIELII Introducere: Ce este guma xantan? Guma xantan, o polizaharid\u0103 produs\u0103 prin fermentarea zaharurilor de c\u0103tre bacteria Xanthomonas campestris, este un ingredient utilizat frecvent \u00een industria cosmetic\u0103. Aceasta este apreciat\u0103 pentru capacitatea sa de a \u00eembun\u0103t\u0103\u021bi textura \u0219i consisten\u021ba produselor de \u00eengrijire a pielii. Beneficiile gumei xantan pentru produsele de \u00eengrijire &#8230; <a title=\"Guma xantan \u00een produsele de \u00eengrijire a pielii: Un ajutor invizibil pentru texturi ideale\" class=\"read-more\" href=\"https:\/\/thedermacheck.com\/ro\/guma-xantan-in-produsele-de-ingrijire-a-pielii-un-ajutor-invizibil-pentru-texturi-ideale\/\" aria-label=\"Cite\u0219te mai multe despre Guma xantan \u00een produsele de \u00eengrijire a pielii: Un ajutor invizibil pentru texturi ideale\">Mehr erfahren<\/a><\/p>\n","protected":false},"author":2,"featured_media":0,"parent":0,"menu_order":0,"comment_status":"closed","ping_status":"closed","template":"","meta":{"_acf_changed":false,"_lmt_disableupdate":"","_lmt_disable":"","footnotes":""},"categories":[89],"tags":[],"class_list":{"0":"post-8704","1":"page","2":"type-page","3":"status-publish","5":"category-ingrediente"},"acf":[],"yoast_head":"<!-- This site is optimized with the Yoast SEO Premium plugin v25.7.1 (Yoast SEO v25.7) - https:\/\/yoast.com\/wordpress\/plugins\/seo\/ -->\n<title>Guma xantan \u00een produsele de \u00eengrijire a pielii: Un ajutor invizibil pentru texturi ideale | The Derma Check<\/title>\n<meta name=\"robots\" content=\"index, follow, max-snippet:-1, max-image-preview:large, max-video-preview:-1\" \/>\n<link rel=\"canonical\" href=\"https:\/\/thedermacheck.com\/ro\/guma-xantan-in-produsele-de-ingrijire-a-pielii-un-ajutor-invizibil-pentru-texturi-ideale\/\" \/>\n<meta property=\"og:locale\" content=\"ro_RO\" \/>\n<meta property=\"og:type\" content=\"article\" \/>\n<meta property=\"og:title\" content=\"Guma xantan \u00een produsele de \u00eengrijire a pielii: Un ajutor invizibil pentru texturi ideale\" \/>\n<meta property=\"og:description\" content=\"GUMA XANTAN \u00ceN \u00ceNGRIJIREA PIELII Introducere: Ce este guma xantan? Guma xantan, o polizaharid\u0103 produs\u0103 prin fermentarea zaharurilor de c\u0103tre bacteria Xanthomonas campestris, este un ingredient utilizat frecvent \u00een industria cosmetic\u0103. Aceasta este apreciat\u0103 pentru capacitatea sa de a \u00eembun\u0103t\u0103\u021bi textura \u0219i consisten\u021ba produselor de \u00eengrijire a pielii. Beneficiile gumei xantan pentru produsele de \u00eengrijire ... Mehr erfahren\" \/>\n<meta property=\"og:url\" content=\"https:\/\/thedermacheck.com\/ro\/guma-xantan-in-produsele-de-ingrijire-a-pielii-un-ajutor-invizibil-pentru-texturi-ideale\/\" \/>\n<meta property=\"og:site_name\" content=\"The Derma Check\" \/>\n<meta property=\"article:modified_time\" content=\"2024-09-04T14:52:55+00:00\" \/>\n<meta name=\"twitter:card\" content=\"summary_large_image\" \/>\n<meta name=\"twitter:label1\" content=\"Timp estimat pentru citire\" \/>\n\t<meta name=\"twitter:data1\" content=\"2 minute\" \/>\n<script type=\"application\/ld+json\" class=\"yoast-schema-graph\">{\"@context\":\"https:\/\/schema.org\",\"@graph\":[{\"@type\":\"WebPage\",\"@id\":\"https:\/\/thedermacheck.com\/ro\/guma-xantan-in-produsele-de-ingrijire-a-pielii-un-ajutor-invizibil-pentru-texturi-ideale\/\",\"url\":\"https:\/\/thedermacheck.com\/ro\/guma-xantan-in-produsele-de-ingrijire-a-pielii-un-ajutor-invizibil-pentru-texturi-ideale\/\",\"name\":\"Guma xantan \u00een produsele de \u00eengrijire a pielii: Un ajutor invizibil pentru texturi ideale | The Derma Check\",\"isPartOf\":{\"@id\":\"https:\/\/thedermacheck.com\/ro\/#website\"},\"datePublished\":\"2023-12-19T15:00:21+00:00\",\"dateModified\":\"2024-09-04T14:52:55+00:00\",\"breadcrumb\":{\"@id\":\"https:\/\/thedermacheck.com\/ro\/guma-xantan-in-produsele-de-ingrijire-a-pielii-un-ajutor-invizibil-pentru-texturi-ideale\/#breadcrumb\"},\"inLanguage\":\"ro-RO\",\"potentialAction\":[{\"@type\":\"ReadAction\",\"target\":[\"https:\/\/thedermacheck.com\/ro\/guma-xantan-in-produsele-de-ingrijire-a-pielii-un-ajutor-invizibil-pentru-texturi-ideale\/\"]}]},{\"@type\":\"BreadcrumbList\",\"@id\":\"https:\/\/thedermacheck.com\/ro\/guma-xantan-in-produsele-de-ingrijire-a-pielii-un-ajutor-invizibil-pentru-texturi-ideale\/#breadcrumb\",\"itemListElement\":[{\"@type\":\"ListItem\",\"position\":1,\"name\":\"Derma Check\",\"item\":\"https:\/\/thedermacheck.com\/ro\/\"},{\"@type\":\"ListItem\",\"position\":2,\"name\":\"Guma xantan \u00een produsele de \u00eengrijire a pielii: Un ajutor invizibil pentru texturi ideale\"}]},{\"@type\":\"WebSite\",\"@id\":\"https:\/\/thedermacheck.com\/ro\/#website\",\"url\":\"https:\/\/thedermacheck.com\/ro\/\",\"name\":\"The Derma Check\",\"description\":\"\",\"publisher\":{\"@id\":\"https:\/\/thedermacheck.com\/ro\/#organization\"},\"potentialAction\":[{\"@type\":\"SearchAction\",\"target\":{\"@type\":\"EntryPoint\",\"urlTemplate\":\"https:\/\/thedermacheck.com\/ro\/?s={search_term_string}\"},\"query-input\":{\"@type\":\"PropertyValueSpecification\",\"valueRequired\":true,\"valueName\":\"search_term_string\"}}],\"inLanguage\":\"ro-RO\"},{\"@type\":\"Organization\",\"@id\":\"https:\/\/thedermacheck.com\/ro\/#organization\",\"name\":\"The Derma Check\",\"url\":\"https:\/\/thedermacheck.com\/ro\/\",\"logo\":{\"@type\":\"ImageObject\",\"inLanguage\":\"ro-RO\",\"@id\":\"https:\/\/thedermacheck.com\/ro\/#\/schema\/logo\/image\/\",\"url\":\"https:\/\/thedermacheck.com\/wp-content\/uploads\/2023\/10\/cropped-THE-DERMA-CHECK-FAVICON-NEW-1.png\",\"contentUrl\":\"https:\/\/thedermacheck.com\/wp-content\/uploads\/2023\/10\/cropped-THE-DERMA-CHECK-FAVICON-NEW-1.png\",\"width\":512,\"height\":512,\"caption\":\"The Derma Check\"},\"image\":{\"@id\":\"https:\/\/thedermacheck.com\/ro\/#\/schema\/logo\/image\/\"}}]}<\/script>\n<!-- \/ Yoast SEO Premium plugin. -->","yoast_head_json":{"title":"Guma xantan \u00een produsele de \u00eengrijire a pielii: Un ajutor invizibil pentru texturi ideale | The Derma Check","robots":{"index":"index","follow":"follow","max-snippet":"max-snippet:-1","max-image-preview":"max-image-preview:large","max-video-preview":"max-video-preview:-1"},"canonical":"https:\/\/thedermacheck.com\/ro\/guma-xantan-in-produsele-de-ingrijire-a-pielii-un-ajutor-invizibil-pentru-texturi-ideale\/","og_locale":"ro_RO","og_type":"article","og_title":"Guma xantan \u00een produsele de \u00eengrijire a pielii: Un ajutor invizibil pentru texturi ideale","og_description":"GUMA XANTAN \u00ceN \u00ceNGRIJIREA PIELII Introducere: Ce este guma xantan? Guma xantan, o polizaharid\u0103 produs\u0103 prin fermentarea zaharurilor de c\u0103tre bacteria Xanthomonas campestris, este un ingredient utilizat frecvent \u00een industria cosmetic\u0103. Aceasta este apreciat\u0103 pentru capacitatea sa de a \u00eembun\u0103t\u0103\u021bi textura \u0219i consisten\u021ba produselor de \u00eengrijire a pielii. Beneficiile gumei xantan pentru produsele de \u00eengrijire ... Mehr erfahren","og_url":"https:\/\/thedermacheck.com\/ro\/guma-xantan-in-produsele-de-ingrijire-a-pielii-un-ajutor-invizibil-pentru-texturi-ideale\/","og_site_name":"The Derma Check","article_modified_time":"2024-09-04T14:52:55+00:00","twitter_card":"summary_large_image","twitter_misc":{"Timp estimat pentru citire":"2 minute"},"schema":{"@context":"https:\/\/schema.org","@graph":[{"@type":"WebPage","@id":"https:\/\/thedermacheck.com\/ro\/guma-xantan-in-produsele-de-ingrijire-a-pielii-un-ajutor-invizibil-pentru-texturi-ideale\/","url":"https:\/\/thedermacheck.com\/ro\/guma-xantan-in-produsele-de-ingrijire-a-pielii-un-ajutor-invizibil-pentru-texturi-ideale\/","name":"Guma xantan \u00een produsele de \u00eengrijire a pielii: Un ajutor invizibil pentru texturi ideale | The Derma Check","isPartOf":{"@id":"https:\/\/thedermacheck.com\/ro\/#website"},"datePublished":"2023-12-19T15:00:21+00:00","dateModified":"2024-09-04T14:52:55+00:00","breadcrumb":{"@id":"https:\/\/thedermacheck.com\/ro\/guma-xantan-in-produsele-de-ingrijire-a-pielii-un-ajutor-invizibil-pentru-texturi-ideale\/#breadcrumb"},"inLanguage":"ro-RO","potentialAction":[{"@type":"ReadAction","target":["https:\/\/thedermacheck.com\/ro\/guma-xantan-in-produsele-de-ingrijire-a-pielii-un-ajutor-invizibil-pentru-texturi-ideale\/"]}]},{"@type":"BreadcrumbList","@id":"https:\/\/thedermacheck.com\/ro\/guma-xantan-in-produsele-de-ingrijire-a-pielii-un-ajutor-invizibil-pentru-texturi-ideale\/#breadcrumb","itemListElement":[{"@type":"ListItem","position":1,"name":"Derma Check","item":"https:\/\/thedermacheck.com\/ro\/"},{"@type":"ListItem","position":2,"name":"Guma xantan \u00een produsele de \u00eengrijire a pielii: Un ajutor invizibil pentru texturi ideale"}]},{"@type":"WebSite","@id":"https:\/\/thedermacheck.com\/ro\/#website","url":"https:\/\/thedermacheck.com\/ro\/","name":"The Derma Check","description":"","publisher":{"@id":"https:\/\/thedermacheck.com\/ro\/#organization"},"potentialAction":[{"@type":"SearchAction","target":{"@type":"EntryPoint","urlTemplate":"https:\/\/thedermacheck.com\/ro\/?s={search_term_string}"},"query-input":{"@type":"PropertyValueSpecification","valueRequired":true,"valueName":"search_term_string"}}],"inLanguage":"ro-RO"},{"@type":"Organization","@id":"https:\/\/thedermacheck.com\/ro\/#organization","name":"The Derma Check","url":"https:\/\/thedermacheck.com\/ro\/","logo":{"@type":"ImageObject","inLanguage":"ro-RO","@id":"https:\/\/thedermacheck.com\/ro\/#\/schema\/logo\/image\/","url":"https:\/\/thedermacheck.com\/wp-content\/uploads\/2023\/10\/cropped-THE-DERMA-CHECK-FAVICON-NEW-1.png","contentUrl":"https:\/\/thedermacheck.com\/wp-content\/uploads\/2023\/10\/cropped-THE-DERMA-CHECK-FAVICON-NEW-1.png","width":512,"height":512,"caption":"The Derma Check"},"image":{"@id":"https:\/\/thedermacheck.com\/ro\/#\/schema\/logo\/image\/"}}]}},"_links":{"self":[{"href":"https:\/\/thedermacheck.com\/ro\/wp-json\/wp\/v2\/pages\/8704","targetHints":{"allow":["GET"]}}],"collection":[{"href":"https:\/\/thedermacheck.com\/ro\/wp-json\/wp\/v2\/pages"}],"about":[{"href":"https:\/\/thedermacheck.com\/ro\/wp-json\/wp\/v2\/types\/page"}],"author":[{"embeddable":true,"href":"https:\/\/thedermacheck.com\/ro\/wp-json\/wp\/v2\/users\/2"}],"replies":[{"embeddable":true,"href":"https:\/\/thedermacheck.com\/ro\/wp-json\/wp\/v2\/comments?post=8704"}],"version-history":[{"count":1,"href":"https:\/\/thedermacheck.com\/ro\/wp-json\/wp\/v2\/pages\/8704\/revisions"}],"predecessor-version":[{"id":8705,"href":"https:\/\/thedermacheck.com\/ro\/wp-json\/wp\/v2\/pages\/8704\/revisions\/8705"}],"wp:attachment":[{"href":"https:\/\/thedermacheck.com\/ro\/wp-json\/wp\/v2\/media?parent=8704"}],"wp:term":[{"taxonomy":"category","embeddable":true,"href":"https:\/\/thedermacheck.com\/ro\/wp-json\/wp\/v2\/categories?post=8704"},{"taxonomy":"post_tag","embeddable":true,"href":"https:\/\/thedermacheck.com\/ro\/wp-json\/wp\/v2\/tags?post=8704"}],"curies":[{"name":"wp","href":"https:\/\/api.w.org\/{rel}","templated":true}]}}