{"id":8706,"date":"2023-12-16T20:39:16","date_gmt":"2023-12-16T20:39:16","guid":{"rendered":"https:\/\/thedermacheck.com\/uleiul-din-samburi-de-caise-in-produsele-de-ingrijire-a-pielii-o-bijuterie-ascunsa\/"},"modified":"2024-09-04T14:53:11","modified_gmt":"2024-09-04T14:53:11","slug":"uleiul-din-samburi-de-caise-in-produsele-de-ingrijire-a-pielii-o-bijuterie-ascunsa","status":"publish","type":"page","link":"https:\/\/thedermacheck.com\/ro\/uleiul-din-samburi-de-caise-in-produsele-de-ingrijire-a-pielii-o-bijuterie-ascunsa\/","title":{"rendered":"Uleiul din s\u00e2mburi de caise \u00een produsele de \u00eengrijire a pielii: O bijuterie ascuns\u0103"},"content":{"rendered":"\n<h2 class=\"wp-block-heading\">ULEI DE S\u00c2MBURI DE CAISE<\/h2>\n\n<ul class=\"wp-block-list\">\n<li><strong>Tip de ingredient:<\/strong> Ulei natural<\/li>\n\n\n\n<li><strong>Principalele beneficii:<\/strong> Hidratant, anti-\u00eemb\u0103tr\u00e2nire, delicat cu pielea<\/li>\n\n\n\n<li><strong>Potrivit pentru:<\/strong> Toate tipurile de piele, \u00een special pielea uscat\u0103 \u0219i sensibil\u0103<\/li>\n\n\n\n<li><strong>Frecven\u021ba de utilizare:<\/strong> zilnic sau dup\u0103 cum este necesar<\/li>\n\n\n\n<li><strong>Poate fi combinat cu:<\/strong> Creme hidratante \u0219i alte uleiuri<\/li>\n\n\n\n<li><strong>A nu se utiliza cu:<\/strong> Produse cu un con\u021binut ridicat de alcool sau cu alergii la nuci<\/li>\n<\/ul>\n\n<hr class=\"wp-block-separator has-alpha-channel-opacity\"\/>\n\n<h2 class=\"wp-block-heading\">Introducere \u00een uleiul din s\u00e2mburi de caise<\/h2>\n\n<p>Uleiul din s\u00e2mburi de caise, extras din s\u00e2mburii de caise, este un ulei pu\u021bin cunoscut, dar extrem de eficient \u00een \u00eengrijirea pielii.\nBogat \u00een vitamine \u0219i acizi gra\u0219i esen\u021biali, acest ulei ofer\u0103 o multitudine de beneficii pentru piele. <\/p>\n\n<hr class=\"wp-block-separator has-alpha-channel-opacity\"\/>\n\n<h3 class=\"wp-block-heading\">Avantajele uleiului din s\u00e2mburi de caise<\/h3>\n\n<h4 class=\"wp-block-heading\">Bogate \u00een nutrien\u021bi<\/h4>\n\n<p>Uleiul din s\u00e2mburi de caise con\u021bine vitaminele A \u0219i E, precum \u0219i acizi gra\u0219i omega-6, care hr\u0103nesc \u0219i protejeaz\u0103 pielea.<\/p>\n\n<h4 class=\"wp-block-heading\">Hidratare \u0219i anti-\u00eemb\u0103tr\u00e2nire<\/h4>\n\n<p>Datorit\u0103 con\u021binutului ridicat de vitamina E \u0219i A, uleiul sus\u021bine echilibrul de hidratare al pielii \u0219i are un efect pozitiv asupra elasticit\u0103\u021bii \u0219i a aspectului liniilor fine \u0219i al ridurilor.<\/p>\n\n<hr class=\"wp-block-separator has-alpha-channel-opacity\"\/>\n\n<h3 class=\"wp-block-heading\">Posibile efecte secundare<\/h3>\n\n<p>De\u0219i uleiul din s\u00e2mburi de caise este \u00een general considerat sigur, persoanele cu alergii la nuci trebuie s\u0103 fie prudente.\n\u00cen cazuri rare, pot ap\u0103rea reac\u021bii cutanate. <\/p>\n\n<hr class=\"wp-block-separator has-alpha-channel-opacity\"\/>\n\n<h3 class=\"wp-block-heading\">Aplicarea uleiului din s\u00e2mburi de caise<\/h3>\n\n<h4 class=\"wp-block-heading\">Direct pe piele<\/h4>\n\n<p>Uleiul din s\u00e2mburi de caise poate fi aplicat direct pe piele, ideal dup\u0103 du\u0219, pentru a men\u021bine hidratarea.<\/p>\n\n<h4 class=\"wp-block-heading\">\u00cen combina\u021bie cu alte produse<\/h4>\n\n<p>Se combin\u0103 bine cu alte produse de \u00eengrijire a pielii, cum ar fi crema hidratant\u0103 zilnic\u0103.<\/p>\n\n<hr class=\"wp-block-separator has-alpha-channel-opacity\"\/>\n\n<h3 class=\"wp-block-heading\">Cum s\u0103 nu utiliza\u021bi uleiul din s\u00e2mburi de caise<\/h3>\n\n<ul class=\"wp-block-list\">\n<li><strong>Nu utiliza\u021bi \u00eempreun\u0103 cu produse care con\u021bin niveluri ridicate de alcool:<\/strong> Acest lucru poate usca pielea \u0219i reduce beneficiile uleiului.<\/li>\n\n\n\n<li><strong>Aten\u021bie la alergiile la nuci:<\/strong> De\u0219i rar, uleiul din s\u00e2mburi de caise poate declan\u0219a reac\u021bii alergice<strong>.<\/strong> <\/li>\n<\/ul>\n\n<hr class=\"wp-block-separator has-alpha-channel-opacity\"\/>\n\n<h3 class=\"wp-block-heading\">\u00centreb\u0103ri frecvente despre uleiul din s\u00e2mburi de caise<\/h3>\n\n<h4 class=\"wp-block-heading\">Uleiul din s\u00e2mburi de caise poate ajuta la tratarea acneei?<\/h4>\n\n<p>Acesta poate ajuta datorit\u0103 propriet\u0103\u021bilor sale antiinflamatorii, dar trebuie utilizat cu precau\u021bie pe pielea gras\u0103.<\/p>\n\n<h4 class=\"wp-block-heading\">Este uleiul din s\u00e2mburi de caise potrivit pentru pielea sensibil\u0103?<\/h4>\n\n<p>Da, este cunoscut pentru efectul s\u0103u delicat \u0219i este ideal pentru pielea sensibil\u0103.<\/p>\n\n<h4 class=\"wp-block-heading\">Uleiul din s\u00e2mburi de caise poate reduce imperfec\u021biunile pielii?<\/h4>\n\n<p>Aceasta poate ajuta la calmarea pielii \u0219i la \u00eembun\u0103t\u0103\u021birea aspectului petelor.<\/p>\n\n<hr class=\"wp-block-separator has-alpha-channel-opacity\"\/>\n\n<h2 class=\"wp-block-heading\">Concluzie<\/h2>\n\n<p>Uleiul din s\u00e2mburi de caise este un ulei versatil \u0219i bogat \u00een nutrien\u021bi care ofer\u0103 o gam\u0103 larg\u0103 de beneficii pentru \u00eengrijirea pielii.\nEste o alegere excelent\u0103 pentru cei care caut\u0103 o \u00eengrijire natural\u0103, hr\u0103nitoare \u0219i delicat\u0103 pentru pielea lor.\nDatorit\u0103 capacit\u0103\u021bii sale de a hidrata \u0219i de a lupta \u00eempotriva \u00eemb\u0103tr\u00e2nirii pielii, uleiul din s\u00e2mburi de caise este indispensabil \u00een arsenalul dumneavoastr\u0103 de \u00eengrijire a pielii.  <\/p>\n","protected":false},"excerpt":{"rendered":"<p>ULEI DE S\u00c2MBURI DE CAISE Introducere \u00een uleiul din s\u00e2mburi de caise Uleiul din s\u00e2mburi de caise, extras din s\u00e2mburii de caise, este un ulei pu\u021bin cunoscut, dar extrem de eficient \u00een \u00eengrijirea pielii. Bogat \u00een vitamine \u0219i acizi gra\u0219i esen\u021biali, acest ulei ofer\u0103 o multitudine de beneficii pentru piele. Avantajele uleiului din s\u00e2mburi de &#8230; <a title=\"Uleiul din s\u00e2mburi de caise \u00een produsele de \u00eengrijire a pielii: O bijuterie ascuns\u0103\" class=\"read-more\" href=\"https:\/\/thedermacheck.com\/ro\/uleiul-din-samburi-de-caise-in-produsele-de-ingrijire-a-pielii-o-bijuterie-ascunsa\/\" aria-label=\"Cite\u0219te mai multe despre Uleiul din s\u00e2mburi de caise \u00een produsele de \u00eengrijire a pielii: O bijuterie ascuns\u0103\">Mehr erfahren<\/a><\/p>\n","protected":false},"author":2,"featured_media":0,"parent":0,"menu_order":0,"comment_status":"closed","ping_status":"closed","template":"","meta":{"_acf_changed":false,"_lmt_disableupdate":"","_lmt_disable":"","footnotes":""},"categories":[89],"tags":[],"class_list":{"0":"post-8706","1":"page","2":"type-page","3":"status-publish","5":"category-ingrediente"},"acf":[],"yoast_head":"<!-- This site is optimized with the Yoast SEO Premium plugin v25.7.1 (Yoast SEO v25.7) - https:\/\/yoast.com\/wordpress\/plugins\/seo\/ -->\n<title>Uleiul din s\u00e2mburi de caise \u00een produsele de \u00eengrijire a pielii: O bijuterie ascuns\u0103 | The Derma Check<\/title>\n<meta name=\"robots\" content=\"index, follow, max-snippet:-1, max-image-preview:large, max-video-preview:-1\" \/>\n<link rel=\"canonical\" href=\"https:\/\/thedermacheck.com\/ro\/uleiul-din-samburi-de-caise-in-produsele-de-ingrijire-a-pielii-o-bijuterie-ascunsa\/\" \/>\n<meta property=\"og:locale\" content=\"ro_RO\" \/>\n<meta property=\"og:type\" content=\"article\" \/>\n<meta property=\"og:title\" content=\"Uleiul din s\u00e2mburi de caise \u00een produsele de \u00eengrijire a pielii: O bijuterie ascuns\u0103\" \/>\n<meta property=\"og:description\" content=\"ULEI DE S\u00c2MBURI DE CAISE Introducere \u00een uleiul din s\u00e2mburi de caise Uleiul din s\u00e2mburi de caise, extras din s\u00e2mburii de caise, este un ulei pu\u021bin cunoscut, dar extrem de eficient \u00een \u00eengrijirea pielii. Bogat \u00een vitamine \u0219i acizi gra\u0219i esen\u021biali, acest ulei ofer\u0103 o multitudine de beneficii pentru piele. Avantajele uleiului din s\u00e2mburi de ... Mehr erfahren\" \/>\n<meta property=\"og:url\" content=\"https:\/\/thedermacheck.com\/ro\/uleiul-din-samburi-de-caise-in-produsele-de-ingrijire-a-pielii-o-bijuterie-ascunsa\/\" \/>\n<meta property=\"og:site_name\" content=\"The Derma Check\" \/>\n<meta property=\"article:modified_time\" content=\"2024-09-04T14:53:11+00:00\" \/>\n<meta name=\"twitter:card\" content=\"summary_large_image\" \/>\n<meta name=\"twitter:label1\" content=\"Timp estimat pentru citire\" \/>\n\t<meta name=\"twitter:data1\" content=\"2 minute\" \/>\n<script type=\"application\/ld+json\" class=\"yoast-schema-graph\">{\"@context\":\"https:\/\/schema.org\",\"@graph\":[{\"@type\":\"WebPage\",\"@id\":\"https:\/\/thedermacheck.com\/ro\/uleiul-din-samburi-de-caise-in-produsele-de-ingrijire-a-pielii-o-bijuterie-ascunsa\/\",\"url\":\"https:\/\/thedermacheck.com\/ro\/uleiul-din-samburi-de-caise-in-produsele-de-ingrijire-a-pielii-o-bijuterie-ascunsa\/\",\"name\":\"Uleiul din s\u00e2mburi de caise \u00een produsele de \u00eengrijire a pielii: O bijuterie ascuns\u0103 | The Derma Check\",\"isPartOf\":{\"@id\":\"https:\/\/thedermacheck.com\/ro\/#website\"},\"datePublished\":\"2023-12-16T20:39:16+00:00\",\"dateModified\":\"2024-09-04T14:53:11+00:00\",\"breadcrumb\":{\"@id\":\"https:\/\/thedermacheck.com\/ro\/uleiul-din-samburi-de-caise-in-produsele-de-ingrijire-a-pielii-o-bijuterie-ascunsa\/#breadcrumb\"},\"inLanguage\":\"ro-RO\",\"potentialAction\":[{\"@type\":\"ReadAction\",\"target\":[\"https:\/\/thedermacheck.com\/ro\/uleiul-din-samburi-de-caise-in-produsele-de-ingrijire-a-pielii-o-bijuterie-ascunsa\/\"]}]},{\"@type\":\"BreadcrumbList\",\"@id\":\"https:\/\/thedermacheck.com\/ro\/uleiul-din-samburi-de-caise-in-produsele-de-ingrijire-a-pielii-o-bijuterie-ascunsa\/#breadcrumb\",\"itemListElement\":[{\"@type\":\"ListItem\",\"position\":1,\"name\":\"Derma Check\",\"item\":\"https:\/\/thedermacheck.com\/ro\/\"},{\"@type\":\"ListItem\",\"position\":2,\"name\":\"Uleiul din s\u00e2mburi de caise \u00een produsele de \u00eengrijire a pielii: O bijuterie ascuns\u0103\"}]},{\"@type\":\"WebSite\",\"@id\":\"https:\/\/thedermacheck.com\/ro\/#website\",\"url\":\"https:\/\/thedermacheck.com\/ro\/\",\"name\":\"The Derma Check\",\"description\":\"\",\"publisher\":{\"@id\":\"https:\/\/thedermacheck.com\/ro\/#organization\"},\"potentialAction\":[{\"@type\":\"SearchAction\",\"target\":{\"@type\":\"EntryPoint\",\"urlTemplate\":\"https:\/\/thedermacheck.com\/ro\/?s={search_term_string}\"},\"query-input\":{\"@type\":\"PropertyValueSpecification\",\"valueRequired\":true,\"valueName\":\"search_term_string\"}}],\"inLanguage\":\"ro-RO\"},{\"@type\":\"Organization\",\"@id\":\"https:\/\/thedermacheck.com\/ro\/#organization\",\"name\":\"The Derma Check\",\"url\":\"https:\/\/thedermacheck.com\/ro\/\",\"logo\":{\"@type\":\"ImageObject\",\"inLanguage\":\"ro-RO\",\"@id\":\"https:\/\/thedermacheck.com\/ro\/#\/schema\/logo\/image\/\",\"url\":\"https:\/\/thedermacheck.com\/wp-content\/uploads\/2023\/10\/cropped-THE-DERMA-CHECK-FAVICON-NEW-1.png\",\"contentUrl\":\"https:\/\/thedermacheck.com\/wp-content\/uploads\/2023\/10\/cropped-THE-DERMA-CHECK-FAVICON-NEW-1.png\",\"width\":512,\"height\":512,\"caption\":\"The Derma Check\"},\"image\":{\"@id\":\"https:\/\/thedermacheck.com\/ro\/#\/schema\/logo\/image\/\"}}]}<\/script>\n<!-- \/ Yoast SEO Premium plugin. -->","yoast_head_json":{"title":"Uleiul din s\u00e2mburi de caise \u00een produsele de \u00eengrijire a pielii: O bijuterie ascuns\u0103 | The Derma Check","robots":{"index":"index","follow":"follow","max-snippet":"max-snippet:-1","max-image-preview":"max-image-preview:large","max-video-preview":"max-video-preview:-1"},"canonical":"https:\/\/thedermacheck.com\/ro\/uleiul-din-samburi-de-caise-in-produsele-de-ingrijire-a-pielii-o-bijuterie-ascunsa\/","og_locale":"ro_RO","og_type":"article","og_title":"Uleiul din s\u00e2mburi de caise \u00een produsele de \u00eengrijire a pielii: O bijuterie ascuns\u0103","og_description":"ULEI DE S\u00c2MBURI DE CAISE Introducere \u00een uleiul din s\u00e2mburi de caise Uleiul din s\u00e2mburi de caise, extras din s\u00e2mburii de caise, este un ulei pu\u021bin cunoscut, dar extrem de eficient \u00een \u00eengrijirea pielii. Bogat \u00een vitamine \u0219i acizi gra\u0219i esen\u021biali, acest ulei ofer\u0103 o multitudine de beneficii pentru piele. Avantajele uleiului din s\u00e2mburi de ... Mehr erfahren","og_url":"https:\/\/thedermacheck.com\/ro\/uleiul-din-samburi-de-caise-in-produsele-de-ingrijire-a-pielii-o-bijuterie-ascunsa\/","og_site_name":"The Derma Check","article_modified_time":"2024-09-04T14:53:11+00:00","twitter_card":"summary_large_image","twitter_misc":{"Timp estimat pentru citire":"2 minute"},"schema":{"@context":"https:\/\/schema.org","@graph":[{"@type":"WebPage","@id":"https:\/\/thedermacheck.com\/ro\/uleiul-din-samburi-de-caise-in-produsele-de-ingrijire-a-pielii-o-bijuterie-ascunsa\/","url":"https:\/\/thedermacheck.com\/ro\/uleiul-din-samburi-de-caise-in-produsele-de-ingrijire-a-pielii-o-bijuterie-ascunsa\/","name":"Uleiul din s\u00e2mburi de caise \u00een produsele de \u00eengrijire a pielii: O bijuterie ascuns\u0103 | The Derma Check","isPartOf":{"@id":"https:\/\/thedermacheck.com\/ro\/#website"},"datePublished":"2023-12-16T20:39:16+00:00","dateModified":"2024-09-04T14:53:11+00:00","breadcrumb":{"@id":"https:\/\/thedermacheck.com\/ro\/uleiul-din-samburi-de-caise-in-produsele-de-ingrijire-a-pielii-o-bijuterie-ascunsa\/#breadcrumb"},"inLanguage":"ro-RO","potentialAction":[{"@type":"ReadAction","target":["https:\/\/thedermacheck.com\/ro\/uleiul-din-samburi-de-caise-in-produsele-de-ingrijire-a-pielii-o-bijuterie-ascunsa\/"]}]},{"@type":"BreadcrumbList","@id":"https:\/\/thedermacheck.com\/ro\/uleiul-din-samburi-de-caise-in-produsele-de-ingrijire-a-pielii-o-bijuterie-ascunsa\/#breadcrumb","itemListElement":[{"@type":"ListItem","position":1,"name":"Derma Check","item":"https:\/\/thedermacheck.com\/ro\/"},{"@type":"ListItem","position":2,"name":"Uleiul din s\u00e2mburi de caise \u00een produsele de \u00eengrijire a pielii: O bijuterie ascuns\u0103"}]},{"@type":"WebSite","@id":"https:\/\/thedermacheck.com\/ro\/#website","url":"https:\/\/thedermacheck.com\/ro\/","name":"The Derma Check","description":"","publisher":{"@id":"https:\/\/thedermacheck.com\/ro\/#organization"},"potentialAction":[{"@type":"SearchAction","target":{"@type":"EntryPoint","urlTemplate":"https:\/\/thedermacheck.com\/ro\/?s={search_term_string}"},"query-input":{"@type":"PropertyValueSpecification","valueRequired":true,"valueName":"search_term_string"}}],"inLanguage":"ro-RO"},{"@type":"Organization","@id":"https:\/\/thedermacheck.com\/ro\/#organization","name":"The Derma Check","url":"https:\/\/thedermacheck.com\/ro\/","logo":{"@type":"ImageObject","inLanguage":"ro-RO","@id":"https:\/\/thedermacheck.com\/ro\/#\/schema\/logo\/image\/","url":"https:\/\/thedermacheck.com\/wp-content\/uploads\/2023\/10\/cropped-THE-DERMA-CHECK-FAVICON-NEW-1.png","contentUrl":"https:\/\/thedermacheck.com\/wp-content\/uploads\/2023\/10\/cropped-THE-DERMA-CHECK-FAVICON-NEW-1.png","width":512,"height":512,"caption":"The Derma Check"},"image":{"@id":"https:\/\/thedermacheck.com\/ro\/#\/schema\/logo\/image\/"}}]}},"_links":{"self":[{"href":"https:\/\/thedermacheck.com\/ro\/wp-json\/wp\/v2\/pages\/8706","targetHints":{"allow":["GET"]}}],"collection":[{"href":"https:\/\/thedermacheck.com\/ro\/wp-json\/wp\/v2\/pages"}],"about":[{"href":"https:\/\/thedermacheck.com\/ro\/wp-json\/wp\/v2\/types\/page"}],"author":[{"embeddable":true,"href":"https:\/\/thedermacheck.com\/ro\/wp-json\/wp\/v2\/users\/2"}],"replies":[{"embeddable":true,"href":"https:\/\/thedermacheck.com\/ro\/wp-json\/wp\/v2\/comments?post=8706"}],"version-history":[{"count":1,"href":"https:\/\/thedermacheck.com\/ro\/wp-json\/wp\/v2\/pages\/8706\/revisions"}],"predecessor-version":[{"id":8707,"href":"https:\/\/thedermacheck.com\/ro\/wp-json\/wp\/v2\/pages\/8706\/revisions\/8707"}],"wp:attachment":[{"href":"https:\/\/thedermacheck.com\/ro\/wp-json\/wp\/v2\/media?parent=8706"}],"wp:term":[{"taxonomy":"category","embeddable":true,"href":"https:\/\/thedermacheck.com\/ro\/wp-json\/wp\/v2\/categories?post=8706"},{"taxonomy":"post_tag","embeddable":true,"href":"https:\/\/thedermacheck.com\/ro\/wp-json\/wp\/v2\/tags?post=8706"}],"curies":[{"name":"wp","href":"https:\/\/api.w.org\/{rel}","templated":true}]}}