{"id":8710,"date":"2023-12-16T20:39:44","date_gmt":"2023-12-16T20:39:44","guid":{"rendered":"https:\/\/thedermacheck.com\/astaxantina-in-produsele-de-ingrijire-a-pielii-antioxidantul-puternic\/"},"modified":"2024-09-04T14:53:11","modified_gmt":"2024-09-04T14:53:11","slug":"astaxantina-in-produsele-de-ingrijire-a-pielii-antioxidantul-puternic","status":"publish","type":"page","link":"https:\/\/thedermacheck.com\/ro\/astaxantina-in-produsele-de-ingrijire-a-pielii-antioxidantul-puternic\/","title":{"rendered":"Astaxantin\u0103 \u00een produsele de \u00eengrijire a pielii: Antioxidantul puternic"},"content":{"rendered":"\n<h2 class=\"wp-block-heading\">ASTAXANTHIN<\/h2>\n\n<ul class=\"wp-block-list\">\n<li><strong>Tip de ingredient:<\/strong> Antioxidant puternic<\/li>\n\n\n\n<li><strong>Principalele beneficii:<\/strong> protec\u021bie \u00eempotriva daunelor UV, efecte anti-\u00eemb\u0103tr\u00e2nire, \u00eembun\u0103t\u0103\u021birea elasticit\u0103\u021bii pielii<\/li>\n\n\n\n<li><strong>Pentru cine este potrivit:<\/strong> Potrivit pentru toate tipurile de piele, \u00een special pentru pielea matur\u0103 \u0219i afectat\u0103 de soare<\/li>\n\n\n\n<li><strong>Frecven\u021ba de utilizare:<\/strong> \u00cen conformitate cu instruc\u021biunile produsului, adesea zilnic<\/li>\n\n\n\n<li><strong>Poate fi combinat cu:<\/strong> Alte produse antioxidante pentru \u00eengrijirea pielii<\/li>\n\n\n\n<li><strong>A nu se utiliza cu:<\/strong> Produse care con\u021bin ingrediente iritante<\/li>\n<\/ul>\n\n<hr class=\"wp-block-separator has-alpha-channel-opacity\"\/>\n\n<h2 class=\"wp-block-heading\">Ce este astaxantina?<\/h2>\n\n<p>Astaxantina este un antioxidant puternic care se extrage \u00een principal din microalge.\nCunoscut\u0103 pentru culoarea sa ro\u0219ie intens\u0103, aceasta este adesea utilizat\u0103 \u00een acvacultur\u0103 pentru a colora somonul, creve\u021bii \u0219i alte fructe de mare.\nEa a devenit din ce \u00een ce mai important\u0103 \u00een \u00eengrijirea pielii datorit\u0103 propriet\u0103\u021bilor sale antioxidante, care sunt mai puternice dec\u00e2t vitamina E \u0219i betacarotenul.  <\/p>\n\n<hr class=\"wp-block-separator has-alpha-channel-opacity\"\/>\n\n<h3 class=\"wp-block-heading\">Beneficiile astaxantinei pentru piele<\/h3>\n\n<h4 class=\"wp-block-heading\">Protec\u021bie \u00eempotriva razelor UV<\/h4>\n\n<p>Astaxantina ajut\u0103 la protejarea pielii de efectele nocive ale razelor UV prin reducerea stresului oxidativ.<\/p>\n\n<h4 class=\"wp-block-heading\">Efecte anti-\u00eemb\u0103tr\u00e2nire<\/h4>\n\n<p>Datorit\u0103 efectului s\u0103u antioxidant, astaxantina ajut\u0103 la reducerea semnelor vizibile ale \u00eemb\u0103tr\u00e2nirii pielii, cum ar fi liniile fine \u0219i ridurile.<\/p>\n\n<h4 class=\"wp-block-heading\">\u00cembun\u0103t\u0103\u021birea elasticit\u0103\u021bii pielii<\/h4>\n\n<p>Sus\u021bine elasticitatea pielii \u0219i promoveaz\u0103 un ten s\u0103n\u0103tos \u0219i radiant.<\/p>\n\n<hr class=\"wp-block-separator has-alpha-channel-opacity\"\/>\n\n<h3 class=\"wp-block-heading\">Posibile efecte secundare<\/h3>\n\n<p>Astaxantina este \u00een general bine tolerat\u0103 \u0219i sigur\u0103 pentru majoritatea tipurilor de piele.\nReac\u021biile alergice sunt rare, dar, ca \u00een cazul oric\u0103rui produs nou de \u00eengrijire a pielii, trebuie efectuat un test de plasture \u00eenainte de utilizare. <\/p>\n\n<hr class=\"wp-block-separator has-alpha-channel-opacity\"\/>\n\n<h3 class=\"wp-block-heading\">Utilizarea astaxantinei<\/h3>\n\n<h4 class=\"wp-block-heading\">\u00cen creme \u0219i seruri<\/h4>\n\n<p>Astaxantina este adesea utilizat\u0103 \u00een seruri, creme \u0219i alte produse de \u00eengrijire a pielii.\nAceasta poate fi utilizat\u0103 zilnic pentru a beneficia de beneficiile sale antioxidante. <\/p>\n\n<h4 class=\"wp-block-heading\">Combinarea cu alte produse<\/h4>\n\n<p>Astaxantina poate fi combinat\u0103 bine cu alte ingrediente antioxidante, cum ar fi vitamina C sau E, pentru a consolida mecanismele de protec\u021bie ale pielii.<\/p>\n\n<hr class=\"wp-block-separator has-alpha-channel-opacity\"\/>\n\n<h3 class=\"wp-block-heading\">Cum s\u0103 nu utiliza\u021bi astaxantina<\/h3>\n\n<ul class=\"wp-block-list\">\n<li><strong>Nu combina\u021bi cu ingrediente iritante:<\/strong> Combinarea cu produse care con\u021bin substan\u021be iritante poate cre\u0219te sensibilitatea pielii.<\/li>\n\n\n\n<li><strong>Evita\u021bi supradozarea:<\/strong> Utilizarea excesiv\u0103 poate duce la saturarea capacit\u0103\u021bii antioxidante a pielii \u0219i nu este neap\u0103rat mai eficient\u0103.<\/li>\n<\/ul>\n\n<hr class=\"wp-block-separator has-alpha-channel-opacity\"\/>\n\n<h3 class=\"wp-block-heading\">\u00centreb\u0103ri frecvente despre astaxantin\u0103<\/h3>\n\n<h4 class=\"wp-block-heading\">Poate astaxantina s\u0103 \u00eembun\u0103t\u0103\u021beasc\u0103 acneea?<\/h4>\n\n<p>Astaxantina nu este cunoscut\u0103 \u00een mod specific pentru tratamentul acneei, dar poate ajuta la \u00eembun\u0103t\u0103\u021birea aspectului pielii datorit\u0103 propriet\u0103\u021bilor sale antiinflamatorii.<\/p>\n\n<h4 class=\"wp-block-heading\">Este astaxantina sigur\u0103 pentru pielea sensibil\u0103?<\/h4>\n\n<p>Da, astaxantina este \u00een general bine tolerat\u0103 \u0219i poate fi utilizat\u0103 \u0219i de persoanele cu piele sensibil\u0103.<\/p>\n\n<h4 class=\"wp-block-heading\">Poate fi folosit\u0103 astaxantina singur\u0103 ca protec\u021bie solar\u0103?<\/h4>\n\n<p>Nu, astaxantina nu este un substitut pentru protec\u021bia solar\u0103 cu un factor ridicat de protec\u021bie solar\u0103, ci un supliment pentru a proteja \u00eempotriva stresului oxidativ.<\/p>\n\n<hr class=\"wp-block-separator has-alpha-channel-opacity\"\/>\n\n<h2 class=\"wp-block-heading\">Concluzie<\/h2>\n\n<p>Astaxantina este un antioxidant puternic care ofer\u0103 protec\u021bie complet\u0103 \u00eempotriva daunelor produse de mediu \u0219i combate semnele \u00eemb\u0103tr\u00e2nirii.\nBeneficiile sale multiple o fac o completare valoroas\u0103 la rutina de \u00eengrijire a pielii pentru aproape orice tip de piele.\nCa parte a unui program complet de \u00eengrijire a pielii, astaxantina poate contribui la promovarea unui ten mai t\u00e2n\u0103r \u0219i radiant.  <\/p>\n","protected":false},"excerpt":{"rendered":"<p>ASTAXANTHIN Ce este astaxantina? Astaxantina este un antioxidant puternic care se extrage \u00een principal din microalge. Cunoscut\u0103 pentru culoarea sa ro\u0219ie intens\u0103, aceasta este adesea utilizat\u0103 \u00een acvacultur\u0103 pentru a colora somonul, creve\u021bii \u0219i alte fructe de mare. Ea a devenit din ce \u00een ce mai important\u0103 \u00een \u00eengrijirea pielii datorit\u0103 propriet\u0103\u021bilor sale antioxidante, care &#8230; <a title=\"Astaxantin\u0103 \u00een produsele de \u00eengrijire a pielii: Antioxidantul puternic\" class=\"read-more\" href=\"https:\/\/thedermacheck.com\/ro\/astaxantina-in-produsele-de-ingrijire-a-pielii-antioxidantul-puternic\/\" aria-label=\"Cite\u0219te mai multe despre Astaxantin\u0103 \u00een produsele de \u00eengrijire a pielii: Antioxidantul puternic\">Mehr erfahren<\/a><\/p>\n","protected":false},"author":2,"featured_media":0,"parent":0,"menu_order":0,"comment_status":"closed","ping_status":"closed","template":"","meta":{"_acf_changed":false,"_lmt_disableupdate":"","_lmt_disable":"","footnotes":""},"categories":[89],"tags":[],"class_list":{"0":"post-8710","1":"page","2":"type-page","3":"status-publish","5":"category-ingrediente"},"acf":[],"yoast_head":"<!-- This site is optimized with the Yoast SEO Premium plugin v25.7.1 (Yoast SEO v25.7) - https:\/\/yoast.com\/wordpress\/plugins\/seo\/ -->\n<title>Astaxantin\u0103 \u00een produsele de \u00eengrijire a pielii: Antioxidantul puternic | The Derma Check<\/title>\n<meta name=\"robots\" content=\"index, follow, max-snippet:-1, max-image-preview:large, max-video-preview:-1\" \/>\n<link rel=\"canonical\" href=\"https:\/\/thedermacheck.com\/ro\/astaxantina-in-produsele-de-ingrijire-a-pielii-antioxidantul-puternic\/\" \/>\n<meta property=\"og:locale\" content=\"ro_RO\" \/>\n<meta property=\"og:type\" content=\"article\" \/>\n<meta property=\"og:title\" content=\"Astaxantin\u0103 \u00een produsele de \u00eengrijire a pielii: Antioxidantul puternic\" \/>\n<meta property=\"og:description\" content=\"ASTAXANTHIN Ce este astaxantina? Astaxantina este un antioxidant puternic care se extrage \u00een principal din microalge. Cunoscut\u0103 pentru culoarea sa ro\u0219ie intens\u0103, aceasta este adesea utilizat\u0103 \u00een acvacultur\u0103 pentru a colora somonul, creve\u021bii \u0219i alte fructe de mare. Ea a devenit din ce \u00een ce mai important\u0103 \u00een \u00eengrijirea pielii datorit\u0103 propriet\u0103\u021bilor sale antioxidante, care ... Mehr erfahren\" \/>\n<meta property=\"og:url\" content=\"https:\/\/thedermacheck.com\/ro\/astaxantina-in-produsele-de-ingrijire-a-pielii-antioxidantul-puternic\/\" \/>\n<meta property=\"og:site_name\" content=\"The Derma Check\" \/>\n<meta property=\"article:modified_time\" content=\"2024-09-04T14:53:11+00:00\" \/>\n<meta name=\"twitter:card\" content=\"summary_large_image\" \/>\n<meta name=\"twitter:label1\" content=\"Timp estimat pentru citire\" \/>\n\t<meta name=\"twitter:data1\" content=\"3 minute\" \/>\n<script type=\"application\/ld+json\" class=\"yoast-schema-graph\">{\"@context\":\"https:\/\/schema.org\",\"@graph\":[{\"@type\":\"WebPage\",\"@id\":\"https:\/\/thedermacheck.com\/ro\/astaxantina-in-produsele-de-ingrijire-a-pielii-antioxidantul-puternic\/\",\"url\":\"https:\/\/thedermacheck.com\/ro\/astaxantina-in-produsele-de-ingrijire-a-pielii-antioxidantul-puternic\/\",\"name\":\"Astaxantin\u0103 \u00een produsele de \u00eengrijire a pielii: Antioxidantul puternic | The Derma Check\",\"isPartOf\":{\"@id\":\"https:\/\/thedermacheck.com\/ro\/#website\"},\"datePublished\":\"2023-12-16T20:39:44+00:00\",\"dateModified\":\"2024-09-04T14:53:11+00:00\",\"breadcrumb\":{\"@id\":\"https:\/\/thedermacheck.com\/ro\/astaxantina-in-produsele-de-ingrijire-a-pielii-antioxidantul-puternic\/#breadcrumb\"},\"inLanguage\":\"ro-RO\",\"potentialAction\":[{\"@type\":\"ReadAction\",\"target\":[\"https:\/\/thedermacheck.com\/ro\/astaxantina-in-produsele-de-ingrijire-a-pielii-antioxidantul-puternic\/\"]}]},{\"@type\":\"BreadcrumbList\",\"@id\":\"https:\/\/thedermacheck.com\/ro\/astaxantina-in-produsele-de-ingrijire-a-pielii-antioxidantul-puternic\/#breadcrumb\",\"itemListElement\":[{\"@type\":\"ListItem\",\"position\":1,\"name\":\"Derma Check\",\"item\":\"https:\/\/thedermacheck.com\/ro\/\"},{\"@type\":\"ListItem\",\"position\":2,\"name\":\"Astaxantin\u0103 \u00een produsele de \u00eengrijire a pielii: Antioxidantul puternic\"}]},{\"@type\":\"WebSite\",\"@id\":\"https:\/\/thedermacheck.com\/ro\/#website\",\"url\":\"https:\/\/thedermacheck.com\/ro\/\",\"name\":\"The Derma Check\",\"description\":\"\",\"publisher\":{\"@id\":\"https:\/\/thedermacheck.com\/ro\/#organization\"},\"potentialAction\":[{\"@type\":\"SearchAction\",\"target\":{\"@type\":\"EntryPoint\",\"urlTemplate\":\"https:\/\/thedermacheck.com\/ro\/?s={search_term_string}\"},\"query-input\":{\"@type\":\"PropertyValueSpecification\",\"valueRequired\":true,\"valueName\":\"search_term_string\"}}],\"inLanguage\":\"ro-RO\"},{\"@type\":\"Organization\",\"@id\":\"https:\/\/thedermacheck.com\/ro\/#organization\",\"name\":\"The Derma Check\",\"url\":\"https:\/\/thedermacheck.com\/ro\/\",\"logo\":{\"@type\":\"ImageObject\",\"inLanguage\":\"ro-RO\",\"@id\":\"https:\/\/thedermacheck.com\/ro\/#\/schema\/logo\/image\/\",\"url\":\"https:\/\/thedermacheck.com\/wp-content\/uploads\/2023\/10\/cropped-THE-DERMA-CHECK-FAVICON-NEW-1.png\",\"contentUrl\":\"https:\/\/thedermacheck.com\/wp-content\/uploads\/2023\/10\/cropped-THE-DERMA-CHECK-FAVICON-NEW-1.png\",\"width\":512,\"height\":512,\"caption\":\"The Derma Check\"},\"image\":{\"@id\":\"https:\/\/thedermacheck.com\/ro\/#\/schema\/logo\/image\/\"}}]}<\/script>\n<!-- \/ Yoast SEO Premium plugin. -->","yoast_head_json":{"title":"Astaxantin\u0103 \u00een produsele de \u00eengrijire a pielii: Antioxidantul puternic | The Derma Check","robots":{"index":"index","follow":"follow","max-snippet":"max-snippet:-1","max-image-preview":"max-image-preview:large","max-video-preview":"max-video-preview:-1"},"canonical":"https:\/\/thedermacheck.com\/ro\/astaxantina-in-produsele-de-ingrijire-a-pielii-antioxidantul-puternic\/","og_locale":"ro_RO","og_type":"article","og_title":"Astaxantin\u0103 \u00een produsele de \u00eengrijire a pielii: Antioxidantul puternic","og_description":"ASTAXANTHIN Ce este astaxantina? Astaxantina este un antioxidant puternic care se extrage \u00een principal din microalge. Cunoscut\u0103 pentru culoarea sa ro\u0219ie intens\u0103, aceasta este adesea utilizat\u0103 \u00een acvacultur\u0103 pentru a colora somonul, creve\u021bii \u0219i alte fructe de mare. Ea a devenit din ce \u00een ce mai important\u0103 \u00een \u00eengrijirea pielii datorit\u0103 propriet\u0103\u021bilor sale antioxidante, care ... Mehr erfahren","og_url":"https:\/\/thedermacheck.com\/ro\/astaxantina-in-produsele-de-ingrijire-a-pielii-antioxidantul-puternic\/","og_site_name":"The Derma Check","article_modified_time":"2024-09-04T14:53:11+00:00","twitter_card":"summary_large_image","twitter_misc":{"Timp estimat pentru citire":"3 minute"},"schema":{"@context":"https:\/\/schema.org","@graph":[{"@type":"WebPage","@id":"https:\/\/thedermacheck.com\/ro\/astaxantina-in-produsele-de-ingrijire-a-pielii-antioxidantul-puternic\/","url":"https:\/\/thedermacheck.com\/ro\/astaxantina-in-produsele-de-ingrijire-a-pielii-antioxidantul-puternic\/","name":"Astaxantin\u0103 \u00een produsele de \u00eengrijire a pielii: Antioxidantul puternic | The Derma Check","isPartOf":{"@id":"https:\/\/thedermacheck.com\/ro\/#website"},"datePublished":"2023-12-16T20:39:44+00:00","dateModified":"2024-09-04T14:53:11+00:00","breadcrumb":{"@id":"https:\/\/thedermacheck.com\/ro\/astaxantina-in-produsele-de-ingrijire-a-pielii-antioxidantul-puternic\/#breadcrumb"},"inLanguage":"ro-RO","potentialAction":[{"@type":"ReadAction","target":["https:\/\/thedermacheck.com\/ro\/astaxantina-in-produsele-de-ingrijire-a-pielii-antioxidantul-puternic\/"]}]},{"@type":"BreadcrumbList","@id":"https:\/\/thedermacheck.com\/ro\/astaxantina-in-produsele-de-ingrijire-a-pielii-antioxidantul-puternic\/#breadcrumb","itemListElement":[{"@type":"ListItem","position":1,"name":"Derma Check","item":"https:\/\/thedermacheck.com\/ro\/"},{"@type":"ListItem","position":2,"name":"Astaxantin\u0103 \u00een produsele de \u00eengrijire a pielii: Antioxidantul puternic"}]},{"@type":"WebSite","@id":"https:\/\/thedermacheck.com\/ro\/#website","url":"https:\/\/thedermacheck.com\/ro\/","name":"The Derma Check","description":"","publisher":{"@id":"https:\/\/thedermacheck.com\/ro\/#organization"},"potentialAction":[{"@type":"SearchAction","target":{"@type":"EntryPoint","urlTemplate":"https:\/\/thedermacheck.com\/ro\/?s={search_term_string}"},"query-input":{"@type":"PropertyValueSpecification","valueRequired":true,"valueName":"search_term_string"}}],"inLanguage":"ro-RO"},{"@type":"Organization","@id":"https:\/\/thedermacheck.com\/ro\/#organization","name":"The Derma Check","url":"https:\/\/thedermacheck.com\/ro\/","logo":{"@type":"ImageObject","inLanguage":"ro-RO","@id":"https:\/\/thedermacheck.com\/ro\/#\/schema\/logo\/image\/","url":"https:\/\/thedermacheck.com\/wp-content\/uploads\/2023\/10\/cropped-THE-DERMA-CHECK-FAVICON-NEW-1.png","contentUrl":"https:\/\/thedermacheck.com\/wp-content\/uploads\/2023\/10\/cropped-THE-DERMA-CHECK-FAVICON-NEW-1.png","width":512,"height":512,"caption":"The Derma Check"},"image":{"@id":"https:\/\/thedermacheck.com\/ro\/#\/schema\/logo\/image\/"}}]}},"_links":{"self":[{"href":"https:\/\/thedermacheck.com\/ro\/wp-json\/wp\/v2\/pages\/8710","targetHints":{"allow":["GET"]}}],"collection":[{"href":"https:\/\/thedermacheck.com\/ro\/wp-json\/wp\/v2\/pages"}],"about":[{"href":"https:\/\/thedermacheck.com\/ro\/wp-json\/wp\/v2\/types\/page"}],"author":[{"embeddable":true,"href":"https:\/\/thedermacheck.com\/ro\/wp-json\/wp\/v2\/users\/2"}],"replies":[{"embeddable":true,"href":"https:\/\/thedermacheck.com\/ro\/wp-json\/wp\/v2\/comments?post=8710"}],"version-history":[{"count":1,"href":"https:\/\/thedermacheck.com\/ro\/wp-json\/wp\/v2\/pages\/8710\/revisions"}],"predecessor-version":[{"id":8711,"href":"https:\/\/thedermacheck.com\/ro\/wp-json\/wp\/v2\/pages\/8710\/revisions\/8711"}],"wp:attachment":[{"href":"https:\/\/thedermacheck.com\/ro\/wp-json\/wp\/v2\/media?parent=8710"}],"wp:term":[{"taxonomy":"category","embeddable":true,"href":"https:\/\/thedermacheck.com\/ro\/wp-json\/wp\/v2\/categories?post=8710"},{"taxonomy":"post_tag","embeddable":true,"href":"https:\/\/thedermacheck.com\/ro\/wp-json\/wp\/v2\/tags?post=8710"}],"curies":[{"name":"wp","href":"https:\/\/api.w.org\/{rel}","templated":true}]}}