{"id":8712,"date":"2023-12-16T20:40:05","date_gmt":"2023-12-16T20:40:05","guid":{"rendered":"https:\/\/thedermacheck.com\/baobab-in-produsele-de-ingrijire-a-pielii-superalimentul-pentru-pielea-ta\/"},"modified":"2024-09-04T14:53:11","modified_gmt":"2024-09-04T14:53:11","slug":"baobab-in-produsele-de-ingrijire-a-pielii-superalimentul-pentru-pielea-ta","status":"publish","type":"page","link":"https:\/\/thedermacheck.com\/ro\/baobab-in-produsele-de-ingrijire-a-pielii-superalimentul-pentru-pielea-ta\/","title":{"rendered":"Baobab \u00een produsele de \u00eengrijire a pielii: Superalimentul pentru pielea ta"},"content":{"rendered":"\n<h2 class=\"wp-block-heading\">BAOBAB<\/h2>\n\n<ul class=\"wp-block-list\">\n<li><strong>Tip de ingredient:<\/strong> Superalimente naturale<\/li>\n\n\n\n<li><strong>Principalele beneficii:<\/strong> Hidratant, bogat \u00een antioxidan\u021bi, promoveaz\u0103 s\u0103n\u0103tatea pielii<\/li>\n\n\n\n<li><strong>Potrivit pentru:<\/strong> Toate tipurile de piele, \u00een special pentru pielea uscat\u0103 \u0219i \u00eemb\u0103tr\u00e2nit\u0103<\/li>\n\n\n\n<li><strong>Frecven\u021ba de utilizare:<\/strong> zilnic sau dup\u0103 cum este necesar<\/li>\n\n\n\n<li><strong>Poate fi combinat cu:<\/strong> Alte ingrediente hidratante \u0219i hr\u0103nitoare<\/li>\n\n\n\n<li><strong>A nu se utiliza cu:<\/strong> Produse care con\u021bin ingrediente iritante<\/li>\n<\/ul>\n\n<hr class=\"wp-block-separator has-alpha-channel-opacity\"\/>\n\n<h2 class=\"wp-block-heading\">Introducere: Ce este baobabul?<\/h2>\n\n<p>Baobabul, extras din fructul copacului african baobab, este cunoscut pentru beneficiile sale impresionante pentru s\u0103n\u0103tate.\n\u00cen \u00eengrijirea pielii, uleiul din semin\u021be de baobab este apreciat pentru compozi\u021bia sa bogat\u0103 \u0219i beneficiile sale multiple. <\/p>\n\n<hr class=\"wp-block-separator has-alpha-channel-opacity\"\/>\n\n<h3 class=\"wp-block-heading\">Beneficiile baobabului pentru piele<\/h3>\n\n<h4 class=\"wp-block-heading\">Bogate \u00een nutrien\u021bi<\/h4>\n\n<p>Uleiul de baobab con\u021bine vitaminele A, D, E \u0219i F, precum \u0219i acizi gra\u0219i omega-3, omega-6 \u0219i omega-9, care hr\u0103nesc \u0219i protejeaz\u0103 pielea.<\/p>\n\n<h4 class=\"wp-block-heading\">Hidratant \u0219i regenerant<\/h4>\n\n<p>Uleiul este cunoscut pentru propriet\u0103\u021bile sale hidratante \u0219i sprijin\u0103 regenerarea celulelor pielii.<\/p>\n\n<h4 class=\"wp-block-heading\">Efect antioxidant<\/h4>\n\n<p>Antioxidan\u021bii con\u021binu\u021bi \u00een uleiul de baobab ajut\u0103 la protejarea pielii \u00eempotriva \u00eemb\u0103tr\u00e2nirii premature \u0219i a daunelor cauzate de mediu.<\/p>\n\n<hr class=\"wp-block-separator has-alpha-channel-opacity\"\/>\n\n<h3 class=\"wp-block-heading\">Posibile efecte secundare<\/h3>\n\n<p>Uleiul de baobab este \u00een general bine tolerat \u0219i sigur pentru majoritatea tipurilor de piele.\nReac\u021biile alergice sunt rare, dar posibile, \u00een special la persoanele cu piele sensibil\u0103. <\/p>\n\n<hr class=\"wp-block-separator has-alpha-channel-opacity\"\/>\n\n<h3 class=\"wp-block-heading\">Aplicarea baobabului<\/h3>\n\n<h4 class=\"wp-block-heading\">Ca ingredient \u00een produsele de \u00eengrijire a pielii<\/h4>\n\n<p>Uleiul de baobab este un ingredient popular \u00een creme hidratante, seruri \u0219i uleiuri faciale \u0219i poate fi folosit zilnic.<\/p>\n\n<h4 class=\"wp-block-heading\">Aplicare direct\u0103<\/h4>\n\n<p>De asemenea, uleiul pur poate fi aplicat direct pe piele, ideal dup\u0103 du\u0219, pentru a men\u021bine hidratarea.<\/p>\n\n<hr class=\"wp-block-separator has-alpha-channel-opacity\"\/>\n\n<h3 class=\"wp-block-heading\">Cum s\u0103 nu folosi\u021bi baobab<\/h3>\n\n<ul class=\"wp-block-list\">\n<li><strong>Nu combina\u021bi cu ingrediente iritante:<\/strong> Combinarea uleiului de baobab cu substan\u021be iritante poate duce la iritarea pielii.<\/li>\n\n\n\n<li><strong>Aplicare moderat\u0103:<\/strong> Aplicarea excesiv\u0103 poate duce la o grasime excesiv\u0103 a pielii<strong>.<\/strong> <\/li>\n<\/ul>\n\n<hr class=\"wp-block-separator has-alpha-channel-opacity\"\/>\n\n<h3 class=\"wp-block-heading\">\u00centreb\u0103ri frecvente despre Baobab<\/h3>\n\n<h4 class=\"wp-block-heading\">Uleiul de baobab poate ajuta cu acneea?<\/h4>\n\n<p>Datorit\u0103 propriet\u0103\u021bilor sale antiinflamatorii, uleiul de baobab poate ajuta la calmarea acneei, dar trebuie utilizat cu precau\u021bie pe pielea gras\u0103.<\/p>\n\n<h4 class=\"wp-block-heading\">Este uleiul de baobab potrivit pentru pielea sensibil\u0103?<\/h4>\n\n<p>Da, este cunoscut pentru efectul s\u0103u delicat \u0219i, prin urmare, este potrivit \u0219i pentru pielea sensibil\u0103.<\/p>\n\n<h4 class=\"wp-block-heading\">Poate fi folosit uleiul de baobab ca unic produs de \u00eengrijire a pielii?<\/h4>\n\n<p>Uleiul de baobab poate fi utilizat ca atare, dar este adesea mai eficient \u00een combina\u021bie cu alte produse de \u00eengrijire a pielii.<\/p>\n\n<hr class=\"wp-block-separator has-alpha-channel-opacity\"\/>\n\n<h2 class=\"wp-block-heading\">Concluzie<\/h2>\n\n<p>Baobab este un superaliment puternic pentru piele, care hidrateaz\u0103, hr\u0103ne\u0219te \u0219i protejeaz\u0103 pielea de influen\u021bele mediului.\nAntioxidan\u021bii \u0219i vitaminele sale naturale \u00eel fac un ingredient ideal pentru \u00eengrijirea eficient\u0103 a pielii.\nUleiul de baobab ofer\u0103 un adaos simplu, dar eficient la orice rutin\u0103 de \u00eengrijire a pielii \u0219i este deosebit de valoros pentru \u00eengrijirea pielii uscate \u0219i mature.  <\/p>\n","protected":false},"excerpt":{"rendered":"<p>BAOBAB Introducere: Ce este baobabul? Baobabul, extras din fructul copacului african baobab, este cunoscut pentru beneficiile sale impresionante pentru s\u0103n\u0103tate. \u00cen \u00eengrijirea pielii, uleiul din semin\u021be de baobab este apreciat pentru compozi\u021bia sa bogat\u0103 \u0219i beneficiile sale multiple. Beneficiile baobabului pentru piele Bogate \u00een nutrien\u021bi Uleiul de baobab con\u021bine vitaminele A, D, E \u0219i F, &#8230; <a title=\"Baobab \u00een produsele de \u00eengrijire a pielii: Superalimentul pentru pielea ta\" class=\"read-more\" href=\"https:\/\/thedermacheck.com\/ro\/baobab-in-produsele-de-ingrijire-a-pielii-superalimentul-pentru-pielea-ta\/\" aria-label=\"Cite\u0219te mai multe despre Baobab \u00een produsele de \u00eengrijire a pielii: Superalimentul pentru pielea ta\">Mehr erfahren<\/a><\/p>\n","protected":false},"author":2,"featured_media":0,"parent":0,"menu_order":0,"comment_status":"closed","ping_status":"closed","template":"","meta":{"_acf_changed":false,"_lmt_disableupdate":"","_lmt_disable":"","footnotes":""},"categories":[89],"tags":[],"class_list":{"0":"post-8712","1":"page","2":"type-page","3":"status-publish","5":"category-ingrediente"},"acf":[],"yoast_head":"<!-- This site is optimized with the Yoast SEO Premium plugin v25.7.1 (Yoast SEO v25.7) - https:\/\/yoast.com\/wordpress\/plugins\/seo\/ -->\n<title>Baobab \u00een produsele de \u00eengrijire a pielii: Superalimentul pentru pielea ta | The Derma Check<\/title>\n<meta name=\"robots\" content=\"index, follow, max-snippet:-1, max-image-preview:large, max-video-preview:-1\" \/>\n<link rel=\"canonical\" href=\"https:\/\/thedermacheck.com\/ro\/baobab-in-produsele-de-ingrijire-a-pielii-superalimentul-pentru-pielea-ta\/\" \/>\n<meta property=\"og:locale\" content=\"ro_RO\" \/>\n<meta property=\"og:type\" content=\"article\" \/>\n<meta property=\"og:title\" content=\"Baobab \u00een produsele de \u00eengrijire a pielii: Superalimentul pentru pielea ta\" \/>\n<meta property=\"og:description\" content=\"BAOBAB Introducere: Ce este baobabul? Baobabul, extras din fructul copacului african baobab, este cunoscut pentru beneficiile sale impresionante pentru s\u0103n\u0103tate. \u00cen \u00eengrijirea pielii, uleiul din semin\u021be de baobab este apreciat pentru compozi\u021bia sa bogat\u0103 \u0219i beneficiile sale multiple. Beneficiile baobabului pentru piele Bogate \u00een nutrien\u021bi Uleiul de baobab con\u021bine vitaminele A, D, E \u0219i F, ... Mehr erfahren\" \/>\n<meta property=\"og:url\" content=\"https:\/\/thedermacheck.com\/ro\/baobab-in-produsele-de-ingrijire-a-pielii-superalimentul-pentru-pielea-ta\/\" \/>\n<meta property=\"og:site_name\" content=\"The Derma Check\" \/>\n<meta property=\"article:modified_time\" content=\"2024-09-04T14:53:11+00:00\" \/>\n<meta name=\"twitter:card\" content=\"summary_large_image\" \/>\n<meta name=\"twitter:label1\" content=\"Timp estimat pentru citire\" \/>\n\t<meta name=\"twitter:data1\" content=\"2 minute\" \/>\n<script type=\"application\/ld+json\" class=\"yoast-schema-graph\">{\"@context\":\"https:\/\/schema.org\",\"@graph\":[{\"@type\":\"WebPage\",\"@id\":\"https:\/\/thedermacheck.com\/ro\/baobab-in-produsele-de-ingrijire-a-pielii-superalimentul-pentru-pielea-ta\/\",\"url\":\"https:\/\/thedermacheck.com\/ro\/baobab-in-produsele-de-ingrijire-a-pielii-superalimentul-pentru-pielea-ta\/\",\"name\":\"Baobab \u00een produsele de \u00eengrijire a pielii: Superalimentul pentru pielea ta | The Derma Check\",\"isPartOf\":{\"@id\":\"https:\/\/thedermacheck.com\/ro\/#website\"},\"datePublished\":\"2023-12-16T20:40:05+00:00\",\"dateModified\":\"2024-09-04T14:53:11+00:00\",\"breadcrumb\":{\"@id\":\"https:\/\/thedermacheck.com\/ro\/baobab-in-produsele-de-ingrijire-a-pielii-superalimentul-pentru-pielea-ta\/#breadcrumb\"},\"inLanguage\":\"ro-RO\",\"potentialAction\":[{\"@type\":\"ReadAction\",\"target\":[\"https:\/\/thedermacheck.com\/ro\/baobab-in-produsele-de-ingrijire-a-pielii-superalimentul-pentru-pielea-ta\/\"]}]},{\"@type\":\"BreadcrumbList\",\"@id\":\"https:\/\/thedermacheck.com\/ro\/baobab-in-produsele-de-ingrijire-a-pielii-superalimentul-pentru-pielea-ta\/#breadcrumb\",\"itemListElement\":[{\"@type\":\"ListItem\",\"position\":1,\"name\":\"Derma Check\",\"item\":\"https:\/\/thedermacheck.com\/ro\/\"},{\"@type\":\"ListItem\",\"position\":2,\"name\":\"Baobab \u00een produsele de \u00eengrijire a pielii: Superalimentul pentru pielea ta\"}]},{\"@type\":\"WebSite\",\"@id\":\"https:\/\/thedermacheck.com\/ro\/#website\",\"url\":\"https:\/\/thedermacheck.com\/ro\/\",\"name\":\"The Derma Check\",\"description\":\"\",\"publisher\":{\"@id\":\"https:\/\/thedermacheck.com\/ro\/#organization\"},\"potentialAction\":[{\"@type\":\"SearchAction\",\"target\":{\"@type\":\"EntryPoint\",\"urlTemplate\":\"https:\/\/thedermacheck.com\/ro\/?s={search_term_string}\"},\"query-input\":{\"@type\":\"PropertyValueSpecification\",\"valueRequired\":true,\"valueName\":\"search_term_string\"}}],\"inLanguage\":\"ro-RO\"},{\"@type\":\"Organization\",\"@id\":\"https:\/\/thedermacheck.com\/ro\/#organization\",\"name\":\"The Derma Check\",\"url\":\"https:\/\/thedermacheck.com\/ro\/\",\"logo\":{\"@type\":\"ImageObject\",\"inLanguage\":\"ro-RO\",\"@id\":\"https:\/\/thedermacheck.com\/ro\/#\/schema\/logo\/image\/\",\"url\":\"https:\/\/thedermacheck.com\/wp-content\/uploads\/2023\/10\/cropped-THE-DERMA-CHECK-FAVICON-NEW-1.png\",\"contentUrl\":\"https:\/\/thedermacheck.com\/wp-content\/uploads\/2023\/10\/cropped-THE-DERMA-CHECK-FAVICON-NEW-1.png\",\"width\":512,\"height\":512,\"caption\":\"The Derma Check\"},\"image\":{\"@id\":\"https:\/\/thedermacheck.com\/ro\/#\/schema\/logo\/image\/\"}}]}<\/script>\n<!-- \/ Yoast SEO Premium plugin. -->","yoast_head_json":{"title":"Baobab \u00een produsele de \u00eengrijire a pielii: Superalimentul pentru pielea ta | The Derma Check","robots":{"index":"index","follow":"follow","max-snippet":"max-snippet:-1","max-image-preview":"max-image-preview:large","max-video-preview":"max-video-preview:-1"},"canonical":"https:\/\/thedermacheck.com\/ro\/baobab-in-produsele-de-ingrijire-a-pielii-superalimentul-pentru-pielea-ta\/","og_locale":"ro_RO","og_type":"article","og_title":"Baobab \u00een produsele de \u00eengrijire a pielii: Superalimentul pentru pielea ta","og_description":"BAOBAB Introducere: Ce este baobabul? Baobabul, extras din fructul copacului african baobab, este cunoscut pentru beneficiile sale impresionante pentru s\u0103n\u0103tate. \u00cen \u00eengrijirea pielii, uleiul din semin\u021be de baobab este apreciat pentru compozi\u021bia sa bogat\u0103 \u0219i beneficiile sale multiple. Beneficiile baobabului pentru piele Bogate \u00een nutrien\u021bi Uleiul de baobab con\u021bine vitaminele A, D, E \u0219i F, ... Mehr erfahren","og_url":"https:\/\/thedermacheck.com\/ro\/baobab-in-produsele-de-ingrijire-a-pielii-superalimentul-pentru-pielea-ta\/","og_site_name":"The Derma Check","article_modified_time":"2024-09-04T14:53:11+00:00","twitter_card":"summary_large_image","twitter_misc":{"Timp estimat pentru citire":"2 minute"},"schema":{"@context":"https:\/\/schema.org","@graph":[{"@type":"WebPage","@id":"https:\/\/thedermacheck.com\/ro\/baobab-in-produsele-de-ingrijire-a-pielii-superalimentul-pentru-pielea-ta\/","url":"https:\/\/thedermacheck.com\/ro\/baobab-in-produsele-de-ingrijire-a-pielii-superalimentul-pentru-pielea-ta\/","name":"Baobab \u00een produsele de \u00eengrijire a pielii: Superalimentul pentru pielea ta | The Derma Check","isPartOf":{"@id":"https:\/\/thedermacheck.com\/ro\/#website"},"datePublished":"2023-12-16T20:40:05+00:00","dateModified":"2024-09-04T14:53:11+00:00","breadcrumb":{"@id":"https:\/\/thedermacheck.com\/ro\/baobab-in-produsele-de-ingrijire-a-pielii-superalimentul-pentru-pielea-ta\/#breadcrumb"},"inLanguage":"ro-RO","potentialAction":[{"@type":"ReadAction","target":["https:\/\/thedermacheck.com\/ro\/baobab-in-produsele-de-ingrijire-a-pielii-superalimentul-pentru-pielea-ta\/"]}]},{"@type":"BreadcrumbList","@id":"https:\/\/thedermacheck.com\/ro\/baobab-in-produsele-de-ingrijire-a-pielii-superalimentul-pentru-pielea-ta\/#breadcrumb","itemListElement":[{"@type":"ListItem","position":1,"name":"Derma Check","item":"https:\/\/thedermacheck.com\/ro\/"},{"@type":"ListItem","position":2,"name":"Baobab \u00een produsele de \u00eengrijire a pielii: Superalimentul pentru pielea ta"}]},{"@type":"WebSite","@id":"https:\/\/thedermacheck.com\/ro\/#website","url":"https:\/\/thedermacheck.com\/ro\/","name":"The Derma Check","description":"","publisher":{"@id":"https:\/\/thedermacheck.com\/ro\/#organization"},"potentialAction":[{"@type":"SearchAction","target":{"@type":"EntryPoint","urlTemplate":"https:\/\/thedermacheck.com\/ro\/?s={search_term_string}"},"query-input":{"@type":"PropertyValueSpecification","valueRequired":true,"valueName":"search_term_string"}}],"inLanguage":"ro-RO"},{"@type":"Organization","@id":"https:\/\/thedermacheck.com\/ro\/#organization","name":"The Derma Check","url":"https:\/\/thedermacheck.com\/ro\/","logo":{"@type":"ImageObject","inLanguage":"ro-RO","@id":"https:\/\/thedermacheck.com\/ro\/#\/schema\/logo\/image\/","url":"https:\/\/thedermacheck.com\/wp-content\/uploads\/2023\/10\/cropped-THE-DERMA-CHECK-FAVICON-NEW-1.png","contentUrl":"https:\/\/thedermacheck.com\/wp-content\/uploads\/2023\/10\/cropped-THE-DERMA-CHECK-FAVICON-NEW-1.png","width":512,"height":512,"caption":"The Derma Check"},"image":{"@id":"https:\/\/thedermacheck.com\/ro\/#\/schema\/logo\/image\/"}}]}},"_links":{"self":[{"href":"https:\/\/thedermacheck.com\/ro\/wp-json\/wp\/v2\/pages\/8712","targetHints":{"allow":["GET"]}}],"collection":[{"href":"https:\/\/thedermacheck.com\/ro\/wp-json\/wp\/v2\/pages"}],"about":[{"href":"https:\/\/thedermacheck.com\/ro\/wp-json\/wp\/v2\/types\/page"}],"author":[{"embeddable":true,"href":"https:\/\/thedermacheck.com\/ro\/wp-json\/wp\/v2\/users\/2"}],"replies":[{"embeddable":true,"href":"https:\/\/thedermacheck.com\/ro\/wp-json\/wp\/v2\/comments?post=8712"}],"version-history":[{"count":1,"href":"https:\/\/thedermacheck.com\/ro\/wp-json\/wp\/v2\/pages\/8712\/revisions"}],"predecessor-version":[{"id":8713,"href":"https:\/\/thedermacheck.com\/ro\/wp-json\/wp\/v2\/pages\/8712\/revisions\/8713"}],"wp:attachment":[{"href":"https:\/\/thedermacheck.com\/ro\/wp-json\/wp\/v2\/media?parent=8712"}],"wp:term":[{"taxonomy":"category","embeddable":true,"href":"https:\/\/thedermacheck.com\/ro\/wp-json\/wp\/v2\/categories?post=8712"},{"taxonomy":"post_tag","embeddable":true,"href":"https:\/\/thedermacheck.com\/ro\/wp-json\/wp\/v2\/tags?post=8712"}],"curies":[{"name":"wp","href":"https:\/\/api.w.org\/{rel}","templated":true}]}}