{"id":8716,"date":"2023-12-16T20:27:20","date_gmt":"2023-12-16T20:27:20","guid":{"rendered":"https:\/\/thedermacheck.com\/cofeina-in-produsele-de-ingrijire-a-pielii-un-remediu-miraculos-revigorant\/"},"modified":"2024-09-04T14:53:19","modified_gmt":"2024-09-04T14:53:19","slug":"cofeina-in-produsele-de-ingrijire-a-pielii-un-remediu-miraculos-revigorant","status":"publish","type":"page","link":"https:\/\/thedermacheck.com\/ro\/cofeina-in-produsele-de-ingrijire-a-pielii-un-remediu-miraculos-revigorant\/","title":{"rendered":"Cofeina \u00een produsele de \u00eengrijire a pielii: Un remediu miraculos revigorant"},"content":{"rendered":"\n<h2 class=\"wp-block-heading\">Cofeina \u00een \u00eengrijirea pielii<\/h2>\n\n<ul class=\"wp-block-list\">\n<li><strong>Tip de ingredient:<\/strong> Antioxidant, stimuleaz\u0103 circula\u021bia s\u00e2ngelui<\/li>\n\n\n\n<li><strong>Principalele beneficii:<\/strong> Reduce umflarea, \u00eembun\u0103t\u0103\u021be\u0219te circula\u021bia, efect antioxidant<\/li>\n\n\n\n<li><strong>Pentru cine este potrivit:<\/strong> Ideal pentru persoanele cu pielea obosit\u0103, umflat\u0103 \u0219i cu cearc\u0103ne sub ochi<\/li>\n\n\n\n<li><strong>Frecven\u021ba de utilizare:<\/strong> \u00cen func\u021bie de formula produsului, de obicei o dat\u0103 pe zi<\/li>\n\n\n\n<li><strong>Poate fi combinat cu:<\/strong> Vitamina C \u0219i ginseng pentru un efect radiant suplimentar<\/li>\n\n\n\n<li><strong>A nu se utiliza cu:<\/strong> Produse care con\u021bin alcool pentru a evita iritarea pielii<\/li>\n<\/ul>\n\n<h2 class=\"wp-block-heading\">Ce este cofeina \u0219i cum ac\u021bioneaz\u0103 ea \u00een produsele de \u00eengrijire a pielii?<\/h2>\n\n<p>Cafeina, cunoscut\u0103 ca un ingredient revitalizant din cafea \u0219i ceai, este din ce \u00een ce mai utilizat\u0103 \u00een produsele de \u00eengrijire a pielii.\nPopularitatea sa se datoreaz\u0103 capacit\u0103\u021bii sale de a \u00eent\u0103ri pielea \u0219i de a reduce cearc\u0103nele.\nDar cum func\u021bioneaz\u0103 mai exact?  <\/p>\n\n<h3 class=\"wp-block-heading\">Beneficiile cofeinei pentru piele<\/h3>\n\n<h4 class=\"wp-block-heading\">Reducerea umfl\u0103turilor \u0219i a cercurilor \u00eentunecate de sub ochi<\/h4>\n\n<p>Cafeina are propriet\u0103\u021bi decongestionante care sunt deosebit de utile pentru combaterea cearc\u0103nelor \u0219i a cercurilor \u00eentunecate de sub ochi.\nAceasta stimuleaz\u0103 circula\u021bia s\u00e2ngelui, ceea ce duce la o reducere a cearc\u0103nelor. <\/p>\n\n<h4 class=\"wp-block-heading\">Efect antioxidant<\/h4>\n\n<p>Ca antioxidant, cafeina protejeaz\u0103 pielea de radicalii liberi \u0219i, prin urmare, poate contracara \u00eemb\u0103tr\u00e2nirea prematur\u0103 a pielii.<\/p>\n\n<h4 class=\"wp-block-heading\">\u00cembun\u0103t\u0103\u021birea structurii pielii<\/h4>\n\n<p>Cafeina poate, de asemenea, \u00eembun\u0103t\u0103\u021bi textura pielii prin stimularea circula\u021biei s\u00e2ngelui pentru un ten mai proasp\u0103t \u0219i mai vibrant.<\/p>\n\n<h3 class=\"wp-block-heading\">Posibile efecte secundare<\/h3>\n\n<p>De\u0219i cofeina are multe beneficii pentru piele, aceasta poate provoca irita\u021bii la nivelul pielii sensibile.\nEste important s\u0103 testa\u021bi mai \u00eent\u00e2i produsele cu cafein\u0103 \u00eentr-o cantitate mic\u0103, mai ales dac\u0103 sunte\u021bi predispus la irita\u021bii ale pielii. <\/p>\n\n<h2 class=\"wp-block-heading\">Note de aplicare<\/h2>\n\n<p>Cofeina se g\u0103se\u0219te \u00een diverse produse de \u00eengrijire a pielii, cum ar fi seruri, creme \u0219i tratamente pentru ochi.\nSe recomand\u0103 utilizarea acestor produse \u00een conformitate cu instruc\u021biunile.\nDe regul\u0103, o aplicare pe zi, de preferin\u021b\u0103 diminea\u021ba, este suficient\u0103 pentru a beneficia de propriet\u0103\u021bile revitalizante.  <\/p>\n\n<h3 class=\"wp-block-heading\">Cum s\u0103 nu o utiliza\u021bi<\/h3>\n\n<p>Evita\u021bi combinarea produselor care con\u021bin cafein\u0103 cu produse care con\u021bin alcool, deoarece acest lucru poate duce la iritarea pielii.\nDe asemenea, trebuie s\u0103 fi\u021bi prudent atunci c\u00e2nd utiliza\u021bi retinol \u00een acela\u0219i timp. <\/p>\n\n<h2 class=\"wp-block-heading\">\u00centreb\u0103ri frecvente<\/h2>\n\n<h3 class=\"wp-block-heading\">Cofeina poate \u00eembun\u0103t\u0103\u021bi cu adev\u0103rat pielea?<\/h3>\n\n<p>Da, cofeina poate \u00eembun\u0103t\u0103\u021bi textura pielii, reduce cearc\u0103nele \u0219i protejeaz\u0103 \u00eempotriva radicalilor liberi.<\/p>\n\n<h3 class=\"wp-block-heading\">Cofeina este sigur\u0103 pentru toate tipurile de piele?<\/h3>\n\n<p>Cofeina este, \u00een general, sigur\u0103 pentru majoritatea tipurilor de piele, dar persoanele cu piele sensibil\u0103 trebuie s\u0103 fie atente \u0219i s\u0103 testeze mai \u00eent\u00e2i produsele.<\/p>\n\n<h3 class=\"wp-block-heading\">Pot folosi produse cu cofein\u0103 \u00een fiecare zi?<\/h3>\n\n<p>Da, majoritatea produselor de \u00eengrijire a pielii care con\u021bin cafein\u0103 sunt concepute pentru utilizare zilnic\u0103.<\/p>\n\n<h2 class=\"wp-block-heading\">Concluzie<\/h2>\n\n<p>Cofeina este un ingredient versatil \u0219i eficient pentru \u00eengrijirea pielii, care ofer\u0103 numeroase beneficii.\nDe la reducerea cearc\u0103nelor la protejarea \u00eempotriva \u00eemb\u0103tr\u00e2nirii pielii, cafeina poate face o diferen\u021b\u0103 semnificativ\u0103 \u00een regimul dumneavoastr\u0103 de \u00eengrijire a pielii.\nCa \u00een cazul tuturor produselor de \u00eengrijire a pielii, este important s\u0103 testa\u021bi compatibilitatea acestora cu pielea dumneavoastr\u0103 \u0219i s\u0103 urma\u021bi instruc\u021biunile de utilizare.  <\/p>\n","protected":false},"excerpt":{"rendered":"<p>Cofeina \u00een \u00eengrijirea pielii Ce este cofeina \u0219i cum ac\u021bioneaz\u0103 ea \u00een produsele de \u00eengrijire a pielii? Cafeina, cunoscut\u0103 ca un ingredient revitalizant din cafea \u0219i ceai, este din ce \u00een ce mai utilizat\u0103 \u00een produsele de \u00eengrijire a pielii. Popularitatea sa se datoreaz\u0103 capacit\u0103\u021bii sale de a \u00eent\u0103ri pielea \u0219i de a reduce cearc\u0103nele. &#8230; <a title=\"Cofeina \u00een produsele de \u00eengrijire a pielii: Un remediu miraculos revigorant\" class=\"read-more\" href=\"https:\/\/thedermacheck.com\/ro\/cofeina-in-produsele-de-ingrijire-a-pielii-un-remediu-miraculos-revigorant\/\" aria-label=\"Cite\u0219te mai multe despre Cofeina \u00een produsele de \u00eengrijire a pielii: Un remediu miraculos revigorant\">Mehr erfahren<\/a><\/p>\n","protected":false},"author":2,"featured_media":0,"parent":0,"menu_order":0,"comment_status":"closed","ping_status":"closed","template":"","meta":{"_acf_changed":false,"_lmt_disableupdate":"","_lmt_disable":"","footnotes":""},"categories":[89],"tags":[],"class_list":{"0":"post-8716","1":"page","2":"type-page","3":"status-publish","5":"category-ingrediente"},"acf":[],"yoast_head":"<!-- This site is optimized with the Yoast SEO Premium plugin v25.7.1 (Yoast SEO v25.7) - https:\/\/yoast.com\/wordpress\/plugins\/seo\/ -->\n<title>Cofeina \u00een produsele de \u00eengrijire a pielii: Un remediu miraculos revigorant | The Derma Check<\/title>\n<meta name=\"robots\" content=\"index, follow, max-snippet:-1, max-image-preview:large, max-video-preview:-1\" \/>\n<link rel=\"canonical\" href=\"https:\/\/thedermacheck.com\/ro\/cofeina-in-produsele-de-ingrijire-a-pielii-un-remediu-miraculos-revigorant\/\" \/>\n<meta property=\"og:locale\" content=\"ro_RO\" \/>\n<meta property=\"og:type\" content=\"article\" \/>\n<meta property=\"og:title\" content=\"Cofeina \u00een produsele de \u00eengrijire a pielii: Un remediu miraculos revigorant\" \/>\n<meta property=\"og:description\" content=\"Cofeina \u00een \u00eengrijirea pielii Ce este cofeina \u0219i cum ac\u021bioneaz\u0103 ea \u00een produsele de \u00eengrijire a pielii? Cafeina, cunoscut\u0103 ca un ingredient revitalizant din cafea \u0219i ceai, este din ce \u00een ce mai utilizat\u0103 \u00een produsele de \u00eengrijire a pielii. Popularitatea sa se datoreaz\u0103 capacit\u0103\u021bii sale de a \u00eent\u0103ri pielea \u0219i de a reduce cearc\u0103nele. ... Mehr erfahren\" \/>\n<meta property=\"og:url\" content=\"https:\/\/thedermacheck.com\/ro\/cofeina-in-produsele-de-ingrijire-a-pielii-un-remediu-miraculos-revigorant\/\" \/>\n<meta property=\"og:site_name\" content=\"The Derma Check\" \/>\n<meta property=\"article:modified_time\" content=\"2024-09-04T14:53:19+00:00\" \/>\n<meta name=\"twitter:card\" content=\"summary_large_image\" \/>\n<meta name=\"twitter:label1\" content=\"Timp estimat pentru citire\" \/>\n\t<meta name=\"twitter:data1\" content=\"3 minute\" \/>\n<script type=\"application\/ld+json\" class=\"yoast-schema-graph\">{\"@context\":\"https:\/\/schema.org\",\"@graph\":[{\"@type\":\"WebPage\",\"@id\":\"https:\/\/thedermacheck.com\/ro\/cofeina-in-produsele-de-ingrijire-a-pielii-un-remediu-miraculos-revigorant\/\",\"url\":\"https:\/\/thedermacheck.com\/ro\/cofeina-in-produsele-de-ingrijire-a-pielii-un-remediu-miraculos-revigorant\/\",\"name\":\"Cofeina \u00een produsele de \u00eengrijire a pielii: Un remediu miraculos revigorant | The Derma Check\",\"isPartOf\":{\"@id\":\"https:\/\/thedermacheck.com\/ro\/#website\"},\"datePublished\":\"2023-12-16T20:27:20+00:00\",\"dateModified\":\"2024-09-04T14:53:19+00:00\",\"breadcrumb\":{\"@id\":\"https:\/\/thedermacheck.com\/ro\/cofeina-in-produsele-de-ingrijire-a-pielii-un-remediu-miraculos-revigorant\/#breadcrumb\"},\"inLanguage\":\"ro-RO\",\"potentialAction\":[{\"@type\":\"ReadAction\",\"target\":[\"https:\/\/thedermacheck.com\/ro\/cofeina-in-produsele-de-ingrijire-a-pielii-un-remediu-miraculos-revigorant\/\"]}]},{\"@type\":\"BreadcrumbList\",\"@id\":\"https:\/\/thedermacheck.com\/ro\/cofeina-in-produsele-de-ingrijire-a-pielii-un-remediu-miraculos-revigorant\/#breadcrumb\",\"itemListElement\":[{\"@type\":\"ListItem\",\"position\":1,\"name\":\"Derma Check\",\"item\":\"https:\/\/thedermacheck.com\/ro\/\"},{\"@type\":\"ListItem\",\"position\":2,\"name\":\"Cofeina \u00een produsele de \u00eengrijire a pielii: Un remediu miraculos revigorant\"}]},{\"@type\":\"WebSite\",\"@id\":\"https:\/\/thedermacheck.com\/ro\/#website\",\"url\":\"https:\/\/thedermacheck.com\/ro\/\",\"name\":\"The Derma Check\",\"description\":\"\",\"publisher\":{\"@id\":\"https:\/\/thedermacheck.com\/ro\/#organization\"},\"potentialAction\":[{\"@type\":\"SearchAction\",\"target\":{\"@type\":\"EntryPoint\",\"urlTemplate\":\"https:\/\/thedermacheck.com\/ro\/?s={search_term_string}\"},\"query-input\":{\"@type\":\"PropertyValueSpecification\",\"valueRequired\":true,\"valueName\":\"search_term_string\"}}],\"inLanguage\":\"ro-RO\"},{\"@type\":\"Organization\",\"@id\":\"https:\/\/thedermacheck.com\/ro\/#organization\",\"name\":\"The Derma Check\",\"url\":\"https:\/\/thedermacheck.com\/ro\/\",\"logo\":{\"@type\":\"ImageObject\",\"inLanguage\":\"ro-RO\",\"@id\":\"https:\/\/thedermacheck.com\/ro\/#\/schema\/logo\/image\/\",\"url\":\"https:\/\/thedermacheck.com\/wp-content\/uploads\/2023\/10\/cropped-THE-DERMA-CHECK-FAVICON-NEW-1.png\",\"contentUrl\":\"https:\/\/thedermacheck.com\/wp-content\/uploads\/2023\/10\/cropped-THE-DERMA-CHECK-FAVICON-NEW-1.png\",\"width\":512,\"height\":512,\"caption\":\"The Derma Check\"},\"image\":{\"@id\":\"https:\/\/thedermacheck.com\/ro\/#\/schema\/logo\/image\/\"}}]}<\/script>\n<!-- \/ Yoast SEO Premium plugin. -->","yoast_head_json":{"title":"Cofeina \u00een produsele de \u00eengrijire a pielii: Un remediu miraculos revigorant | The Derma Check","robots":{"index":"index","follow":"follow","max-snippet":"max-snippet:-1","max-image-preview":"max-image-preview:large","max-video-preview":"max-video-preview:-1"},"canonical":"https:\/\/thedermacheck.com\/ro\/cofeina-in-produsele-de-ingrijire-a-pielii-un-remediu-miraculos-revigorant\/","og_locale":"ro_RO","og_type":"article","og_title":"Cofeina \u00een produsele de \u00eengrijire a pielii: Un remediu miraculos revigorant","og_description":"Cofeina \u00een \u00eengrijirea pielii Ce este cofeina \u0219i cum ac\u021bioneaz\u0103 ea \u00een produsele de \u00eengrijire a pielii? Cafeina, cunoscut\u0103 ca un ingredient revitalizant din cafea \u0219i ceai, este din ce \u00een ce mai utilizat\u0103 \u00een produsele de \u00eengrijire a pielii. Popularitatea sa se datoreaz\u0103 capacit\u0103\u021bii sale de a \u00eent\u0103ri pielea \u0219i de a reduce cearc\u0103nele. ... Mehr erfahren","og_url":"https:\/\/thedermacheck.com\/ro\/cofeina-in-produsele-de-ingrijire-a-pielii-un-remediu-miraculos-revigorant\/","og_site_name":"The Derma Check","article_modified_time":"2024-09-04T14:53:19+00:00","twitter_card":"summary_large_image","twitter_misc":{"Timp estimat pentru citire":"3 minute"},"schema":{"@context":"https:\/\/schema.org","@graph":[{"@type":"WebPage","@id":"https:\/\/thedermacheck.com\/ro\/cofeina-in-produsele-de-ingrijire-a-pielii-un-remediu-miraculos-revigorant\/","url":"https:\/\/thedermacheck.com\/ro\/cofeina-in-produsele-de-ingrijire-a-pielii-un-remediu-miraculos-revigorant\/","name":"Cofeina \u00een produsele de \u00eengrijire a pielii: Un remediu miraculos revigorant | The Derma Check","isPartOf":{"@id":"https:\/\/thedermacheck.com\/ro\/#website"},"datePublished":"2023-12-16T20:27:20+00:00","dateModified":"2024-09-04T14:53:19+00:00","breadcrumb":{"@id":"https:\/\/thedermacheck.com\/ro\/cofeina-in-produsele-de-ingrijire-a-pielii-un-remediu-miraculos-revigorant\/#breadcrumb"},"inLanguage":"ro-RO","potentialAction":[{"@type":"ReadAction","target":["https:\/\/thedermacheck.com\/ro\/cofeina-in-produsele-de-ingrijire-a-pielii-un-remediu-miraculos-revigorant\/"]}]},{"@type":"BreadcrumbList","@id":"https:\/\/thedermacheck.com\/ro\/cofeina-in-produsele-de-ingrijire-a-pielii-un-remediu-miraculos-revigorant\/#breadcrumb","itemListElement":[{"@type":"ListItem","position":1,"name":"Derma Check","item":"https:\/\/thedermacheck.com\/ro\/"},{"@type":"ListItem","position":2,"name":"Cofeina \u00een produsele de \u00eengrijire a pielii: Un remediu miraculos revigorant"}]},{"@type":"WebSite","@id":"https:\/\/thedermacheck.com\/ro\/#website","url":"https:\/\/thedermacheck.com\/ro\/","name":"The Derma Check","description":"","publisher":{"@id":"https:\/\/thedermacheck.com\/ro\/#organization"},"potentialAction":[{"@type":"SearchAction","target":{"@type":"EntryPoint","urlTemplate":"https:\/\/thedermacheck.com\/ro\/?s={search_term_string}"},"query-input":{"@type":"PropertyValueSpecification","valueRequired":true,"valueName":"search_term_string"}}],"inLanguage":"ro-RO"},{"@type":"Organization","@id":"https:\/\/thedermacheck.com\/ro\/#organization","name":"The Derma Check","url":"https:\/\/thedermacheck.com\/ro\/","logo":{"@type":"ImageObject","inLanguage":"ro-RO","@id":"https:\/\/thedermacheck.com\/ro\/#\/schema\/logo\/image\/","url":"https:\/\/thedermacheck.com\/wp-content\/uploads\/2023\/10\/cropped-THE-DERMA-CHECK-FAVICON-NEW-1.png","contentUrl":"https:\/\/thedermacheck.com\/wp-content\/uploads\/2023\/10\/cropped-THE-DERMA-CHECK-FAVICON-NEW-1.png","width":512,"height":512,"caption":"The Derma Check"},"image":{"@id":"https:\/\/thedermacheck.com\/ro\/#\/schema\/logo\/image\/"}}]}},"_links":{"self":[{"href":"https:\/\/thedermacheck.com\/ro\/wp-json\/wp\/v2\/pages\/8716","targetHints":{"allow":["GET"]}}],"collection":[{"href":"https:\/\/thedermacheck.com\/ro\/wp-json\/wp\/v2\/pages"}],"about":[{"href":"https:\/\/thedermacheck.com\/ro\/wp-json\/wp\/v2\/types\/page"}],"author":[{"embeddable":true,"href":"https:\/\/thedermacheck.com\/ro\/wp-json\/wp\/v2\/users\/2"}],"replies":[{"embeddable":true,"href":"https:\/\/thedermacheck.com\/ro\/wp-json\/wp\/v2\/comments?post=8716"}],"version-history":[{"count":1,"href":"https:\/\/thedermacheck.com\/ro\/wp-json\/wp\/v2\/pages\/8716\/revisions"}],"predecessor-version":[{"id":8717,"href":"https:\/\/thedermacheck.com\/ro\/wp-json\/wp\/v2\/pages\/8716\/revisions\/8717"}],"wp:attachment":[{"href":"https:\/\/thedermacheck.com\/ro\/wp-json\/wp\/v2\/media?parent=8716"}],"wp:term":[{"taxonomy":"category","embeddable":true,"href":"https:\/\/thedermacheck.com\/ro\/wp-json\/wp\/v2\/categories?post=8716"},{"taxonomy":"post_tag","embeddable":true,"href":"https:\/\/thedermacheck.com\/ro\/wp-json\/wp\/v2\/tags?post=8716"}],"curies":[{"name":"wp","href":"https:\/\/api.w.org\/{rel}","templated":true}]}}