{"id":8724,"date":"2023-12-16T20:38:03","date_gmt":"2023-12-16T20:38:03","guid":{"rendered":"https:\/\/thedermacheck.com\/uleiul-amala-in-produsele-de-ingrijire-a-pielii-un-leac-miraculos-natural\/"},"modified":"2024-09-04T14:53:19","modified_gmt":"2024-09-04T14:53:19","slug":"uleiul-amala-in-produsele-de-ingrijire-a-pielii-un-leac-miraculos-natural","status":"publish","type":"page","link":"https:\/\/thedermacheck.com\/ro\/uleiul-amala-in-produsele-de-ingrijire-a-pielii-un-leac-miraculos-natural\/","title":{"rendered":"Uleiul Amala \u00een produsele de \u00eengrijire a pielii: Un leac miraculos natural"},"content":{"rendered":"\n<h2 class=\"wp-block-heading\">ULEI AMALA<\/h2>\n\n<ul class=\"wp-block-list\">\n<li><strong>Tip de ingredient:<\/strong> Ulei natural<\/li>\n\n\n\n<li><strong>Principalele beneficii:<\/strong> Hidratant, promoveaz\u0103 elasticitatea pielii, bogat \u00een antioxidan\u021bi<\/li>\n\n\n\n<li><strong>Potrivit pentru:<\/strong> Toate tipurile de piele, \u00een special pentru pielea uscat\u0103 \u0219i matur\u0103<\/li>\n\n\n\n<li><strong>Frecven\u021ba de utilizare:<\/strong> \u00cen func\u021bie de instruc\u021biunile produsului, de obicei zilnic<\/li>\n\n\n\n<li><strong>Poate fi combinat cu:<\/strong> Alte uleiuri naturale \u0219i ingrediente hidratante<\/li>\n\n\n\n<li><strong>A nu se utiliza cu:<\/strong> Substan\u021be puternic usc\u0103toare sau iritante<\/li>\n<\/ul>\n\n<hr class=\"wp-block-separator has-alpha-channel-opacity\"\/>\n\n<h2 class=\"wp-block-heading\">Ce este uleiul Amala?<\/h2>\n\n<p>Uleiul Amala, cunoscut \u0219i sub denumirea de ulei de c\u0103tin\u0103 indian\u0103, este extras din fructele plantei Amala.\nAcest ulei este profund \u00eenr\u0103d\u0103cinat \u00een medicina tradi\u021bional\u0103 indian\u0103 ayurvedic\u0103 \u0219i este foarte apreciat pentru numeroasele sale propriet\u0103\u021bi de promovare a s\u0103n\u0103t\u0103\u021bii. <\/p>\n\n<hr class=\"wp-block-separator has-alpha-channel-opacity\"\/>\n\n<h3 class=\"wp-block-heading\">Beneficiile uleiului Amala pentru piele<\/h3>\n\n<h4 class=\"wp-block-heading\">Bogat \u00een nutrien\u021bi \u0219i antioxidan\u021bi<\/h4>\n\n<p>Uleiul Amala este bogat \u00een vitamina C, vitamina E \u0219i antioxidan\u021bi, care protejeaz\u0103 pielea de influen\u021bele nocive ale mediului \u0219i previn \u00eemb\u0103tr\u00e2nirea prematur\u0103.<\/p>\n\n<h4 class=\"wp-block-heading\">Hidrateaz\u0103 \u0219i promoveaz\u0103 elasticitatea<\/h4>\n\n<p>Datorit\u0103 propriet\u0103\u021bilor sale hidratante, ajut\u0103 la men\u021binerea pielii moi \u0219i suple \u0219i \u00eembun\u0103t\u0103\u021be\u0219te elasticitatea pielii.<\/p>\n\n<hr class=\"wp-block-separator has-alpha-channel-opacity\"\/>\n\n<h3 class=\"wp-block-heading\">Posibile efecte secundare<\/h3>\n\n<p>De\u0219i uleiul Amala este considerat sigur pentru majoritatea tipurilor de piele, persoanele cu piele foarte sensibil\u0103 sau alergii trebuie s\u0103 fie prudente.\n\u00cen cazuri rare, pot ap\u0103rea irita\u021bii ale pielii. <\/p>\n\n<hr class=\"wp-block-separator has-alpha-channel-opacity\"\/>\n\n<h3 class=\"wp-block-heading\">Aplicarea uleiului Amala<\/h3>\n\n<h4 class=\"wp-block-heading\">\u00cen form\u0103 pur\u0103 sau ca ingredient<\/h4>\n\n<p>Uleiul Amala poate fi aplicat direct pe piele sau utilizat ca ingredient \u00een produsele de \u00eengrijire a pielii, cum ar fi cremele \u0219i serurile.<\/p>\n\n<h4 class=\"wp-block-heading\">Utilizare zilnic\u0103<\/h4>\n\n<p>Uleiul Amala trebuie utilizat \u00een mod regulat pentru rezultate optime.\nUrma\u021bi instruc\u021biunile produsului respectiv. <\/p>\n\n<hr class=\"wp-block-separator has-alpha-channel-opacity\"\/>\n\n<h3 class=\"wp-block-heading\">Cum s\u0103 nu utiliza\u021bi uleiul Amala<\/h3>\n\n<ul class=\"wp-block-list\">\n<li><strong>Nu utiliza\u021bi \u00een combina\u021bie cu substan\u021be puternic deshidratante:<\/strong> Combina\u021bia uleiului Amala cu ingrediente usc\u0103toare poate irita pielea.<\/li>\n\n\n\n<li><strong>Nu supradoza\u021bi:<\/strong> Utilizarea excesiv\u0103 poate duce la o uleiozitate excesiv\u0103 a pielii.<\/li>\n<\/ul>\n\n<hr class=\"wp-block-separator has-alpha-channel-opacity\"\/>\n\n<h3 class=\"wp-block-heading\">\u00centreb\u0103ri frecvente despre uleiul Amala<\/h3>\n\n<h4 class=\"wp-block-heading\">Poate uleiul Amala s\u0103 ajute cu acneea?<\/h4>\n\n<p>Uleiul Amala are propriet\u0103\u021bi antiinflamatorii care pot ajuta la tratarea acneei, dar trebuie utilizat cu precau\u021bie pe pielea gras\u0103.<\/p>\n\n<h4 class=\"wp-block-heading\">Este uleiul Amala potrivit pentru toate tipurile de piele?<\/h4>\n\n<p>Da, este potrivit pentru toate tipurile de piele, dar este deosebit de benefic pentru pielea uscat\u0103 \u0219i matur\u0103.<\/p>\n\n<h4 class=\"wp-block-heading\">Uleiul Amala poate fi folosit zilnic?<\/h4>\n\n<p>Da, utilizarea zilnic\u0103 este recomandat\u0103 pentru cele mai bune rezultate.<\/p>\n\n<hr class=\"wp-block-separator has-alpha-channel-opacity\"\/>\n\n<h2 class=\"wp-block-heading\">Concluzie<\/h2>\n\n<p>Uleiul Amala este un ulei versatil \u0219i bogat \u00een nutrien\u021bi care ofer\u0103 numeroase beneficii pentru piele.\nEste un ingredient excelent pentru produsele de \u00eengrijire a pielii, \u00een special pentru cei care caut\u0103 componente naturale, hidratante \u0219i anti-\u00eemb\u0103tr\u00e2nire.\nCu compozi\u021bia sa bogat\u0103 \u0219i ac\u021biunea sa delicat\u0103, este o alegere excelent\u0103 pentru aproape orice tip de piele.  <\/p>\n","protected":false},"excerpt":{"rendered":"<p>ULEI AMALA Ce este uleiul Amala? Uleiul Amala, cunoscut \u0219i sub denumirea de ulei de c\u0103tin\u0103 indian\u0103, este extras din fructele plantei Amala. Acest ulei este profund \u00eenr\u0103d\u0103cinat \u00een medicina tradi\u021bional\u0103 indian\u0103 ayurvedic\u0103 \u0219i este foarte apreciat pentru numeroasele sale propriet\u0103\u021bi de promovare a s\u0103n\u0103t\u0103\u021bii. Beneficiile uleiului Amala pentru piele Bogat \u00een nutrien\u021bi \u0219i antioxidan\u021bi &#8230; <a title=\"Uleiul Amala \u00een produsele de \u00eengrijire a pielii: Un leac miraculos natural\" class=\"read-more\" href=\"https:\/\/thedermacheck.com\/ro\/uleiul-amala-in-produsele-de-ingrijire-a-pielii-un-leac-miraculos-natural\/\" aria-label=\"Cite\u0219te mai multe despre Uleiul Amala \u00een produsele de \u00eengrijire a pielii: Un leac miraculos natural\">Mehr erfahren<\/a><\/p>\n","protected":false},"author":2,"featured_media":0,"parent":0,"menu_order":0,"comment_status":"closed","ping_status":"closed","template":"","meta":{"_acf_changed":false,"_lmt_disableupdate":"","_lmt_disable":"","footnotes":""},"categories":[89],"tags":[],"class_list":{"0":"post-8724","1":"page","2":"type-page","3":"status-publish","5":"category-ingrediente"},"acf":[],"yoast_head":"<!-- This site is optimized with the Yoast SEO Premium plugin v25.7.1 (Yoast SEO v25.7) - https:\/\/yoast.com\/wordpress\/plugins\/seo\/ -->\n<title>Uleiul Amala \u00een produsele de \u00eengrijire a pielii: Un leac miraculos natural | The Derma Check<\/title>\n<meta name=\"robots\" content=\"index, follow, max-snippet:-1, max-image-preview:large, max-video-preview:-1\" \/>\n<link rel=\"canonical\" href=\"https:\/\/thedermacheck.com\/ro\/uleiul-amala-in-produsele-de-ingrijire-a-pielii-un-leac-miraculos-natural\/\" \/>\n<meta property=\"og:locale\" content=\"ro_RO\" \/>\n<meta property=\"og:type\" content=\"article\" \/>\n<meta property=\"og:title\" content=\"Uleiul Amala \u00een produsele de \u00eengrijire a pielii: Un leac miraculos natural\" \/>\n<meta property=\"og:description\" content=\"ULEI AMALA Ce este uleiul Amala? Uleiul Amala, cunoscut \u0219i sub denumirea de ulei de c\u0103tin\u0103 indian\u0103, este extras din fructele plantei Amala. Acest ulei este profund \u00eenr\u0103d\u0103cinat \u00een medicina tradi\u021bional\u0103 indian\u0103 ayurvedic\u0103 \u0219i este foarte apreciat pentru numeroasele sale propriet\u0103\u021bi de promovare a s\u0103n\u0103t\u0103\u021bii. Beneficiile uleiului Amala pentru piele Bogat \u00een nutrien\u021bi \u0219i antioxidan\u021bi ... Mehr erfahren\" \/>\n<meta property=\"og:url\" content=\"https:\/\/thedermacheck.com\/ro\/uleiul-amala-in-produsele-de-ingrijire-a-pielii-un-leac-miraculos-natural\/\" \/>\n<meta property=\"og:site_name\" content=\"The Derma Check\" \/>\n<meta property=\"article:modified_time\" content=\"2024-09-04T14:53:19+00:00\" \/>\n<meta name=\"twitter:card\" content=\"summary_large_image\" \/>\n<meta name=\"twitter:label1\" content=\"Timp estimat pentru citire\" \/>\n\t<meta name=\"twitter:data1\" content=\"2 minute\" \/>\n<script type=\"application\/ld+json\" class=\"yoast-schema-graph\">{\"@context\":\"https:\/\/schema.org\",\"@graph\":[{\"@type\":\"WebPage\",\"@id\":\"https:\/\/thedermacheck.com\/ro\/uleiul-amala-in-produsele-de-ingrijire-a-pielii-un-leac-miraculos-natural\/\",\"url\":\"https:\/\/thedermacheck.com\/ro\/uleiul-amala-in-produsele-de-ingrijire-a-pielii-un-leac-miraculos-natural\/\",\"name\":\"Uleiul Amala \u00een produsele de \u00eengrijire a pielii: Un leac miraculos natural | The Derma Check\",\"isPartOf\":{\"@id\":\"https:\/\/thedermacheck.com\/ro\/#website\"},\"datePublished\":\"2023-12-16T20:38:03+00:00\",\"dateModified\":\"2024-09-04T14:53:19+00:00\",\"breadcrumb\":{\"@id\":\"https:\/\/thedermacheck.com\/ro\/uleiul-amala-in-produsele-de-ingrijire-a-pielii-un-leac-miraculos-natural\/#breadcrumb\"},\"inLanguage\":\"ro-RO\",\"potentialAction\":[{\"@type\":\"ReadAction\",\"target\":[\"https:\/\/thedermacheck.com\/ro\/uleiul-amala-in-produsele-de-ingrijire-a-pielii-un-leac-miraculos-natural\/\"]}]},{\"@type\":\"BreadcrumbList\",\"@id\":\"https:\/\/thedermacheck.com\/ro\/uleiul-amala-in-produsele-de-ingrijire-a-pielii-un-leac-miraculos-natural\/#breadcrumb\",\"itemListElement\":[{\"@type\":\"ListItem\",\"position\":1,\"name\":\"Derma Check\",\"item\":\"https:\/\/thedermacheck.com\/ro\/\"},{\"@type\":\"ListItem\",\"position\":2,\"name\":\"Uleiul Amala \u00een produsele de \u00eengrijire a pielii: Un leac miraculos natural\"}]},{\"@type\":\"WebSite\",\"@id\":\"https:\/\/thedermacheck.com\/ro\/#website\",\"url\":\"https:\/\/thedermacheck.com\/ro\/\",\"name\":\"The Derma Check\",\"description\":\"\",\"publisher\":{\"@id\":\"https:\/\/thedermacheck.com\/ro\/#organization\"},\"potentialAction\":[{\"@type\":\"SearchAction\",\"target\":{\"@type\":\"EntryPoint\",\"urlTemplate\":\"https:\/\/thedermacheck.com\/ro\/?s={search_term_string}\"},\"query-input\":{\"@type\":\"PropertyValueSpecification\",\"valueRequired\":true,\"valueName\":\"search_term_string\"}}],\"inLanguage\":\"ro-RO\"},{\"@type\":\"Organization\",\"@id\":\"https:\/\/thedermacheck.com\/ro\/#organization\",\"name\":\"The Derma Check\",\"url\":\"https:\/\/thedermacheck.com\/ro\/\",\"logo\":{\"@type\":\"ImageObject\",\"inLanguage\":\"ro-RO\",\"@id\":\"https:\/\/thedermacheck.com\/ro\/#\/schema\/logo\/image\/\",\"url\":\"https:\/\/thedermacheck.com\/wp-content\/uploads\/2023\/10\/cropped-THE-DERMA-CHECK-FAVICON-NEW-1.png\",\"contentUrl\":\"https:\/\/thedermacheck.com\/wp-content\/uploads\/2023\/10\/cropped-THE-DERMA-CHECK-FAVICON-NEW-1.png\",\"width\":512,\"height\":512,\"caption\":\"The Derma Check\"},\"image\":{\"@id\":\"https:\/\/thedermacheck.com\/ro\/#\/schema\/logo\/image\/\"}}]}<\/script>\n<!-- \/ Yoast SEO Premium plugin. -->","yoast_head_json":{"title":"Uleiul Amala \u00een produsele de \u00eengrijire a pielii: Un leac miraculos natural | The Derma Check","robots":{"index":"index","follow":"follow","max-snippet":"max-snippet:-1","max-image-preview":"max-image-preview:large","max-video-preview":"max-video-preview:-1"},"canonical":"https:\/\/thedermacheck.com\/ro\/uleiul-amala-in-produsele-de-ingrijire-a-pielii-un-leac-miraculos-natural\/","og_locale":"ro_RO","og_type":"article","og_title":"Uleiul Amala \u00een produsele de \u00eengrijire a pielii: Un leac miraculos natural","og_description":"ULEI AMALA Ce este uleiul Amala? Uleiul Amala, cunoscut \u0219i sub denumirea de ulei de c\u0103tin\u0103 indian\u0103, este extras din fructele plantei Amala. Acest ulei este profund \u00eenr\u0103d\u0103cinat \u00een medicina tradi\u021bional\u0103 indian\u0103 ayurvedic\u0103 \u0219i este foarte apreciat pentru numeroasele sale propriet\u0103\u021bi de promovare a s\u0103n\u0103t\u0103\u021bii. Beneficiile uleiului Amala pentru piele Bogat \u00een nutrien\u021bi \u0219i antioxidan\u021bi ... Mehr erfahren","og_url":"https:\/\/thedermacheck.com\/ro\/uleiul-amala-in-produsele-de-ingrijire-a-pielii-un-leac-miraculos-natural\/","og_site_name":"The Derma Check","article_modified_time":"2024-09-04T14:53:19+00:00","twitter_card":"summary_large_image","twitter_misc":{"Timp estimat pentru citire":"2 minute"},"schema":{"@context":"https:\/\/schema.org","@graph":[{"@type":"WebPage","@id":"https:\/\/thedermacheck.com\/ro\/uleiul-amala-in-produsele-de-ingrijire-a-pielii-un-leac-miraculos-natural\/","url":"https:\/\/thedermacheck.com\/ro\/uleiul-amala-in-produsele-de-ingrijire-a-pielii-un-leac-miraculos-natural\/","name":"Uleiul Amala \u00een produsele de \u00eengrijire a pielii: Un leac miraculos natural | The Derma Check","isPartOf":{"@id":"https:\/\/thedermacheck.com\/ro\/#website"},"datePublished":"2023-12-16T20:38:03+00:00","dateModified":"2024-09-04T14:53:19+00:00","breadcrumb":{"@id":"https:\/\/thedermacheck.com\/ro\/uleiul-amala-in-produsele-de-ingrijire-a-pielii-un-leac-miraculos-natural\/#breadcrumb"},"inLanguage":"ro-RO","potentialAction":[{"@type":"ReadAction","target":["https:\/\/thedermacheck.com\/ro\/uleiul-amala-in-produsele-de-ingrijire-a-pielii-un-leac-miraculos-natural\/"]}]},{"@type":"BreadcrumbList","@id":"https:\/\/thedermacheck.com\/ro\/uleiul-amala-in-produsele-de-ingrijire-a-pielii-un-leac-miraculos-natural\/#breadcrumb","itemListElement":[{"@type":"ListItem","position":1,"name":"Derma Check","item":"https:\/\/thedermacheck.com\/ro\/"},{"@type":"ListItem","position":2,"name":"Uleiul Amala \u00een produsele de \u00eengrijire a pielii: Un leac miraculos natural"}]},{"@type":"WebSite","@id":"https:\/\/thedermacheck.com\/ro\/#website","url":"https:\/\/thedermacheck.com\/ro\/","name":"The Derma Check","description":"","publisher":{"@id":"https:\/\/thedermacheck.com\/ro\/#organization"},"potentialAction":[{"@type":"SearchAction","target":{"@type":"EntryPoint","urlTemplate":"https:\/\/thedermacheck.com\/ro\/?s={search_term_string}"},"query-input":{"@type":"PropertyValueSpecification","valueRequired":true,"valueName":"search_term_string"}}],"inLanguage":"ro-RO"},{"@type":"Organization","@id":"https:\/\/thedermacheck.com\/ro\/#organization","name":"The Derma Check","url":"https:\/\/thedermacheck.com\/ro\/","logo":{"@type":"ImageObject","inLanguage":"ro-RO","@id":"https:\/\/thedermacheck.com\/ro\/#\/schema\/logo\/image\/","url":"https:\/\/thedermacheck.com\/wp-content\/uploads\/2023\/10\/cropped-THE-DERMA-CHECK-FAVICON-NEW-1.png","contentUrl":"https:\/\/thedermacheck.com\/wp-content\/uploads\/2023\/10\/cropped-THE-DERMA-CHECK-FAVICON-NEW-1.png","width":512,"height":512,"caption":"The Derma Check"},"image":{"@id":"https:\/\/thedermacheck.com\/ro\/#\/schema\/logo\/image\/"}}]}},"_links":{"self":[{"href":"https:\/\/thedermacheck.com\/ro\/wp-json\/wp\/v2\/pages\/8724","targetHints":{"allow":["GET"]}}],"collection":[{"href":"https:\/\/thedermacheck.com\/ro\/wp-json\/wp\/v2\/pages"}],"about":[{"href":"https:\/\/thedermacheck.com\/ro\/wp-json\/wp\/v2\/types\/page"}],"author":[{"embeddable":true,"href":"https:\/\/thedermacheck.com\/ro\/wp-json\/wp\/v2\/users\/2"}],"replies":[{"embeddable":true,"href":"https:\/\/thedermacheck.com\/ro\/wp-json\/wp\/v2\/comments?post=8724"}],"version-history":[{"count":1,"href":"https:\/\/thedermacheck.com\/ro\/wp-json\/wp\/v2\/pages\/8724\/revisions"}],"predecessor-version":[{"id":8725,"href":"https:\/\/thedermacheck.com\/ro\/wp-json\/wp\/v2\/pages\/8724\/revisions\/8725"}],"wp:attachment":[{"href":"https:\/\/thedermacheck.com\/ro\/wp-json\/wp\/v2\/media?parent=8724"}],"wp:term":[{"taxonomy":"category","embeddable":true,"href":"https:\/\/thedermacheck.com\/ro\/wp-json\/wp\/v2\/categories?post=8724"},{"taxonomy":"post_tag","embeddable":true,"href":"https:\/\/thedermacheck.com\/ro\/wp-json\/wp\/v2\/tags?post=8724"}],"curies":[{"name":"wp","href":"https:\/\/api.w.org\/{rel}","templated":true}]}}