{"id":8730,"date":"2023-12-16T20:42:02","date_gmt":"2023-12-16T20:42:02","guid":{"rendered":"https:\/\/thedermacheck.com\/extract-de-caviar-in-produsele-de-ingrijire-a-pielii-ingrijire-de-lux-pentru-pielea-dumneavoastra\/"},"modified":"2024-09-04T14:53:27","modified_gmt":"2024-09-04T14:53:27","slug":"extract-de-caviar-in-produsele-de-ingrijire-a-pielii-ingrijire-de-lux-pentru-pielea-dumneavoastra","status":"publish","type":"page","link":"https:\/\/thedermacheck.com\/ro\/extract-de-caviar-in-produsele-de-ingrijire-a-pielii-ingrijire-de-lux-pentru-pielea-dumneavoastra\/","title":{"rendered":"Extract de caviar \u00een produsele de \u00eengrijire a pielii: \u00cengrijire de lux pentru pielea dumneavoastr\u0103"},"content":{"rendered":"\n<h2 class=\"wp-block-heading\">EXTRACT DE CAVIAR<\/h2>\n\n<ul class=\"wp-block-list\">\n<li><strong>Tip de ingredient:<\/strong> Produs natural de lux<\/li>\n\n\n\n<li><strong>Principalele beneficii:<\/strong> Anti-\u00eemb\u0103tr\u00e2nire, hidratare, hr\u0103nire<\/li>\n\n\n\n<li><strong>Pentru cine este potrivit:<\/strong> Pentru pielea matur\u0103 \u0219i pentru oricine caut\u0103 o \u00eengrijire a pielii de \u00eenalt\u0103 calitate<\/li>\n\n\n\n<li><strong>Frecven\u021ba de utilizare:<\/strong> \u00cen func\u021bie de produs, adesea zilnic<\/li>\n\n\n\n<li><strong>Poate fi combinat cu:<\/strong> Alte ingrediente hidratante \u0219i anti-\u00eemb\u0103tr\u00e2nire<\/li>\n\n\n\n<li><strong>A nu se utiliza cu:<\/strong> \u00cen caz de hipersensibilitate sau alergii cunoscute la fructe de mare<\/li>\n<\/ul>\n\n<hr class=\"wp-block-separator has-alpha-channel-opacity\"\/>\n\n<h2 class=\"wp-block-heading\">Introducere: Extractul de caviar \u00een \u00eengrijirea pielii<\/h2>\n\n<p>Extractul de caviar, derivat din ou\u0103le de sturion, este un ingredient luxos pentru \u00eengrijirea pielii, cunoscut pentru propriet\u0103\u021bile sale bogate \u0219i hr\u0103nitoare.\nBogat \u00een vitamine, minerale \u0219i acizi gra\u0219i omega-3, acest extract este apreciat pentru beneficiile sale anti-\u00eemb\u0103tr\u00e2nire \u0219i hidratante. <\/p>\n\n<hr class=\"wp-block-separator has-alpha-channel-opacity\"\/>\n\n<h3 class=\"wp-block-heading\">Avantajele extractului de caviar<\/h3>\n\n<h4 class=\"wp-block-heading\">Propriet\u0103\u021bi anti-\u00eemb\u0103tr\u00e2nire<\/h4>\n\n<p>Extractul de caviar con\u021bine antioxidan\u021bi care ajut\u0103 la protejarea pielii de radicalii liberi \u0219i previn \u00eemb\u0103tr\u00e2nirea prematur\u0103 a pielii.<\/p>\n\n<h4 class=\"wp-block-heading\">Hidratant \u0219i hr\u0103nitor<\/h4>\n\n<p>Acizii gra\u0219i con\u021binu\u021bi \u00een caviar ajut\u0103 la hr\u0103nirea \u0219i hidratarea intens\u0103 a pielii.<\/p>\n\n<h4 class=\"wp-block-heading\">\u00cembun\u0103t\u0103\u021be\u0219te elasticitatea pielii<\/h4>\n\n<p>Extractul de caviar poate ajuta la \u00eembun\u0103t\u0103\u021birea elasticit\u0103\u021bii pielii \u0219i poate conferi acesteia un aspect mai ferm \u0219i mai tineresc.<\/p>\n\n<hr class=\"wp-block-separator has-alpha-channel-opacity\"\/>\n\n<h3 class=\"wp-block-heading\">Posibile efecte secundare<\/h3>\n\n<p>Extractul de caviar este \u00een general bine tolerat, dar poate provoca reac\u021bii la persoanele cu alergie la fructele de mare sau cu piele hipersensibil\u0103.<\/p>\n\n<hr class=\"wp-block-separator has-alpha-channel-opacity\"\/>\n\n<h3 class=\"wp-block-heading\">Aplicarea extractului de caviar<\/h3>\n\n<h4 class=\"wp-block-heading\">Ca ingredient \u00een produsele de \u00eengrijire a pielii<\/h4>\n\n<p>Extractul de caviar este adesea utilizat \u00een creme, seruri \u0219i m\u0103\u0219ti pentru piele de \u00eenalt\u0103 calitate.\nAceste produse pot fi utilizate zilnic \u00een conformitate cu instruc\u021biunile. <\/p>\n\n<h4 class=\"wp-block-heading\">Combina\u021bie cu alte ingrediente<\/h4>\n\n<p>Extractul de caviar se combin\u0103 bine cu alte ingrediente anti-\u00eemb\u0103tr\u00e2nire \u0219i hidratante.<\/p>\n\n<hr class=\"wp-block-separator has-alpha-channel-opacity\"\/>\n\n<h3 class=\"wp-block-heading\">Cum s\u0103 nu utiliza\u021bi extractul de caviar<\/h3>\n\n<ul class=\"wp-block-list\">\n<li><strong>Aten\u021bie la alergiile la fructele de mare:<\/strong> Persoanele cu o alergie cunoscut\u0103 la fructele de mare trebuie s\u0103 evite produsele cu extract de caviar<strong>.<\/strong> <\/li>\n\n\n\n<li><strong>Nu \u00een form\u0103 pur\u0103:<\/strong> Extractul de caviar nu este oferit de obicei \u00een form\u0103 pur\u0103 \u0219i ar trebui utilizat numai \u00een produse formulate.<\/li>\n<\/ul>\n\n<hr class=\"wp-block-separator has-alpha-channel-opacity\"\/>\n\n<h3 class=\"wp-block-heading\">\u00centreb\u0103ri frecvente despre extractul de caviar<\/h3>\n\n<h4 class=\"wp-block-heading\">Extractul de caviar poate fi utilizat pe toate tipurile de piele?<\/h4>\n\n<p>Extractul de caviar este benefic \u00een special pentru pielea matur\u0103, dar poate fi utilizat de majoritatea tipurilor de piele.<\/p>\n\n<h4 class=\"wp-block-heading\">C\u00e2t de repede ac\u021bioneaz\u0103 extractul de caviar?<\/h4>\n\n<p>Efectul poate varia de la o persoan\u0103 la alta, dar mul\u021bi utilizatori raporteaz\u0103 o \u00eembun\u0103t\u0103\u021bire a aspectului pielii dup\u0103 utilizarea regulat\u0103 pe parcursul mai multor s\u0103pt\u0103m\u00e2ni.<\/p>\n\n<h4 class=\"wp-block-heading\">Merit\u0103 pre\u021bul extractului de caviar?<\/h4>\n\n<p>Av\u00e2nd \u00een vedere compozi\u021bia sa bogat\u0103 \u0219i propriet\u0103\u021bile sale luxoase, extractul de caviar este o completare valoroas\u0103 a rutinei de \u00eengrijire a pielii a multor persoane.<\/p>\n\n<hr class=\"wp-block-separator has-alpha-channel-opacity\"\/>\n\n<h2 class=\"wp-block-heading\">Concluzie<\/h2>\n\n<p>Extractul de caviar este un ingredient luxos \u0219i eficient pentru \u00eengrijirea pielii, bogat \u00een nutrien\u021bi \u0219i propriet\u0103\u021bi hidratante.\nAcesta ofer\u0103 beneficii eficiente \u00eempotriva \u00eemb\u0103tr\u00e2nirii \u0219i poate ajuta la \u00eembun\u0103t\u0103\u021birea aspectului general al pielii.\nPentru cei care caut\u0103 produse de \u00eengrijire a pielii de \u00eenalt\u0103 calitate \u0219i care nu au alergie la fructele de mare, extractul de caviar este o alegere excelent\u0103.  <\/p>\n","protected":false},"excerpt":{"rendered":"<p>EXTRACT DE CAVIAR Introducere: Extractul de caviar \u00een \u00eengrijirea pielii Extractul de caviar, derivat din ou\u0103le de sturion, este un ingredient luxos pentru \u00eengrijirea pielii, cunoscut pentru propriet\u0103\u021bile sale bogate \u0219i hr\u0103nitoare. Bogat \u00een vitamine, minerale \u0219i acizi gra\u0219i omega-3, acest extract este apreciat pentru beneficiile sale anti-\u00eemb\u0103tr\u00e2nire \u0219i hidratante. Avantajele extractului de caviar Propriet\u0103\u021bi &#8230; <a title=\"Extract de caviar \u00een produsele de \u00eengrijire a pielii: \u00cengrijire de lux pentru pielea dumneavoastr\u0103\" class=\"read-more\" href=\"https:\/\/thedermacheck.com\/ro\/extract-de-caviar-in-produsele-de-ingrijire-a-pielii-ingrijire-de-lux-pentru-pielea-dumneavoastra\/\" aria-label=\"Cite\u0219te mai multe despre Extract de caviar \u00een produsele de \u00eengrijire a pielii: \u00cengrijire de lux pentru pielea dumneavoastr\u0103\">Mehr erfahren<\/a><\/p>\n","protected":false},"author":2,"featured_media":0,"parent":0,"menu_order":0,"comment_status":"closed","ping_status":"closed","template":"","meta":{"_acf_changed":false,"_lmt_disableupdate":"","_lmt_disable":"","footnotes":""},"categories":[89],"tags":[],"class_list":{"0":"post-8730","1":"page","2":"type-page","3":"status-publish","5":"category-ingrediente"},"acf":[],"yoast_head":"<!-- This site is optimized with the Yoast SEO Premium plugin v25.7.1 (Yoast SEO v25.7) - https:\/\/yoast.com\/wordpress\/plugins\/seo\/ -->\n<title>Extract de caviar \u00een produsele de \u00eengrijire a pielii: \u00cengrijire de lux pentru pielea dumneavoastr\u0103 | The Derma Check<\/title>\n<meta name=\"robots\" content=\"index, follow, max-snippet:-1, max-image-preview:large, max-video-preview:-1\" \/>\n<link rel=\"canonical\" href=\"https:\/\/thedermacheck.com\/ro\/extract-de-caviar-in-produsele-de-ingrijire-a-pielii-ingrijire-de-lux-pentru-pielea-dumneavoastra\/\" \/>\n<meta property=\"og:locale\" content=\"ro_RO\" \/>\n<meta property=\"og:type\" content=\"article\" \/>\n<meta property=\"og:title\" content=\"Extract de caviar \u00een produsele de \u00eengrijire a pielii: \u00cengrijire de lux pentru pielea dumneavoastr\u0103\" \/>\n<meta property=\"og:description\" content=\"EXTRACT DE CAVIAR Introducere: Extractul de caviar \u00een \u00eengrijirea pielii Extractul de caviar, derivat din ou\u0103le de sturion, este un ingredient luxos pentru \u00eengrijirea pielii, cunoscut pentru propriet\u0103\u021bile sale bogate \u0219i hr\u0103nitoare. Bogat \u00een vitamine, minerale \u0219i acizi gra\u0219i omega-3, acest extract este apreciat pentru beneficiile sale anti-\u00eemb\u0103tr\u00e2nire \u0219i hidratante. Avantajele extractului de caviar Propriet\u0103\u021bi ... Mehr erfahren\" \/>\n<meta property=\"og:url\" content=\"https:\/\/thedermacheck.com\/ro\/extract-de-caviar-in-produsele-de-ingrijire-a-pielii-ingrijire-de-lux-pentru-pielea-dumneavoastra\/\" \/>\n<meta property=\"og:site_name\" content=\"The Derma Check\" \/>\n<meta property=\"article:modified_time\" content=\"2024-09-04T14:53:27+00:00\" \/>\n<meta name=\"twitter:card\" content=\"summary_large_image\" \/>\n<meta name=\"twitter:label1\" content=\"Timp estimat pentru citire\" \/>\n\t<meta name=\"twitter:data1\" content=\"3 minute\" \/>\n<script type=\"application\/ld+json\" class=\"yoast-schema-graph\">{\"@context\":\"https:\/\/schema.org\",\"@graph\":[{\"@type\":\"WebPage\",\"@id\":\"https:\/\/thedermacheck.com\/ro\/extract-de-caviar-in-produsele-de-ingrijire-a-pielii-ingrijire-de-lux-pentru-pielea-dumneavoastra\/\",\"url\":\"https:\/\/thedermacheck.com\/ro\/extract-de-caviar-in-produsele-de-ingrijire-a-pielii-ingrijire-de-lux-pentru-pielea-dumneavoastra\/\",\"name\":\"Extract de caviar \u00een produsele de \u00eengrijire a pielii: \u00cengrijire de lux pentru pielea dumneavoastr\u0103 | The Derma Check\",\"isPartOf\":{\"@id\":\"https:\/\/thedermacheck.com\/ro\/#website\"},\"datePublished\":\"2023-12-16T20:42:02+00:00\",\"dateModified\":\"2024-09-04T14:53:27+00:00\",\"breadcrumb\":{\"@id\":\"https:\/\/thedermacheck.com\/ro\/extract-de-caviar-in-produsele-de-ingrijire-a-pielii-ingrijire-de-lux-pentru-pielea-dumneavoastra\/#breadcrumb\"},\"inLanguage\":\"ro-RO\",\"potentialAction\":[{\"@type\":\"ReadAction\",\"target\":[\"https:\/\/thedermacheck.com\/ro\/extract-de-caviar-in-produsele-de-ingrijire-a-pielii-ingrijire-de-lux-pentru-pielea-dumneavoastra\/\"]}]},{\"@type\":\"BreadcrumbList\",\"@id\":\"https:\/\/thedermacheck.com\/ro\/extract-de-caviar-in-produsele-de-ingrijire-a-pielii-ingrijire-de-lux-pentru-pielea-dumneavoastra\/#breadcrumb\",\"itemListElement\":[{\"@type\":\"ListItem\",\"position\":1,\"name\":\"Derma Check\",\"item\":\"https:\/\/thedermacheck.com\/ro\/\"},{\"@type\":\"ListItem\",\"position\":2,\"name\":\"Extract de caviar \u00een produsele de \u00eengrijire a pielii: \u00cengrijire de lux pentru pielea dumneavoastr\u0103\"}]},{\"@type\":\"WebSite\",\"@id\":\"https:\/\/thedermacheck.com\/ro\/#website\",\"url\":\"https:\/\/thedermacheck.com\/ro\/\",\"name\":\"The Derma Check\",\"description\":\"\",\"publisher\":{\"@id\":\"https:\/\/thedermacheck.com\/ro\/#organization\"},\"potentialAction\":[{\"@type\":\"SearchAction\",\"target\":{\"@type\":\"EntryPoint\",\"urlTemplate\":\"https:\/\/thedermacheck.com\/ro\/?s={search_term_string}\"},\"query-input\":{\"@type\":\"PropertyValueSpecification\",\"valueRequired\":true,\"valueName\":\"search_term_string\"}}],\"inLanguage\":\"ro-RO\"},{\"@type\":\"Organization\",\"@id\":\"https:\/\/thedermacheck.com\/ro\/#organization\",\"name\":\"The Derma Check\",\"url\":\"https:\/\/thedermacheck.com\/ro\/\",\"logo\":{\"@type\":\"ImageObject\",\"inLanguage\":\"ro-RO\",\"@id\":\"https:\/\/thedermacheck.com\/ro\/#\/schema\/logo\/image\/\",\"url\":\"https:\/\/thedermacheck.com\/wp-content\/uploads\/2023\/10\/cropped-THE-DERMA-CHECK-FAVICON-NEW-1.png\",\"contentUrl\":\"https:\/\/thedermacheck.com\/wp-content\/uploads\/2023\/10\/cropped-THE-DERMA-CHECK-FAVICON-NEW-1.png\",\"width\":512,\"height\":512,\"caption\":\"The Derma Check\"},\"image\":{\"@id\":\"https:\/\/thedermacheck.com\/ro\/#\/schema\/logo\/image\/\"}}]}<\/script>\n<!-- \/ Yoast SEO Premium plugin. -->","yoast_head_json":{"title":"Extract de caviar \u00een produsele de \u00eengrijire a pielii: \u00cengrijire de lux pentru pielea dumneavoastr\u0103 | The Derma Check","robots":{"index":"index","follow":"follow","max-snippet":"max-snippet:-1","max-image-preview":"max-image-preview:large","max-video-preview":"max-video-preview:-1"},"canonical":"https:\/\/thedermacheck.com\/ro\/extract-de-caviar-in-produsele-de-ingrijire-a-pielii-ingrijire-de-lux-pentru-pielea-dumneavoastra\/","og_locale":"ro_RO","og_type":"article","og_title":"Extract de caviar \u00een produsele de \u00eengrijire a pielii: \u00cengrijire de lux pentru pielea dumneavoastr\u0103","og_description":"EXTRACT DE CAVIAR Introducere: Extractul de caviar \u00een \u00eengrijirea pielii Extractul de caviar, derivat din ou\u0103le de sturion, este un ingredient luxos pentru \u00eengrijirea pielii, cunoscut pentru propriet\u0103\u021bile sale bogate \u0219i hr\u0103nitoare. Bogat \u00een vitamine, minerale \u0219i acizi gra\u0219i omega-3, acest extract este apreciat pentru beneficiile sale anti-\u00eemb\u0103tr\u00e2nire \u0219i hidratante. Avantajele extractului de caviar Propriet\u0103\u021bi ... Mehr erfahren","og_url":"https:\/\/thedermacheck.com\/ro\/extract-de-caviar-in-produsele-de-ingrijire-a-pielii-ingrijire-de-lux-pentru-pielea-dumneavoastra\/","og_site_name":"The Derma Check","article_modified_time":"2024-09-04T14:53:27+00:00","twitter_card":"summary_large_image","twitter_misc":{"Timp estimat pentru citire":"3 minute"},"schema":{"@context":"https:\/\/schema.org","@graph":[{"@type":"WebPage","@id":"https:\/\/thedermacheck.com\/ro\/extract-de-caviar-in-produsele-de-ingrijire-a-pielii-ingrijire-de-lux-pentru-pielea-dumneavoastra\/","url":"https:\/\/thedermacheck.com\/ro\/extract-de-caviar-in-produsele-de-ingrijire-a-pielii-ingrijire-de-lux-pentru-pielea-dumneavoastra\/","name":"Extract de caviar \u00een produsele de \u00eengrijire a pielii: \u00cengrijire de lux pentru pielea dumneavoastr\u0103 | The Derma Check","isPartOf":{"@id":"https:\/\/thedermacheck.com\/ro\/#website"},"datePublished":"2023-12-16T20:42:02+00:00","dateModified":"2024-09-04T14:53:27+00:00","breadcrumb":{"@id":"https:\/\/thedermacheck.com\/ro\/extract-de-caviar-in-produsele-de-ingrijire-a-pielii-ingrijire-de-lux-pentru-pielea-dumneavoastra\/#breadcrumb"},"inLanguage":"ro-RO","potentialAction":[{"@type":"ReadAction","target":["https:\/\/thedermacheck.com\/ro\/extract-de-caviar-in-produsele-de-ingrijire-a-pielii-ingrijire-de-lux-pentru-pielea-dumneavoastra\/"]}]},{"@type":"BreadcrumbList","@id":"https:\/\/thedermacheck.com\/ro\/extract-de-caviar-in-produsele-de-ingrijire-a-pielii-ingrijire-de-lux-pentru-pielea-dumneavoastra\/#breadcrumb","itemListElement":[{"@type":"ListItem","position":1,"name":"Derma Check","item":"https:\/\/thedermacheck.com\/ro\/"},{"@type":"ListItem","position":2,"name":"Extract de caviar \u00een produsele de \u00eengrijire a pielii: \u00cengrijire de lux pentru pielea dumneavoastr\u0103"}]},{"@type":"WebSite","@id":"https:\/\/thedermacheck.com\/ro\/#website","url":"https:\/\/thedermacheck.com\/ro\/","name":"The Derma Check","description":"","publisher":{"@id":"https:\/\/thedermacheck.com\/ro\/#organization"},"potentialAction":[{"@type":"SearchAction","target":{"@type":"EntryPoint","urlTemplate":"https:\/\/thedermacheck.com\/ro\/?s={search_term_string}"},"query-input":{"@type":"PropertyValueSpecification","valueRequired":true,"valueName":"search_term_string"}}],"inLanguage":"ro-RO"},{"@type":"Organization","@id":"https:\/\/thedermacheck.com\/ro\/#organization","name":"The Derma Check","url":"https:\/\/thedermacheck.com\/ro\/","logo":{"@type":"ImageObject","inLanguage":"ro-RO","@id":"https:\/\/thedermacheck.com\/ro\/#\/schema\/logo\/image\/","url":"https:\/\/thedermacheck.com\/wp-content\/uploads\/2023\/10\/cropped-THE-DERMA-CHECK-FAVICON-NEW-1.png","contentUrl":"https:\/\/thedermacheck.com\/wp-content\/uploads\/2023\/10\/cropped-THE-DERMA-CHECK-FAVICON-NEW-1.png","width":512,"height":512,"caption":"The Derma Check"},"image":{"@id":"https:\/\/thedermacheck.com\/ro\/#\/schema\/logo\/image\/"}}]}},"_links":{"self":[{"href":"https:\/\/thedermacheck.com\/ro\/wp-json\/wp\/v2\/pages\/8730","targetHints":{"allow":["GET"]}}],"collection":[{"href":"https:\/\/thedermacheck.com\/ro\/wp-json\/wp\/v2\/pages"}],"about":[{"href":"https:\/\/thedermacheck.com\/ro\/wp-json\/wp\/v2\/types\/page"}],"author":[{"embeddable":true,"href":"https:\/\/thedermacheck.com\/ro\/wp-json\/wp\/v2\/users\/2"}],"replies":[{"embeddable":true,"href":"https:\/\/thedermacheck.com\/ro\/wp-json\/wp\/v2\/comments?post=8730"}],"version-history":[{"count":1,"href":"https:\/\/thedermacheck.com\/ro\/wp-json\/wp\/v2\/pages\/8730\/revisions"}],"predecessor-version":[{"id":8731,"href":"https:\/\/thedermacheck.com\/ro\/wp-json\/wp\/v2\/pages\/8730\/revisions\/8731"}],"wp:attachment":[{"href":"https:\/\/thedermacheck.com\/ro\/wp-json\/wp\/v2\/media?parent=8730"}],"wp:term":[{"taxonomy":"category","embeddable":true,"href":"https:\/\/thedermacheck.com\/ro\/wp-json\/wp\/v2\/categories?post=8730"},{"taxonomy":"post_tag","embeddable":true,"href":"https:\/\/thedermacheck.com\/ro\/wp-json\/wp\/v2\/tags?post=8730"}],"curies":[{"name":"wp","href":"https:\/\/api.w.org\/{rel}","templated":true}]}}