{"id":8742,"date":"2023-12-16T21:04:58","date_gmt":"2023-12-16T21:04:58","guid":{"rendered":"https:\/\/thedermacheck.com\/colagenul-in-produsele-de-ingrijire-a-pielii-cheia-pentru-o-piele-tanara\/"},"modified":"2024-09-04T14:53:34","modified_gmt":"2024-09-04T14:53:34","slug":"colagenul-in-produsele-de-ingrijire-a-pielii-cheia-pentru-o-piele-tanara","status":"publish","type":"page","link":"https:\/\/thedermacheck.com\/ro\/colagenul-in-produsele-de-ingrijire-a-pielii-cheia-pentru-o-piele-tanara\/","title":{"rendered":"Colagenul \u00een produsele de \u00eengrijire a pielii: Cheia pentru o piele t\u00e2n\u0103r\u0103"},"content":{"rendered":"\n<p><strong>Colagenul \u00een \u00eengrijirea pielii<\/strong><\/p>\n\n<ul class=\"wp-block-list\">\n<li><strong>Tip de ingredient:<\/strong> Proteine<\/li>\n\n\n\n<li><strong>Principalele beneficii:<\/strong> Promoveaz\u0103 elasticitatea pielii, reduce ridurile, sus\u021bine regenerarea pielii<\/li>\n\n\n\n<li><strong>Ideal pentru:<\/strong> Piele matur\u0103, dar \u0219i preventiv\u0103 pentru tipurile de piele mai tinere<\/li>\n\n\n\n<li><strong>Frecven\u021ba de utilizare:<\/strong> zilnic, \u00een creme, seruri \u0219i m\u0103\u0219ti<\/li>\n\n\n\n<li><strong>Combina\u021bie cu:<\/strong> Vitamina C, acid hialuronic<\/li>\n\n\n\n<li><strong>A nu se utiliza cu:<\/strong> Nu exist\u0103 interac\u021biuni negative cunoscute, dar trebuie luat\u0103 \u00een considerare compatibilitatea individual\u0103 a pielii<\/li>\n<\/ul>\n\n<hr class=\"wp-block-separator has-alpha-channel-opacity\"\/>\n\n<h3 class=\"wp-block-heading\"><strong>Ce este colagenul?<\/strong><\/h3>\n\n<p>Colagenul este o protein\u0103 esen\u021bial\u0103 care este responsabil\u0103 de structura, fermitatea \u0219i elasticitatea pielii.\nPe m\u0103sur\u0103 ce \u00eemb\u0103tr\u00e2nim, produc\u021bia natural\u0103 de colagen scade, duc\u00e2nd la apari\u021bia ridurilor \u0219i la l\u0103sarea pielii.\nColagenul din produsele de \u00eengrijire a pielii urm\u0103re\u0219te s\u0103 \u00eencetineasc\u0103 acest proces \u0219i s\u0103 \u00eembun\u0103t\u0103\u021beasc\u0103 structura pielii.  <\/p>\n\n<h3 class=\"wp-block-heading\"><strong>Beneficiile colagenului pentru piele<\/strong><\/h3>\n\n<ul class=\"wp-block-list\">\n<li><strong>\u00cembun\u0103t\u0103\u021birea elasticit\u0103\u021bii pielii:<\/strong> Colagenul sus\u021bine elasticitatea pielii \u0219i ajut\u0103 la men\u021binerea fermit\u0103\u021bii \u0219i tinere\u021bii acesteia.<\/li>\n\n\n\n<li><strong>Reducerea ridurilor:<\/strong> Prin promovarea densit\u0103\u021bii pielii, produsele cu colagen pot reduce aspectul liniilor fine \u0219i al ridurilor.<\/li>\n\n\n\n<li><strong>Sprijinirea regener\u0103rii pielii:<\/strong> Colagenul poate \u00eembun\u0103t\u0103\u021bi capacitatea pielii de a se regenera \u0219i poate contribui la un ten mai s\u0103n\u0103tos \u0219i mai radiant.<\/li>\n<\/ul>\n\n<h3 class=\"wp-block-heading\"><strong>Posibile efecte secundare<\/strong><\/h3>\n\n<p>Colagenul este, \u00een general, bine tolerat.\n\u00cen cazul aplic\u0103rii topice, reac\u021biile alergice sunt rare, dar nu pot fi excluse.\nLa administrarea oral\u0103 a preparatelor pe baz\u0103 de colagen, trebuie luate \u00een considerare posibilele interac\u021biuni \u0219i intoleran\u021bele individuale.  <\/p>\n\n<h3 class=\"wp-block-heading\"><strong>Recomand\u0103ri de aplicare<\/strong><\/h3>\n\n<p>Colagenul poate fi aplicat local sub form\u0103 de creme, seruri \u0219i m\u0103\u0219ti sau ca supliment alimentar.\nPentru o rutin\u0103 eficient\u0103 de \u00eengrijire a pielii, colagenul trebuie utilizat zilnic, ideal \u00een combina\u021bie cu alte ingrediente anti-\u00eemb\u0103tr\u00e2nire, cum ar fi vitamina C \u0219i acidul hialuronic. <\/p>\n\n<h3 class=\"wp-block-heading\"><strong>Cum s\u0103 nu o utiliza\u021bi<\/strong><\/h3>\n\n<p>Nu exist\u0103 restric\u021bii specifice privind utilizarea colagenului \u00een \u00eengrijirea pielii.\nCu toate acestea, trebuie s\u0103 ave\u021bi grij\u0103 s\u0103 alege\u021bi produse cu colagen de \u00eenalt\u0103 calitate \u0219i s\u0103 le utiliza\u021bi \u00een conformitate cu instruc\u021biunile produc\u0103torului. <\/p>\n\n<h3 class=\"wp-block-heading\"><strong>\u00ceNTREB\u0102RI FRECVENTE<\/strong><\/h3>\n\n<p><strong>1. Colagenul poate inversa \u00eemb\u0103tr\u00e2nirea pielii?<\/strong>  Colagenul poate reduce semnele de \u00eemb\u0103tr\u00e2nire a pielii, dar nu le poate inversa.<\/p>\n\n<p><strong>2. Colagenul din produsele de \u00eengrijire a pielii este vegan?<\/strong>  Multe produse cu colagen sunt de origine animal\u0103, dar exist\u0103 \u0219i alternative pe baz\u0103 de plante.<\/p>\n\n<p><strong>3 C\u00e2t de repede ac\u021bioneaz\u0103 colagenul \u00een \u00eengrijirea pielii?<\/strong>  Rezultatele pot varia, dar \u00eembun\u0103t\u0103\u021birile vizibile pot fi adesea observate dup\u0103 c\u00e2teva s\u0103pt\u0103m\u00e2ni de utilizare regulat\u0103.<\/p>\n\n<h3 class=\"wp-block-heading\"><strong>Concluzie<\/strong><\/h3>\n\n<p>Colagenul este un ingredient cheie pentru \u00eengrijirea eficient\u0103 a pielii \u00eempotriva \u00eemb\u0103tr\u00e2nirii.\nDatorit\u0103 capacit\u0103\u021bii sale de a promova elasticitatea pielii \u0219i de a reduce ridurile, acesta poate contribui semnificativ la men\u021binerea unui aspect tineresc al pielii.\nUtilizarea regulat\u0103, combinat\u0103 cu alte ingrediente pentru \u00eengrijirea pielii, poate \u00eembun\u0103t\u0103\u021bi semnificativ s\u0103n\u0103tatea \u0219i aspectul pielii.  <\/p>\n","protected":false},"excerpt":{"rendered":"<p>Colagenul \u00een \u00eengrijirea pielii Ce este colagenul? Colagenul este o protein\u0103 esen\u021bial\u0103 care este responsabil\u0103 de structura, fermitatea \u0219i elasticitatea pielii. Pe m\u0103sur\u0103 ce \u00eemb\u0103tr\u00e2nim, produc\u021bia natural\u0103 de colagen scade, duc\u00e2nd la apari\u021bia ridurilor \u0219i la l\u0103sarea pielii. Colagenul din produsele de \u00eengrijire a pielii urm\u0103re\u0219te s\u0103 \u00eencetineasc\u0103 acest proces \u0219i s\u0103 \u00eembun\u0103t\u0103\u021beasc\u0103 structura pielii. &#8230; <a title=\"Colagenul \u00een produsele de \u00eengrijire a pielii: Cheia pentru o piele t\u00e2n\u0103r\u0103\" class=\"read-more\" href=\"https:\/\/thedermacheck.com\/ro\/colagenul-in-produsele-de-ingrijire-a-pielii-cheia-pentru-o-piele-tanara\/\" aria-label=\"Cite\u0219te mai multe despre Colagenul \u00een produsele de \u00eengrijire a pielii: Cheia pentru o piele t\u00e2n\u0103r\u0103\">Mehr erfahren<\/a><\/p>\n","protected":false},"author":2,"featured_media":0,"parent":0,"menu_order":0,"comment_status":"closed","ping_status":"closed","template":"","meta":{"_acf_changed":false,"_lmt_disableupdate":"","_lmt_disable":"","footnotes":""},"categories":[89],"tags":[],"class_list":{"0":"post-8742","1":"page","2":"type-page","3":"status-publish","5":"category-ingrediente"},"acf":[],"yoast_head":"<!-- This site is optimized with the Yoast SEO Premium plugin v25.7.1 (Yoast SEO v25.7) - https:\/\/yoast.com\/wordpress\/plugins\/seo\/ -->\n<title>Colagenul \u00een produsele de \u00eengrijire a pielii: Cheia pentru o piele t\u00e2n\u0103r\u0103 | The Derma Check<\/title>\n<meta name=\"robots\" content=\"index, follow, max-snippet:-1, max-image-preview:large, max-video-preview:-1\" \/>\n<link rel=\"canonical\" href=\"https:\/\/thedermacheck.com\/ro\/colagenul-in-produsele-de-ingrijire-a-pielii-cheia-pentru-o-piele-tanara\/\" \/>\n<meta property=\"og:locale\" content=\"ro_RO\" \/>\n<meta property=\"og:type\" content=\"article\" \/>\n<meta property=\"og:title\" content=\"Colagenul \u00een produsele de \u00eengrijire a pielii: Cheia pentru o piele t\u00e2n\u0103r\u0103\" \/>\n<meta property=\"og:description\" content=\"Colagenul \u00een \u00eengrijirea pielii Ce este colagenul? Colagenul este o protein\u0103 esen\u021bial\u0103 care este responsabil\u0103 de structura, fermitatea \u0219i elasticitatea pielii. Pe m\u0103sur\u0103 ce \u00eemb\u0103tr\u00e2nim, produc\u021bia natural\u0103 de colagen scade, duc\u00e2nd la apari\u021bia ridurilor \u0219i la l\u0103sarea pielii. Colagenul din produsele de \u00eengrijire a pielii urm\u0103re\u0219te s\u0103 \u00eencetineasc\u0103 acest proces \u0219i s\u0103 \u00eembun\u0103t\u0103\u021beasc\u0103 structura pielii. ... Mehr erfahren\" \/>\n<meta property=\"og:url\" content=\"https:\/\/thedermacheck.com\/ro\/colagenul-in-produsele-de-ingrijire-a-pielii-cheia-pentru-o-piele-tanara\/\" \/>\n<meta property=\"og:site_name\" content=\"The Derma Check\" \/>\n<meta property=\"article:modified_time\" content=\"2024-09-04T14:53:34+00:00\" \/>\n<meta name=\"twitter:card\" content=\"summary_large_image\" \/>\n<meta name=\"twitter:label1\" content=\"Timp estimat pentru citire\" \/>\n\t<meta name=\"twitter:data1\" content=\"2 minute\" \/>\n<script type=\"application\/ld+json\" class=\"yoast-schema-graph\">{\"@context\":\"https:\/\/schema.org\",\"@graph\":[{\"@type\":\"WebPage\",\"@id\":\"https:\/\/thedermacheck.com\/ro\/colagenul-in-produsele-de-ingrijire-a-pielii-cheia-pentru-o-piele-tanara\/\",\"url\":\"https:\/\/thedermacheck.com\/ro\/colagenul-in-produsele-de-ingrijire-a-pielii-cheia-pentru-o-piele-tanara\/\",\"name\":\"Colagenul \u00een produsele de \u00eengrijire a pielii: Cheia pentru o piele t\u00e2n\u0103r\u0103 | The Derma Check\",\"isPartOf\":{\"@id\":\"https:\/\/thedermacheck.com\/ro\/#website\"},\"datePublished\":\"2023-12-16T21:04:58+00:00\",\"dateModified\":\"2024-09-04T14:53:34+00:00\",\"breadcrumb\":{\"@id\":\"https:\/\/thedermacheck.com\/ro\/colagenul-in-produsele-de-ingrijire-a-pielii-cheia-pentru-o-piele-tanara\/#breadcrumb\"},\"inLanguage\":\"ro-RO\",\"potentialAction\":[{\"@type\":\"ReadAction\",\"target\":[\"https:\/\/thedermacheck.com\/ro\/colagenul-in-produsele-de-ingrijire-a-pielii-cheia-pentru-o-piele-tanara\/\"]}]},{\"@type\":\"BreadcrumbList\",\"@id\":\"https:\/\/thedermacheck.com\/ro\/colagenul-in-produsele-de-ingrijire-a-pielii-cheia-pentru-o-piele-tanara\/#breadcrumb\",\"itemListElement\":[{\"@type\":\"ListItem\",\"position\":1,\"name\":\"Derma Check\",\"item\":\"https:\/\/thedermacheck.com\/ro\/\"},{\"@type\":\"ListItem\",\"position\":2,\"name\":\"Colagenul \u00een produsele de \u00eengrijire a pielii: Cheia pentru o piele t\u00e2n\u0103r\u0103\"}]},{\"@type\":\"WebSite\",\"@id\":\"https:\/\/thedermacheck.com\/ro\/#website\",\"url\":\"https:\/\/thedermacheck.com\/ro\/\",\"name\":\"The Derma Check\",\"description\":\"\",\"publisher\":{\"@id\":\"https:\/\/thedermacheck.com\/ro\/#organization\"},\"potentialAction\":[{\"@type\":\"SearchAction\",\"target\":{\"@type\":\"EntryPoint\",\"urlTemplate\":\"https:\/\/thedermacheck.com\/ro\/?s={search_term_string}\"},\"query-input\":{\"@type\":\"PropertyValueSpecification\",\"valueRequired\":true,\"valueName\":\"search_term_string\"}}],\"inLanguage\":\"ro-RO\"},{\"@type\":\"Organization\",\"@id\":\"https:\/\/thedermacheck.com\/ro\/#organization\",\"name\":\"The Derma Check\",\"url\":\"https:\/\/thedermacheck.com\/ro\/\",\"logo\":{\"@type\":\"ImageObject\",\"inLanguage\":\"ro-RO\",\"@id\":\"https:\/\/thedermacheck.com\/ro\/#\/schema\/logo\/image\/\",\"url\":\"https:\/\/thedermacheck.com\/wp-content\/uploads\/2023\/10\/cropped-THE-DERMA-CHECK-FAVICON-NEW-1.png\",\"contentUrl\":\"https:\/\/thedermacheck.com\/wp-content\/uploads\/2023\/10\/cropped-THE-DERMA-CHECK-FAVICON-NEW-1.png\",\"width\":512,\"height\":512,\"caption\":\"The Derma Check\"},\"image\":{\"@id\":\"https:\/\/thedermacheck.com\/ro\/#\/schema\/logo\/image\/\"}}]}<\/script>\n<!-- \/ Yoast SEO Premium plugin. -->","yoast_head_json":{"title":"Colagenul \u00een produsele de \u00eengrijire a pielii: Cheia pentru o piele t\u00e2n\u0103r\u0103 | The Derma Check","robots":{"index":"index","follow":"follow","max-snippet":"max-snippet:-1","max-image-preview":"max-image-preview:large","max-video-preview":"max-video-preview:-1"},"canonical":"https:\/\/thedermacheck.com\/ro\/colagenul-in-produsele-de-ingrijire-a-pielii-cheia-pentru-o-piele-tanara\/","og_locale":"ro_RO","og_type":"article","og_title":"Colagenul \u00een produsele de \u00eengrijire a pielii: Cheia pentru o piele t\u00e2n\u0103r\u0103","og_description":"Colagenul \u00een \u00eengrijirea pielii Ce este colagenul? Colagenul este o protein\u0103 esen\u021bial\u0103 care este responsabil\u0103 de structura, fermitatea \u0219i elasticitatea pielii. Pe m\u0103sur\u0103 ce \u00eemb\u0103tr\u00e2nim, produc\u021bia natural\u0103 de colagen scade, duc\u00e2nd la apari\u021bia ridurilor \u0219i la l\u0103sarea pielii. Colagenul din produsele de \u00eengrijire a pielii urm\u0103re\u0219te s\u0103 \u00eencetineasc\u0103 acest proces \u0219i s\u0103 \u00eembun\u0103t\u0103\u021beasc\u0103 structura pielii. ... Mehr erfahren","og_url":"https:\/\/thedermacheck.com\/ro\/colagenul-in-produsele-de-ingrijire-a-pielii-cheia-pentru-o-piele-tanara\/","og_site_name":"The Derma Check","article_modified_time":"2024-09-04T14:53:34+00:00","twitter_card":"summary_large_image","twitter_misc":{"Timp estimat pentru citire":"2 minute"},"schema":{"@context":"https:\/\/schema.org","@graph":[{"@type":"WebPage","@id":"https:\/\/thedermacheck.com\/ro\/colagenul-in-produsele-de-ingrijire-a-pielii-cheia-pentru-o-piele-tanara\/","url":"https:\/\/thedermacheck.com\/ro\/colagenul-in-produsele-de-ingrijire-a-pielii-cheia-pentru-o-piele-tanara\/","name":"Colagenul \u00een produsele de \u00eengrijire a pielii: Cheia pentru o piele t\u00e2n\u0103r\u0103 | The Derma Check","isPartOf":{"@id":"https:\/\/thedermacheck.com\/ro\/#website"},"datePublished":"2023-12-16T21:04:58+00:00","dateModified":"2024-09-04T14:53:34+00:00","breadcrumb":{"@id":"https:\/\/thedermacheck.com\/ro\/colagenul-in-produsele-de-ingrijire-a-pielii-cheia-pentru-o-piele-tanara\/#breadcrumb"},"inLanguage":"ro-RO","potentialAction":[{"@type":"ReadAction","target":["https:\/\/thedermacheck.com\/ro\/colagenul-in-produsele-de-ingrijire-a-pielii-cheia-pentru-o-piele-tanara\/"]}]},{"@type":"BreadcrumbList","@id":"https:\/\/thedermacheck.com\/ro\/colagenul-in-produsele-de-ingrijire-a-pielii-cheia-pentru-o-piele-tanara\/#breadcrumb","itemListElement":[{"@type":"ListItem","position":1,"name":"Derma Check","item":"https:\/\/thedermacheck.com\/ro\/"},{"@type":"ListItem","position":2,"name":"Colagenul \u00een produsele de \u00eengrijire a pielii: Cheia pentru o piele t\u00e2n\u0103r\u0103"}]},{"@type":"WebSite","@id":"https:\/\/thedermacheck.com\/ro\/#website","url":"https:\/\/thedermacheck.com\/ro\/","name":"The Derma Check","description":"","publisher":{"@id":"https:\/\/thedermacheck.com\/ro\/#organization"},"potentialAction":[{"@type":"SearchAction","target":{"@type":"EntryPoint","urlTemplate":"https:\/\/thedermacheck.com\/ro\/?s={search_term_string}"},"query-input":{"@type":"PropertyValueSpecification","valueRequired":true,"valueName":"search_term_string"}}],"inLanguage":"ro-RO"},{"@type":"Organization","@id":"https:\/\/thedermacheck.com\/ro\/#organization","name":"The Derma Check","url":"https:\/\/thedermacheck.com\/ro\/","logo":{"@type":"ImageObject","inLanguage":"ro-RO","@id":"https:\/\/thedermacheck.com\/ro\/#\/schema\/logo\/image\/","url":"https:\/\/thedermacheck.com\/wp-content\/uploads\/2023\/10\/cropped-THE-DERMA-CHECK-FAVICON-NEW-1.png","contentUrl":"https:\/\/thedermacheck.com\/wp-content\/uploads\/2023\/10\/cropped-THE-DERMA-CHECK-FAVICON-NEW-1.png","width":512,"height":512,"caption":"The Derma Check"},"image":{"@id":"https:\/\/thedermacheck.com\/ro\/#\/schema\/logo\/image\/"}}]}},"_links":{"self":[{"href":"https:\/\/thedermacheck.com\/ro\/wp-json\/wp\/v2\/pages\/8742","targetHints":{"allow":["GET"]}}],"collection":[{"href":"https:\/\/thedermacheck.com\/ro\/wp-json\/wp\/v2\/pages"}],"about":[{"href":"https:\/\/thedermacheck.com\/ro\/wp-json\/wp\/v2\/types\/page"}],"author":[{"embeddable":true,"href":"https:\/\/thedermacheck.com\/ro\/wp-json\/wp\/v2\/users\/2"}],"replies":[{"embeddable":true,"href":"https:\/\/thedermacheck.com\/ro\/wp-json\/wp\/v2\/comments?post=8742"}],"version-history":[{"count":1,"href":"https:\/\/thedermacheck.com\/ro\/wp-json\/wp\/v2\/pages\/8742\/revisions"}],"predecessor-version":[{"id":8743,"href":"https:\/\/thedermacheck.com\/ro\/wp-json\/wp\/v2\/pages\/8742\/revisions\/8743"}],"wp:attachment":[{"href":"https:\/\/thedermacheck.com\/ro\/wp-json\/wp\/v2\/media?parent=8742"}],"wp:term":[{"taxonomy":"category","embeddable":true,"href":"https:\/\/thedermacheck.com\/ro\/wp-json\/wp\/v2\/categories?post=8742"},{"taxonomy":"post_tag","embeddable":true,"href":"https:\/\/thedermacheck.com\/ro\/wp-json\/wp\/v2\/tags?post=8742"}],"curies":[{"name":"wp","href":"https:\/\/api.w.org\/{rel}","templated":true}]}}