{"id":8768,"date":"2023-12-19T14:49:41","date_gmt":"2023-12-19T14:49:41","guid":{"rendered":"https:\/\/thedermacheck.com\/quercetina-in-ingrijirea-pielii-un-scut-protector-puternic-pentru-pielea-ta\/"},"modified":"2024-09-04T14:53:58","modified_gmt":"2024-09-04T14:53:58","slug":"quercetina-in-ingrijirea-pielii-un-scut-protector-puternic-pentru-pielea-ta","status":"publish","type":"page","link":"https:\/\/thedermacheck.com\/ro\/quercetina-in-ingrijirea-pielii-un-scut-protector-puternic-pentru-pielea-ta\/","title":{"rendered":"Quercetina \u00een \u00eengrijirea pielii: un scut protector puternic pentru pielea ta"},"content":{"rendered":"\n<p><strong>QUERCETINA \u00ceN \u00ceNGRIJIREA PIELII<\/strong><\/p>\n\n<ul class=\"wp-block-list\">\n<li><strong>Tip de ingredient<\/strong>: flavonoid, antioxidant<\/li>\n\n\n\n<li><strong>Principalele beneficii<\/strong>: protejeaz\u0103 \u00eempotriva daunelor produse de mediu, are un efect antiinflamator, \u00eencetine\u0219te procesele de \u00eemb\u0103tr\u00e2nire a pielii<\/li>\n\n\n\n<li><strong>Ideal pentru<\/strong>: Toate tipurile de piele, \u00een special pentru pielea iritat\u0103 \u0219i \u00eemb\u0103tr\u00e2nit\u0103<\/li>\n\n\n\n<li><strong>Frecven\u021ba de utilizare<\/strong>: \u00cen conformitate cu instruc\u021biunile produsului, adesea zilnic<\/li>\n\n\n\n<li><strong>Se combin\u0103 bine cu<\/strong>: Al\u021bi antioxidan\u021bi, creme de protec\u021bie solar\u0103, ingrediente hidratante<\/li>\n\n\n\n<li><strong>A se evita \u00een caz de<\/strong>: Hipersensibilitate la quercetin\u0103<\/li>\n<\/ul>\n\n<h2 class=\"wp-block-heading\">Introducere: Ce este quercetina?<\/h2>\n\n<p>Quercetina este un flavonoid \u0219i antioxidant puternic care se g\u0103se\u0219te \u00een mod natural \u00een multe fructe \u0219i legume, cum ar fi merele, ceapa \u0219i strugurii.\n\u00cen \u00eengrijirea pielii, quercetina este apreciat\u0103 pentru propriet\u0103\u021bile sale antioxidante \u0219i antiinflamatorii. <\/p>\n\n<h3 class=\"wp-block-heading\">Beneficiile quercetinei pentru piele<\/h3>\n\n<h4 class=\"wp-block-heading\">Protec\u021bia \u00eempotriva daunelor aduse mediului<\/h4>\n\n<p>Quercetina ajut\u0103 la protejarea pielii \u00eempotriva daunelor cauzate de radicalii liberi \u0219i de stresul mediului, care pot provoca \u00eemb\u0103tr\u00e2nirea prematur\u0103.<\/p>\n\n<h4 class=\"wp-block-heading\">Efect antiinflamator<\/h4>\n\n<p>Are un efect antiinflamator \u0219i poate ajuta \u00een cazul problemelor de piele precum rozaceea, eczema \u0219i acneea.<\/p>\n\n<h4 class=\"wp-block-heading\">\u00cencetinirea \u00eemb\u0103tr\u00e2nirii pielii<\/h4>\n\n<p>Quercetina ajut\u0103 pielea s\u0103 fac\u0103 fa\u021b\u0103 stresului oxidativ \u0219i, prin urmare, poate \u00eencetini procesul de \u00eemb\u0103tr\u00e2nire a pielii.<\/p>\n\n<h3 class=\"wp-block-heading\">Posibile efecte secundare<\/h3>\n\n<p>Quercetina este \u00een general bine tolerat\u0103, dar poate provoca irita\u021bii ale pielii la persoanele cu hipersensibilitate.<\/p>\n\n<h2 class=\"wp-block-heading\">Utilizarea quercetinei \u00een \u00eengrijirea pielii<\/h2>\n\n<h3 class=\"wp-block-heading\">Aplicarea corect\u0103<\/h3>\n\n<ul class=\"wp-block-list\">\n<li><strong>Utiliza\u021bi \u00een mod regulat<\/strong>: Pentru rezultate optime, un produs care con\u021bine quercetin\u0103 trebuie utilizat \u00een mod regulat.<\/li>\n\n\n\n<li><strong>Combina\u021bie cu crem\u0103 hidratant\u0103<\/strong>: Quercetina poate spori efectul cremelor hidratante \u0219i, prin urmare, este o completare bun\u0103.<\/li>\n<\/ul>\n\n<h3 class=\"wp-block-heading\">Cum s\u0103 nu o utiliza\u021bi<\/h3>\n\n<ul class=\"wp-block-list\">\n<li><strong>Aten\u021bie la alergii<\/strong>: Nu utiliza\u021bi dac\u0103 sunte\u021bi cunoscut ca fiind hipersensibil la quercetin\u0103.<\/li>\n<\/ul>\n\n<h2 class=\"wp-block-heading\">\u00ceNTREB\u0102RI FRECVENTE<\/h2>\n\n<p><strong>1. Este quercetina potrivit\u0103 pentru toate tipurile de piele?<\/strong>  Da, quercetina este potrivit\u0103 pentru toate tipurile de piele, dar mai ales pentru pielea care prezint\u0103 semne de \u00eemb\u0103tr\u00e2nire sau inflama\u021bie.<\/p>\n\n<p><strong>2. quercetina poate trata acneea?<\/strong>  Quercetina poate avea un efect de sus\u021binere \u00een tratamentul acneei datorit\u0103 propriet\u0103\u021bilor sale antiinflamatorii.<\/p>\n\n<p><strong>3. C\u00e2t de repede pot fi a\u0219teptate rezultatele?<\/strong>  Efectul quercetinei poate varia de la o persoan\u0103 la alta, dar mul\u021bi utilizatori raporteaz\u0103 o \u00eembun\u0103t\u0103\u021bire a aspectului pielii dup\u0103 utilizarea regulat\u0103 pe parcursul mai multor s\u0103pt\u0103m\u00e2ni.<\/p>\n\n<h2 class=\"wp-block-heading\">Concluzie<\/h2>\n\n<p>Quercetina este un ingredient promi\u021b\u0103tor pentru \u00eengrijirea pielii, care ofer\u0103 protec\u021bie eficient\u0103 \u00eempotriva \u00eemb\u0103tr\u00e2nirii pielii \u0219i a daunelor cauzate de mediu, datorit\u0103 propriet\u0103\u021bilor sale antioxidante \u0219i antiinflamatorii.\nUtilizarea regulat\u0103 a unui produs care con\u021bine quercetin\u0103 poate contribui la o piele mai s\u0103n\u0103toas\u0103, mai rezistent\u0103 \u0219i cu un aspect mai t\u00e2n\u0103r.\nInclude\u021bi quercetina \u00een rutina dvs. de \u00eengrijire a pielii pentru a profita de numeroasele sale beneficii.  <\/p>\n","protected":false},"excerpt":{"rendered":"<p>QUERCETINA \u00ceN \u00ceNGRIJIREA PIELII Introducere: Ce este quercetina? Quercetina este un flavonoid \u0219i antioxidant puternic care se g\u0103se\u0219te \u00een mod natural \u00een multe fructe \u0219i legume, cum ar fi merele, ceapa \u0219i strugurii. \u00cen \u00eengrijirea pielii, quercetina este apreciat\u0103 pentru propriet\u0103\u021bile sale antioxidante \u0219i antiinflamatorii. Beneficiile quercetinei pentru piele Protec\u021bia \u00eempotriva daunelor aduse mediului Quercetina &#8230; <a title=\"Quercetina \u00een \u00eengrijirea pielii: un scut protector puternic pentru pielea ta\" class=\"read-more\" href=\"https:\/\/thedermacheck.com\/ro\/quercetina-in-ingrijirea-pielii-un-scut-protector-puternic-pentru-pielea-ta\/\" aria-label=\"Cite\u0219te mai multe despre Quercetina \u00een \u00eengrijirea pielii: un scut protector puternic pentru pielea ta\">Mehr erfahren<\/a><\/p>\n","protected":false},"author":2,"featured_media":0,"parent":0,"menu_order":0,"comment_status":"closed","ping_status":"closed","template":"","meta":{"_acf_changed":false,"_lmt_disableupdate":"","_lmt_disable":"","footnotes":""},"categories":[89],"tags":[],"class_list":{"0":"post-8768","1":"page","2":"type-page","3":"status-publish","5":"category-ingrediente"},"acf":[],"yoast_head":"<!-- This site is optimized with the Yoast SEO Premium plugin v25.7.1 (Yoast SEO v25.7) - https:\/\/yoast.com\/wordpress\/plugins\/seo\/ -->\n<title>Quercetina \u00een \u00eengrijirea pielii: un scut protector puternic pentru pielea ta | The Derma Check<\/title>\n<meta name=\"robots\" content=\"index, follow, max-snippet:-1, max-image-preview:large, max-video-preview:-1\" \/>\n<link rel=\"canonical\" href=\"https:\/\/thedermacheck.com\/ro\/quercetina-in-ingrijirea-pielii-un-scut-protector-puternic-pentru-pielea-ta\/\" \/>\n<meta property=\"og:locale\" content=\"ro_RO\" \/>\n<meta property=\"og:type\" content=\"article\" \/>\n<meta property=\"og:title\" content=\"Quercetina \u00een \u00eengrijirea pielii: un scut protector puternic pentru pielea ta\" \/>\n<meta property=\"og:description\" content=\"QUERCETINA \u00ceN \u00ceNGRIJIREA PIELII Introducere: Ce este quercetina? Quercetina este un flavonoid \u0219i antioxidant puternic care se g\u0103se\u0219te \u00een mod natural \u00een multe fructe \u0219i legume, cum ar fi merele, ceapa \u0219i strugurii. \u00cen \u00eengrijirea pielii, quercetina este apreciat\u0103 pentru propriet\u0103\u021bile sale antioxidante \u0219i antiinflamatorii. Beneficiile quercetinei pentru piele Protec\u021bia \u00eempotriva daunelor aduse mediului Quercetina ... Mehr erfahren\" \/>\n<meta property=\"og:url\" content=\"https:\/\/thedermacheck.com\/ro\/quercetina-in-ingrijirea-pielii-un-scut-protector-puternic-pentru-pielea-ta\/\" \/>\n<meta property=\"og:site_name\" content=\"The Derma Check\" \/>\n<meta property=\"article:modified_time\" content=\"2024-09-04T14:53:58+00:00\" \/>\n<meta name=\"twitter:card\" content=\"summary_large_image\" \/>\n<meta name=\"twitter:label1\" content=\"Timp estimat pentru citire\" \/>\n\t<meta name=\"twitter:data1\" content=\"2 minute\" \/>\n<script type=\"application\/ld+json\" class=\"yoast-schema-graph\">{\"@context\":\"https:\/\/schema.org\",\"@graph\":[{\"@type\":\"WebPage\",\"@id\":\"https:\/\/thedermacheck.com\/ro\/quercetina-in-ingrijirea-pielii-un-scut-protector-puternic-pentru-pielea-ta\/\",\"url\":\"https:\/\/thedermacheck.com\/ro\/quercetina-in-ingrijirea-pielii-un-scut-protector-puternic-pentru-pielea-ta\/\",\"name\":\"Quercetina \u00een \u00eengrijirea pielii: un scut protector puternic pentru pielea ta | The Derma Check\",\"isPartOf\":{\"@id\":\"https:\/\/thedermacheck.com\/ro\/#website\"},\"datePublished\":\"2023-12-19T14:49:41+00:00\",\"dateModified\":\"2024-09-04T14:53:58+00:00\",\"breadcrumb\":{\"@id\":\"https:\/\/thedermacheck.com\/ro\/quercetina-in-ingrijirea-pielii-un-scut-protector-puternic-pentru-pielea-ta\/#breadcrumb\"},\"inLanguage\":\"ro-RO\",\"potentialAction\":[{\"@type\":\"ReadAction\",\"target\":[\"https:\/\/thedermacheck.com\/ro\/quercetina-in-ingrijirea-pielii-un-scut-protector-puternic-pentru-pielea-ta\/\"]}]},{\"@type\":\"BreadcrumbList\",\"@id\":\"https:\/\/thedermacheck.com\/ro\/quercetina-in-ingrijirea-pielii-un-scut-protector-puternic-pentru-pielea-ta\/#breadcrumb\",\"itemListElement\":[{\"@type\":\"ListItem\",\"position\":1,\"name\":\"Derma Check\",\"item\":\"https:\/\/thedermacheck.com\/ro\/\"},{\"@type\":\"ListItem\",\"position\":2,\"name\":\"Quercetina \u00een \u00eengrijirea pielii: un scut protector puternic pentru pielea ta\"}]},{\"@type\":\"WebSite\",\"@id\":\"https:\/\/thedermacheck.com\/ro\/#website\",\"url\":\"https:\/\/thedermacheck.com\/ro\/\",\"name\":\"The Derma Check\",\"description\":\"\",\"publisher\":{\"@id\":\"https:\/\/thedermacheck.com\/ro\/#organization\"},\"potentialAction\":[{\"@type\":\"SearchAction\",\"target\":{\"@type\":\"EntryPoint\",\"urlTemplate\":\"https:\/\/thedermacheck.com\/ro\/?s={search_term_string}\"},\"query-input\":{\"@type\":\"PropertyValueSpecification\",\"valueRequired\":true,\"valueName\":\"search_term_string\"}}],\"inLanguage\":\"ro-RO\"},{\"@type\":\"Organization\",\"@id\":\"https:\/\/thedermacheck.com\/ro\/#organization\",\"name\":\"The Derma Check\",\"url\":\"https:\/\/thedermacheck.com\/ro\/\",\"logo\":{\"@type\":\"ImageObject\",\"inLanguage\":\"ro-RO\",\"@id\":\"https:\/\/thedermacheck.com\/ro\/#\/schema\/logo\/image\/\",\"url\":\"https:\/\/thedermacheck.com\/wp-content\/uploads\/2023\/10\/cropped-THE-DERMA-CHECK-FAVICON-NEW-1.png\",\"contentUrl\":\"https:\/\/thedermacheck.com\/wp-content\/uploads\/2023\/10\/cropped-THE-DERMA-CHECK-FAVICON-NEW-1.png\",\"width\":512,\"height\":512,\"caption\":\"The Derma Check\"},\"image\":{\"@id\":\"https:\/\/thedermacheck.com\/ro\/#\/schema\/logo\/image\/\"}}]}<\/script>\n<!-- \/ Yoast SEO Premium plugin. -->","yoast_head_json":{"title":"Quercetina \u00een \u00eengrijirea pielii: un scut protector puternic pentru pielea ta | The Derma Check","robots":{"index":"index","follow":"follow","max-snippet":"max-snippet:-1","max-image-preview":"max-image-preview:large","max-video-preview":"max-video-preview:-1"},"canonical":"https:\/\/thedermacheck.com\/ro\/quercetina-in-ingrijirea-pielii-un-scut-protector-puternic-pentru-pielea-ta\/","og_locale":"ro_RO","og_type":"article","og_title":"Quercetina \u00een \u00eengrijirea pielii: un scut protector puternic pentru pielea ta","og_description":"QUERCETINA \u00ceN \u00ceNGRIJIREA PIELII Introducere: Ce este quercetina? Quercetina este un flavonoid \u0219i antioxidant puternic care se g\u0103se\u0219te \u00een mod natural \u00een multe fructe \u0219i legume, cum ar fi merele, ceapa \u0219i strugurii. \u00cen \u00eengrijirea pielii, quercetina este apreciat\u0103 pentru propriet\u0103\u021bile sale antioxidante \u0219i antiinflamatorii. Beneficiile quercetinei pentru piele Protec\u021bia \u00eempotriva daunelor aduse mediului Quercetina ... Mehr erfahren","og_url":"https:\/\/thedermacheck.com\/ro\/quercetina-in-ingrijirea-pielii-un-scut-protector-puternic-pentru-pielea-ta\/","og_site_name":"The Derma Check","article_modified_time":"2024-09-04T14:53:58+00:00","twitter_card":"summary_large_image","twitter_misc":{"Timp estimat pentru citire":"2 minute"},"schema":{"@context":"https:\/\/schema.org","@graph":[{"@type":"WebPage","@id":"https:\/\/thedermacheck.com\/ro\/quercetina-in-ingrijirea-pielii-un-scut-protector-puternic-pentru-pielea-ta\/","url":"https:\/\/thedermacheck.com\/ro\/quercetina-in-ingrijirea-pielii-un-scut-protector-puternic-pentru-pielea-ta\/","name":"Quercetina \u00een \u00eengrijirea pielii: un scut protector puternic pentru pielea ta | The Derma Check","isPartOf":{"@id":"https:\/\/thedermacheck.com\/ro\/#website"},"datePublished":"2023-12-19T14:49:41+00:00","dateModified":"2024-09-04T14:53:58+00:00","breadcrumb":{"@id":"https:\/\/thedermacheck.com\/ro\/quercetina-in-ingrijirea-pielii-un-scut-protector-puternic-pentru-pielea-ta\/#breadcrumb"},"inLanguage":"ro-RO","potentialAction":[{"@type":"ReadAction","target":["https:\/\/thedermacheck.com\/ro\/quercetina-in-ingrijirea-pielii-un-scut-protector-puternic-pentru-pielea-ta\/"]}]},{"@type":"BreadcrumbList","@id":"https:\/\/thedermacheck.com\/ro\/quercetina-in-ingrijirea-pielii-un-scut-protector-puternic-pentru-pielea-ta\/#breadcrumb","itemListElement":[{"@type":"ListItem","position":1,"name":"Derma Check","item":"https:\/\/thedermacheck.com\/ro\/"},{"@type":"ListItem","position":2,"name":"Quercetina \u00een \u00eengrijirea pielii: un scut protector puternic pentru pielea ta"}]},{"@type":"WebSite","@id":"https:\/\/thedermacheck.com\/ro\/#website","url":"https:\/\/thedermacheck.com\/ro\/","name":"The Derma Check","description":"","publisher":{"@id":"https:\/\/thedermacheck.com\/ro\/#organization"},"potentialAction":[{"@type":"SearchAction","target":{"@type":"EntryPoint","urlTemplate":"https:\/\/thedermacheck.com\/ro\/?s={search_term_string}"},"query-input":{"@type":"PropertyValueSpecification","valueRequired":true,"valueName":"search_term_string"}}],"inLanguage":"ro-RO"},{"@type":"Organization","@id":"https:\/\/thedermacheck.com\/ro\/#organization","name":"The Derma Check","url":"https:\/\/thedermacheck.com\/ro\/","logo":{"@type":"ImageObject","inLanguage":"ro-RO","@id":"https:\/\/thedermacheck.com\/ro\/#\/schema\/logo\/image\/","url":"https:\/\/thedermacheck.com\/wp-content\/uploads\/2023\/10\/cropped-THE-DERMA-CHECK-FAVICON-NEW-1.png","contentUrl":"https:\/\/thedermacheck.com\/wp-content\/uploads\/2023\/10\/cropped-THE-DERMA-CHECK-FAVICON-NEW-1.png","width":512,"height":512,"caption":"The Derma Check"},"image":{"@id":"https:\/\/thedermacheck.com\/ro\/#\/schema\/logo\/image\/"}}]}},"_links":{"self":[{"href":"https:\/\/thedermacheck.com\/ro\/wp-json\/wp\/v2\/pages\/8768","targetHints":{"allow":["GET"]}}],"collection":[{"href":"https:\/\/thedermacheck.com\/ro\/wp-json\/wp\/v2\/pages"}],"about":[{"href":"https:\/\/thedermacheck.com\/ro\/wp-json\/wp\/v2\/types\/page"}],"author":[{"embeddable":true,"href":"https:\/\/thedermacheck.com\/ro\/wp-json\/wp\/v2\/users\/2"}],"replies":[{"embeddable":true,"href":"https:\/\/thedermacheck.com\/ro\/wp-json\/wp\/v2\/comments?post=8768"}],"version-history":[{"count":1,"href":"https:\/\/thedermacheck.com\/ro\/wp-json\/wp\/v2\/pages\/8768\/revisions"}],"predecessor-version":[{"id":8769,"href":"https:\/\/thedermacheck.com\/ro\/wp-json\/wp\/v2\/pages\/8768\/revisions\/8769"}],"wp:attachment":[{"href":"https:\/\/thedermacheck.com\/ro\/wp-json\/wp\/v2\/media?parent=8768"}],"wp:term":[{"taxonomy":"category","embeddable":true,"href":"https:\/\/thedermacheck.com\/ro\/wp-json\/wp\/v2\/categories?post=8768"},{"taxonomy":"post_tag","embeddable":true,"href":"https:\/\/thedermacheck.com\/ro\/wp-json\/wp\/v2\/tags?post=8768"}],"curies":[{"name":"wp","href":"https:\/\/api.w.org\/{rel}","templated":true}]}}