{"id":8780,"date":"2023-12-19T14:28:51","date_gmt":"2023-12-19T14:28:51","guid":{"rendered":"https:\/\/thedermacheck.com\/propilenglicolul-in-produsele-de-ingrijire-a-pielii-un-hidratant-versatil\/"},"modified":"2024-09-04T14:54:05","modified_gmt":"2024-09-04T14:54:05","slug":"propilenglicolul-in-produsele-de-ingrijire-a-pielii-un-hidratant-versatil","status":"publish","type":"page","link":"https:\/\/thedermacheck.com\/ro\/propilenglicolul-in-produsele-de-ingrijire-a-pielii-un-hidratant-versatil\/","title":{"rendered":"Propilenglicolul \u00een produsele de \u00eengrijire a pielii: Un hidratant versatil"},"content":{"rendered":"\n<p><strong>Propilenglicol \u00een \u00eengrijirea pielii<\/strong><\/p>\n\n<ul class=\"wp-block-list\">\n<li><strong>Tip de ingredient:<\/strong> Humectant \u0219i solvent<\/li>\n\n\n\n<li><strong>Principalele beneficii:<\/strong> Hidratare, cre\u0219te absorb\u021bia altor ingrediente<\/li>\n\n\n\n<li><strong>Ideal pentru:<\/strong> Produse hidratante, potrivite pentru majoritatea tipurilor de piele<\/li>\n\n\n\n<li><strong>Frecven\u021ba de utilizare:<\/strong> \u00cen func\u021bie de formula produsului<\/li>\n\n\n\n<li><strong>Combina\u021bie cu:<\/strong> Multe alte ingrediente pentru \u00eengrijirea pielii<\/li>\n\n\n\n<li><strong>A nu se utiliza cu:<\/strong> Aten\u021bie la pielea sensibil\u0103 sau predispus\u0103 la alergii<\/li>\n<\/ul>\n\n<hr class=\"wp-block-separator has-alpha-channel-opacity\"\/>\n\n<h3 class=\"wp-block-heading\"><strong>Ce este propilenglicolul?<\/strong><\/h3>\n\n<p>Propilenglicolul este un derivat alcoolic organic care este utilizat \u00een multe produse de \u00eengrijire a pielii ca hidratant \u0219i solvent.\nAjut\u0103 la fixarea umidit\u0103\u021bii \u00een piele \u0219i la \u00eembun\u0103t\u0103\u021birea absorb\u021biei altor componente de \u00eengrijire a pielii. <\/p>\n\n<h3 class=\"wp-block-heading\"><strong>Beneficiile propilenglicolului pentru piele<\/strong><\/h3>\n\n<ul class=\"wp-block-list\">\n<li><strong>Hidratare:<\/strong> Promoveaz\u0103 reten\u021bia de umiditate \u00een piele \u0219i o las\u0103 neted\u0103 \u0219i hidratat\u0103.<\/li>\n\n\n\n<li><strong>Suport pentru alte ingrediente:<\/strong> \u00cembun\u0103t\u0103\u021be\u0219te absorb\u021bia altor ingrediente active de c\u0103tre piele, f\u0103c\u00e2ndu-le mai eficiente<strong>.<\/strong> <\/li>\n<\/ul>\n\n<h3 class=\"wp-block-heading\"><strong>Posibile efecte secundare<\/strong><\/h3>\n\n<ul class=\"wp-block-list\">\n<li><strong>Iritarea pielii:<\/strong> Propilenglicolul poate provoca irita\u021bii ale pielii sau reac\u021bii alergice la unele persoane.<\/li>\n\n\n\n<li><strong>Usuc\u0103 pielea:<\/strong> Dac\u0103 este folosit excesiv, poate usca pielea.<\/li>\n<\/ul>\n\n<h3 class=\"wp-block-heading\"><strong>Recomand\u0103ri de aplicare<\/strong><\/h3>\n\n<ul class=\"wp-block-list\">\n<li><strong>\u00cen combina\u021bie cu cremele hidratante:<\/strong> Propilenglicolul este adesea un ingredient \u00een cremele hidratante \u0219i lo\u021biuni<strong>.<\/strong> <\/li>\n\n\n\n<li><strong>\u00cen func\u021bie de formula produsului:<\/strong> frecven\u021ba \u0219i cantitatea de aplicare depind de recomand\u0103rile produsului respectiv.<\/li>\n<\/ul>\n\n<h3 class=\"wp-block-heading\"><strong>Cum s\u0103 nu o utiliza\u021bi<\/strong><\/h3>\n\n<ul class=\"wp-block-list\">\n<li><strong>A nu se aplica \u00een form\u0103 pur\u0103:<\/strong> Propilenglicolul nu trebuie aplicat pe piele \u00een form\u0103 pur\u0103<strong>.<\/strong> <\/li>\n\n\n\n<li><strong>Precau\u021bie pentru pielea sensibil\u0103:<\/strong> Persoanele cu piele sensibil\u0103 sau predispus\u0103 la alergii trebuie s\u0103 utilizeze cu precau\u021bie produsele care con\u021bin propilenglicol<strong>.<\/strong> <\/li>\n<\/ul>\n\n<h3 class=\"wp-block-heading\"><strong>\u00ceNTREB\u0102RI FRECVENTE<\/strong><\/h3>\n\n<p><strong>1. propilenglicolul este sigur \u00een \u00eengrijirea pielii?<\/strong>  \u00cen majoritatea cazurilor, da, dar persoanele cu piele sensibil\u0103 trebuie s\u0103 fie prudente.<\/p>\n\n<p><strong>2. propilen glicolul poate ajuta la acnee?<\/strong>  Nu are propriet\u0103\u021bi specifice de combatere a acneei, dar poate \u00eembun\u0103t\u0103\u021bi eficacitatea altor ingrediente \u00eempotriva acneei.<\/p>\n\n<p><strong>3. propilen glicolul este potrivit pentru toate tipurile de piele?<\/strong>  Da, dar persoanele cu piele foarte sensibil\u0103 sau predispus\u0103 la alergii trebuie s\u0103 fie atente.<\/p>\n\n<h3 class=\"wp-block-heading\"><strong>Concluzie<\/strong><\/h3>\n\n<p>Propilenglicolul este un ingredient versatil \u00een \u00eengrijirea pielii, apreciat \u00een special pentru propriet\u0103\u021bile sale hidratante \u0219i pentru \u00eembun\u0103t\u0103\u021birea absorb\u021biei altor ingrediente.\nEste potrivit pentru majoritatea tipurilor de piele, de\u0219i cei cu piele sensibil\u0103 sau cu tendin\u021b\u0103 la alergii trebuie s\u0103 fie precau\u021bi.\n\u00cen concentra\u021bia \u0219i aplicarea corecte, propilenglicolul poate fi o parte eficient\u0103 a unei rutine echilibrate de \u00eengrijire a pielii.  <\/p>\n","protected":false},"excerpt":{"rendered":"<p>Propilenglicol \u00een \u00eengrijirea pielii Ce este propilenglicolul? Propilenglicolul este un derivat alcoolic organic care este utilizat \u00een multe produse de \u00eengrijire a pielii ca hidratant \u0219i solvent. Ajut\u0103 la fixarea umidit\u0103\u021bii \u00een piele \u0219i la \u00eembun\u0103t\u0103\u021birea absorb\u021biei altor componente de \u00eengrijire a pielii. Beneficiile propilenglicolului pentru piele Posibile efecte secundare Recomand\u0103ri de aplicare Cum s\u0103 &#8230; <a title=\"Propilenglicolul \u00een produsele de \u00eengrijire a pielii: Un hidratant versatil\" class=\"read-more\" href=\"https:\/\/thedermacheck.com\/ro\/propilenglicolul-in-produsele-de-ingrijire-a-pielii-un-hidratant-versatil\/\" aria-label=\"Cite\u0219te mai multe despre Propilenglicolul \u00een produsele de \u00eengrijire a pielii: Un hidratant versatil\">Mehr erfahren<\/a><\/p>\n","protected":false},"author":2,"featured_media":0,"parent":0,"menu_order":0,"comment_status":"closed","ping_status":"closed","template":"","meta":{"_acf_changed":false,"_lmt_disableupdate":"","_lmt_disable":"","footnotes":""},"categories":[89],"tags":[],"class_list":{"0":"post-8780","1":"page","2":"type-page","3":"status-publish","5":"category-ingrediente"},"acf":[],"yoast_head":"<!-- This site is optimized with the Yoast SEO Premium plugin v25.7.1 (Yoast SEO v25.7) - https:\/\/yoast.com\/wordpress\/plugins\/seo\/ -->\n<title>Propilenglicolul \u00een produsele de \u00eengrijire a pielii: Un hidratant versatil | The Derma Check<\/title>\n<meta name=\"robots\" content=\"index, follow, max-snippet:-1, max-image-preview:large, max-video-preview:-1\" \/>\n<link rel=\"canonical\" href=\"https:\/\/thedermacheck.com\/ro\/propilenglicolul-in-produsele-de-ingrijire-a-pielii-un-hidratant-versatil\/\" \/>\n<meta property=\"og:locale\" content=\"ro_RO\" \/>\n<meta property=\"og:type\" content=\"article\" \/>\n<meta property=\"og:title\" content=\"Propilenglicolul \u00een produsele de \u00eengrijire a pielii: Un hidratant versatil\" \/>\n<meta property=\"og:description\" content=\"Propilenglicol \u00een \u00eengrijirea pielii Ce este propilenglicolul? Propilenglicolul este un derivat alcoolic organic care este utilizat \u00een multe produse de \u00eengrijire a pielii ca hidratant \u0219i solvent. Ajut\u0103 la fixarea umidit\u0103\u021bii \u00een piele \u0219i la \u00eembun\u0103t\u0103\u021birea absorb\u021biei altor componente de \u00eengrijire a pielii. Beneficiile propilenglicolului pentru piele Posibile efecte secundare Recomand\u0103ri de aplicare Cum s\u0103 ... Mehr erfahren\" \/>\n<meta property=\"og:url\" content=\"https:\/\/thedermacheck.com\/ro\/propilenglicolul-in-produsele-de-ingrijire-a-pielii-un-hidratant-versatil\/\" \/>\n<meta property=\"og:site_name\" content=\"The Derma Check\" \/>\n<meta property=\"article:modified_time\" content=\"2024-09-04T14:54:05+00:00\" \/>\n<meta name=\"twitter:card\" content=\"summary_large_image\" \/>\n<meta name=\"twitter:label1\" content=\"Timp estimat pentru citire\" \/>\n\t<meta name=\"twitter:data1\" content=\"2 minute\" \/>\n<script type=\"application\/ld+json\" class=\"yoast-schema-graph\">{\"@context\":\"https:\/\/schema.org\",\"@graph\":[{\"@type\":\"WebPage\",\"@id\":\"https:\/\/thedermacheck.com\/ro\/propilenglicolul-in-produsele-de-ingrijire-a-pielii-un-hidratant-versatil\/\",\"url\":\"https:\/\/thedermacheck.com\/ro\/propilenglicolul-in-produsele-de-ingrijire-a-pielii-un-hidratant-versatil\/\",\"name\":\"Propilenglicolul \u00een produsele de \u00eengrijire a pielii: Un hidratant versatil | The Derma Check\",\"isPartOf\":{\"@id\":\"https:\/\/thedermacheck.com\/ro\/#website\"},\"datePublished\":\"2023-12-19T14:28:51+00:00\",\"dateModified\":\"2024-09-04T14:54:05+00:00\",\"breadcrumb\":{\"@id\":\"https:\/\/thedermacheck.com\/ro\/propilenglicolul-in-produsele-de-ingrijire-a-pielii-un-hidratant-versatil\/#breadcrumb\"},\"inLanguage\":\"ro-RO\",\"potentialAction\":[{\"@type\":\"ReadAction\",\"target\":[\"https:\/\/thedermacheck.com\/ro\/propilenglicolul-in-produsele-de-ingrijire-a-pielii-un-hidratant-versatil\/\"]}]},{\"@type\":\"BreadcrumbList\",\"@id\":\"https:\/\/thedermacheck.com\/ro\/propilenglicolul-in-produsele-de-ingrijire-a-pielii-un-hidratant-versatil\/#breadcrumb\",\"itemListElement\":[{\"@type\":\"ListItem\",\"position\":1,\"name\":\"Derma Check\",\"item\":\"https:\/\/thedermacheck.com\/ro\/\"},{\"@type\":\"ListItem\",\"position\":2,\"name\":\"Propilenglicolul \u00een produsele de \u00eengrijire a pielii: Un hidratant versatil\"}]},{\"@type\":\"WebSite\",\"@id\":\"https:\/\/thedermacheck.com\/ro\/#website\",\"url\":\"https:\/\/thedermacheck.com\/ro\/\",\"name\":\"The Derma Check\",\"description\":\"\",\"publisher\":{\"@id\":\"https:\/\/thedermacheck.com\/ro\/#organization\"},\"potentialAction\":[{\"@type\":\"SearchAction\",\"target\":{\"@type\":\"EntryPoint\",\"urlTemplate\":\"https:\/\/thedermacheck.com\/ro\/?s={search_term_string}\"},\"query-input\":{\"@type\":\"PropertyValueSpecification\",\"valueRequired\":true,\"valueName\":\"search_term_string\"}}],\"inLanguage\":\"ro-RO\"},{\"@type\":\"Organization\",\"@id\":\"https:\/\/thedermacheck.com\/ro\/#organization\",\"name\":\"The Derma Check\",\"url\":\"https:\/\/thedermacheck.com\/ro\/\",\"logo\":{\"@type\":\"ImageObject\",\"inLanguage\":\"ro-RO\",\"@id\":\"https:\/\/thedermacheck.com\/ro\/#\/schema\/logo\/image\/\",\"url\":\"https:\/\/thedermacheck.com\/wp-content\/uploads\/2023\/10\/cropped-THE-DERMA-CHECK-FAVICON-NEW-1.png\",\"contentUrl\":\"https:\/\/thedermacheck.com\/wp-content\/uploads\/2023\/10\/cropped-THE-DERMA-CHECK-FAVICON-NEW-1.png\",\"width\":512,\"height\":512,\"caption\":\"The Derma Check\"},\"image\":{\"@id\":\"https:\/\/thedermacheck.com\/ro\/#\/schema\/logo\/image\/\"}}]}<\/script>\n<!-- \/ Yoast SEO Premium plugin. -->","yoast_head_json":{"title":"Propilenglicolul \u00een produsele de \u00eengrijire a pielii: Un hidratant versatil | The Derma Check","robots":{"index":"index","follow":"follow","max-snippet":"max-snippet:-1","max-image-preview":"max-image-preview:large","max-video-preview":"max-video-preview:-1"},"canonical":"https:\/\/thedermacheck.com\/ro\/propilenglicolul-in-produsele-de-ingrijire-a-pielii-un-hidratant-versatil\/","og_locale":"ro_RO","og_type":"article","og_title":"Propilenglicolul \u00een produsele de \u00eengrijire a pielii: Un hidratant versatil","og_description":"Propilenglicol \u00een \u00eengrijirea pielii Ce este propilenglicolul? Propilenglicolul este un derivat alcoolic organic care este utilizat \u00een multe produse de \u00eengrijire a pielii ca hidratant \u0219i solvent. Ajut\u0103 la fixarea umidit\u0103\u021bii \u00een piele \u0219i la \u00eembun\u0103t\u0103\u021birea absorb\u021biei altor componente de \u00eengrijire a pielii. Beneficiile propilenglicolului pentru piele Posibile efecte secundare Recomand\u0103ri de aplicare Cum s\u0103 ... Mehr erfahren","og_url":"https:\/\/thedermacheck.com\/ro\/propilenglicolul-in-produsele-de-ingrijire-a-pielii-un-hidratant-versatil\/","og_site_name":"The Derma Check","article_modified_time":"2024-09-04T14:54:05+00:00","twitter_card":"summary_large_image","twitter_misc":{"Timp estimat pentru citire":"2 minute"},"schema":{"@context":"https:\/\/schema.org","@graph":[{"@type":"WebPage","@id":"https:\/\/thedermacheck.com\/ro\/propilenglicolul-in-produsele-de-ingrijire-a-pielii-un-hidratant-versatil\/","url":"https:\/\/thedermacheck.com\/ro\/propilenglicolul-in-produsele-de-ingrijire-a-pielii-un-hidratant-versatil\/","name":"Propilenglicolul \u00een produsele de \u00eengrijire a pielii: Un hidratant versatil | The Derma Check","isPartOf":{"@id":"https:\/\/thedermacheck.com\/ro\/#website"},"datePublished":"2023-12-19T14:28:51+00:00","dateModified":"2024-09-04T14:54:05+00:00","breadcrumb":{"@id":"https:\/\/thedermacheck.com\/ro\/propilenglicolul-in-produsele-de-ingrijire-a-pielii-un-hidratant-versatil\/#breadcrumb"},"inLanguage":"ro-RO","potentialAction":[{"@type":"ReadAction","target":["https:\/\/thedermacheck.com\/ro\/propilenglicolul-in-produsele-de-ingrijire-a-pielii-un-hidratant-versatil\/"]}]},{"@type":"BreadcrumbList","@id":"https:\/\/thedermacheck.com\/ro\/propilenglicolul-in-produsele-de-ingrijire-a-pielii-un-hidratant-versatil\/#breadcrumb","itemListElement":[{"@type":"ListItem","position":1,"name":"Derma Check","item":"https:\/\/thedermacheck.com\/ro\/"},{"@type":"ListItem","position":2,"name":"Propilenglicolul \u00een produsele de \u00eengrijire a pielii: Un hidratant versatil"}]},{"@type":"WebSite","@id":"https:\/\/thedermacheck.com\/ro\/#website","url":"https:\/\/thedermacheck.com\/ro\/","name":"The Derma Check","description":"","publisher":{"@id":"https:\/\/thedermacheck.com\/ro\/#organization"},"potentialAction":[{"@type":"SearchAction","target":{"@type":"EntryPoint","urlTemplate":"https:\/\/thedermacheck.com\/ro\/?s={search_term_string}"},"query-input":{"@type":"PropertyValueSpecification","valueRequired":true,"valueName":"search_term_string"}}],"inLanguage":"ro-RO"},{"@type":"Organization","@id":"https:\/\/thedermacheck.com\/ro\/#organization","name":"The Derma Check","url":"https:\/\/thedermacheck.com\/ro\/","logo":{"@type":"ImageObject","inLanguage":"ro-RO","@id":"https:\/\/thedermacheck.com\/ro\/#\/schema\/logo\/image\/","url":"https:\/\/thedermacheck.com\/wp-content\/uploads\/2023\/10\/cropped-THE-DERMA-CHECK-FAVICON-NEW-1.png","contentUrl":"https:\/\/thedermacheck.com\/wp-content\/uploads\/2023\/10\/cropped-THE-DERMA-CHECK-FAVICON-NEW-1.png","width":512,"height":512,"caption":"The Derma Check"},"image":{"@id":"https:\/\/thedermacheck.com\/ro\/#\/schema\/logo\/image\/"}}]}},"_links":{"self":[{"href":"https:\/\/thedermacheck.com\/ro\/wp-json\/wp\/v2\/pages\/8780","targetHints":{"allow":["GET"]}}],"collection":[{"href":"https:\/\/thedermacheck.com\/ro\/wp-json\/wp\/v2\/pages"}],"about":[{"href":"https:\/\/thedermacheck.com\/ro\/wp-json\/wp\/v2\/types\/page"}],"author":[{"embeddable":true,"href":"https:\/\/thedermacheck.com\/ro\/wp-json\/wp\/v2\/users\/2"}],"replies":[{"embeddable":true,"href":"https:\/\/thedermacheck.com\/ro\/wp-json\/wp\/v2\/comments?post=8780"}],"version-history":[{"count":1,"href":"https:\/\/thedermacheck.com\/ro\/wp-json\/wp\/v2\/pages\/8780\/revisions"}],"predecessor-version":[{"id":8781,"href":"https:\/\/thedermacheck.com\/ro\/wp-json\/wp\/v2\/pages\/8780\/revisions\/8781"}],"wp:attachment":[{"href":"https:\/\/thedermacheck.com\/ro\/wp-json\/wp\/v2\/media?parent=8780"}],"wp:term":[{"taxonomy":"category","embeddable":true,"href":"https:\/\/thedermacheck.com\/ro\/wp-json\/wp\/v2\/categories?post=8780"},{"taxonomy":"post_tag","embeddable":true,"href":"https:\/\/thedermacheck.com\/ro\/wp-json\/wp\/v2\/tags?post=8780"}],"curies":[{"name":"wp","href":"https:\/\/api.w.org\/{rel}","templated":true}]}}