{"id":8790,"date":"2023-12-19T14:51:51","date_gmt":"2023-12-19T14:51:51","guid":{"rendered":"https:\/\/thedermacheck.com\/deoxicolat-de-sodiu-in-produsele-de-ingrijire-a-pielii-un-ingredient-activ-cu-proprietati-speciale\/"},"modified":"2024-09-04T14:54:17","modified_gmt":"2024-09-04T14:54:17","slug":"deoxicolat-de-sodiu-in-produsele-de-ingrijire-a-pielii-un-ingredient-activ-cu-proprietati-speciale","status":"publish","type":"page","link":"https:\/\/thedermacheck.com\/ro\/deoxicolat-de-sodiu-in-produsele-de-ingrijire-a-pielii-un-ingredient-activ-cu-proprietati-speciale\/","title":{"rendered":"Deoxicolat de sodiu \u00een produsele de \u00eengrijire a pielii: Un ingredient activ cu propriet\u0103\u021bi speciale"},"content":{"rendered":"\n<p><strong>DEOXICOLAT DE SODIU \u00ceN \u00ceNGRIJIREA PIELII<\/strong><\/p>\n\n<ul class=\"wp-block-list\">\n<li><strong>Tip de ingredient<\/strong>: Sare biliar\u0103<\/li>\n\n\n\n<li><strong>Principalele beneficii<\/strong>: Sus\u021bine dizolvarea gr\u0103similor \u0219i \u00eent\u0103rirea pielii<\/li>\n\n\n\n<li><strong>Ideal pentru<\/strong>: Tratamente cosmetice pentru reducerea depozitelor de gr\u0103sime localizate<\/li>\n\n\n\n<li><strong>Frecven\u021ba de utilizare<\/strong>: Conform indica\u021biilor medicului sau \u00een tratamente cosmetice specifice<\/li>\n\n\n\n<li><strong>Se combin\u0103 bine cu<\/strong>: De obicei utilizat ca ingredient activ specific \u00een tratamentele dermatologice<\/li>\n\n\n\n<li><strong>A se evita<\/strong> \u00een <strong>cazul<\/strong>: Utilizarea necontrolat\u0103 \u0219i \u00een caz de hipersensibilitate<\/li>\n<\/ul>\n\n<h2 class=\"wp-block-heading\">Introducere: Ce este deoxicolatul de sodiu?<\/h2>\n\n<p>Deoxicolatul de sodiu, o sare biliar\u0103 utilizat\u0103 \u00een medicin\u0103 \u0219i cosmetic\u0103 pentru aplica\u021bii specifice, devine din ce \u00een ce mai important \u00een dermatologia estetic\u0103.<\/p>\n\n<h3 class=\"wp-block-heading\">Beneficiile deoxicolatului de sodiu pentru piele<\/h3>\n\n<h4 class=\"wp-block-heading\">Reducerea depozitelor de gr\u0103sime localizate<\/h4>\n\n<p>Deoxicolatul de sodiu este adesea utilizat \u00een tratamentele pentru reducerea depozitelor de gr\u0103sime, cum ar fi lipoliza injectabil\u0103.<\/p>\n\n<h4 class=\"wp-block-heading\">Efect de fermitate<\/h4>\n\n<p>Reducerea celulelor adipoase poate duce la o \u00eentindere vizibil\u0103 a pielii.<\/p>\n\n<h3 class=\"wp-block-heading\">Posibile efecte secundare<\/h3>\n\n<h4 class=\"wp-block-heading\">Reac\u021bii locale<\/h4>\n\n<p>La locul inject\u0103rii pot ap\u0103rea ro\u0219ea\u021b\u0103, umfl\u0103turi \u0219i durere.<\/p>\n\n<h4 class=\"wp-block-heading\">Domenii limitate de aplicare<\/h4>\n\n<p>Aplicarea este limitat\u0103 la anumite zone \u0219i trebuie efectuat\u0103 numai de c\u0103tre personal specializat.<\/p>\n\n<h2 class=\"wp-block-heading\">Utilizarea deoxicolatului de sodiu \u00een \u00eengrijirea pielii<\/h2>\n\n<h3 class=\"wp-block-heading\">Aplicarea corect\u0103<\/h3>\n\n<ul class=\"wp-block-list\">\n<li><strong>Tratament profesional<\/strong>: deoxicolatul de sodiu se administreaz\u0103 de obicei sub form\u0103 de injec\u021bii de c\u0103tre speciali\u0219ti instrui\u021bi.<\/li>\n\n\n\n<li><strong>Aplicare direc\u021bionat\u0103<\/strong>: Utilizarea este limitat\u0103 la anumite zone ale corpului \u0219i aplica\u021bii.<\/li>\n<\/ul>\n\n<h3 class=\"wp-block-heading\">Cum s\u0103 nu o utiliza\u021bi<\/h3>\n\n<ul class=\"wp-block-list\">\n<li><strong>Nu utiliza\u021bi pe cont propriu<\/strong>: Datorit\u0103 efectului s\u0103u puternic \u0219i a posibilelor efecte secundare, deoxicolatul de sodiu nu trebuie utilizat independent.<\/li>\n\n\n\n<li><strong>Luarea \u00een considerare a condi\u021biilor medicale<\/strong>: Nu utiliza\u021bi \u00een cazul alergiilor cunoscute sau al anumitor afec\u021biuni medicale.<\/li>\n<\/ul>\n\n<h2 class=\"wp-block-heading\">\u00ceNTREB\u0102RI FRECVENTE<\/h2>\n\n<p><strong>1. Deoxicolatul de sodiu este sigur?<\/strong>  \u00cen m\u00e2inile personalului specializat \u0219i atunci c\u00e2nd este utilizat corect, deoxicolatul de sodiu este considerat sigur.<\/p>\n\n<p><strong>2 Pentru cine este adecvat tratamentul cu deoxicolat de sodiu?<\/strong>  Potrivit pentru persoanele care doresc s\u0103 reduc\u0103 depozitele de gr\u0103sime localizate \u0219i care nu prezint\u0103 riscuri relevante pentru s\u0103n\u0103tate.<\/p>\n\n<p><strong>3. C\u00e2t de repede vede\u021bi rezultatele?<\/strong>  Rezultatele pot varia, de obicei sunt necesare mai multe tratamente pentru a ob\u021bine efecte vizibile.<\/p>\n\n<h2 class=\"wp-block-heading\">Concluzie<\/h2>\n\n<p>Deoxicolatul de sodiu este un ingredient activ specializat \u00een dermatologia estetic\u0103 \u0219i poate contribui eficient la reducerea depozitelor de gr\u0103sime localizate.\nCu toate acestea, acesta trebuie utilizat numai sub supraveghere profesional\u0103 pentru a se asigura siguran\u021ba \u0219i eficacitatea.\nAtunci c\u00e2nd este utilizat corect, acesta ofer\u0103 o op\u021biune interesant\u0103 pentru tratamentele cosmetice de remodelare corporal\u0103.  <\/p>\n","protected":false},"excerpt":{"rendered":"<p>DEOXICOLAT DE SODIU \u00ceN \u00ceNGRIJIREA PIELII Introducere: Ce este deoxicolatul de sodiu? Deoxicolatul de sodiu, o sare biliar\u0103 utilizat\u0103 \u00een medicin\u0103 \u0219i cosmetic\u0103 pentru aplica\u021bii specifice, devine din ce \u00een ce mai important \u00een dermatologia estetic\u0103. Beneficiile deoxicolatului de sodiu pentru piele Reducerea depozitelor de gr\u0103sime localizate Deoxicolatul de sodiu este adesea utilizat \u00een tratamentele &#8230; <a title=\"Deoxicolat de sodiu \u00een produsele de \u00eengrijire a pielii: Un ingredient activ cu propriet\u0103\u021bi speciale\" class=\"read-more\" href=\"https:\/\/thedermacheck.com\/ro\/deoxicolat-de-sodiu-in-produsele-de-ingrijire-a-pielii-un-ingredient-activ-cu-proprietati-speciale\/\" aria-label=\"Cite\u0219te mai multe despre Deoxicolat de sodiu \u00een produsele de \u00eengrijire a pielii: Un ingredient activ cu propriet\u0103\u021bi speciale\">Mehr erfahren<\/a><\/p>\n","protected":false},"author":2,"featured_media":0,"parent":0,"menu_order":0,"comment_status":"closed","ping_status":"closed","template":"","meta":{"_acf_changed":false,"_lmt_disableupdate":"","_lmt_disable":"","footnotes":""},"categories":[89],"tags":[],"class_list":{"0":"post-8790","1":"page","2":"type-page","3":"status-publish","5":"category-ingrediente"},"acf":[],"yoast_head":"<!-- This site is optimized with the Yoast SEO Premium plugin v25.7.1 (Yoast SEO v25.7) - https:\/\/yoast.com\/wordpress\/plugins\/seo\/ -->\n<title>Deoxicolat de sodiu \u00een produsele de \u00eengrijire a pielii: Un ingredient activ cu propriet\u0103\u021bi speciale | The Derma Check<\/title>\n<meta name=\"robots\" content=\"index, follow, max-snippet:-1, max-image-preview:large, max-video-preview:-1\" \/>\n<link rel=\"canonical\" href=\"https:\/\/thedermacheck.com\/ro\/deoxicolat-de-sodiu-in-produsele-de-ingrijire-a-pielii-un-ingredient-activ-cu-proprietati-speciale\/\" \/>\n<meta property=\"og:locale\" content=\"ro_RO\" \/>\n<meta property=\"og:type\" content=\"article\" \/>\n<meta property=\"og:title\" content=\"Deoxicolat de sodiu \u00een produsele de \u00eengrijire a pielii: Un ingredient activ cu propriet\u0103\u021bi speciale\" \/>\n<meta property=\"og:description\" content=\"DEOXICOLAT DE SODIU \u00ceN \u00ceNGRIJIREA PIELII Introducere: Ce este deoxicolatul de sodiu? Deoxicolatul de sodiu, o sare biliar\u0103 utilizat\u0103 \u00een medicin\u0103 \u0219i cosmetic\u0103 pentru aplica\u021bii specifice, devine din ce \u00een ce mai important \u00een dermatologia estetic\u0103. Beneficiile deoxicolatului de sodiu pentru piele Reducerea depozitelor de gr\u0103sime localizate Deoxicolatul de sodiu este adesea utilizat \u00een tratamentele ... Mehr erfahren\" \/>\n<meta property=\"og:url\" content=\"https:\/\/thedermacheck.com\/ro\/deoxicolat-de-sodiu-in-produsele-de-ingrijire-a-pielii-un-ingredient-activ-cu-proprietati-speciale\/\" \/>\n<meta property=\"og:site_name\" content=\"The Derma Check\" \/>\n<meta property=\"article:modified_time\" content=\"2024-09-04T14:54:17+00:00\" \/>\n<meta name=\"twitter:card\" content=\"summary_large_image\" \/>\n<meta name=\"twitter:label1\" content=\"Timp estimat pentru citire\" \/>\n\t<meta name=\"twitter:data1\" content=\"2 minute\" \/>\n<script type=\"application\/ld+json\" class=\"yoast-schema-graph\">{\"@context\":\"https:\/\/schema.org\",\"@graph\":[{\"@type\":\"WebPage\",\"@id\":\"https:\/\/thedermacheck.com\/ro\/deoxicolat-de-sodiu-in-produsele-de-ingrijire-a-pielii-un-ingredient-activ-cu-proprietati-speciale\/\",\"url\":\"https:\/\/thedermacheck.com\/ro\/deoxicolat-de-sodiu-in-produsele-de-ingrijire-a-pielii-un-ingredient-activ-cu-proprietati-speciale\/\",\"name\":\"Deoxicolat de sodiu \u00een produsele de \u00eengrijire a pielii: Un ingredient activ cu propriet\u0103\u021bi speciale | The Derma Check\",\"isPartOf\":{\"@id\":\"https:\/\/thedermacheck.com\/ro\/#website\"},\"datePublished\":\"2023-12-19T14:51:51+00:00\",\"dateModified\":\"2024-09-04T14:54:17+00:00\",\"breadcrumb\":{\"@id\":\"https:\/\/thedermacheck.com\/ro\/deoxicolat-de-sodiu-in-produsele-de-ingrijire-a-pielii-un-ingredient-activ-cu-proprietati-speciale\/#breadcrumb\"},\"inLanguage\":\"ro-RO\",\"potentialAction\":[{\"@type\":\"ReadAction\",\"target\":[\"https:\/\/thedermacheck.com\/ro\/deoxicolat-de-sodiu-in-produsele-de-ingrijire-a-pielii-un-ingredient-activ-cu-proprietati-speciale\/\"]}]},{\"@type\":\"BreadcrumbList\",\"@id\":\"https:\/\/thedermacheck.com\/ro\/deoxicolat-de-sodiu-in-produsele-de-ingrijire-a-pielii-un-ingredient-activ-cu-proprietati-speciale\/#breadcrumb\",\"itemListElement\":[{\"@type\":\"ListItem\",\"position\":1,\"name\":\"Derma Check\",\"item\":\"https:\/\/thedermacheck.com\/ro\/\"},{\"@type\":\"ListItem\",\"position\":2,\"name\":\"Deoxicolat de sodiu \u00een produsele de \u00eengrijire a pielii: Un ingredient activ cu propriet\u0103\u021bi speciale\"}]},{\"@type\":\"WebSite\",\"@id\":\"https:\/\/thedermacheck.com\/ro\/#website\",\"url\":\"https:\/\/thedermacheck.com\/ro\/\",\"name\":\"The Derma Check\",\"description\":\"\",\"publisher\":{\"@id\":\"https:\/\/thedermacheck.com\/ro\/#organization\"},\"potentialAction\":[{\"@type\":\"SearchAction\",\"target\":{\"@type\":\"EntryPoint\",\"urlTemplate\":\"https:\/\/thedermacheck.com\/ro\/?s={search_term_string}\"},\"query-input\":{\"@type\":\"PropertyValueSpecification\",\"valueRequired\":true,\"valueName\":\"search_term_string\"}}],\"inLanguage\":\"ro-RO\"},{\"@type\":\"Organization\",\"@id\":\"https:\/\/thedermacheck.com\/ro\/#organization\",\"name\":\"The Derma Check\",\"url\":\"https:\/\/thedermacheck.com\/ro\/\",\"logo\":{\"@type\":\"ImageObject\",\"inLanguage\":\"ro-RO\",\"@id\":\"https:\/\/thedermacheck.com\/ro\/#\/schema\/logo\/image\/\",\"url\":\"https:\/\/thedermacheck.com\/wp-content\/uploads\/2023\/10\/cropped-THE-DERMA-CHECK-FAVICON-NEW-1.png\",\"contentUrl\":\"https:\/\/thedermacheck.com\/wp-content\/uploads\/2023\/10\/cropped-THE-DERMA-CHECK-FAVICON-NEW-1.png\",\"width\":512,\"height\":512,\"caption\":\"The Derma Check\"},\"image\":{\"@id\":\"https:\/\/thedermacheck.com\/ro\/#\/schema\/logo\/image\/\"}}]}<\/script>\n<!-- \/ Yoast SEO Premium plugin. -->","yoast_head_json":{"title":"Deoxicolat de sodiu \u00een produsele de \u00eengrijire a pielii: Un ingredient activ cu propriet\u0103\u021bi speciale | The Derma Check","robots":{"index":"index","follow":"follow","max-snippet":"max-snippet:-1","max-image-preview":"max-image-preview:large","max-video-preview":"max-video-preview:-1"},"canonical":"https:\/\/thedermacheck.com\/ro\/deoxicolat-de-sodiu-in-produsele-de-ingrijire-a-pielii-un-ingredient-activ-cu-proprietati-speciale\/","og_locale":"ro_RO","og_type":"article","og_title":"Deoxicolat de sodiu \u00een produsele de \u00eengrijire a pielii: Un ingredient activ cu propriet\u0103\u021bi speciale","og_description":"DEOXICOLAT DE SODIU \u00ceN \u00ceNGRIJIREA PIELII Introducere: Ce este deoxicolatul de sodiu? Deoxicolatul de sodiu, o sare biliar\u0103 utilizat\u0103 \u00een medicin\u0103 \u0219i cosmetic\u0103 pentru aplica\u021bii specifice, devine din ce \u00een ce mai important \u00een dermatologia estetic\u0103. Beneficiile deoxicolatului de sodiu pentru piele Reducerea depozitelor de gr\u0103sime localizate Deoxicolatul de sodiu este adesea utilizat \u00een tratamentele ... Mehr erfahren","og_url":"https:\/\/thedermacheck.com\/ro\/deoxicolat-de-sodiu-in-produsele-de-ingrijire-a-pielii-un-ingredient-activ-cu-proprietati-speciale\/","og_site_name":"The Derma Check","article_modified_time":"2024-09-04T14:54:17+00:00","twitter_card":"summary_large_image","twitter_misc":{"Timp estimat pentru citire":"2 minute"},"schema":{"@context":"https:\/\/schema.org","@graph":[{"@type":"WebPage","@id":"https:\/\/thedermacheck.com\/ro\/deoxicolat-de-sodiu-in-produsele-de-ingrijire-a-pielii-un-ingredient-activ-cu-proprietati-speciale\/","url":"https:\/\/thedermacheck.com\/ro\/deoxicolat-de-sodiu-in-produsele-de-ingrijire-a-pielii-un-ingredient-activ-cu-proprietati-speciale\/","name":"Deoxicolat de sodiu \u00een produsele de \u00eengrijire a pielii: Un ingredient activ cu propriet\u0103\u021bi speciale | The Derma Check","isPartOf":{"@id":"https:\/\/thedermacheck.com\/ro\/#website"},"datePublished":"2023-12-19T14:51:51+00:00","dateModified":"2024-09-04T14:54:17+00:00","breadcrumb":{"@id":"https:\/\/thedermacheck.com\/ro\/deoxicolat-de-sodiu-in-produsele-de-ingrijire-a-pielii-un-ingredient-activ-cu-proprietati-speciale\/#breadcrumb"},"inLanguage":"ro-RO","potentialAction":[{"@type":"ReadAction","target":["https:\/\/thedermacheck.com\/ro\/deoxicolat-de-sodiu-in-produsele-de-ingrijire-a-pielii-un-ingredient-activ-cu-proprietati-speciale\/"]}]},{"@type":"BreadcrumbList","@id":"https:\/\/thedermacheck.com\/ro\/deoxicolat-de-sodiu-in-produsele-de-ingrijire-a-pielii-un-ingredient-activ-cu-proprietati-speciale\/#breadcrumb","itemListElement":[{"@type":"ListItem","position":1,"name":"Derma Check","item":"https:\/\/thedermacheck.com\/ro\/"},{"@type":"ListItem","position":2,"name":"Deoxicolat de sodiu \u00een produsele de \u00eengrijire a pielii: Un ingredient activ cu propriet\u0103\u021bi speciale"}]},{"@type":"WebSite","@id":"https:\/\/thedermacheck.com\/ro\/#website","url":"https:\/\/thedermacheck.com\/ro\/","name":"The Derma Check","description":"","publisher":{"@id":"https:\/\/thedermacheck.com\/ro\/#organization"},"potentialAction":[{"@type":"SearchAction","target":{"@type":"EntryPoint","urlTemplate":"https:\/\/thedermacheck.com\/ro\/?s={search_term_string}"},"query-input":{"@type":"PropertyValueSpecification","valueRequired":true,"valueName":"search_term_string"}}],"inLanguage":"ro-RO"},{"@type":"Organization","@id":"https:\/\/thedermacheck.com\/ro\/#organization","name":"The Derma Check","url":"https:\/\/thedermacheck.com\/ro\/","logo":{"@type":"ImageObject","inLanguage":"ro-RO","@id":"https:\/\/thedermacheck.com\/ro\/#\/schema\/logo\/image\/","url":"https:\/\/thedermacheck.com\/wp-content\/uploads\/2023\/10\/cropped-THE-DERMA-CHECK-FAVICON-NEW-1.png","contentUrl":"https:\/\/thedermacheck.com\/wp-content\/uploads\/2023\/10\/cropped-THE-DERMA-CHECK-FAVICON-NEW-1.png","width":512,"height":512,"caption":"The Derma Check"},"image":{"@id":"https:\/\/thedermacheck.com\/ro\/#\/schema\/logo\/image\/"}}]}},"_links":{"self":[{"href":"https:\/\/thedermacheck.com\/ro\/wp-json\/wp\/v2\/pages\/8790","targetHints":{"allow":["GET"]}}],"collection":[{"href":"https:\/\/thedermacheck.com\/ro\/wp-json\/wp\/v2\/pages"}],"about":[{"href":"https:\/\/thedermacheck.com\/ro\/wp-json\/wp\/v2\/types\/page"}],"author":[{"embeddable":true,"href":"https:\/\/thedermacheck.com\/ro\/wp-json\/wp\/v2\/users\/2"}],"replies":[{"embeddable":true,"href":"https:\/\/thedermacheck.com\/ro\/wp-json\/wp\/v2\/comments?post=8790"}],"version-history":[{"count":1,"href":"https:\/\/thedermacheck.com\/ro\/wp-json\/wp\/v2\/pages\/8790\/revisions"}],"predecessor-version":[{"id":8791,"href":"https:\/\/thedermacheck.com\/ro\/wp-json\/wp\/v2\/pages\/8790\/revisions\/8791"}],"wp:attachment":[{"href":"https:\/\/thedermacheck.com\/ro\/wp-json\/wp\/v2\/media?parent=8790"}],"wp:term":[{"taxonomy":"category","embeddable":true,"href":"https:\/\/thedermacheck.com\/ro\/wp-json\/wp\/v2\/categories?post=8790"},{"taxonomy":"post_tag","embeddable":true,"href":"https:\/\/thedermacheck.com\/ro\/wp-json\/wp\/v2\/tags?post=8790"}],"curies":[{"name":"wp","href":"https:\/\/api.w.org\/{rel}","templated":true}]}}