{"id":8794,"date":"2023-12-19T14:52:28","date_gmt":"2023-12-19T14:52:28","guid":{"rendered":"https:\/\/thedermacheck.com\/uleiul-de-floarea-soarelui-in-produsele-de-ingrijire-a-pielii-ingrijire-naturala-pentru-o-piele-radianta\/"},"modified":"2024-09-04T14:54:17","modified_gmt":"2024-09-04T14:54:17","slug":"uleiul-de-floarea-soarelui-in-produsele-de-ingrijire-a-pielii-ingrijire-naturala-pentru-o-piele-radianta","status":"publish","type":"page","link":"https:\/\/thedermacheck.com\/ro\/uleiul-de-floarea-soarelui-in-produsele-de-ingrijire-a-pielii-ingrijire-naturala-pentru-o-piele-radianta\/","title":{"rendered":"Uleiul de floarea-soarelui \u00een produsele de \u00eengrijire a pielii: \u00cengrijire natural\u0103 pentru o piele radiant\u0103"},"content":{"rendered":"\n<p><strong>ULEIUL DE FLOAREA-SOARELUI \u00ceN \u00ceNGRIJIREA PIELII<\/strong><\/p>\n\n<ul class=\"wp-block-list\">\n<li><strong>Tip de ingredient<\/strong>: Ulei vegetal<\/li>\n\n\n\n<li><strong>Principalele beneficii<\/strong>: Bogat \u00een vitamina E \u0219i acizi gra\u0219i, hidratant, calmant<\/li>\n\n\n\n<li><strong>Ideal pentru<\/strong>: Piele uscat\u0103, sensibil\u0103 \u0219i pentru \u00eengrijirea general\u0103 a pielii<\/li>\n\n\n\n<li><strong>Frecven\u021ba de utilizare<\/strong>: zilnic, \u00een func\u021bie de tipul \u0219i nevoile pielii<\/li>\n\n\n\n<li><strong>Se combin\u0103 bine cu<\/strong>: Alte uleiuri naturale \u0219i ingrediente hidratante<\/li>\n\n\n\n<li><strong>A se evita cu<\/strong>: Piele gras\u0103 sau cu tendin\u021b\u0103 la acnee<\/li>\n<\/ul>\n\n<h2 class=\"wp-block-heading\">Introducere: Ce este uleiul de floarea-soarelui?<\/h2>\n\n<p>Uleiul de floarea-soarelui, ob\u021binut din semin\u021bele de floarea-soarelui, este un ulei natural care este din ce \u00een ce mai apreciat \u00een \u00eengrijirea pielii pentru propriet\u0103\u021bile sale nutritive.<\/p>\n\n<h3 class=\"wp-block-heading\">Beneficiile uleiului de floarea-soarelui pentru piele<\/h3>\n\n<h4 class=\"wp-block-heading\">Bogate \u00een nutrien\u021bi<\/h4>\n\n<p>Uleiul de floarea-soarelui este bogat \u00een vitamina E \u0219i acizi gra\u0219i esen\u021biali care hr\u0103nesc \u0219i protejeaz\u0103 pielea.<\/p>\n\n<h4 class=\"wp-block-heading\">Propriet\u0103\u021bi hidratante<\/h4>\n\n<p>Ofer\u0103 hidratare intens\u0103 \u0219i ajut\u0103 la \u00eent\u0103rirea barierei pielii \u0219i la prevenirea pierderii de hidratare.<\/p>\n\n<h4 class=\"wp-block-heading\">Efect calmant<\/h4>\n\n<p>Propriet\u0103\u021bile sale calmante \u00eel fac deosebit de potrivit pentru pielea uscat\u0103 \u0219i sensibil\u0103.<\/p>\n\n<h3 class=\"wp-block-heading\">Posibile efecte secundare<\/h3>\n\n<p>Uleiul de floarea-soarelui este \u00een general bine tolerat, dar poate duce la complica\u021bii dac\u0103 ave\u021bi pielea gras\u0103 sau acnee.<\/p>\n\n<h2 class=\"wp-block-heading\">Utilizarea uleiului de floarea-soarelui \u00een \u00eengrijirea pielii<\/h2>\n\n<h3 class=\"wp-block-heading\">Aplicarea corect\u0103<\/h3>\n\n<ul class=\"wp-block-list\">\n<li><strong>Ca parte a rutinei zilnice de \u00eengrijire a pielii<\/strong>: Poate fi folosit ca o crem\u0103 hidratant\u0103 sau un ser, ideal dup\u0103 cur\u0103\u021bare \u0219i \u00eenainte de alte produse de \u00eengrijire a pielii.<\/li>\n\n\n\n<li><strong>\u00cen combina\u021bie cu alte produse<\/strong>: Se combin\u0103 bine cu alte uleiuri naturale \u0219i creme hidratante.<\/li>\n<\/ul>\n\n<h3 class=\"wp-block-heading\">Cum s\u0103 nu o utiliza\u021bi<\/h3>\n\n<ul class=\"wp-block-list\">\n<li><strong>Aten\u021bie la pielea gras\u0103<\/strong>: Persoanele cu piele gras\u0103 sau cu tendin\u021b\u0103 spre acnee ar trebui s\u0103 foloseasc\u0103 uleiul de floarea-soarelui cu modera\u021bie.<\/li>\n<\/ul>\n\n<h2 class=\"wp-block-heading\">\u00ceNTREB\u0102RI FRECVENTE<\/h2>\n\n<p><strong>1. Este uleiul de floarea-soarelui potrivit pentru toate tipurile de piele?<\/strong>  De\u0219i este potrivit \u00een special pentru pielea uscat\u0103 \u0219i sensibil\u0103, persoanele cu piele gras\u0103 sau acnee trebuie s\u0103 fie atente.<\/p>\n\n<p><strong>2. Uleiul de floarea-soarelui poate provoca irita\u021bii ale pielii?<\/strong>  Este, \u00een general, foarte bine tolerat \u0219i rareori cunoscut pentru a provoca irita\u021bii ale pielii.<\/p>\n\n<p><strong>3. Cum se compar\u0103 uleiul de floarea-soarelui cu alte uleiuri?<\/strong>  Uleiul de floarea-soarelui este mai u\u0219or dec\u00e2t multe alte uleiuri \u0219i este absorbit rapid, ceea ce \u00eel face o alegere bun\u0103 pentru \u00eengrijirea zilnic\u0103 a pielii.<\/p>\n\n<h2 class=\"wp-block-heading\">Concluzie<\/h2>\n\n<p>Uleiul de floarea-soarelui este un ingredient versatil \u0219i bogat \u00een nutrien\u021bi pentru \u00eengrijirea pielii, apreciat pentru propriet\u0103\u021bile sale hidratante \u0219i calmante.\nTextura sa u\u0219oar\u0103 \u0219i densitatea nutritiv\u0103 \u00eel fac o alegere ideal\u0103 pentru \u00eengrijirea natural\u0103 \u0219i eficient\u0103 a pielii.\nAtunci c\u00e2nd este utilizat corect, uleiul de floarea-soarelui poate ajuta la men\u021binerea pielii s\u0103n\u0103toase, hr\u0103nite \u0219i radiante.  <\/p>\n","protected":false},"excerpt":{"rendered":"<p>ULEIUL DE FLOAREA-SOARELUI \u00ceN \u00ceNGRIJIREA PIELII Introducere: Ce este uleiul de floarea-soarelui? Uleiul de floarea-soarelui, ob\u021binut din semin\u021bele de floarea-soarelui, este un ulei natural care este din ce \u00een ce mai apreciat \u00een \u00eengrijirea pielii pentru propriet\u0103\u021bile sale nutritive. Beneficiile uleiului de floarea-soarelui pentru piele Bogate \u00een nutrien\u021bi Uleiul de floarea-soarelui este bogat \u00een vitamina &#8230; <a title=\"Uleiul de floarea-soarelui \u00een produsele de \u00eengrijire a pielii: \u00cengrijire natural\u0103 pentru o piele radiant\u0103\" class=\"read-more\" href=\"https:\/\/thedermacheck.com\/ro\/uleiul-de-floarea-soarelui-in-produsele-de-ingrijire-a-pielii-ingrijire-naturala-pentru-o-piele-radianta\/\" aria-label=\"Cite\u0219te mai multe despre Uleiul de floarea-soarelui \u00een produsele de \u00eengrijire a pielii: \u00cengrijire natural\u0103 pentru o piele radiant\u0103\">Mehr erfahren<\/a><\/p>\n","protected":false},"author":2,"featured_media":0,"parent":0,"menu_order":0,"comment_status":"closed","ping_status":"closed","template":"","meta":{"_acf_changed":false,"_lmt_disableupdate":"","_lmt_disable":"","footnotes":""},"categories":[89],"tags":[],"class_list":{"0":"post-8794","1":"page","2":"type-page","3":"status-publish","5":"category-ingrediente"},"acf":[],"yoast_head":"<!-- This site is optimized with the Yoast SEO Premium plugin v25.7.1 (Yoast SEO v25.7) - https:\/\/yoast.com\/wordpress\/plugins\/seo\/ -->\n<title>Uleiul de floarea-soarelui \u00een produsele de \u00eengrijire a pielii: \u00cengrijire natural\u0103 pentru o piele radiant\u0103 | The Derma Check<\/title>\n<meta name=\"robots\" content=\"index, follow, max-snippet:-1, max-image-preview:large, max-video-preview:-1\" \/>\n<link rel=\"canonical\" href=\"https:\/\/thedermacheck.com\/ro\/uleiul-de-floarea-soarelui-in-produsele-de-ingrijire-a-pielii-ingrijire-naturala-pentru-o-piele-radianta\/\" \/>\n<meta property=\"og:locale\" content=\"ro_RO\" \/>\n<meta property=\"og:type\" content=\"article\" \/>\n<meta property=\"og:title\" content=\"Uleiul de floarea-soarelui \u00een produsele de \u00eengrijire a pielii: \u00cengrijire natural\u0103 pentru o piele radiant\u0103\" \/>\n<meta property=\"og:description\" content=\"ULEIUL DE FLOAREA-SOARELUI \u00ceN \u00ceNGRIJIREA PIELII Introducere: Ce este uleiul de floarea-soarelui? Uleiul de floarea-soarelui, ob\u021binut din semin\u021bele de floarea-soarelui, este un ulei natural care este din ce \u00een ce mai apreciat \u00een \u00eengrijirea pielii pentru propriet\u0103\u021bile sale nutritive. Beneficiile uleiului de floarea-soarelui pentru piele Bogate \u00een nutrien\u021bi Uleiul de floarea-soarelui este bogat \u00een vitamina ... Mehr erfahren\" \/>\n<meta property=\"og:url\" content=\"https:\/\/thedermacheck.com\/ro\/uleiul-de-floarea-soarelui-in-produsele-de-ingrijire-a-pielii-ingrijire-naturala-pentru-o-piele-radianta\/\" \/>\n<meta property=\"og:site_name\" content=\"The Derma Check\" \/>\n<meta property=\"article:modified_time\" content=\"2024-09-04T14:54:17+00:00\" \/>\n<meta name=\"twitter:card\" content=\"summary_large_image\" \/>\n<meta name=\"twitter:label1\" content=\"Timp estimat pentru citire\" \/>\n\t<meta name=\"twitter:data1\" content=\"2 minute\" \/>\n<script type=\"application\/ld+json\" class=\"yoast-schema-graph\">{\"@context\":\"https:\/\/schema.org\",\"@graph\":[{\"@type\":\"WebPage\",\"@id\":\"https:\/\/thedermacheck.com\/ro\/uleiul-de-floarea-soarelui-in-produsele-de-ingrijire-a-pielii-ingrijire-naturala-pentru-o-piele-radianta\/\",\"url\":\"https:\/\/thedermacheck.com\/ro\/uleiul-de-floarea-soarelui-in-produsele-de-ingrijire-a-pielii-ingrijire-naturala-pentru-o-piele-radianta\/\",\"name\":\"Uleiul de floarea-soarelui \u00een produsele de \u00eengrijire a pielii: \u00cengrijire natural\u0103 pentru o piele radiant\u0103 | The Derma Check\",\"isPartOf\":{\"@id\":\"https:\/\/thedermacheck.com\/ro\/#website\"},\"datePublished\":\"2023-12-19T14:52:28+00:00\",\"dateModified\":\"2024-09-04T14:54:17+00:00\",\"breadcrumb\":{\"@id\":\"https:\/\/thedermacheck.com\/ro\/uleiul-de-floarea-soarelui-in-produsele-de-ingrijire-a-pielii-ingrijire-naturala-pentru-o-piele-radianta\/#breadcrumb\"},\"inLanguage\":\"ro-RO\",\"potentialAction\":[{\"@type\":\"ReadAction\",\"target\":[\"https:\/\/thedermacheck.com\/ro\/uleiul-de-floarea-soarelui-in-produsele-de-ingrijire-a-pielii-ingrijire-naturala-pentru-o-piele-radianta\/\"]}]},{\"@type\":\"BreadcrumbList\",\"@id\":\"https:\/\/thedermacheck.com\/ro\/uleiul-de-floarea-soarelui-in-produsele-de-ingrijire-a-pielii-ingrijire-naturala-pentru-o-piele-radianta\/#breadcrumb\",\"itemListElement\":[{\"@type\":\"ListItem\",\"position\":1,\"name\":\"Derma Check\",\"item\":\"https:\/\/thedermacheck.com\/ro\/\"},{\"@type\":\"ListItem\",\"position\":2,\"name\":\"Uleiul de floarea-soarelui \u00een produsele de \u00eengrijire a pielii: \u00cengrijire natural\u0103 pentru o piele radiant\u0103\"}]},{\"@type\":\"WebSite\",\"@id\":\"https:\/\/thedermacheck.com\/ro\/#website\",\"url\":\"https:\/\/thedermacheck.com\/ro\/\",\"name\":\"The Derma Check\",\"description\":\"\",\"publisher\":{\"@id\":\"https:\/\/thedermacheck.com\/ro\/#organization\"},\"potentialAction\":[{\"@type\":\"SearchAction\",\"target\":{\"@type\":\"EntryPoint\",\"urlTemplate\":\"https:\/\/thedermacheck.com\/ro\/?s={search_term_string}\"},\"query-input\":{\"@type\":\"PropertyValueSpecification\",\"valueRequired\":true,\"valueName\":\"search_term_string\"}}],\"inLanguage\":\"ro-RO\"},{\"@type\":\"Organization\",\"@id\":\"https:\/\/thedermacheck.com\/ro\/#organization\",\"name\":\"The Derma Check\",\"url\":\"https:\/\/thedermacheck.com\/ro\/\",\"logo\":{\"@type\":\"ImageObject\",\"inLanguage\":\"ro-RO\",\"@id\":\"https:\/\/thedermacheck.com\/ro\/#\/schema\/logo\/image\/\",\"url\":\"https:\/\/thedermacheck.com\/wp-content\/uploads\/2023\/10\/cropped-THE-DERMA-CHECK-FAVICON-NEW-1.png\",\"contentUrl\":\"https:\/\/thedermacheck.com\/wp-content\/uploads\/2023\/10\/cropped-THE-DERMA-CHECK-FAVICON-NEW-1.png\",\"width\":512,\"height\":512,\"caption\":\"The Derma Check\"},\"image\":{\"@id\":\"https:\/\/thedermacheck.com\/ro\/#\/schema\/logo\/image\/\"}}]}<\/script>\n<!-- \/ Yoast SEO Premium plugin. -->","yoast_head_json":{"title":"Uleiul de floarea-soarelui \u00een produsele de \u00eengrijire a pielii: \u00cengrijire natural\u0103 pentru o piele radiant\u0103 | The Derma Check","robots":{"index":"index","follow":"follow","max-snippet":"max-snippet:-1","max-image-preview":"max-image-preview:large","max-video-preview":"max-video-preview:-1"},"canonical":"https:\/\/thedermacheck.com\/ro\/uleiul-de-floarea-soarelui-in-produsele-de-ingrijire-a-pielii-ingrijire-naturala-pentru-o-piele-radianta\/","og_locale":"ro_RO","og_type":"article","og_title":"Uleiul de floarea-soarelui \u00een produsele de \u00eengrijire a pielii: \u00cengrijire natural\u0103 pentru o piele radiant\u0103","og_description":"ULEIUL DE FLOAREA-SOARELUI \u00ceN \u00ceNGRIJIREA PIELII Introducere: Ce este uleiul de floarea-soarelui? Uleiul de floarea-soarelui, ob\u021binut din semin\u021bele de floarea-soarelui, este un ulei natural care este din ce \u00een ce mai apreciat \u00een \u00eengrijirea pielii pentru propriet\u0103\u021bile sale nutritive. Beneficiile uleiului de floarea-soarelui pentru piele Bogate \u00een nutrien\u021bi Uleiul de floarea-soarelui este bogat \u00een vitamina ... Mehr erfahren","og_url":"https:\/\/thedermacheck.com\/ro\/uleiul-de-floarea-soarelui-in-produsele-de-ingrijire-a-pielii-ingrijire-naturala-pentru-o-piele-radianta\/","og_site_name":"The Derma Check","article_modified_time":"2024-09-04T14:54:17+00:00","twitter_card":"summary_large_image","twitter_misc":{"Timp estimat pentru citire":"2 minute"},"schema":{"@context":"https:\/\/schema.org","@graph":[{"@type":"WebPage","@id":"https:\/\/thedermacheck.com\/ro\/uleiul-de-floarea-soarelui-in-produsele-de-ingrijire-a-pielii-ingrijire-naturala-pentru-o-piele-radianta\/","url":"https:\/\/thedermacheck.com\/ro\/uleiul-de-floarea-soarelui-in-produsele-de-ingrijire-a-pielii-ingrijire-naturala-pentru-o-piele-radianta\/","name":"Uleiul de floarea-soarelui \u00een produsele de \u00eengrijire a pielii: \u00cengrijire natural\u0103 pentru o piele radiant\u0103 | The Derma Check","isPartOf":{"@id":"https:\/\/thedermacheck.com\/ro\/#website"},"datePublished":"2023-12-19T14:52:28+00:00","dateModified":"2024-09-04T14:54:17+00:00","breadcrumb":{"@id":"https:\/\/thedermacheck.com\/ro\/uleiul-de-floarea-soarelui-in-produsele-de-ingrijire-a-pielii-ingrijire-naturala-pentru-o-piele-radianta\/#breadcrumb"},"inLanguage":"ro-RO","potentialAction":[{"@type":"ReadAction","target":["https:\/\/thedermacheck.com\/ro\/uleiul-de-floarea-soarelui-in-produsele-de-ingrijire-a-pielii-ingrijire-naturala-pentru-o-piele-radianta\/"]}]},{"@type":"BreadcrumbList","@id":"https:\/\/thedermacheck.com\/ro\/uleiul-de-floarea-soarelui-in-produsele-de-ingrijire-a-pielii-ingrijire-naturala-pentru-o-piele-radianta\/#breadcrumb","itemListElement":[{"@type":"ListItem","position":1,"name":"Derma Check","item":"https:\/\/thedermacheck.com\/ro\/"},{"@type":"ListItem","position":2,"name":"Uleiul de floarea-soarelui \u00een produsele de \u00eengrijire a pielii: \u00cengrijire natural\u0103 pentru o piele radiant\u0103"}]},{"@type":"WebSite","@id":"https:\/\/thedermacheck.com\/ro\/#website","url":"https:\/\/thedermacheck.com\/ro\/","name":"The Derma Check","description":"","publisher":{"@id":"https:\/\/thedermacheck.com\/ro\/#organization"},"potentialAction":[{"@type":"SearchAction","target":{"@type":"EntryPoint","urlTemplate":"https:\/\/thedermacheck.com\/ro\/?s={search_term_string}"},"query-input":{"@type":"PropertyValueSpecification","valueRequired":true,"valueName":"search_term_string"}}],"inLanguage":"ro-RO"},{"@type":"Organization","@id":"https:\/\/thedermacheck.com\/ro\/#organization","name":"The Derma Check","url":"https:\/\/thedermacheck.com\/ro\/","logo":{"@type":"ImageObject","inLanguage":"ro-RO","@id":"https:\/\/thedermacheck.com\/ro\/#\/schema\/logo\/image\/","url":"https:\/\/thedermacheck.com\/wp-content\/uploads\/2023\/10\/cropped-THE-DERMA-CHECK-FAVICON-NEW-1.png","contentUrl":"https:\/\/thedermacheck.com\/wp-content\/uploads\/2023\/10\/cropped-THE-DERMA-CHECK-FAVICON-NEW-1.png","width":512,"height":512,"caption":"The Derma Check"},"image":{"@id":"https:\/\/thedermacheck.com\/ro\/#\/schema\/logo\/image\/"}}]}},"_links":{"self":[{"href":"https:\/\/thedermacheck.com\/ro\/wp-json\/wp\/v2\/pages\/8794","targetHints":{"allow":["GET"]}}],"collection":[{"href":"https:\/\/thedermacheck.com\/ro\/wp-json\/wp\/v2\/pages"}],"about":[{"href":"https:\/\/thedermacheck.com\/ro\/wp-json\/wp\/v2\/types\/page"}],"author":[{"embeddable":true,"href":"https:\/\/thedermacheck.com\/ro\/wp-json\/wp\/v2\/users\/2"}],"replies":[{"embeddable":true,"href":"https:\/\/thedermacheck.com\/ro\/wp-json\/wp\/v2\/comments?post=8794"}],"version-history":[{"count":1,"href":"https:\/\/thedermacheck.com\/ro\/wp-json\/wp\/v2\/pages\/8794\/revisions"}],"predecessor-version":[{"id":8795,"href":"https:\/\/thedermacheck.com\/ro\/wp-json\/wp\/v2\/pages\/8794\/revisions\/8795"}],"wp:attachment":[{"href":"https:\/\/thedermacheck.com\/ro\/wp-json\/wp\/v2\/media?parent=8794"}],"wp:term":[{"taxonomy":"category","embeddable":true,"href":"https:\/\/thedermacheck.com\/ro\/wp-json\/wp\/v2\/categories?post=8794"},{"taxonomy":"post_tag","embeddable":true,"href":"https:\/\/thedermacheck.com\/ro\/wp-json\/wp\/v2\/tags?post=8794"}],"curies":[{"name":"wp","href":"https:\/\/api.w.org\/{rel}","templated":true}]}}